{"id":43954,"date":"2020-10-02T14:32:50","date_gmt":"2020-10-02T18:32:50","guid":{"rendered":"https:\/\/berkshiresouth.org\/covid-19-guia-de-reapertura\/"},"modified":"2026-04-20T10:44:46","modified_gmt":"2026-04-20T14:44:46","slug":"covid-19-reopening-guide","status":"publish","type":"page","link":"https:\/\/berkshiresouth.org\/es\/covid-19-reopening-guide\/","title":{"rendered":"COVID-19 GU\u00cdA DE REAPERTURA"},"content":{"rendered":"\t\t<div data-elementor-type=\"wp-post\" data-elementor-id=\"43954\" class=\"elementor elementor-43954 elementor-4097\" data-elementor-post-type=\"page\">\n\t\t\t\t<div class=\"elementor-element elementor-element-4565a11 e-flex e-con-boxed e-con e-parent\" data-id=\"4565a11\" data-element_type=\"container\" data-e-type=\"container\" data-settings=\"{&quot;background_background&quot;:&quot;classic&quot;}\">\n\t\t\t\t\t<div class=\"e-con-inner\">\n\t\t<div class=\"elementor-element elementor-element-b21cad1 e-con-full e-flex e-con e-child\" data-id=\"b21cad1\" data-element_type=\"container\" data-e-type=\"container\">\n\t\t\t\t<div class=\"elementor-element elementor-element-f6ed330 elementor-widget elementor-widget-heading\" data-id=\"f6ed330\" data-element_type=\"widget\" data-e-type=\"widget\" data-widget_type=\"heading.default\">\n\t\t\t\t<div class=\"elementor-widget-container\">\n\t\t\t\t\t<h1 class=\"elementor-heading-title elementor-size-default\">Actualizadas las pol\u00edticas<br>COVID-19<\/h1>\t\t\t\t<\/div>\n\t\t\t\t<\/div>\n\t\t\t\t<\/div>\n\t\t\t\t\t<\/div>\n\t\t\t\t<\/div>\n\t\t<div class=\"elementor-element elementor-element-9dc65e5 e-flex e-con-boxed e-con e-parent\" data-id=\"9dc65e5\" data-element_type=\"container\" data-e-type=\"container\">\n\t\t\t\t\t<div class=\"e-con-inner\">\n\t\t<div class=\"elementor-element elementor-element-da66a39 e-con-full e-flex e-con e-child\" data-id=\"da66a39\" data-element_type=\"container\" data-e-type=\"container\">\n\t\t\t\t<div class=\"elementor-element elementor-element-a43a35d elementor-widget elementor-widget-heading\" data-id=\"a43a35d\" data-element_type=\"widget\" data-e-type=\"widget\" data-widget_type=\"heading.default\">\n\t\t\t\t<div class=\"elementor-widget-container\">\n\t\t\t\t\t<h2 class=\"elementor-heading-title elementor-size-default\">Pol\u00edticas de Enmascaramiento y COVID  <\/h2>\t\t\t\t<\/div>\n\t\t\t\t<\/div>\n\t\t\t\t<div class=\"elementor-element elementor-element-a15797f elementor-widget-divider--view-line elementor-widget elementor-widget-divider\" data-id=\"a15797f\" data-element_type=\"widget\" data-e-type=\"widget\" data-widget_type=\"divider.default\">\n\t\t\t\t<div class=\"elementor-widget-container\">\n\t\t\t\t\t\t\t<div class=\"elementor-divider\">\n\t\t\t<span class=\"elementor-divider-separator\">\n\t\t\t\t\t\t<\/span>\n\t\t<\/div>\n\t\t\t\t\t\t<\/div>\n\t\t\t\t<\/div>\n\t\t\t\t<div class=\"elementor-element elementor-element-d5e80e0 elementor-widget elementor-widget-text-editor\" data-id=\"d5e80e0\" data-element_type=\"widget\" data-e-type=\"widget\" data-widget_type=\"text-editor.default\">\n\t\t\t\t<div class=\"elementor-widget-container\">\n\t\t\t\t\t\t\t\t\t<p>Queridos amigos,<\/p><p>Gracias a todos por vuestro duro trabajo continuo para mantener a salvo a todos los miembros de nuestra comunidad y por mantener la calma y permanecer adaptables mientras navegamos por las directrices siempre cambiantes sobre la mejor manera de combatir la COVID-19. Aunque esta pandemia ha provocado cambios, el papel fundamental que desempe\u00f1an las vacunaciones para mantener seguras a las comunidades permanece inalterado. Esperamos que los pr\u00f3ximos meses sean saludables. Con ese fin, Berkshire South Regional Community Center seguir\u00e1 ajustando las pol\u00edticas de COVID-19 del centro para reflejar las del <b>Estado de Massachusetts<\/b> y los <b>Centros de Control de Enfermedades<\/b>. Ten en cuenta lo siguiente:    <\/p>\t\t\t\t\t\t\t\t<\/div>\n\t\t\t\t<\/div>\n\t\t<div class=\"elementor-element elementor-element-5130783 e-con-full e-flex e-con e-child\" data-id=\"5130783\" data-element_type=\"container\" data-e-type=\"container\">\n\t\t<div class=\"elementor-element elementor-element-c67aeaf e-con-full e-flex e-con e-child\" data-id=\"c67aeaf\" data-element_type=\"container\" data-e-type=\"container\">\n\t\t\t\t<div class=\"elementor-element elementor-element-6aa47cc elementor-widget elementor-widget-image\" data-id=\"6aa47cc\" data-element_type=\"widget\" data-e-type=\"widget\" data-widget_type=\"image.default\">\n\t\t\t\t<div class=\"elementor-widget-container\">\n\t\t\t\t\t\t\t\t\t\t\t\t\t\t\t<img fetchpriority=\"high\" decoding=\"async\" width=\"500\" height=\"320\" src=\"https:\/\/berkshiresouth.org\/wp-content\/uploads\/2021\/05\/IMG_May252021at95508AM.jpg\" class=\"attachment-large size-large wp-image-43364\" alt=\"Foto de un pin que dice &quot;\u00a1Estoy vacunado contra el COVID-19!&quot;\" srcset=\"https:\/\/berkshiresouth.org\/wp-content\/uploads\/2021\/05\/IMG_May252021at95508AM.jpg 500w, https:\/\/berkshiresouth.org\/wp-content\/uploads\/2021\/05\/IMG_May252021at95508AM-300x192.jpg 300w\" sizes=\"(max-width: 500px) 100vw, 500px\" \/>\t\t\t\t\t\t\t\t\t\t\t\t\t\t\t<\/div>\n\t\t\t\t<\/div>\n\t\t\t\t<\/div>\n\t\t<div class=\"elementor-element elementor-element-011eb5b e-con-full e-flex e-con e-child\" data-id=\"011eb5b\" data-element_type=\"container\" data-e-type=\"container\">\n\t\t\t\t<div class=\"elementor-element elementor-element-19288b3 elementor-widget elementor-widget-text-editor\" data-id=\"19288b3\" data-element_type=\"widget\" data-e-type=\"widget\" data-widget_type=\"text-editor.default\">\n\t\t\t\t<div class=\"elementor-widget-container\">\n\t\t\t\t\t\t\t\t\t<ul><li><b>Las m\u00e1scaras son opcionales para todos los miembros e invitados.<\/b><\/li><li>Berkshire South ya no requiere reservas de Fitness o Acu\u00e1ticas para asistir a las clases incluidas en la Afiliaci\u00f3n.<\/li><li>Aunque no pediremos pruebas de vacunaci\u00f3n a nuestros miembros, confiamos en que todos sigan las normas que seguir\u00e1n manteniendo segura a la comunidad.<\/li><\/ul>\t\t\t\t\t\t\t\t<\/div>\n\t\t\t\t<\/div>\n\t\t\t\t<\/div>\n\t\t\t\t<\/div>\n\t\t\t\t<div class=\"elementor-element elementor-element-964b4cd elementor-widget elementor-widget-text-editor\" data-id=\"964b4cd\" data-element_type=\"widget\" data-e-type=\"widget\" data-widget_type=\"text-editor.default\">\n\t\t\t\t<div class=\"elementor-widget-container\">\n\t\t\t\t\t\t\t\t\t<p>Pedimos a todos que recuerden ser amables y pacientes unos con otros. Esperamos seguir fomentando un entorno seguro y acogedor para todos. Por favor, no dud\u00e9is en hacernos llegar vuestras opiniones, preocupaciones o comentarios mientras intentamos navegar juntos por esta nueva normalidad.  <\/p>\t\t\t\t\t\t\t\t<\/div>\n\t\t\t\t<\/div>\n\t\t\t\t<\/div>\n\t\t\t\t\t<\/div>\n\t\t\t\t<\/div>\n\t\t\t\t<\/div>\n\t\t","protected":false},"excerpt":{"rendered":"<p>Actualizadas las pol\u00edticasCOVID-19 Pol\u00edticas de Enmascaramiento y COVID Queridos amigos, Gracias a todos por vuestro duro trabajo continuo para mantener a salvo a todos los miembros de nuestra comunidad y por mantener la calma y permanecer adaptables mientras navegamos por las directrices siempre cambiantes sobre la mejor manera de combatir la COVID-19. Aunque esta pandemia [&hellip;]<\/p>\n","protected":false},"author":5,"featured_media":0,"parent":0,"menu_order":0,"comment_status":"closed","ping_status":"closed","template":"","meta":{"_seopress_robots_primary_cat":"","_seopress_titles_title":"","_seopress_titles_desc":"","_seopress_robots_index":"s\u00ed","site-sidebar-layout":"no-sidebar","site-content-layout":"page-builder","ast-site-content-layout":"default","site-content-style":"default","site-sidebar-style":"default","ast-global-header-display":"","ast-banner-title-visibility":"","ast-main-header-display":"","ast-hfb-above-header-display":"","ast-hfb-below-header-display":"","ast-hfb-mobile-header-display":"","site-post-title":"disabled","ast-breadcrumbs-content":"","ast-featured-img":"disabled","footer-sml-layout":"","ast-disable-related-posts":"","theme-transparent-header-meta":"enabled","adv-header-id-meta":"","stick-header-meta":"default","header-above-stick-meta":"","header-main-stick-meta":"","header-below-stick-meta":"","astra-migrate-meta-layouts":"default","ast-page-background-enabled":"default","ast-page-background-meta":{"desktop":{"background-color":"","background-image":"","background-repeat":"repeat","background-position":"center center","background-size":"auto","background-attachment":"scroll","background-type":"","background-media":"","overlay-type":"","overlay-color":"","overlay-opacity":"","overlay-gradient":""},"tablet":{"background-color":"","background-image":"","background-repeat":"repeat","background-position":"center center","background-size":"auto","background-attachment":"scroll","background-type":"","background-media":"","overlay-type":"","overlay-color":"","overlay-opacity":"","overlay-gradient":""},"mobile":{"background-color":"","background-image":"","background-repeat":"repeat","background-position":"center center","background-size":"auto","background-attachment":"scroll","background-type":"","background-media":"","overlay-type":"","overlay-color":"","overlay-opacity":"","overlay-gradient":""}},"ast-content-background-meta":{"desktop":{"background-color":"var(--ast-global-color-5)","background-image":"","background-repeat":"repeat","background-position":"center center","background-size":"auto","background-attachment":"scroll","background-type":"","background-media":"","overlay-type":"","overlay-color":"","overlay-opacity":"","overlay-gradient":""},"tablet":{"background-color":"var(--ast-global-color-5)","background-image":"","background-repeat":"repeat","background-position":"center center","background-size":"auto","background-attachment":"scroll","background-type":"","background-media":"","overlay-type":"","overlay-color":"","overlay-opacity":"","overlay-gradient":""},"mobile":{"background-color":"var(--ast-global-color-5)","background-image":"","background-repeat":"repeat","background-position":"center center","background-size":"auto","background-attachment":"scroll","background-type":"","background-media":"","overlay-type":"","overlay-color":"","overlay-opacity":"","overlay-gradient":""}},"footnotes":""},"class_list":["post-43954","page","type-page","status-publish","hentry"],"_links":{"self":[{"href":"https:\/\/berkshiresouth.org\/es\/wp-json\/wp\/v2\/pages\/43954","targetHints":{"allow":["GET"]}}],"collection":[{"href":"https:\/\/berkshiresouth.org\/es\/wp-json\/wp\/v2\/pages"}],"about":[{"href":"https:\/\/berkshiresouth.org\/es\/wp-json\/wp\/v2\/types\/page"}],"author":[{"embeddable":true,"href":"https:\/\/berkshiresouth.org\/es\/wp-json\/wp\/v2\/users\/5"}],"replies":[{"embeddable":true,"href":"https:\/\/berkshiresouth.org\/es\/wp-json\/wp\/v2\/comments?post=43954"}],"version-history":[{"count":3,"href":"https:\/\/berkshiresouth.org\/es\/wp-json\/wp\/v2\/pages\/43954\/revisions"}],"predecessor-version":[{"id":52687,"href":"https:\/\/berkshiresouth.org\/es\/wp-json\/wp\/v2\/pages\/43954\/revisions\/52687"}],"wp:attachment":[{"href":"https:\/\/berkshiresouth.org\/es\/wp-json\/wp\/v2\/media?parent=43954"}],"curies":[{"name":"wp","href":"https:\/\/api.w.org\/{rel}","templated":true}]}}