{"id":43956,"date":"2020-08-26T16:50:34","date_gmt":"2020-08-26T20:50:34","guid":{"rendered":"https:\/\/berkshiresouth.org\/ayuda-financiera\/"},"modified":"2026-04-10T10:11:26","modified_gmt":"2026-04-10T14:11:26","slug":"financial-assistance","status":"publish","type":"page","link":"https:\/\/berkshiresouth.org\/es\/financial-assistance\/","title":{"rendered":"Ayuda financiera"},"content":{"rendered":"\t\t<div data-elementor-type=\"wp-post\" data-elementor-id=\"43956\" class=\"elementor elementor-43956 elementor-3304\" data-elementor-post-type=\"page\">\n\t\t\t\t<div class=\"elementor-element elementor-element-6205941 e-flex e-con-boxed e-con e-parent\" data-id=\"6205941\" data-element_type=\"container\" data-e-type=\"container\" data-settings=\"{&quot;background_background&quot;:&quot;classic&quot;}\">\n\t\t\t\t\t<div class=\"e-con-inner\">\n\t\t<div class=\"elementor-element elementor-element-89ac124 e-con-full e-flex e-con e-child\" data-id=\"89ac124\" data-element_type=\"container\" data-e-type=\"container\">\n\t\t\t\t<div class=\"elementor-element elementor-element-5404d05 elementor-widget elementor-widget-heading\" data-id=\"5404d05\" data-element_type=\"widget\" data-e-type=\"widget\" data-widget_type=\"heading.default\">\n\t\t\t\t<div class=\"elementor-widget-container\">\n\t\t\t\t\t<h1 class=\"elementor-heading-title elementor-size-default\">Ayuda financiera<\/h1>\t\t\t\t<\/div>\n\t\t\t\t<\/div>\n\t\t<div class=\"elementor-element elementor-element-b5f0abd e-con-full e-flex e-con e-child\" data-id=\"b5f0abd\" data-element_type=\"container\" data-e-type=\"container\">\n\t\t\t\t<div class=\"elementor-element elementor-element-df17da8 elementor-widget__width-auto elementor-widget elementor-widget-text-editor\" data-id=\"df17da8\" data-element_type=\"widget\" data-e-type=\"widget\" data-widget_type=\"text-editor.default\">\n\t\t\t\t<div class=\"elementor-widget-container\">\n\t\t\t\t\t\t\t\t\t<p><a href=\"https:\/\/berkshiresouth.org\/es\/\">Inicio<\/a> \u02c3 <a href=\"https:\/\/berkshiresouth.org\/es\/financial-assistance\/\">Ayuda financiera<\/a><\/p>\t\t\t\t\t\t\t\t<\/div>\n\t\t\t\t<\/div>\n\t\t\t\t<\/div>\n\t\t\t\t<\/div>\n\t\t\t\t\t<\/div>\n\t\t\t\t<\/div>\n\t\t<div class=\"elementor-element elementor-element-1b6cf11 e-flex e-con-boxed e-con e-parent\" data-id=\"1b6cf11\" data-element_type=\"container\" data-e-type=\"container\">\n\t\t\t\t\t<div class=\"e-con-inner\">\n\t\t<div class=\"elementor-element elementor-element-123c93b e-con-full e-flex e-con e-child\" data-id=\"123c93b\" data-element_type=\"container\" data-e-type=\"container\">\n\t\t\t\t<div class=\"elementor-element elementor-element-6ef66c5 elementor-widget elementor-widget-heading\" data-id=\"6ef66c5\" data-element_type=\"widget\" data-e-type=\"widget\" data-widget_type=\"heading.default\">\n\t\t\t\t<div class=\"elementor-widget-container\">\n\t\t\t\t\t<h2 class=\"elementor-heading-title elementor-size-default\">BSRCC Afiliaci\u00f3n y asistencia a programas<\/h2>\t\t\t\t<\/div>\n\t\t\t\t<\/div>\n\t\t\t\t<div class=\"elementor-element elementor-element-7696c6f elementor-widget-divider--view-line elementor-widget elementor-widget-divider\" data-id=\"7696c6f\" data-element_type=\"widget\" data-e-type=\"widget\" data-widget_type=\"divider.default\">\n\t\t\t\t<div class=\"elementor-widget-container\">\n\t\t\t\t\t\t\t<div class=\"elementor-divider\">\n\t\t\t<span class=\"elementor-divider-separator\">\n\t\t\t\t\t\t<\/span>\n\t\t<\/div>\n\t\t\t\t\t\t<\/div>\n\t\t\t\t<\/div>\n\t\t\t\t<div class=\"elementor-element elementor-element-e65421d elementor-widget elementor-widget-text-editor\" data-id=\"e65421d\" data-element_type=\"widget\" data-e-type=\"widget\" data-widget_type=\"text-editor.default\">\n\t\t\t\t<div class=\"elementor-widget-container\">\n\t\t\t\t\t\t\t\t\t<p>Es fundamental para la misi\u00f3n de Berkshire South Regional Community Center que estemos abiertos a todos, independientemente de su capacidad de pago. En un esfuerzo por alcanzar nuestro objetivo de conectar a la comunidad en general, de la forma m\u00e1s inclusiva posible, BSRCC ha creado una pol\u00edtica de ayuda econ\u00f3mica para la afiliaci\u00f3n y los programas. Creemos que esta pol\u00edtica mantiene la integridad del solicitante y la confidencialidad de la informaci\u00f3n.  <\/p>\t\t\t\t\t\t\t\t<\/div>\n\t\t\t\t<\/div>\n\t\t\t\t<div class=\"elementor-element elementor-element-bf29f73 elementor-widget elementor-widget-text-editor\" data-id=\"bf29f73\" data-element_type=\"widget\" data-e-type=\"widget\" data-widget_type=\"text-editor.default\">\n\t\t\t\t<div class=\"elementor-widget-container\">\n\t\t\t\t\t\t\t\t\t<p>La ayuda econ\u00f3mica se conceder\u00e1 en funci\u00f3n no s\u00f3lo de la elegibilidad documentada del solicitante, sino de las necesidades generales de la persona, pareja o familia y de la disponibilidad de fondos. Una vez evaluada la solicitud y la informaci\u00f3n de verificaci\u00f3n de ingresos, se crear\u00e1 un paquete de ayuda econ\u00f3mica. En muchos sentidos, cada solicitud se estudia caso por caso, y la ayuda econ\u00f3mica que se proporciona depende de los fondos disponibles. Adem\u00e1s, el personal de Berkshire South ayudar\u00e1 personalmente a rellenar el formulario a quienes lo necesiten.   <\/p>\t\t\t\t\t\t\t\t<\/div>\n\t\t\t\t<\/div>\n\t\t\t\t<div class=\"elementor-element elementor-element-e9fe5bc elementor-widget elementor-widget-text-editor\" data-id=\"e9fe5bc\" data-element_type=\"widget\" data-e-type=\"widget\" data-widget_type=\"text-editor.default\">\n\t\t\t\t<div class=\"elementor-widget-container\">\n\t\t\t\t\t\t\t\t\t<p>La ayuda econ\u00f3mica puede llegar hasta el 75% de descuento en las cuotas de afiliaci\u00f3n y hasta el 50% en las cuotas de los programas, seg\u00fan esta escala m\u00f3vil. Todas las personas a las que se conceda la ayuda deben cumplir las pol\u00edticas de solicitud y uso de la ayuda econ\u00f3mica para mantener la elegibilidad de la ayuda. <\/p>\t\t\t\t\t\t\t\t<\/div>\n\t\t\t\t<\/div>\n\t\t\t\t<div class=\"elementor-element elementor-element-8a670ec elementor-widget elementor-widget-text-editor\" data-id=\"8a670ec\" data-element_type=\"widget\" data-e-type=\"widget\" data-widget_type=\"text-editor.default\">\n\t\t\t\t<div class=\"elementor-widget-container\">\n\t\t\t\t\t\t\t\t\t<p><a href=\"https:\/\/berkshiresouth.org\/es\/financial-assistance-policies-and-procedures\/\"><span style=\"font-size: 16px; font-style: normal; font-weight: 400;\"><strong>T\u00f3mate un momento para leer las Pol\u00edticas y Procedimientos de Ayuda Econ\u00f3mica antes de presentar tu solicitud.<\/strong> <\/span><\/a><\/p><p>Cuando est\u00e9s listo para solicitarlo, descarga una solicitud o p\u00e1sate por la recepci\u00f3n en Berkshire South.  <\/p>\t\t\t\t\t\t\t\t<\/div>\n\t\t\t\t<\/div>\n\t\t\t\t<div class=\"elementor-element elementor-element-8580ae6 elementor-align-left elementor-button-info elementor-tablet-align-center elementor-mobile-align-center elementor-widget elementor-widget-button\" data-id=\"8580ae6\" data-element_type=\"widget\" data-e-type=\"widget\" data-widget_type=\"button.default\">\n\t\t\t\t<div class=\"elementor-widget-container\">\n\t\t\t\t\t\t\t\t\t<div class=\"elementor-button-wrapper\">\n\t\t\t\t\t<a class=\"elementor-button elementor-button-link elementor-size-sm\" href=\"https:\/\/berkshiresouth.org\/wp-content\/uploads\/2025\/03\/2025-English_Spanish-Financial-Aid-Application.docx-1.pdf\">\n\t\t\t\t\t\t<span class=\"elementor-button-content-wrapper\">\n\t\t\t\t\t\t\t\t\t<span class=\"elementor-button-text\">descargar una solicitud<\/span>\n\t\t\t\t\t<\/span>\n\t\t\t\t\t<\/a>\n\t\t\t\t<\/div>\n\t\t\t\t\t\t\t\t<\/div>\n\t\t\t\t<\/div>\n\t\t\t\t<div class=\"elementor-element elementor-element-c727026 elementor-widget elementor-widget-heading\" data-id=\"c727026\" data-element_type=\"widget\" data-e-type=\"widget\" data-widget_type=\"heading.default\">\n\t\t\t\t<div class=\"elementor-widget-container\">\n\t\t\t\t\t<h2 class=\"elementor-heading-title elementor-size-default\">M\u00e1s informaci\u00f3n<\/h2>\t\t\t\t<\/div>\n\t\t\t\t<\/div>\n\t\t\t\t<div class=\"elementor-element elementor-element-683e896 elementor-widget-divider--view-line elementor-widget elementor-widget-divider\" data-id=\"683e896\" data-element_type=\"widget\" data-e-type=\"widget\" data-widget_type=\"divider.default\">\n\t\t\t\t<div class=\"elementor-widget-container\">\n\t\t\t\t\t\t\t<div class=\"elementor-divider\">\n\t\t\t<span class=\"elementor-divider-separator\">\n\t\t\t\t\t\t<\/span>\n\t\t<\/div>\n\t\t\t\t\t\t<\/div>\n\t\t\t\t<\/div>\n\t\t\t\t<div class=\"elementor-element elementor-element-8619189 elementor-widget elementor-widget-text-editor\" data-id=\"8619189\" data-element_type=\"widget\" data-e-type=\"widget\" data-widget_type=\"text-editor.default\">\n\t\t\t\t<div class=\"elementor-widget-container\">\n\t\t\t\t\t\t\t\t\t<p>Si tienes alguna pregunta sobre la elegibilidad o tu estatus, ponte en contacto con<\/p>\t\t\t\t\t\t\t\t<\/div>\n\t\t\t\t<\/div>\n\t\t\t\t<div class=\"elementor-element elementor-element-a588684 elementor-widget elementor-widget-text-editor\" data-id=\"a588684\" data-element_type=\"widget\" data-e-type=\"widget\" data-widget_type=\"text-editor.default\">\n\t\t\t\t<div class=\"elementor-widget-container\">\n\t\t\t\t\t\t\t\t\t<p>Lucia Ference en <a href=\"mailto:lference@berkshiresouth.org\"><strong>lference@berkshiresouth.org<\/strong><\/a>413-528-2810 ext. 29<b><\/b><\/p>\t\t\t\t\t\t\t\t<\/div>\n\t\t\t\t<\/div>\n\t\t\t\t<div class=\"elementor-element elementor-element-9d0e0de elementor-widget elementor-widget-text-editor\" data-id=\"9d0e0de\" data-element_type=\"widget\" data-e-type=\"widget\" data-widget_type=\"text-editor.default\">\n\t\t\t\t<div class=\"elementor-widget-container\">\n\t\t\t\t\t\t\t\t\t<p>Por favor, evita pasar sin cita previa.<\/p>\t\t\t\t\t\t\t\t<\/div>\n\t\t\t\t<\/div>\n\t\t\t\t<\/div>\n\t\t\t\t\t<\/div>\n\t\t\t\t<\/div>\n\t\t\t\t<\/div>\n\t\t","protected":false},"excerpt":{"rendered":"<p>Ayuda financiera Inicio \u02c3 Ayuda financiera BSRCC Afiliaci\u00f3n y asistencia a programas Es fundamental para la misi\u00f3n de Berkshire South Regional Community Center que estemos abiertos a todos, independientemente de su capacidad de pago. En un esfuerzo por alcanzar nuestro objetivo de conectar a la comunidad en general, de la forma m\u00e1s inclusiva posible, BSRCC [&hellip;]<\/p>\n","protected":false},"author":5,"featured_media":0,"parent":0,"menu_order":0,"comment_status":"closed","ping_status":"closed","template":"","meta":{"_seopress_robots_primary_cat":"","_seopress_titles_title":"","_seopress_titles_desc":"Es fundamental para la misi\u00f3n de Berkshire South Regional Community Center que estemos abiertos a todos, independientemente de la capacidad de pago.","_seopress_robots_index":"","site-sidebar-layout":"no-sidebar","site-content-layout":"page-builder","ast-site-content-layout":"default","site-content-style":"default","site-sidebar-style":"default","ast-global-header-display":"","ast-banner-title-visibility":"","ast-main-header-display":"","ast-hfb-above-header-display":"","ast-hfb-below-header-display":"","ast-hfb-mobile-header-display":"","site-post-title":"disabled","ast-breadcrumbs-content":"","ast-featured-img":"disabled","footer-sml-layout":"","ast-disable-related-posts":"","theme-transparent-header-meta":"enabled","adv-header-id-meta":"","stick-header-meta":"","header-above-stick-meta":"","header-main-stick-meta":"","header-below-stick-meta":"","astra-migrate-meta-layouts":"default","ast-page-background-enabled":"default","ast-page-background-meta":{"desktop":{"background-color":"","background-image":"","background-repeat":"repeat","background-position":"center center","background-size":"auto","background-attachment":"scroll","background-type":"","background-media":"","overlay-type":"","overlay-color":"","overlay-opacity":"","overlay-gradient":""},"tablet":{"background-color":"","background-image":"","background-repeat":"repeat","background-position":"center center","background-size":"auto","background-attachment":"scroll","background-type":"","background-media":"","overlay-type":"","overlay-color":"","overlay-opacity":"","overlay-gradient":""},"mobile":{"background-color":"","background-image":"","background-repeat":"repeat","background-position":"center center","background-size":"auto","background-attachment":"scroll","background-type":"","background-media":"","overlay-type":"","overlay-color":"","overlay-opacity":"","overlay-gradient":""}},"ast-content-background-meta":{"desktop":{"background-color":"var(--ast-global-color-5)","background-image":"","background-repeat":"repeat","background-position":"center center","background-size":"auto","background-attachment":"scroll","background-type":"","background-media":"","overlay-type":"","overlay-color":"","overlay-opacity":"","overlay-gradient":""},"tablet":{"background-color":"var(--ast-global-color-5)","background-image":"","background-repeat":"repeat","background-position":"center center","background-size":"auto","background-attachment":"scroll","background-type":"","background-media":"","overlay-type":"","overlay-color":"","overlay-opacity":"","overlay-gradient":""},"mobile":{"background-color":"var(--ast-global-color-5)","background-image":"","background-repeat":"repeat","background-position":"center center","background-size":"auto","background-attachment":"scroll","background-type":"","background-media":"","overlay-type":"","overlay-color":"","overlay-opacity":"","overlay-gradient":""}},"footnotes":""},"class_list":["post-43956","page","type-page","status-publish","hentry"],"_links":{"self":[{"href":"https:\/\/berkshiresouth.org\/es\/wp-json\/wp\/v2\/pages\/43956","targetHints":{"allow":["GET"]}}],"collection":[{"href":"https:\/\/berkshiresouth.org\/es\/wp-json\/wp\/v2\/pages"}],"about":[{"href":"https:\/\/berkshiresouth.org\/es\/wp-json\/wp\/v2\/types\/page"}],"author":[{"embeddable":true,"href":"https:\/\/berkshiresouth.org\/es\/wp-json\/wp\/v2\/users\/5"}],"replies":[{"embeddable":true,"href":"https:\/\/berkshiresouth.org\/es\/wp-json\/wp\/v2\/comments?post=43956"}],"version-history":[{"count":6,"href":"https:\/\/berkshiresouth.org\/es\/wp-json\/wp\/v2\/pages\/43956\/revisions"}],"predecessor-version":[{"id":52467,"href":"https:\/\/berkshiresouth.org\/es\/wp-json\/wp\/v2\/pages\/43956\/revisions\/52467"}],"wp:attachment":[{"href":"https:\/\/berkshiresouth.org\/es\/wp-json\/wp\/v2\/media?parent=43956"}],"curies":[{"name":"wp","href":"https:\/\/api.w.org\/{rel}","templated":true}]}}