{"id":44030,"date":"2023-07-10T16:59:46","date_gmt":"2023-07-10T20:59:46","guid":{"rendered":"https:\/\/berkshiresouth.org\/parques-y-ocio\/"},"modified":"2025-08-29T12:00:07","modified_gmt":"2025-08-29T16:00:07","slug":"parks-recreation","status":"publish","type":"page","link":"https:\/\/berkshiresouth.org\/es\/parks-recreation\/","title":{"rendered":"Parques y ocio"},"content":{"rendered":"\t\t<div data-elementor-type=\"wp-page\" data-elementor-id=\"44030\" class=\"elementor elementor-44030 elementor-23327\" data-elementor-post-type=\"page\">\n\t\t\t\t<div class=\"elementor-element elementor-element-ca7df2a e-flex e-con-boxed e-con e-parent\" data-id=\"ca7df2a\" data-element_type=\"container\" data-e-type=\"container\" data-settings=\"{&quot;background_background&quot;:&quot;classic&quot;}\">\n\t\t\t\t\t<div class=\"e-con-inner\">\n\t\t<div class=\"elementor-element elementor-element-0f38d8b e-con-full e-flex e-con e-child\" data-id=\"0f38d8b\" data-element_type=\"container\" data-e-type=\"container\">\n\t\t\t\t<div class=\"elementor-element elementor-element-0699c77 elementor-widget elementor-widget-heading\" data-id=\"0699c77\" data-element_type=\"widget\" data-e-type=\"widget\" data-widget_type=\"heading.default\">\n\t\t\t\t<div class=\"elementor-widget-container\">\n\t\t\t\t\t<h1 class=\"elementor-heading-title elementor-size-default\">Parques y ocio<\/h1>\t\t\t\t<\/div>\n\t\t\t\t<\/div>\n\t\t<div class=\"elementor-element elementor-element-a0b912b e-con-full e-flex e-con e-child\" data-id=\"a0b912b\" data-element_type=\"container\" data-e-type=\"container\">\n\t\t\t\t<div class=\"elementor-element elementor-element-2e84000 elementor-widget__width-auto elementor-widget elementor-widget-image\" data-id=\"2e84000\" data-element_type=\"widget\" data-e-type=\"widget\" data-widget_type=\"image.default\">\n\t\t\t\t<div class=\"elementor-widget-container\">\n\t\t\t\t\t\t\t\t\t\t\t\t\t\t\t<img decoding=\"async\" width=\"150\" height=\"150\" src=\"https:\/\/berkshiresouth.org\/wp-content\/uploads\/2022\/09\/BerkshireSouthCommunityIcon02-150x150.png\" class=\"attachment-thumbnail size-thumbnail wp-image-43486\" alt=\"Icono del Programa Comunitario\" srcset=\"https:\/\/berkshiresouth.org\/wp-content\/uploads\/2022\/09\/BerkshireSouthCommunityIcon02-150x150.png 150w, https:\/\/berkshiresouth.org\/wp-content\/uploads\/2022\/09\/BerkshireSouthCommunityIcon02.png 200w\" sizes=\"(max-width: 150px) 100vw, 150px\" \/>\t\t\t\t\t\t\t\t\t\t\t\t\t\t\t<\/div>\n\t\t\t\t<\/div>\n\t\t\t\t<div class=\"elementor-element elementor-element-f1d12db elementor-widget__width-auto elementor-widget elementor-widget-text-editor\" data-id=\"f1d12db\" data-element_type=\"widget\" data-e-type=\"widget\" data-widget_type=\"text-editor.default\">\n\t\t\t\t<div class=\"elementor-widget-container\">\n\t\t\t\t\t\t\t\t\t<a href=\"https:\/\/berkshiresouth.org\/es\/\">Inicio<\/a> \u02c3 <a href=\"https:\/\/berkshiresouth.org\/es\/community\/\">Comunidad<\/a> \u02c3 <a href=\"https:\/\/berkshiresouth.org\/es\/parks-recreation\/\">Parques y Ocio<\/a>\t\t\t\t\t\t\t\t<\/div>\n\t\t\t\t<\/div>\n\t\t\t\t<\/div>\n\t\t\t\t<\/div>\n\t\t\t\t\t<\/div>\n\t\t\t\t<\/div>\n\t\t<div class=\"elementor-element elementor-element-aa49137 e-flex e-con-boxed e-con e-parent\" data-id=\"aa49137\" data-element_type=\"container\" data-e-type=\"container\">\n\t\t\t\t\t<div class=\"e-con-inner\">\n\t\t\t\t<div class=\"elementor-element elementor-element-6e02f04 elementor-widget elementor-widget-heading\" data-id=\"6e02f04\" data-element_type=\"widget\" data-e-type=\"widget\" data-widget_type=\"heading.default\">\n\t\t\t\t<div class=\"elementor-widget-container\">\n\t\t\t\t\t<h2 class=\"elementor-heading-title elementor-size-default\">Berkshire South \u00a1se enorgullece de haber sido contratado como proveedor de actividades recreativas de verano en el lago Garfield!<\/h2>\t\t\t\t<\/div>\n\t\t\t\t<\/div>\n\t\t\t\t<div class=\"elementor-element elementor-element-ecd5aa7 elementor-widget-divider--view-line elementor-widget elementor-widget-divider\" data-id=\"ecd5aa7\" data-element_type=\"widget\" data-e-type=\"widget\" data-widget_type=\"divider.default\">\n\t\t\t\t<div class=\"elementor-widget-container\">\n\t\t\t\t\t\t\t<div class=\"elementor-divider\">\n\t\t\t<span class=\"elementor-divider-separator\">\n\t\t\t\t\t\t<\/span>\n\t\t<\/div>\n\t\t\t\t\t\t<\/div>\n\t\t\t\t<\/div>\n\t\t\t\t\t<\/div>\n\t\t\t\t<\/div>\n\t\t<div class=\"elementor-element elementor-element-e608e87 elementor-hidden-desktop elementor-hidden-tablet elementor-hidden-mobile e-flex e-con-boxed e-con e-parent\" data-id=\"e608e87\" data-element_type=\"container\" data-e-type=\"container\">\n\t\t\t\t\t<div class=\"e-con-inner\">\n\t\t<div class=\"elementor-element elementor-element-4025fdc e-con-full e-flex e-con e-child\" data-id=\"4025fdc\" data-element_type=\"container\" data-e-type=\"container\">\n\t\t\t\t<div class=\"elementor-element elementor-element-e3a59ba elementor-widget elementor-widget-image\" data-id=\"e3a59ba\" data-element_type=\"widget\" data-e-type=\"widget\" data-widget_type=\"image.default\">\n\t\t\t\t<div class=\"elementor-widget-container\">\n\t\t\t\t\t\t\t\t\t\t\t\t\t\t\t<img fetchpriority=\"high\" decoding=\"async\" width=\"600\" height=\"703\" src=\"https:\/\/berkshiresouth.org\/wp-content\/uploads\/2023\/07\/HousatonicPark-600px_web.jpg\" class=\"attachment-medium_large size-medium_large wp-image-43569\" alt=\"Dos coordinadores de parque saltando en el aire al aire libre delante de una c\u00fapula geom\u00e9trica multicolor de escalada\" srcset=\"https:\/\/berkshiresouth.org\/wp-content\/uploads\/2023\/07\/HousatonicPark-600px_web.jpg 600w, https:\/\/berkshiresouth.org\/wp-content\/uploads\/2023\/07\/HousatonicPark-600px_web-256x300.jpg 256w\" sizes=\"(max-width: 600px) 100vw, 600px\" \/>\t\t\t\t\t\t\t\t\t\t\t\t\t\t\t<\/div>\n\t\t\t\t<\/div>\n\t\t\t\t<\/div>\n\t\t<div class=\"elementor-element elementor-element-634aec8 e-con-full e-flex e-con e-child\" data-id=\"634aec8\" data-element_type=\"container\" data-e-type=\"container\">\n\t\t\t\t<div class=\"elementor-element elementor-element-743e507 elementor-widget elementor-widget-heading\" data-id=\"743e507\" data-element_type=\"widget\" data-e-type=\"widget\" data-widget_type=\"heading.default\">\n\t\t\t\t<div class=\"elementor-widget-container\">\n\t\t\t\t\t<h3 class=\"elementor-heading-title elementor-size-default\">\"Housatonic Park\" Alice Bubriski Memorial Playground (Pueblo de Great Barrington)<\/h3>\t\t\t\t<\/div>\n\t\t\t\t<\/div>\n\t\t\t\t<div class=\"elementor-element elementor-element-4a73d8d elementor-widget elementor-widget-text-editor\" data-id=\"4a73d8d\" data-element_type=\"widget\" data-e-type=\"widget\" data-widget_type=\"text-editor.default\">\n\t\t\t\t<div class=\"elementor-widget-container\">\n\t\t\t\t\t\t\t\t\t<p>Esta zona de juegos al aire libre est\u00e1 equipada con una zona de juegos de jungla, una c\u00fapula geom\u00e9trica para trepar, c\u00e9sped para jugar, mesas de picnic y canchas de baloncesto. Los d\u00edas de lluvia, los coordinadores del parque ofrecer\u00e1n acceso al Gimnasio Housatonic (tambi\u00e9n conocido como la C\u00fapula Housy). Durante todo el verano habr\u00e1 actividades al aire libre en el parque, como juegos de pelota, juegos con aspersores, baloncesto y concursos de aviones de papel. Vuelve para informarte de las pr\u00f3ximas actividades de verano para j\u00f3venes.   <\/p>\t\t\t\t\t\t\t\t<\/div>\n\t\t\t\t<\/div>\n\t\t\t\t<div class=\"elementor-element elementor-element-1b537bf elementor-widget elementor-widget-text-editor\" data-id=\"1b537bf\" data-element_type=\"widget\" data-e-type=\"widget\" data-widget_type=\"text-editor.default\">\n\t\t\t\t<div class=\"elementor-widget-container\">\n\t\t\t\t\t\t\t\t\t<p>Los Coordinadores de Personal est\u00e1n all\u00ed:<\/p><p>De mi\u00e9rcoles a domingo, de 13.00 a 18.00 h<\/p><p>Hasta el 25 de agosto<\/p><p>Situado en <a href=\"https:\/\/goo.gl\/maps\/UbfEGcUFzETXHRGy8\" target=\"_blank\" rel=\"noopener\">la esquina de Front y Pleasant Street en Housatonic, Great Barrington, MA 01236<\/a><\/p>\t\t\t\t\t\t\t\t<\/div>\n\t\t\t\t<\/div>\n\t\t\t\t<\/div>\n\t\t\t\t\t<\/div>\n\t\t\t\t<\/div>\n\t\t<div class=\"elementor-element elementor-element-94412b7 e-flex e-con-boxed e-con e-parent\" data-id=\"94412b7\" data-element_type=\"container\" data-e-type=\"container\">\n\t\t\t\t\t<div class=\"e-con-inner\">\n\t\t<div class=\"elementor-element elementor-element-6ae06cf e-con-full e-flex e-con e-child\" data-id=\"6ae06cf\" data-element_type=\"container\" data-e-type=\"container\">\n\t\t\t\t<div class=\"elementor-element elementor-element-23ef702 elementor-widget elementor-widget-heading\" data-id=\"23ef702\" data-element_type=\"widget\" data-e-type=\"widget\" data-widget_type=\"heading.default\">\n\t\t\t\t<div class=\"elementor-widget-container\">\n\t\t\t\t\t<h3 class=\"elementor-heading-title elementor-size-default\">Lago Mansfield (Pueblo de Great Barrington)<\/h3>\t\t\t\t<\/div>\n\t\t\t\t<\/div>\n\t\t\t\t<div class=\"elementor-element elementor-element-0db1aad elementor-widget elementor-widget-text-editor\" data-id=\"0db1aad\" data-element_type=\"widget\" data-e-type=\"widget\" data-widget_type=\"text-editor.default\">\n\t\t\t\t<div class=\"elementor-widget-container\">\n\t\t\t\t\t\t\t\t\t<p>Hay socorristas de guardia (si el tiempo lo permite):<\/p>\n<p><b>De mi\u00e9rcoles a domingo, de 10.00 a 18.00 h<\/b><\/p>\n<p><b>Del 18 de julio al 26 de agosto, m\u00e1s el fin de semana del D\u00eda del Trabajo (30 de agosto - 1 de septiembre)<\/b><\/p>\n<p><span style=\"font-style: inherit; font-weight: inherit;\">*TODAS LAS HORAS EN QUE EST\u00c9 COLGADO EL CARTEL DE \u00abNO HAY SOCORRISTA DE SERVICIO\u00bb SON \u00abNADA POR TU CUENTA Y RIESGO\u00bb<\/span><\/p>\t\t\t\t\t\t\t\t<\/div>\n\t\t\t\t<\/div>\n\t\t\t\t<div class=\"elementor-element elementor-element-38a3614 elementor-widget elementor-widget-text-editor\" data-id=\"38a3614\" data-element_type=\"widget\" data-e-type=\"widget\" data-widget_type=\"text-editor.default\">\n\t\t\t\t<div class=\"elementor-widget-container\">\n\t\t\t\t\t\t\t\t\t<p>El \u00c1rea Recreativa del Lago Mansfield es un bello recurso natural comunitario de Great Barrington que cuenta con 29 acres de bosque de conservaci\u00f3n, un circuito de senderos, un lago y una playa. Berkshire South Regional Community Center se complace en volver un a\u00f1o m\u00e1s a proporcionar a la playa socorristas de verano formados, siete d\u00edas a la semana. La playa y el aparcamiento est\u00e1n a disposici\u00f3n del p\u00fablico. Para m\u00e1s informaci\u00f3n, visita: <a href=\"https:\/\/www.gbland.org\/lake-mansfield\" target=\"_blank\" rel=\"noopener\">gbland.org\/lake-mansfield<\/a>   <\/p>\t\t\t\t\t\t\t\t<\/div>\n\t\t\t\t<\/div>\n\t\t\t\t<div class=\"elementor-element elementor-element-83f3b6e elementor-widget elementor-widget-text-editor\" data-id=\"83f3b6e\" data-element_type=\"widget\" data-e-type=\"widget\" data-widget_type=\"text-editor.default\">\n\t\t\t\t<div class=\"elementor-widget-container\">\n\t\t\t\t\t\t\t\t\t<p>Situado en <a href=\"https:\/\/goo.gl\/maps\/SaNtiXb9uHeFYYif7\" target=\"_blank\" rel=\"noopener\">45 Lake Mansfield Rd, Great Barrington, MA 01230<\/a><\/p>\t\t\t\t\t\t\t\t<\/div>\n\t\t\t\t<\/div>\n\t\t\t\t<\/div>\n\t\t<div class=\"elementor-element elementor-element-2007329 e-con-full e-flex e-con e-child\" data-id=\"2007329\" data-element_type=\"container\" data-e-type=\"container\">\n\t\t\t\t<div class=\"elementor-element elementor-element-52c3e22 elementor-widget elementor-widget-image\" data-id=\"52c3e22\" data-element_type=\"widget\" data-e-type=\"widget\" data-widget_type=\"image.default\">\n\t\t\t\t<div class=\"elementor-widget-container\">\n\t\t\t\t\t\t\t\t\t\t\t\t\t\t\t<img decoding=\"async\" width=\"600\" height=\"450\" src=\"https:\/\/berkshiresouth.org\/wp-content\/uploads\/2023\/07\/LakeMansfeild-600px_web.jpg\" class=\"attachment-medium_large size-medium_large wp-image-43570\" alt=\"Vista del lago con zona de c\u00e9sped y playa de arena en primer plano, con el agua azul del lago m\u00e1s all\u00e1 y un bosque de \u00e1rboles al otro lado del agua\" srcset=\"https:\/\/berkshiresouth.org\/wp-content\/uploads\/2023\/07\/LakeMansfeild-600px_web.jpg 600w, https:\/\/berkshiresouth.org\/wp-content\/uploads\/2023\/07\/LakeMansfeild-600px_web-300x225.jpg 300w\" sizes=\"(max-width: 600px) 100vw, 600px\" \/>\t\t\t\t\t\t\t\t\t\t\t\t\t\t\t<\/div>\n\t\t\t\t<\/div>\n\t\t\t\t<\/div>\n\t\t\t\t\t<\/div>\n\t\t\t\t<\/div>\n\t\t<div class=\"elementor-element elementor-element-5cf3eb5 e-flex e-con-boxed e-con e-parent\" data-id=\"5cf3eb5\" data-element_type=\"container\" data-e-type=\"container\">\n\t\t\t\t\t<div class=\"e-con-inner\">\n\t\t<div class=\"elementor-element elementor-element-f791747 e-con-full e-flex e-con e-child\" data-id=\"f791747\" data-element_type=\"container\" data-e-type=\"container\">\n\t\t\t\t<div class=\"elementor-element elementor-element-6f7749e elementor-widget elementor-widget-image\" data-id=\"6f7749e\" data-element_type=\"widget\" data-e-type=\"widget\" data-widget_type=\"image.default\">\n\t\t\t\t<div class=\"elementor-widget-container\">\n\t\t\t\t\t\t\t\t\t\t\t\t\t\t\t<img loading=\"lazy\" decoding=\"async\" width=\"600\" height=\"450\" src=\"https:\/\/berkshiresouth.org\/wp-content\/uploads\/2023\/07\/LakeGarfieldOption2-600px_web.jpg\" class=\"attachment-medium_large size-medium_large wp-image-43571\" alt=\"Una vista del agua del lago en la que se reflejan los \u00e1rboles del otro lado del lago y grandes nubes blancas en un cielo azul\" srcset=\"https:\/\/berkshiresouth.org\/wp-content\/uploads\/2023\/07\/LakeGarfieldOption2-600px_web.jpg 600w, https:\/\/berkshiresouth.org\/wp-content\/uploads\/2023\/07\/LakeGarfieldOption2-600px_web-300x225.jpg 300w\" sizes=\"(max-width: 600px) 100vw, 600px\" \/>\t\t\t\t\t\t\t\t\t\t\t\t\t\t\t<\/div>\n\t\t\t\t<\/div>\n\t\t\t\t<\/div>\n\t\t<div class=\"elementor-element elementor-element-8f73ee3 e-con-full e-flex e-con e-child\" data-id=\"8f73ee3\" data-element_type=\"container\" data-e-type=\"container\">\n\t\t\t\t<div class=\"elementor-element elementor-element-cadc940 elementor-widget elementor-widget-heading\" data-id=\"cadc940\" data-element_type=\"widget\" data-e-type=\"widget\" data-widget_type=\"heading.default\">\n\t\t\t\t<div class=\"elementor-widget-container\">\n\t\t\t\t\t<h3 class=\"elementor-heading-title elementor-size-default\">Lago Garfield (Pueblo de Monterey)<\/h3>\t\t\t\t<\/div>\n\t\t\t\t<\/div>\n\t\t\t\t<div class=\"elementor-element elementor-element-fe7974f elementor-widget elementor-widget-text-editor\" data-id=\"fe7974f\" data-element_type=\"widget\" data-e-type=\"widget\" data-widget_type=\"text-editor.default\">\n\t\t\t\t<div class=\"elementor-widget-container\">\n\t\t\t\t\t\t\t\t\t<p>Ubicado en <a href=\"https:\/\/goo.gl\/maps\/EXVcj7Q7UMdt8JnW8\" target=\"_blank\" rel=\"noopener\">78 Tyringham Rd, Monterey, MA 01245<\/a><\/p>\t\t\t\t\t\t\t\t<\/div>\n\t\t\t\t<\/div>\n\t\t\t\t<div class=\"elementor-element elementor-element-c511168 elementor-widget elementor-widget-text-editor\" data-id=\"c511168\" data-element_type=\"widget\" data-e-type=\"widget\" data-widget_type=\"text-editor.default\">\n\t\t\t\t<div class=\"elementor-widget-container\">\n\t\t\t\t\t\t\t\t\t<p>El lago Garfield es una joya oculta de Monterey MA. Enclavada entre serenos \u00e1rboles arbolados y tranquilas viviendas residenciales, esta playa de arena linda con un lago de 275 acres. El lago permite muchas actividades recreativas acu\u00e1ticas, como kayak, pesca desde embarcaci\u00f3n y nataci\u00f3n. Durante la temporada de verano, Berkshire South Regional Community Center dota de personal a la playa con socorristas formados de guardia los 7 d\u00edas de la semana. Se trata de una playa p\u00fablica y no requiere pases de aparcamiento. Sin embargo, las plazas de aparcamiento de la parte delantera est\u00e1n reservadas a los residentes del lago. Los no residentes pueden aparcar en la zona de c\u00e9sped al norte de la playa.      <\/p>\t\t\t\t\t\t\t\t<\/div>\n\t\t\t\t<\/div>\n\t\t\t\t<div class=\"elementor-element elementor-element-e1fe596 elementor-widget elementor-widget-text-editor\" data-id=\"e1fe596\" data-element_type=\"widget\" data-e-type=\"widget\" data-widget_type=\"text-editor.default\">\n\t\t\t\t<div class=\"elementor-widget-container\">\n\t\t\t\t\t\t\t\t\t<p>Hay socorristas de guardia (si el tiempo lo permite):<\/p><p style=\"font-size: 16px; font-style: normal; font-weight: 400;\"><strong>21 de junio - 1 de septiembre (D\u00eda del Trabajo)<\/strong><\/p><p><strong>Todos los d\u00edas, de mediod\u00eda a las 18.00 h<\/strong><\/p><p>TODAS LAS HORAS QUE EST\u00c9 COLGADO EL CARTEL DE \u00abNO HAY SOCORRISTA DE SERVICIO\u00bb SON \u00abNADA BAJO TU RESPONSABILIDAD\u00bb<\/p>\t\t\t\t\t\t\t\t<\/div>\n\t\t\t\t<\/div>\n\t\t\t\t<div class=\"elementor-element elementor-element-5ab55f0 elementor-widget elementor-widget-text-editor\" data-id=\"5ab55f0\" data-element_type=\"widget\" data-e-type=\"widget\" data-widget_type=\"text-editor.default\">\n\t\t\t\t<div class=\"elementor-widget-container\">\n\t\t\t\t\t\t\t\t\t<p>Para m\u00e1s informaci\u00f3n sobre navegaci\u00f3n, informaci\u00f3n del parque y normas de la playa, visita:<br><a href=\"https:\/\/www.friendsoflakegarfield.org\/visiting-lake-garfield\" target=\"_blank\" rel=\"noopener\">https:\/\/www.friendsoflakegarfield.org\/<\/a><\/p>\t\t\t\t\t\t\t\t<\/div>\n\t\t\t\t<\/div>\n\t\t\t\t<\/div>\n\t\t\t\t\t<\/div>\n\t\t\t\t<\/div>\n\t\t\t\t<\/div>\n\t\t","protected":false},"excerpt":{"rendered":"<p>Parques y ocio Inicio \u02c3 Comunidad \u02c3 Parques y Ocio Berkshire South \u00a1se enorgullece de haber sido contratado como proveedor de actividades recreativas de verano en el lago Garfield! \u00abHousatonic Park\u00bb Alice Bubriski Memorial Playground (Pueblo de Great Barrington) Esta zona de juegos al aire libre est\u00e1 equipada con una zona de juegos de jungla, [&hellip;]<\/p>\n","protected":false},"author":6,"featured_media":0,"parent":0,"menu_order":0,"comment_status":"closed","ping_status":"closed","template":"","meta":{"_seopress_robots_primary_cat":"","_seopress_titles_title":"","_seopress_titles_desc":"","_seopress_robots_index":"","site-sidebar-layout":"no-sidebar","site-content-layout":"page-builder","ast-site-content-layout":"default","site-content-style":"default","site-sidebar-style":"default","ast-global-header-display":"","ast-banner-title-visibility":"","ast-main-header-display":"","ast-hfb-above-header-display":"","ast-hfb-below-header-display":"","ast-hfb-mobile-header-display":"","site-post-title":"disabled","ast-breadcrumbs-content":"","ast-featured-img":"disabled","footer-sml-layout":"","ast-disable-related-posts":"","theme-transparent-header-meta":"","adv-header-id-meta":"","stick-header-meta":"","header-above-stick-meta":"","header-main-stick-meta":"","header-below-stick-meta":"","astra-migrate-meta-layouts":"default","ast-page-background-enabled":"default","ast-page-background-meta":{"desktop":{"background-color":"","background-image":"","background-repeat":"repeat","background-position":"center center","background-size":"auto","background-attachment":"scroll","background-type":"","background-media":"","overlay-type":"","overlay-color":"","overlay-opacity":"","overlay-gradient":""},"tablet":{"background-color":"","background-image":"","background-repeat":"repeat","background-position":"center center","background-size":"auto","background-attachment":"scroll","background-type":"","background-media":"","overlay-type":"","overlay-color":"","overlay-opacity":"","overlay-gradient":""},"mobile":{"background-color":"","background-image":"","background-repeat":"repeat","background-position":"center center","background-size":"auto","background-attachment":"scroll","background-type":"","background-media":"","overlay-type":"","overlay-color":"","overlay-opacity":"","overlay-gradient":""}},"ast-content-background-meta":{"desktop":{"background-color":"var(--ast-global-color-5)","background-image":"","background-repeat":"repeat","background-position":"center center","background-size":"auto","background-attachment":"scroll","background-type":"","background-media":"","overlay-type":"","overlay-color":"","overlay-opacity":"","overlay-gradient":""},"tablet":{"background-color":"var(--ast-global-color-5)","background-image":"","background-repeat":"repeat","background-position":"center center","background-size":"auto","background-attachment":"scroll","background-type":"","background-media":"","overlay-type":"","overlay-color":"","overlay-opacity":"","overlay-gradient":""},"mobile":{"background-color":"var(--ast-global-color-5)","background-image":"","background-repeat":"repeat","background-position":"center center","background-size":"auto","background-attachment":"scroll","background-type":"","background-media":"","overlay-type":"","overlay-color":"","overlay-opacity":"","overlay-gradient":""}},"footnotes":""},"class_list":["post-44030","page","type-page","status-publish","hentry"],"_links":{"self":[{"href":"https:\/\/berkshiresouth.org\/es\/wp-json\/wp\/v2\/pages\/44030","targetHints":{"allow":["GET"]}}],"collection":[{"href":"https:\/\/berkshiresouth.org\/es\/wp-json\/wp\/v2\/pages"}],"about":[{"href":"https:\/\/berkshiresouth.org\/es\/wp-json\/wp\/v2\/types\/page"}],"author":[{"embeddable":true,"href":"https:\/\/berkshiresouth.org\/es\/wp-json\/wp\/v2\/users\/6"}],"replies":[{"embeddable":true,"href":"https:\/\/berkshiresouth.org\/es\/wp-json\/wp\/v2\/comments?post=44030"}],"version-history":[{"count":4,"href":"https:\/\/berkshiresouth.org\/es\/wp-json\/wp\/v2\/pages\/44030\/revisions"}],"predecessor-version":[{"id":46632,"href":"https:\/\/berkshiresouth.org\/es\/wp-json\/wp\/v2\/pages\/44030\/revisions\/46632"}],"wp:attachment":[{"href":"https:\/\/berkshiresouth.org\/es\/wp-json\/wp\/v2\/media?parent=44030"}],"curies":[{"name":"wp","href":"https:\/\/api.w.org\/{rel}","templated":true}]}}