{"id":44048,"date":"2024-07-16T14:36:16","date_gmt":"2024-07-16T18:36:16","guid":{"rendered":"https:\/\/berkshiresouth.org\/bienestar\/"},"modified":"2026-04-24T10:05:21","modified_gmt":"2026-04-24T14:05:21","slug":"wellness","status":"publish","type":"page","link":"https:\/\/berkshiresouth.org\/es\/wellness\/","title":{"rendered":"Bienestar"},"content":{"rendered":"\t\t<div data-elementor-type=\"wp-post\" data-elementor-id=\"44048\" class=\"elementor elementor-44048 elementor-31780\" data-elementor-post-type=\"page\">\n\t\t\t\t<div class=\"elementor-element elementor-element-40b1d56 e-flex e-con-boxed e-con e-parent\" data-id=\"40b1d56\" data-element_type=\"container\" data-e-type=\"container\" data-settings=\"{&quot;background_background&quot;:&quot;classic&quot;}\">\n\t\t\t\t\t<div class=\"e-con-inner\">\n\t\t<div class=\"elementor-element elementor-element-d847cce e-con-full e-flex e-con e-child\" data-id=\"d847cce\" data-element_type=\"container\" data-e-type=\"container\">\n\t\t\t\t<div class=\"elementor-element elementor-element-3821a7e elementor-widget elementor-widget-heading\" data-id=\"3821a7e\" data-element_type=\"widget\" data-e-type=\"widget\" data-widget_type=\"heading.default\">\n\t\t\t\t<div class=\"elementor-widget-container\">\n\t\t\t\t\t<h1 class=\"elementor-heading-title elementor-size-default\">Bienestar<\/h1>\t\t\t\t<\/div>\n\t\t\t\t<\/div>\n\t\t<div class=\"elementor-element elementor-element-d707651 e-con-full e-flex e-con e-child\" data-id=\"d707651\" data-element_type=\"container\" data-e-type=\"container\">\n\t\t\t\t<div class=\"elementor-element elementor-element-6972e61 elementor-widget__width-auto elementor-widget elementor-widget-image\" data-id=\"6972e61\" data-element_type=\"widget\" data-e-type=\"widget\" data-widget_type=\"image.default\">\n\t\t\t\t<div class=\"elementor-widget-container\">\n\t\t\t\t\t\t\t\t\t\t\t\t\t\t\t<img decoding=\"async\" width=\"150\" height=\"150\" src=\"https:\/\/berkshiresouth.org\/wp-content\/uploads\/2022\/06\/BerkshireSouthFitnessIcon-200px-150x150.png\" class=\"attachment-thumbnail size-thumbnail wp-image-43478\" alt=\"Icono Fitness\" srcset=\"https:\/\/berkshiresouth.org\/wp-content\/uploads\/2022\/06\/BerkshireSouthFitnessIcon-200px-150x150.png 150w, https:\/\/berkshiresouth.org\/wp-content\/uploads\/2022\/06\/BerkshireSouthFitnessIcon-200px.png 200w\" sizes=\"(max-width: 150px) 100vw, 150px\" \/>\t\t\t\t\t\t\t\t\t\t\t\t\t\t\t<\/div>\n\t\t\t\t<\/div>\n\t\t\t\t<div class=\"elementor-element elementor-element-0f4c29e elementor-widget__width-auto elementor-widget elementor-widget-text-editor\" data-id=\"0f4c29e\" data-element_type=\"widget\" data-e-type=\"widget\" data-widget_type=\"text-editor.default\">\n\t\t\t\t<div class=\"elementor-widget-container\">\n\t\t\t\t\t\t\t\t\t<a href=\"https:\/\/berkshiresouth.org\/es\/\">Inicio<\/a> \u02c3 <a href=\"https:\/\/berkshiresouth.org\/es\/fitness\/\">Fitness y Bienestar<\/a> &gt; <a href=\"https:\/\/berkshiresouth.org\/es\/wellness\/\">Bienestar<\/a>\t\t\t\t\t\t\t\t<\/div>\n\t\t\t\t<\/div>\n\t\t\t\t<\/div>\n\t\t\t\t<\/div>\n\t\t\t\t\t<\/div>\n\t\t\t\t<\/div>\n\t\t<div class=\"elementor-element elementor-element-438a8c8 e-flex e-con-boxed e-con e-parent\" data-id=\"438a8c8\" data-element_type=\"container\" data-e-type=\"container\">\n\t\t\t\t\t<div class=\"e-con-inner\">\n\t\t<div class=\"elementor-element elementor-element-039347c e-con-full e-flex e-con e-child\" data-id=\"039347c\" data-element_type=\"container\" data-e-type=\"container\">\n\t\t\t\t<div class=\"elementor-element elementor-element-1927083 elementor-widget elementor-widget-heading\" data-id=\"1927083\" data-element_type=\"widget\" data-e-type=\"widget\" data-widget_type=\"heading.default\">\n\t\t\t\t<div class=\"elementor-widget-container\">\n\t\t\t\t\t<h3 class=\"elementor-heading-title elementor-size-default\">Programas<\/h3>\t\t\t\t<\/div>\n\t\t\t\t<\/div>\n\t\t\t\t<div class=\"elementor-element elementor-element-4b2b662 elementor-widget-divider--view-line elementor-widget elementor-widget-divider\" data-id=\"4b2b662\" data-element_type=\"widget\" data-e-type=\"widget\" data-widget_type=\"divider.default\">\n\t\t\t\t<div class=\"elementor-widget-container\">\n\t\t\t\t\t\t\t<div class=\"elementor-divider\">\n\t\t\t<span class=\"elementor-divider-separator\">\n\t\t\t\t\t\t<\/span>\n\t\t<\/div>\n\t\t\t\t\t\t<\/div>\n\t\t\t\t<\/div>\n\t\t<div class=\"elementor-element elementor-element-c063b77 e-con-full e-flex e-con e-child\" data-id=\"c063b77\" data-element_type=\"container\" data-e-type=\"container\">\n\t\t<div class=\"elementor-element elementor-element-cacf80e e-con-full e-flex e-con e-child\" data-id=\"cacf80e\" data-element_type=\"container\" data-e-type=\"container\">\n\t\t\t\t<div class=\"elementor-element elementor-element-bdf62aa elementor-widget elementor-widget-heading\" data-id=\"bdf62aa\" data-element_type=\"widget\" data-e-type=\"widget\" data-widget_type=\"heading.default\">\n\t\t\t\t<div class=\"elementor-widget-container\">\n\t\t\t\t\t<h3 class=\"elementor-heading-title elementor-size-default\">Grupo semanal de meditaci\u00f3n<\/h3>\t\t\t\t<\/div>\n\t\t\t\t<\/div>\n\t\t\t\t<div class=\"elementor-element elementor-element-644fbff elementor-widget elementor-widget-text-editor\" data-id=\"644fbff\" data-element_type=\"widget\" data-e-type=\"widget\" data-widget_type=\"text-editor.default\">\n\t\t\t\t<div class=\"elementor-widget-container\">\n\t\t\t\t\t\t\t\t\t<p>Mi\u00e9rcoles, 16:00 - 17:00<\/p>\t\t\t\t\t\t\t\t<\/div>\n\t\t\t\t<\/div>\n\t\t\t\t<div class=\"elementor-element elementor-element-eb3d4f7 elementor-widget elementor-widget-text-editor\" data-id=\"eb3d4f7\" data-element_type=\"widget\" data-e-type=\"widget\" data-widget_type=\"text-editor.default\">\n\t\t\t\t<div class=\"elementor-widget-container\">\n\t\t\t\t\t\t\t\t\t<p>Instructora: <em>Sue Aiken<\/em><\/p><p>Ubicaci\u00f3n: Auditorio o Salas de Reuniones<\/p>\t\t\t\t\t\t\t\t<\/div>\n\t\t\t\t<\/div>\n\t\t<div class=\"elementor-element elementor-element-fa8b714 e-con-full e-flex e-con e-child\" data-id=\"fa8b714\" data-element_type=\"container\" data-e-type=\"container\">\n\t\t\t\t<div class=\"elementor-element elementor-element-c07d71a eael-tooltip-align-left elementor-widget elementor-widget-eael-tooltip\" data-id=\"c07d71a\" data-element_type=\"widget\" data-e-type=\"widget\" data-widget_type=\"eael-tooltip.default\">\n\t\t\t\t<div class=\"elementor-widget-container\">\n\t\t\t\t\t\t<div class=\"eael-tooltip\">\n\t\t\t\t\t<span class=\"eael-tooltip-content\" tabindex=\"0\" aria-describedby=\"tooltip-text-c07d71a\"><img decoding=\"async\" src=\"https:\/\/berkshiresouth.org\/wp-content\/uploads\/2025\/06\/BerkshireSouth-Fitness-FreeForEveryone-Icon-Espanol-200px.png\" alt=\"Gratis para todos\"><\/span>\n  \t\t\t<span id=\"tooltip-text-c07d71a\" class=\"eael-tooltip-text eael-tooltip-right\" role=\"tooltip\"><p>Gratis para todos<\/p><\/span>\n  \t\t\t<\/div>\n\t\t\t\t\t<\/div>\n\t\t\t\t<\/div>\n\t\t\t\t<div class=\"elementor-element elementor-element-38a96e3 elementor-widget__width-initial elementor-widget elementor-widget-text-editor\" data-id=\"38a96e3\" data-element_type=\"widget\" data-e-type=\"widget\" data-widget_type=\"text-editor.default\">\n\t\t\t\t<div class=\"elementor-widget-container\">\n\t\t\t\t\t\t\t\t\t<p>Se trata de una clase sin inscripci\u00f3n previa.<\/p>\t\t\t\t\t\t\t\t<\/div>\n\t\t\t\t<\/div>\n\t\t\t\t<\/div>\n\t\t\t\t<\/div>\n\t\t<div class=\"elementor-element elementor-element-98725be e-con-full e-flex e-con e-child\" data-id=\"98725be\" data-element_type=\"container\" data-e-type=\"container\">\n\t\t\t\t<div class=\"elementor-element elementor-element-e8166ab elementor-widget elementor-widget-text-editor\" data-id=\"e8166ab\" data-element_type=\"widget\" data-e-type=\"widget\" data-widget_type=\"text-editor.default\">\n\t\t\t\t<div class=\"elementor-widget-container\">\n\t\t\t\t\t\t\t\t\t<p>Rec\u00e9ntrate y vuelve a centrarte con la meditaci\u00f3n basada en el coraz\u00f3n. Esta pr\u00e1ctica sencilla y accesible alivia el estr\u00e9s, aumenta la energ\u00eda, favorece la curaci\u00f3n y promueve el crecimiento personal y espiritual. Los pensamientos son bienvenidos y aceptados, lo que la convierte en una pr\u00e1ctica abierta y suave para cultivar una vida centrada en el coraz\u00f3n. Ven a estas sesiones semanales de meditaci\u00f3n para explorar el bienestar a trav\u00e9s de la conexi\u00f3n consciente. No es necesario inscribirse.    <\/p>\t\t\t\t\t\t\t\t<\/div>\n\t\t\t\t<\/div>\n\t\t\t\t<div class=\"elementor-element elementor-element-8239a21 elementor-widget elementor-widget-text-editor\" data-id=\"8239a21\" data-element_type=\"widget\" data-e-type=\"widget\" data-widget_type=\"text-editor.default\">\n\t\t\t\t<div class=\"elementor-widget-container\">\n\t\t\t\t\t\t\t\t\t<p><em><strong>Nota:<\/strong> Del 1 al 14 de mayo se est\u00e1 renovando el suelo del Auditorio. Durante este tiempo, la Meditaci\u00f3n tendr\u00e1 lugar en las Salas de Reuniones. <\/em><\/p>\t\t\t\t\t\t\t\t<\/div>\n\t\t\t\t<\/div>\n\t\t\t\t<\/div>\n\t\t\t\t<\/div>\n\t\t\t\t<div class=\"elementor-element elementor-element-d2798e2 elementor-widget-divider--view-line elementor-widget elementor-widget-divider\" data-id=\"d2798e2\" data-element_type=\"widget\" data-e-type=\"widget\" data-widget_type=\"divider.default\">\n\t\t\t\t<div class=\"elementor-widget-container\">\n\t\t\t\t\t\t\t<div class=\"elementor-divider\">\n\t\t\t<span class=\"elementor-divider-separator\">\n\t\t\t\t\t\t<\/span>\n\t\t<\/div>\n\t\t\t\t\t\t<\/div>\n\t\t\t\t<\/div>\n\t\t<div class=\"elementor-element elementor-element-09b5743 e-con-full e-flex e-con e-child\" data-id=\"09b5743\" data-element_type=\"container\" data-e-type=\"container\">\n\t\t<div class=\"elementor-element elementor-element-f0e9c49 e-con-full e-flex e-con e-child\" data-id=\"f0e9c49\" data-element_type=\"container\" data-e-type=\"container\">\n\t\t\t\t<div class=\"elementor-element elementor-element-b409d19 elementor-widget elementor-widget-heading\" data-id=\"b409d19\" data-element_type=\"widget\" data-e-type=\"widget\" data-widget_type=\"heading.default\">\n\t\t\t\t<div class=\"elementor-widget-container\">\n\t\t\t\t\t<h3 class=\"elementor-heading-title elementor-size-default\">Tai Chi f\u00e1cil<\/h3>\t\t\t\t<\/div>\n\t\t\t\t<\/div>\n\t\t\t\t<div class=\"elementor-element elementor-element-9edbfa9 elementor-hidden-desktop elementor-hidden-tablet elementor-hidden-mobile elementor-widget elementor-widget-text-editor\" data-id=\"9edbfa9\" data-element_type=\"widget\" data-e-type=\"widget\" data-widget_type=\"text-editor.default\">\n\t\t\t\t<div class=\"elementor-widget-container\">\n\t\t\t\t\t\t\t\t\t<p>S\u00e1bados, del 7 de marzo al 18 de abril <em>(no hay clase el 4 de abril)<\/em><\/p><p>10:00 - 11:00 h<\/p>\t\t\t\t\t\t\t\t<\/div>\n\t\t\t\t<\/div>\n\t\t\t\t<div class=\"elementor-element elementor-element-c99c186 elementor-widget elementor-widget-text-editor\" data-id=\"c99c186\" data-element_type=\"widget\" data-e-type=\"widget\" data-widget_type=\"text-editor.default\">\n\t\t\t\t<div class=\"elementor-widget-container\">\n\t\t\t\t\t\t\t\t\t<p>Mi\u00e9rcoles, del 10 de junio al 15 de julio<\/p><p>13:00 - 14:00<\/p>\t\t\t\t\t\t\t\t<\/div>\n\t\t\t\t<\/div>\n\t\t\t\t<div class=\"elementor-element elementor-element-e925ad7 elementor-widget elementor-widget-text-editor\" data-id=\"e925ad7\" data-element_type=\"widget\" data-e-type=\"widget\" data-widget_type=\"text-editor.default\">\n\t\t\t\t<div class=\"elementor-widget-container\">\n\t\t\t\t\t\t\t\t\t<p>Instructor: <em>Corey Chapman<\/em><\/p>\t\t\t\t\t\t\t\t<\/div>\n\t\t\t\t<\/div>\n\t\t\t\t<div class=\"elementor-element elementor-element-68ab596 elementor-widget elementor-widget-text-editor\" data-id=\"68ab596\" data-element_type=\"widget\" data-e-type=\"widget\" data-widget_type=\"text-editor.default\">\n\t\t\t\t<div class=\"elementor-widget-container\">\n\t\t\t\t\t\t\t\t\t<p><strong>Miembros: 100<\/strong><\/p><p><strong>Invitados: 130<\/strong><\/p>\t\t\t\t\t\t\t\t<\/div>\n\t\t\t\t<\/div>\n\t\t\t\t<div class=\"elementor-element elementor-element-659eb1f elementor-hidden-desktop elementor-hidden-tablet elementor-hidden-mobile elementor-widget elementor-widget-text-editor\" data-id=\"659eb1f\" data-element_type=\"widget\" data-e-type=\"widget\" data-widget_type=\"text-editor.default\">\n\t\t\t\t<div class=\"elementor-widget-container\">\n\t\t\t\t\t\t\t\t\t<p>La inscripci\u00f3n para junio se abre pronto.<\/p>\t\t\t\t\t\t\t\t<\/div>\n\t\t\t\t<\/div>\n\t\t\t\t<div class=\"elementor-element elementor-element-0dd68e0 elementor-widget elementor-widget-button\" data-id=\"0dd68e0\" data-element_type=\"widget\" data-e-type=\"widget\" data-widget_type=\"button.default\">\n\t\t\t\t<div class=\"elementor-widget-container\">\n\t\t\t\t\t\t\t\t\t<div class=\"elementor-button-wrapper\">\n\t\t\t\t\t<a class=\"elementor-button elementor-button-link elementor-size-sm\" href=\"https:\/\/operations.daxko.com\/programs\/redirector.aspx?cid=5320&#038;pid=31176&#038;sid=475272\">\n\t\t\t\t\t\t<span class=\"elementor-button-content-wrapper\">\n\t\t\t\t\t\t\t\t\t<span class=\"elementor-button-text\">Reg\u00edstrate aqu\u00ed (a trav\u00e9s de Daxko)<\/span>\n\t\t\t\t\t<\/span>\n\t\t\t\t\t<\/a>\n\t\t\t\t<\/div>\n\t\t\t\t\t\t\t\t<\/div>\n\t\t\t\t<\/div>\n\t\t\t\t<div class=\"elementor-element elementor-element-f172271 elementor-widget elementor-widget-template\" data-id=\"f172271\" data-element_type=\"widget\" data-e-type=\"widget\" data-widget_type=\"template.default\">\n\t\t\t\t<div class=\"elementor-widget-container\">\n\t\t\t\t\t\t\t<div class=\"elementor-template\">\n\t\t\t\t\t<div data-elementor-type=\"container\" data-elementor-id=\"43933\" class=\"elementor elementor-43933 elementor-28061 elementor-28061\" data-elementor-post-type=\"elementor_library\">\n\t\t\t\t<div class=\"elementor-element elementor-element-8620b2b e-flex e-con-boxed e-con e-parent\" data-id=\"8620b2b\" data-element_type=\"container\" data-e-type=\"container\">\n\t\t\t\t\t<div class=\"e-con-inner\">\n\t\t\t\t<div class=\"elementor-element elementor-element-122207e elementor-widget elementor-widget-text-editor\" data-id=\"122207e\" data-element_type=\"widget\" data-e-type=\"widget\" data-widget_type=\"text-editor.default\">\n\t\t\t\t<div class=\"elementor-widget-container\">\n\t\t\t\t\t\t\t\t\t<a href=\"#daxkosidebar\">Inf\u00f3rmate Daxko<\/a>\t\t\t\t\t\t\t\t<\/div>\n\t\t\t\t<\/div>\n\t\t\t\t\t<\/div>\n\t\t\t\t<\/div>\n\t\t\t\t<\/div>\n\t\t\t\t<\/div>\n\t\t\t\t\t\t<\/div>\n\t\t\t\t<\/div>\n\t\t\t\t<\/div>\n\t\t<div class=\"elementor-element elementor-element-fd9fb73 e-con-full e-flex e-con e-child\" data-id=\"fd9fb73\" data-element_type=\"container\" data-e-type=\"container\">\n\t\t\t\t<div class=\"elementor-element elementor-element-7ce6176 elementor-widget elementor-widget-text-editor\" data-id=\"7ce6176\" data-element_type=\"widget\" data-e-type=\"widget\" data-widget_type=\"text-editor.default\">\n\t\t\t\t<div class=\"elementor-widget-container\">\n\t\t\t\t\t\t\t\t\t<p>Esta pr\u00e1ctica incluye movimientos sencillos de Tai Chi y m\u00e9todos de Qigong. El movimiento fluido y lento, el masaje autoaplicado, los ejercicios de respiraci\u00f3n profunda y la meditaci\u00f3n liberan la respuesta de relajaci\u00f3n en el cerebro. Disfruta de los beneficios de una presi\u00f3n arterial m\u00e1s baja, menos dolor en las articulaciones, mayor equilibrio y estabilidad, reducci\u00f3n del estr\u00e9s y bienestar general. Todos los niveles y edades se beneficiar\u00e1n. No se necesita equipo.    <\/p>\t\t\t\t\t\t\t\t<\/div>\n\t\t\t\t<\/div>\n\t\t\t\t<\/div>\n\t\t\t\t<\/div>\n\t\t\t\t<\/div>\n\t\t\t\t\t<\/div>\n\t\t\t\t<\/div>\n\t\t\t\t<\/div>\n\t\t","protected":false},"excerpt":{"rendered":"<p>Bienestar Inicio \u02c3 Fitness y Bienestar &gt; Bienestar Programas Grupo semanal de meditaci\u00f3n Mi\u00e9rcoles, 16:00 - 17:00 Instructora: Sue Aiken Ubicaci\u00f3n: Auditorio o Salas de Reuniones Gratis para todos Se trata de una clase sin inscripci\u00f3n previa. Rec\u00e9ntrate y vuelve a centrarte con la meditaci\u00f3n basada en el coraz\u00f3n. Esta pr\u00e1ctica sencilla y accesible alivia [&hellip;]<\/p>\n","protected":false},"author":6,"featured_media":0,"parent":0,"menu_order":0,"comment_status":"closed","ping_status":"closed","template":"","meta":{"_seopress_robots_primary_cat":"","_seopress_titles_title":"","_seopress_titles_desc":"","_seopress_robots_index":"","site-sidebar-layout":"no-sidebar","site-content-layout":"page-builder","ast-site-content-layout":"default","site-content-style":"default","site-sidebar-style":"default","ast-global-header-display":"","ast-banner-title-visibility":"","ast-main-header-display":"","ast-hfb-above-header-display":"","ast-hfb-below-header-display":"","ast-hfb-mobile-header-display":"","site-post-title":"disabled","ast-breadcrumbs-content":"","ast-featured-img":"disabled","footer-sml-layout":"","ast-disable-related-posts":"","theme-transparent-header-meta":"enabled","adv-header-id-meta":"","stick-header-meta":"default","header-above-stick-meta":"","header-main-stick-meta":"","header-below-stick-meta":"","astra-migrate-meta-layouts":"default","ast-page-background-enabled":"default","ast-page-background-meta":{"desktop":{"background-color":"","background-image":"","background-repeat":"repeat","background-position":"center center","background-size":"auto","background-attachment":"scroll","background-type":"","background-media":"","overlay-type":"","overlay-color":"","overlay-opacity":"","overlay-gradient":""},"tablet":{"background-color":"","background-image":"","background-repeat":"repeat","background-position":"center center","background-size":"auto","background-attachment":"scroll","background-type":"","background-media":"","overlay-type":"","overlay-color":"","overlay-opacity":"","overlay-gradient":""},"mobile":{"background-color":"","background-image":"","background-repeat":"repeat","background-position":"center center","background-size":"auto","background-attachment":"scroll","background-type":"","background-media":"","overlay-type":"","overlay-color":"","overlay-opacity":"","overlay-gradient":""}},"ast-content-background-meta":{"desktop":{"background-color":"var(--ast-global-color-5)","background-image":"","background-repeat":"repeat","background-position":"center center","background-size":"auto","background-attachment":"scroll","background-type":"","background-media":"","overlay-type":"","overlay-color":"","overlay-opacity":"","overlay-gradient":""},"tablet":{"background-color":"var(--ast-global-color-5)","background-image":"","background-repeat":"repeat","background-position":"center center","background-size":"auto","background-attachment":"scroll","background-type":"","background-media":"","overlay-type":"","overlay-color":"","overlay-opacity":"","overlay-gradient":""},"mobile":{"background-color":"var(--ast-global-color-5)","background-image":"","background-repeat":"repeat","background-position":"center center","background-size":"auto","background-attachment":"scroll","background-type":"","background-media":"","overlay-type":"","overlay-color":"","overlay-opacity":"","overlay-gradient":""}},"footnotes":""},"class_list":["post-44048","page","type-page","status-publish","hentry"],"_links":{"self":[{"href":"https:\/\/berkshiresouth.org\/es\/wp-json\/wp\/v2\/pages\/44048","targetHints":{"allow":["GET"]}}],"collection":[{"href":"https:\/\/berkshiresouth.org\/es\/wp-json\/wp\/v2\/pages"}],"about":[{"href":"https:\/\/berkshiresouth.org\/es\/wp-json\/wp\/v2\/types\/page"}],"author":[{"embeddable":true,"href":"https:\/\/berkshiresouth.org\/es\/wp-json\/wp\/v2\/users\/6"}],"replies":[{"embeddable":true,"href":"https:\/\/berkshiresouth.org\/es\/wp-json\/wp\/v2\/comments?post=44048"}],"version-history":[{"count":10,"href":"https:\/\/berkshiresouth.org\/es\/wp-json\/wp\/v2\/pages\/44048\/revisions"}],"predecessor-version":[{"id":52868,"href":"https:\/\/berkshiresouth.org\/es\/wp-json\/wp\/v2\/pages\/44048\/revisions\/52868"}],"wp:attachment":[{"href":"https:\/\/berkshiresouth.org\/es\/wp-json\/wp\/v2\/media?parent=44048"}],"curies":[{"name":"wp","href":"https:\/\/api.w.org\/{rel}","templated":true}]}}