{"id":44050,"date":"2021-09-23T18:10:12","date_gmt":"2021-09-23T22:10:12","guid":{"rendered":"https:\/\/berkshiresouth.org\/2021-patrocinador-grit\/"},"modified":"2026-04-14T11:26:14","modified_gmt":"2026-04-14T15:26:14","slug":"2021-grit-sponsor","status":"publish","type":"page","link":"https:\/\/berkshiresouth.org\/es\/2021-grit-sponsor\/","title":{"rendered":"2021 Patrocinador GRIT"},"content":{"rendered":"\t\t<div data-elementor-type=\"wp-post\" data-elementor-id=\"44050\" class=\"elementor elementor-44050 elementor-10360\" data-elementor-post-type=\"page\">\n\t\t\t\t<div class=\"elementor-element elementor-element-3de1ef4 e-flex e-con-boxed e-con e-parent\" data-id=\"3de1ef4\" data-element_type=\"container\" data-e-type=\"container\" data-settings=\"{&quot;background_background&quot;:&quot;classic&quot;}\">\n\t\t\t\t\t<div class=\"e-con-inner\">\n\t\t<div class=\"elementor-element elementor-element-a4e9cb7 e-con-full e-flex e-con e-child\" data-id=\"a4e9cb7\" data-element_type=\"container\" data-e-type=\"container\">\n\t\t\t\t<div class=\"elementor-element elementor-element-e16cfc1 elementor-widget elementor-widget-heading\" data-id=\"e16cfc1\" data-element_type=\"widget\" data-e-type=\"widget\" data-widget_type=\"heading.default\">\n\t\t\t\t<div class=\"elementor-widget-container\">\n\t\t\t\t\t<h1 class=\"elementor-heading-title elementor-size-default\">\u00a1Convi\u00e9rtete en patrocinador de GRIT!<\/h1>\t\t\t\t<\/div>\n\t\t\t\t<\/div>\n\t\t\t\t<div class=\"elementor-element elementor-element-7607ef7 elementor-widget elementor-widget-heading\" data-id=\"7607ef7\" data-element_type=\"widget\" data-e-type=\"widget\" data-widget_type=\"heading.default\">\n\t\t\t\t<div class=\"elementor-widget-container\">\n\t\t\t\t\t<p class=\"elementor-heading-title elementor-size-default\">crecimiento * resiliencia * innovaci\u00f3n * tenacidad<\/p>\t\t\t\t<\/div>\n\t\t\t\t<\/div>\n\t\t\t\t<\/div>\n\t\t\t\t\t<\/div>\n\t\t\t\t<\/div>\n\t\t<div class=\"elementor-element elementor-element-02e0647 e-flex e-con-boxed e-con e-parent\" data-id=\"02e0647\" data-element_type=\"container\" data-e-type=\"container\">\n\t\t\t\t\t<div class=\"e-con-inner\">\n\t\t<div class=\"elementor-element elementor-element-01e1f20 e-con-full e-flex e-con e-child\" data-id=\"01e1f20\" data-element_type=\"container\" data-e-type=\"container\">\n\t\t\t\t<div class=\"elementor-element elementor-element-57c7ff4 elementor-widget elementor-widget-text-editor\" data-id=\"57c7ff4\" data-element_type=\"widget\" data-e-type=\"widget\" data-widget_type=\"text-editor.default\">\n\t\t\t\t<div class=\"elementor-widget-container\">\n\t\t\t\t\t\t\t\t\t<p>GRACIAS por considerar la posibilidad de convertirte en patrocinador de la campa\u00f1a GRIT. Encontrar\u00e1s una lista completa de las ventajas del patrocinio haciendo clic en el siguiente enlace. Debes saber que tu contribuci\u00f3n tendr\u00e1 un impacto duradero en las personas de nuestra comunidad que m\u00e1s lo necesitan.  <\/p>\t\t\t\t\t\t\t\t<\/div>\n\t\t\t\t<\/div>\n\t\t\t\t<div class=\"elementor-element elementor-element-a6a290f elementor-widget elementor-widget-heading\" data-id=\"a6a290f\" data-element_type=\"widget\" data-e-type=\"widget\" data-widget_type=\"heading.default\">\n\t\t\t\t<div class=\"elementor-widget-container\">\n\t\t\t\t\t<h2 class=\"elementor-heading-title elementor-size-default\">Niveles de patrocinio<\/h2>\t\t\t\t<\/div>\n\t\t\t\t<\/div>\n\t\t\t\t<div class=\"elementor-element elementor-element-78a0bdd elementor-widget-divider--view-line elementor-widget elementor-widget-divider\" data-id=\"78a0bdd\" data-element_type=\"widget\" data-e-type=\"widget\" data-widget_type=\"divider.default\">\n\t\t\t\t<div class=\"elementor-widget-container\">\n\t\t\t\t\t\t\t<div class=\"elementor-divider\">\n\t\t\t<span class=\"elementor-divider-separator\">\n\t\t\t\t\t\t<\/span>\n\t\t<\/div>\n\t\t\t\t\t\t<\/div>\n\t\t\t\t<\/div>\n\t\t<div class=\"elementor-element elementor-element-7f5d490 e-con-full e-flex e-con e-child\" data-id=\"7f5d490\" data-element_type=\"container\" data-e-type=\"container\">\n\t\t<div class=\"elementor-element elementor-element-4299d0f e-con-full e-flex e-con e-child\" data-id=\"4299d0f\" data-element_type=\"container\" data-e-type=\"container\">\n\t\t<div class=\"elementor-element elementor-element-56ed0ce e-con-full e-flex e-con e-child\" data-id=\"56ed0ce\" data-element_type=\"container\" data-e-type=\"container\">\n\t\t<div class=\"elementor-element elementor-element-95b040b e-con-full e-flex e-con e-child\" data-id=\"95b040b\" data-element_type=\"container\" data-e-type=\"container\">\n\t\t\t\t<div class=\"elementor-element elementor-element-b587110 elementor-widget elementor-widget-image\" data-id=\"b587110\" data-element_type=\"widget\" data-e-type=\"widget\" data-widget_type=\"image.default\">\n\t\t\t\t<div class=\"elementor-widget-container\">\n\t\t\t\t\t\t\t\t\t\t\t\t\t\t\t<img decoding=\"async\" width=\"150\" height=\"150\" src=\"https:\/\/berkshiresouth.org\/wp-content\/uploads\/2021\/09\/BSgrit1-094-150x150.jpg\" class=\"attachment-thumbnail size-thumbnail wp-image-43396\" alt=\"\" srcset=\"https:\/\/berkshiresouth.org\/wp-content\/uploads\/2021\/09\/BSgrit1-094-150x150.jpg 150w, https:\/\/berkshiresouth.org\/wp-content\/uploads\/2021\/09\/BSgrit1-094-300x300.jpg 300w, https:\/\/berkshiresouth.org\/wp-content\/uploads\/2021\/09\/BSgrit1-094-100x100.jpg 100w\" sizes=\"(max-width: 150px) 100vw, 150px\" \/>\t\t\t\t\t\t\t\t\t\t\t\t\t\t\t<\/div>\n\t\t\t\t<\/div>\n\t\t\t\t<\/div>\n\t\t<div class=\"elementor-element elementor-element-3cce411 e-con-full e-flex e-con e-child\" data-id=\"3cce411\" data-element_type=\"container\" data-e-type=\"container\">\n\t\t\t\t<div class=\"elementor-element elementor-element-02fa04a elementor-widget elementor-widget-heading\" data-id=\"02fa04a\" data-element_type=\"widget\" data-e-type=\"widget\" data-widget_type=\"heading.default\">\n\t\t\t\t<div class=\"elementor-widget-container\">\n\t\t\t\t\t<h3 class=\"elementor-heading-title elementor-size-default\">Determinado<br> 15.000<\/h3>\t\t\t\t<\/div>\n\t\t\t\t<\/div>\n\t\t\t\t<div class=\"elementor-element elementor-element-3df10ea elementor-widget elementor-widget-text-editor\" data-id=\"3df10ea\" data-element_type=\"widget\" data-e-type=\"widget\" data-widget_type=\"text-editor.default\">\n\t\t\t\t<div class=\"elementor-widget-container\">\n\t\t\t\t\t\t\t\t\t<p>Preescolar Sunshine<\/p>\t\t\t\t\t\t\t\t<\/div>\n\t\t\t\t<\/div>\n\t\t\t\t<\/div>\n\t\t\t\t<\/div>\n\t\t<div class=\"elementor-element elementor-element-6b75d9d e-con-full e-flex e-con e-child\" data-id=\"6b75d9d\" data-element_type=\"container\" data-e-type=\"container\">\n\t\t\t\t<div class=\"elementor-element elementor-element-084e6b1 elementor-widget elementor-widget-text-editor\" data-id=\"084e6b1\" data-element_type=\"widget\" data-e-type=\"widget\" data-widget_type=\"text-editor.default\">\n\t\t\t\t<div class=\"elementor-widget-container\">\n\t\t\t\t\t\t\t\t\t<p>Proporciona a 5 ni\u00f1os (de 3 a 5 a\u00f1os) educaci\u00f3n preescolar durante todo el a\u00f1o, a jornada completa, para apoyar el desarrollo y el crecimiento socioemocional del alumno, con profesores cualificados y cari\u00f1osos.<\/p>\t\t\t\t\t\t\t\t<\/div>\n\t\t\t\t<\/div>\n\t\t\t\t<\/div>\n\t\t\t\t<\/div>\n\t\t<div class=\"elementor-element elementor-element-97f1dc7 e-con-full e-flex e-con e-child\" data-id=\"97f1dc7\" data-element_type=\"container\" data-e-type=\"container\">\n\t\t<div class=\"elementor-element elementor-element-1c80713 e-con-full e-flex e-con e-child\" data-id=\"1c80713\" data-element_type=\"container\" data-e-type=\"container\">\n\t\t<div class=\"elementor-element elementor-element-8c4b96b e-con-full e-flex e-con e-child\" data-id=\"8c4b96b\" data-element_type=\"container\" data-e-type=\"container\">\n\t\t\t\t<div class=\"elementor-element elementor-element-0ecb971 elementor-widget elementor-widget-image\" data-id=\"0ecb971\" data-element_type=\"widget\" data-e-type=\"widget\" data-widget_type=\"image.default\">\n\t\t\t\t<div class=\"elementor-widget-container\">\n\t\t\t\t\t\t\t\t\t\t\t\t\t\t\t<img decoding=\"async\" width=\"150\" height=\"150\" src=\"https:\/\/berkshiresouth.org\/wp-content\/uploads\/2021\/09\/BSgrit1-070-150x150.jpg\" class=\"attachment-thumbnail size-thumbnail wp-image-43397\" alt=\"\" srcset=\"https:\/\/berkshiresouth.org\/wp-content\/uploads\/2021\/09\/BSgrit1-070-150x150.jpg 150w, https:\/\/berkshiresouth.org\/wp-content\/uploads\/2021\/09\/BSgrit1-070-300x300.jpg 300w, https:\/\/berkshiresouth.org\/wp-content\/uploads\/2021\/09\/BSgrit1-070-100x100.jpg 100w\" sizes=\"(max-width: 150px) 100vw, 150px\" \/>\t\t\t\t\t\t\t\t\t\t\t\t\t\t\t<\/div>\n\t\t\t\t<\/div>\n\t\t\t\t<\/div>\n\t\t<div class=\"elementor-element elementor-element-ebdcc74 e-con-full e-flex e-con e-child\" data-id=\"ebdcc74\" data-element_type=\"container\" data-e-type=\"container\">\n\t\t\t\t<div class=\"elementor-element elementor-element-4336880 elementor-widget elementor-widget-heading\" data-id=\"4336880\" data-element_type=\"widget\" data-e-type=\"widget\" data-widget_type=\"heading.default\">\n\t\t\t\t<div class=\"elementor-widget-container\">\n\t\t\t\t\t<h3 class=\"elementor-heading-title elementor-size-default\">Inspirado<br> 10.000<\/h3>\t\t\t\t<\/div>\n\t\t\t\t<\/div>\n\t\t\t\t<div class=\"elementor-element elementor-element-b5481b0 elementor-widget elementor-widget-text-editor\" data-id=\"b5481b0\" data-element_type=\"widget\" data-e-type=\"widget\" data-widget_type=\"text-editor.default\">\n\t\t\t\t<div class=\"elementor-widget-container\">\n\t\t\t\t\t\t\t\t\t<p>Fuera de la escuela<\/p>\t\t\t\t\t\t\t\t<\/div>\n\t\t\t\t<\/div>\n\t\t\t\t<\/div>\n\t\t\t\t<\/div>\n\t\t<div class=\"elementor-element elementor-element-7c3246b e-con-full e-flex e-con e-child\" data-id=\"7c3246b\" data-element_type=\"container\" data-e-type=\"container\">\n\t\t\t\t<div class=\"elementor-element elementor-element-4204151 elementor-widget elementor-widget-text-editor\" data-id=\"4204151\" data-element_type=\"widget\" data-e-type=\"widget\" data-widget_type=\"text-editor.default\">\n\t\t\t\t<div class=\"elementor-widget-container\">\n\t\t\t\t\t\t\t\t\t<p>Proporciona a 4 alumnos en edad escolar atenci\u00f3n infantil integral en campamentos de verano y programas extraescolares, enriqueciendo y ampliando su educaci\u00f3n al tiempo que permite a los padres y tutores trabajar y mantener a sus familias.<\/p>\t\t\t\t\t\t\t\t<\/div>\n\t\t\t\t<\/div>\n\t\t\t\t<\/div>\n\t\t\t\t<\/div>\n\t\t<div class=\"elementor-element elementor-element-d1bb23a e-con-full e-flex e-con e-child\" data-id=\"d1bb23a\" data-element_type=\"container\" data-e-type=\"container\">\n\t\t<div class=\"elementor-element elementor-element-94e2e2f e-con-full e-flex e-con e-child\" data-id=\"94e2e2f\" data-element_type=\"container\" data-e-type=\"container\">\n\t\t<div class=\"elementor-element elementor-element-1416d8d e-con-full e-flex e-con e-child\" data-id=\"1416d8d\" data-element_type=\"container\" data-e-type=\"container\">\n\t\t\t\t<div class=\"elementor-element elementor-element-f3aab45 elementor-widget elementor-widget-image\" data-id=\"f3aab45\" data-element_type=\"widget\" data-e-type=\"widget\" data-widget_type=\"image.default\">\n\t\t\t\t<div class=\"elementor-widget-container\">\n\t\t\t\t\t\t\t\t\t\t\t\t\t\t\t<img decoding=\"async\" width=\"150\" height=\"150\" src=\"https:\/\/berkshiresouth.org\/wp-content\/uploads\/2021\/04\/IMG_7650-150x150.jpg\" class=\"attachment-thumbnail size-thumbnail wp-image-43352\" alt=\"\" srcset=\"https:\/\/berkshiresouth.org\/wp-content\/uploads\/2021\/04\/IMG_7650-150x150.jpg 150w, https:\/\/berkshiresouth.org\/wp-content\/uploads\/2021\/04\/IMG_7650-300x300.jpg 300w, https:\/\/berkshiresouth.org\/wp-content\/uploads\/2021\/04\/IMG_7650-100x100.jpg 100w\" sizes=\"(max-width: 150px) 100vw, 150px\" \/>\t\t\t\t\t\t\t\t\t\t\t\t\t\t\t<\/div>\n\t\t\t\t<\/div>\n\t\t\t\t<\/div>\n\t\t<div class=\"elementor-element elementor-element-86e7afb e-con-full e-flex e-con e-child\" data-id=\"86e7afb\" data-element_type=\"container\" data-e-type=\"container\">\n\t\t\t\t<div class=\"elementor-element elementor-element-79866f1 elementor-widget elementor-widget-heading\" data-id=\"79866f1\" data-element_type=\"widget\" data-e-type=\"widget\" data-widget_type=\"heading.default\">\n\t\t\t\t<div class=\"elementor-widget-container\">\n\t\t\t\t\t<h3 class=\"elementor-heading-title elementor-size-default\">Motivado<br> 5.000<\/h3>\t\t\t\t<\/div>\n\t\t\t\t<\/div>\n\t\t\t\t<div class=\"elementor-element elementor-element-c5e8652 elementor-widget elementor-widget-text-editor\" data-id=\"c5e8652\" data-element_type=\"widget\" data-e-type=\"widget\" data-widget_type=\"text-editor.default\">\n\t\t\t\t<div class=\"elementor-widget-container\">\n\t\t\t\t\t\t\t\t\t<p>Ayuda financiera<\/p>\t\t\t\t\t\t\t\t<\/div>\n\t\t\t\t<\/div>\n\t\t\t\t<\/div>\n\t\t\t\t<\/div>\n\t\t<div class=\"elementor-element elementor-element-d9ff928 e-con-full e-flex e-con e-child\" data-id=\"d9ff928\" data-element_type=\"container\" data-e-type=\"container\">\n\t\t\t\t<div class=\"elementor-element elementor-element-a2df2e4 elementor-widget elementor-widget-text-editor\" data-id=\"a2df2e4\" data-element_type=\"widget\" data-e-type=\"widget\" data-widget_type=\"text-editor.default\">\n\t\t\t\t<div class=\"elementor-widget-container\">\n\t\t\t\t\t\t\t\t\t<p>Proporciona a 32 personas con unos ingresos familiares medios de 16.000 $ una afiliaci\u00f3n con grandes descuentos al Centro para acceder a programas de bienestar y conexi\u00f3n social.<\/p>\t\t\t\t\t\t\t\t<\/div>\n\t\t\t\t<\/div>\n\t\t\t\t<\/div>\n\t\t\t\t<\/div>\n\t\t<div class=\"elementor-element elementor-element-2fd49cd e-con-full e-flex e-con e-child\" data-id=\"2fd49cd\" data-element_type=\"container\" data-e-type=\"container\">\n\t\t<div class=\"elementor-element elementor-element-d43b18d e-con-full e-flex e-con e-child\" data-id=\"d43b18d\" data-element_type=\"container\" data-e-type=\"container\">\n\t\t<div class=\"elementor-element elementor-element-10cab30 e-con-full e-flex e-con e-child\" data-id=\"10cab30\" data-element_type=\"container\" data-e-type=\"container\">\n\t\t\t\t<div class=\"elementor-element elementor-element-8e131b8 elementor-widget elementor-widget-image\" data-id=\"8e131b8\" data-element_type=\"widget\" data-e-type=\"widget\" data-widget_type=\"image.default\">\n\t\t\t\t<div class=\"elementor-widget-container\">\n\t\t\t\t\t\t\t\t\t\t\t\t\t\t\t<img loading=\"lazy\" decoding=\"async\" width=\"150\" height=\"150\" src=\"https:\/\/berkshiresouth.org\/wp-content\/uploads\/2021\/09\/BScomsup1-025-150x150.jpg\" class=\"attachment-thumbnail size-thumbnail wp-image-43398\" alt=\"\" srcset=\"https:\/\/berkshiresouth.org\/wp-content\/uploads\/2021\/09\/BScomsup1-025-150x150.jpg 150w, https:\/\/berkshiresouth.org\/wp-content\/uploads\/2021\/09\/BScomsup1-025-300x300.jpg 300w, https:\/\/berkshiresouth.org\/wp-content\/uploads\/2021\/09\/BScomsup1-025-100x100.jpg 100w\" sizes=\"(max-width: 150px) 100vw, 150px\" \/>\t\t\t\t\t\t\t\t\t\t\t\t\t\t\t<\/div>\n\t\t\t\t<\/div>\n\t\t\t\t<\/div>\n\t\t<div class=\"elementor-element elementor-element-fd6e2b5 e-con-full e-flex e-con e-child\" data-id=\"fd6e2b5\" data-element_type=\"container\" data-e-type=\"container\">\n\t\t\t\t<div class=\"elementor-element elementor-element-a5c2526 elementor-widget elementor-widget-heading\" data-id=\"a5c2526\" data-element_type=\"widget\" data-e-type=\"widget\" data-widget_type=\"heading.default\">\n\t\t\t\t<div class=\"elementor-widget-container\">\n\t\t\t\t\t<h3 class=\"elementor-heading-title elementor-size-default\">Resistente<br> 2.500<\/h3>\t\t\t\t<\/div>\n\t\t\t\t<\/div>\n\t\t\t\t<div class=\"elementor-element elementor-element-b4ee9d0 elementor-widget elementor-widget-text-editor\" data-id=\"b4ee9d0\" data-element_type=\"widget\" data-e-type=\"widget\" data-widget_type=\"text-editor.default\">\n\t\t\t\t<div class=\"elementor-widget-container\">\n\t\t\t\t\t\t\t\t\t<p>Inseguridad alimentaria<\/p>\t\t\t\t\t\t\t\t<\/div>\n\t\t\t\t<\/div>\n\t\t\t\t<\/div>\n\t\t\t\t<\/div>\n\t\t<div class=\"elementor-element elementor-element-8c3c713 e-con-full e-flex e-con e-child\" data-id=\"8c3c713\" data-element_type=\"container\" data-e-type=\"container\">\n\t\t\t\t<div class=\"elementor-element elementor-element-5614022 elementor-widget elementor-widget-text-editor\" data-id=\"5614022\" data-element_type=\"widget\" data-e-type=\"widget\" data-widget_type=\"text-editor.default\">\n\t\t\t\t<div class=\"elementor-widget-container\">\n\t\t\t\t\t\t\t\t\t<p>Proporciona 500 comidas a miembros de la comunidad que necesitan alimentar su cuerpo y su esp\u00edritu.<\/p>\t\t\t\t\t\t\t\t<\/div>\n\t\t\t\t<\/div>\n\t\t\t\t<\/div>\n\t\t\t\t<\/div>\n\t\t<div class=\"elementor-element elementor-element-e1ab9bd e-con-full e-flex e-con e-child\" data-id=\"e1ab9bd\" data-element_type=\"container\" data-e-type=\"container\">\n\t\t<div class=\"elementor-element elementor-element-b4cabc2 e-con-full e-flex e-con e-child\" data-id=\"b4cabc2\" data-element_type=\"container\" data-e-type=\"container\">\n\t\t<div class=\"elementor-element elementor-element-ba3294e e-con-full e-flex e-con e-child\" data-id=\"ba3294e\" data-element_type=\"container\" data-e-type=\"container\">\n\t\t\t\t<div class=\"elementor-element elementor-element-ed90250 elementor-widget elementor-widget-image\" data-id=\"ed90250\" data-element_type=\"widget\" data-e-type=\"widget\" data-widget_type=\"image.default\">\n\t\t\t\t<div class=\"elementor-widget-container\">\n\t\t\t\t\t\t\t\t\t\t\t\t\t\t\t<img loading=\"lazy\" decoding=\"async\" width=\"150\" height=\"150\" src=\"https:\/\/berkshiresouth.org\/wp-content\/uploads\/2020\/09\/bs_muscle-150x150.jpg\" class=\"attachment-thumbnail size-thumbnail wp-image-43301\" alt=\"\" srcset=\"https:\/\/berkshiresouth.org\/wp-content\/uploads\/2020\/09\/bs_muscle-150x150.jpg 150w, https:\/\/berkshiresouth.org\/wp-content\/uploads\/2020\/09\/bs_muscle-300x300.jpg 300w, https:\/\/berkshiresouth.org\/wp-content\/uploads\/2020\/09\/bs_muscle-100x100.jpg 100w\" sizes=\"(max-width: 150px) 100vw, 150px\" \/>\t\t\t\t\t\t\t\t\t\t\t\t\t\t\t<\/div>\n\t\t\t\t<\/div>\n\t\t\t\t<\/div>\n\t\t<div class=\"elementor-element elementor-element-df3ea38 e-con-full e-flex e-con e-child\" data-id=\"df3ea38\" data-element_type=\"container\" data-e-type=\"container\">\n\t\t\t\t<div class=\"elementor-element elementor-element-6ab76a9 elementor-widget elementor-widget-heading\" data-id=\"6ab76a9\" data-element_type=\"widget\" data-e-type=\"widget\" data-widget_type=\"heading.default\">\n\t\t\t\t<div class=\"elementor-widget-container\">\n\t\t\t\t\t<h3 class=\"elementor-heading-title elementor-size-default\">Animado<br> 1.000<\/h3>\t\t\t\t<\/div>\n\t\t\t\t<\/div>\n\t\t\t\t<div class=\"elementor-element elementor-element-c9fcc6d elementor-widget elementor-widget-text-editor\" data-id=\"c9fcc6d\" data-element_type=\"widget\" data-e-type=\"widget\" data-widget_type=\"text-editor.default\">\n\t\t\t\t<div class=\"elementor-widget-container\">\n\t\t\t\t\t\t\t\t\t<p>Cimientos sanos<\/p>\t\t\t\t\t\t\t\t<\/div>\n\t\t\t\t<\/div>\n\t\t\t\t<\/div>\n\t\t\t\t<\/div>\n\t\t<div class=\"elementor-element elementor-element-a46c438 e-con-full e-flex e-con e-child\" data-id=\"a46c438\" data-element_type=\"container\" data-e-type=\"container\">\n\t\t\t\t<div class=\"elementor-element elementor-element-4ca679c elementor-widget elementor-widget-text-editor\" data-id=\"4ca679c\" data-element_type=\"widget\" data-e-type=\"widget\" data-widget_type=\"text-editor.default\">\n\t\t\t\t<div class=\"elementor-widget-container\">\n\t\t\t\t\t\t\t\t\t<p>Proporciona 1 clase de nataci\u00f3n durante un a\u00f1o completo, 1 cinta de correr durante un a\u00f1o o 25 clases presenciales de bienestar en el Jaffe Auditorium o en el Norris Aquatics Center.<\/p>\t\t\t\t\t\t\t\t<\/div>\n\t\t\t\t<\/div>\n\t\t\t\t<\/div>\n\t\t\t\t<\/div>\n\t\t\t\t<\/div>\n\t\t\t\t<div class=\"elementor-element elementor-element-62c5562 elementor-widget elementor-widget-text-editor\" data-id=\"62c5562\" data-element_type=\"widget\" data-e-type=\"widget\" data-widget_type=\"text-editor.default\">\n\t\t\t\t<div class=\"elementor-widget-container\">\n\t\t\t\t\t\t\t\t\t<p><a href=\"https:\/\/berkshiresouth.org\/wp-content\/uploads\/2021\/09\/Sponsorship-levels-GRIT-3-1.pdf\" target=\"_blank\" rel=\"noopener\">Haz clic aqu\u00ed para ver la lista completa de ventajas del patrocinio<\/a><\/p>\t\t\t\t\t\t\t\t<\/div>\n\t\t\t\t<\/div>\n\t\t<div class=\"elementor-element elementor-element-d29bb02 e-con-full e-flex e-con e-child\" data-id=\"d29bb02\" data-element_type=\"container\" data-e-type=\"container\">\n\t\t\t\t<div class=\"elementor-element elementor-element-49a4f02 elementor-widget elementor-widget-button\" data-id=\"49a4f02\" data-element_type=\"widget\" data-e-type=\"widget\" data-widget_type=\"button.default\">\n\t\t\t\t<div class=\"elementor-widget-container\">\n\t\t\t\t\t\t\t\t\t<div class=\"elementor-button-wrapper\">\n\t\t\t\t\t<a class=\"elementor-button elementor-button-link elementor-size-sm\" href=\"https:\/\/berkshiresouth.org\/wp-content\/uploads\/2021\/10\/Sponsorship-levels-GRIT_nobleeds-merged.pdf\" target=\"_blank\">\n\t\t\t\t\t\t<span class=\"elementor-button-content-wrapper\">\n\t\t\t\t\t\t\t\t\t<span class=\"elementor-button-text\">Imprimir formularios hoy<\/span>\n\t\t\t\t\t<\/span>\n\t\t\t\t\t<\/a>\n\t\t\t\t<\/div>\n\t\t\t\t\t\t\t\t<\/div>\n\t\t\t\t<\/div>\n\t\t\t\t<div class=\"elementor-element elementor-element-9d7a814 elementor-widget elementor-widget-html\" data-id=\"9d7a814\" data-element_type=\"widget\" data-e-type=\"widget\" data-widget_type=\"html.default\">\n\t\t\t\t<div class=\"elementor-widget-container\">\n\t\t\t\t\t<form name=\"PrePage\" method=\"post\" action=\"https:\/\/Simplecheckout.authorize.net\/payment\/CatalogPayment.aspx\"> <input type=\"hidden\" name=\"LinkId\" value=\"e3054b01-23f5-4dde-b537-5db637164565\"> <input type=\"submit\" value=\"Hazte patrocinador\"> <\/form>\t\t\t\t<\/div>\n\t\t\t\t<\/div>\n\t\t\t\t<\/div>\n\t\t\t\t<\/div>\n\t\t\t\t\t<\/div>\n\t\t\t\t<\/div>\n\t\t\t\t<\/div>\n\t\t","protected":false},"excerpt":{"rendered":"<p>\u00a1Convi\u00e9rtete en patrocinador de GRIT! crecimiento * resiliencia * innovaci\u00f3n * tenacidad GRACIAS por considerar la posibilidad de convertirte en patrocinador de la campa\u00f1a GRIT. Encontrar\u00e1s una lista completa de las ventajas del patrocinio haciendo clic en el siguiente enlace. Debes saber que tu contribuci\u00f3n tendr\u00e1 un impacto duradero en las personas de nuestra comunidad [&hellip;]<\/p>\n","protected":false},"author":5,"featured_media":0,"parent":0,"menu_order":0,"comment_status":"closed","ping_status":"closed","template":"","meta":{"_seopress_robots_primary_cat":"","_seopress_titles_title":"","_seopress_titles_desc":"","_seopress_robots_index":"","site-sidebar-layout":"no-sidebar","site-content-layout":"page-builder","ast-site-content-layout":"default","site-content-style":"default","site-sidebar-style":"default","ast-global-header-display":"","ast-banner-title-visibility":"","ast-main-header-display":"","ast-hfb-above-header-display":"","ast-hfb-below-header-display":"","ast-hfb-mobile-header-display":"","site-post-title":"disabled","ast-breadcrumbs-content":"","ast-featured-img":"disabled","footer-sml-layout":"","ast-disable-related-posts":"","theme-transparent-header-meta":"enabled","adv-header-id-meta":"","stick-header-meta":"default","header-above-stick-meta":"","header-main-stick-meta":"","header-below-stick-meta":"","astra-migrate-meta-layouts":"default","ast-page-background-enabled":"default","ast-page-background-meta":{"desktop":{"background-color":"","background-image":"","background-repeat":"repeat","background-position":"center center","background-size":"auto","background-attachment":"scroll","background-type":"","background-media":"","overlay-type":"","overlay-color":"","overlay-opacity":"","overlay-gradient":""},"tablet":{"background-color":"","background-image":"","background-repeat":"repeat","background-position":"center center","background-size":"auto","background-attachment":"scroll","background-type":"","background-media":"","overlay-type":"","overlay-color":"","overlay-opacity":"","overlay-gradient":""},"mobile":{"background-color":"","background-image":"","background-repeat":"repeat","background-position":"center center","background-size":"auto","background-attachment":"scroll","background-type":"","background-media":"","overlay-type":"","overlay-color":"","overlay-opacity":"","overlay-gradient":""}},"ast-content-background-meta":{"desktop":{"background-color":"var(--ast-global-color-5)","background-image":"","background-repeat":"repeat","background-position":"center center","background-size":"auto","background-attachment":"scroll","background-type":"","background-media":"","overlay-type":"","overlay-color":"","overlay-opacity":"","overlay-gradient":""},"tablet":{"background-color":"var(--ast-global-color-5)","background-image":"","background-repeat":"repeat","background-position":"center center","background-size":"auto","background-attachment":"scroll","background-type":"","background-media":"","overlay-type":"","overlay-color":"","overlay-opacity":"","overlay-gradient":""},"mobile":{"background-color":"var(--ast-global-color-5)","background-image":"","background-repeat":"repeat","background-position":"center center","background-size":"auto","background-attachment":"scroll","background-type":"","background-media":"","overlay-type":"","overlay-color":"","overlay-opacity":"","overlay-gradient":""}},"footnotes":""},"class_list":["post-44050","page","type-page","status-publish","hentry"],"_links":{"self":[{"href":"https:\/\/berkshiresouth.org\/es\/wp-json\/wp\/v2\/pages\/44050","targetHints":{"allow":["GET"]}}],"collection":[{"href":"https:\/\/berkshiresouth.org\/es\/wp-json\/wp\/v2\/pages"}],"about":[{"href":"https:\/\/berkshiresouth.org\/es\/wp-json\/wp\/v2\/types\/page"}],"author":[{"embeddable":true,"href":"https:\/\/berkshiresouth.org\/es\/wp-json\/wp\/v2\/users\/5"}],"replies":[{"embeddable":true,"href":"https:\/\/berkshiresouth.org\/es\/wp-json\/wp\/v2\/comments?post=44050"}],"version-history":[{"count":2,"href":"https:\/\/berkshiresouth.org\/es\/wp-json\/wp\/v2\/pages\/44050\/revisions"}],"predecessor-version":[{"id":52568,"href":"https:\/\/berkshiresouth.org\/es\/wp-json\/wp\/v2\/pages\/44050\/revisions\/52568"}],"wp:attachment":[{"href":"https:\/\/berkshiresouth.org\/es\/wp-json\/wp\/v2\/media?parent=44050"}],"curies":[{"name":"wp","href":"https:\/\/api.w.org\/{rel}","templated":true}]}}