{"id":44052,"date":"2021-09-21T17:09:02","date_gmt":"2021-09-21T21:09:02","guid":{"rendered":"https:\/\/berkshiresouth.org\/2021-grit\/"},"modified":"2026-04-13T11:46:19","modified_gmt":"2026-04-13T15:46:19","slug":"2021-grit","status":"publish","type":"page","link":"https:\/\/berkshiresouth.org\/es\/2021-grit\/","title":{"rendered":"2021 Grit"},"content":{"rendered":"\t\t<div data-elementor-type=\"wp-post\" data-elementor-id=\"44052\" class=\"elementor elementor-44052 elementor-10249\" data-elementor-post-type=\"page\">\n\t\t\t\t<div class=\"elementor-element elementor-element-c029f25 e-flex e-con-boxed e-con e-parent\" data-id=\"c029f25\" data-element_type=\"container\" data-e-type=\"container\" data-settings=\"{&quot;background_background&quot;:&quot;classic&quot;}\">\n\t\t\t\t\t<div class=\"e-con-inner\">\n\t\t<div class=\"elementor-element elementor-element-3e5dc8a e-con-full e-flex e-con e-child\" data-id=\"3e5dc8a\" data-element_type=\"container\" data-e-type=\"container\">\n\t\t\t\t<div class=\"elementor-element elementor-element-2246327 elementor-widget elementor-widget-heading\" data-id=\"2246327\" data-element_type=\"widget\" data-e-type=\"widget\" data-widget_type=\"heading.default\">\n\t\t\t\t<div class=\"elementor-widget-container\">\n\t\t\t\t\t<h1 class=\"elementor-heading-title elementor-size-default\">\u00a1El GRIT nos hace seguir adelante!  <\/h1>\t\t\t\t<\/div>\n\t\t\t\t<\/div>\n\t\t\t\t<div class=\"elementor-element elementor-element-b66e811 elementor-widget elementor-widget-heading\" data-id=\"b66e811\" data-element_type=\"widget\" data-e-type=\"widget\" data-widget_type=\"heading.default\">\n\t\t\t\t<div class=\"elementor-widget-container\">\n\t\t\t\t\t<p class=\"elementor-heading-title elementor-size-default\">crecimiento * resiliencia * innovaci\u00f3n * tenacidad<\/p>\t\t\t\t<\/div>\n\t\t\t\t<\/div>\n\t\t\t\t<\/div>\n\t\t\t\t\t<\/div>\n\t\t\t\t<\/div>\n\t\t<div class=\"elementor-element elementor-element-7d21353 e-flex e-con-boxed e-con e-parent\" data-id=\"7d21353\" data-element_type=\"container\" data-e-type=\"container\">\n\t\t\t\t\t<div class=\"e-con-inner\">\n\t\t<div class=\"elementor-element elementor-element-e684971 e-con-full e-flex e-con e-child\" data-id=\"e684971\" data-element_type=\"container\" data-e-type=\"container\">\n\t\t<div class=\"elementor-element elementor-element-7fee032 e-con-full e-flex e-con e-child\" data-id=\"7fee032\" data-element_type=\"container\" data-e-type=\"container\">\n\t\t<div class=\"elementor-element elementor-element-60f391a e-con-full e-flex e-con e-child\" data-id=\"60f391a\" data-element_type=\"container\" data-e-type=\"container\">\n\t\t\t\t<div class=\"elementor-element elementor-element-6065618 elementor-widget elementor-widget-image\" data-id=\"6065618\" data-element_type=\"widget\" data-e-type=\"widget\" data-widget_type=\"image.default\">\n\t\t\t\t<div class=\"elementor-widget-container\">\n\t\t\t\t\t\t\t\t\t\t\t\t<figure class=\"wp-caption\">\n\t\t\t\t\t\t\t\t\t\t\t<a href=\"https:\/\/berkshiresouth.org\/es\/2021-grit-donor\/\">\n\t\t\t\t\t\t\t<img decoding=\"async\" width=\"150\" height=\"150\" src=\"https:\/\/berkshiresouth.org\/wp-content\/uploads\/2021\/09\/GRITlogo2-1-150x150.jpg\" class=\"attachment-thumbnail size-thumbnail wp-image-43399\" alt=\"\" srcset=\"https:\/\/berkshiresouth.org\/wp-content\/uploads\/2021\/09\/GRITlogo2-1-150x150.jpg 150w, https:\/\/berkshiresouth.org\/wp-content\/uploads\/2021\/09\/GRITlogo2-1-300x300.jpg 300w, https:\/\/berkshiresouth.org\/wp-content\/uploads\/2021\/09\/GRITlogo2-1-1024x1024.jpg 1024w, https:\/\/berkshiresouth.org\/wp-content\/uploads\/2021\/09\/GRITlogo2-1-768x768.jpg 768w, https:\/\/berkshiresouth.org\/wp-content\/uploads\/2021\/09\/GRITlogo2-1-600x600.jpg 600w, https:\/\/berkshiresouth.org\/wp-content\/uploads\/2021\/09\/GRITlogo2-1-100x100.jpg 100w, https:\/\/berkshiresouth.org\/wp-content\/uploads\/2021\/09\/GRITlogo2-1.jpg 1350w\" sizes=\"(max-width: 150px) 100vw, 150px\" \/>\t\t\t\t\t\t\t\t<\/a>\n\t\t\t\t\t\t\t\t\t\t\t<figcaption class=\"widget-image-caption wp-caption-text\">Hazte donante hoy<\/figcaption>\n\t\t\t\t\t\t\t\t\t\t<\/figure>\n\t\t\t\t\t\t\t\t\t<\/div>\n\t\t\t\t<\/div>\n\t\t\t\t<div class=\"elementor-element elementor-element-3bb7a39 elementor-widget elementor-widget-image\" data-id=\"3bb7a39\" data-element_type=\"widget\" data-e-type=\"widget\" data-widget_type=\"image.default\">\n\t\t\t\t<div class=\"elementor-widget-container\">\n\t\t\t\t\t\t\t\t\t\t\t\t<figure class=\"wp-caption\">\n\t\t\t\t\t\t\t\t\t\t\t<a href=\"https:\/\/berkshiresouth.org\/es\/2021-grit-sponsor\/\">\n\t\t\t\t\t\t\t<img decoding=\"async\" width=\"150\" height=\"150\" src=\"https:\/\/berkshiresouth.org\/wp-content\/uploads\/2021\/09\/GRITlogo2-1-150x150.jpg\" class=\"attachment-thumbnail size-thumbnail wp-image-43399\" alt=\"\" srcset=\"https:\/\/berkshiresouth.org\/wp-content\/uploads\/2021\/09\/GRITlogo2-1-150x150.jpg 150w, https:\/\/berkshiresouth.org\/wp-content\/uploads\/2021\/09\/GRITlogo2-1-300x300.jpg 300w, https:\/\/berkshiresouth.org\/wp-content\/uploads\/2021\/09\/GRITlogo2-1-1024x1024.jpg 1024w, https:\/\/berkshiresouth.org\/wp-content\/uploads\/2021\/09\/GRITlogo2-1-768x768.jpg 768w, https:\/\/berkshiresouth.org\/wp-content\/uploads\/2021\/09\/GRITlogo2-1-600x600.jpg 600w, https:\/\/berkshiresouth.org\/wp-content\/uploads\/2021\/09\/GRITlogo2-1-100x100.jpg 100w, https:\/\/berkshiresouth.org\/wp-content\/uploads\/2021\/09\/GRITlogo2-1.jpg 1350w\" sizes=\"(max-width: 150px) 100vw, 150px\" \/>\t\t\t\t\t\t\t\t<\/a>\n\t\t\t\t\t\t\t\t\t\t\t<figcaption class=\"widget-image-caption wp-caption-text\">Hazte patrocinador hoy<\/figcaption>\n\t\t\t\t\t\t\t\t\t\t<\/figure>\n\t\t\t\t\t\t\t\t\t<\/div>\n\t\t\t\t<\/div>\n\t\t\t\t<\/div>\n\t\t<div class=\"elementor-element elementor-element-7abe69d e-con-full e-flex e-con e-child\" data-id=\"7abe69d\" data-element_type=\"container\" data-e-type=\"container\">\n\t\t\t\t<div class=\"elementor-element elementor-element-a31660c elementor-widget elementor-widget-heading\" data-id=\"a31660c\" data-element_type=\"widget\" data-e-type=\"widget\" data-widget_type=\"heading.default\">\n\t\t\t\t<div class=\"elementor-widget-container\">\n\t\t\t\t\t<h2 class=\"elementor-heading-title elementor-size-default\">Queridos amigos,<\/h2>\t\t\t\t<\/div>\n\t\t\t\t<\/div>\n\t\t\t\t<div class=\"elementor-element elementor-element-be6086a elementor-widget elementor-widget-text-editor\" data-id=\"be6086a\" data-element_type=\"widget\" data-e-type=\"widget\" data-widget_type=\"text-editor.default\">\n\t\t\t\t<div class=\"elementor-widget-container\">\n\t\t\t\t\t\t\t\t\t<p>Adultos y ni\u00f1os de toda nuestra comunidad conf\u00edan en Berkshire South como un lugar seguro y acogedor donde pueden prosperar: relacionarse con otras personas, participar en sus programas de bienestar y enriquecimiento, y tal vez disfrutar de una comida caliente semanal gratuita. Para financiar la importante labor que realiza, el Centro depende en gran medida de los fondos recaudados en nuestra gala anual, en la que solemos recaudar m\u00e1s de 100.000 d\u00f3lares. <\/p>\t\t\t\t\t\t\t\t<\/div>\n\t\t\t\t<\/div>\n\t\t\t\t<div class=\"elementor-element elementor-element-ff9bd04 elementor-widget elementor-widget-text-editor\" data-id=\"ff9bd04\" data-element_type=\"widget\" data-e-type=\"widget\" data-widget_type=\"text-editor.default\">\n\t\t\t\t<div class=\"elementor-widget-container\">\n\t\t\t\t\t\t\t\t\t<p>\u00c9sta es la \u00e9poca del a\u00f1o en la que normalmente enviar\u00edamos invitaciones para esa gala, pero hemos decidido que Berkshire South no celebrar\u00e1 el evento en 2021. En lugar de comprar entradas para la gala, me gustar\u00eda animarte a que te convirtieras en donante de la Campa\u00f1a GRIT de Berkshire South. A la izquierda, encontrar\u00e1s enlaces a varias oportunidades de donaci\u00f3n para que las tengas en cuenta.  <\/p>\t\t\t\t\t\t\t\t<\/div>\n\t\t\t\t<\/div>\n\t\t\t\t<div class=\"elementor-element elementor-element-c1a1b48 elementor-widget elementor-widget-text-editor\" data-id=\"c1a1b48\" data-element_type=\"widget\" data-e-type=\"widget\" data-widget_type=\"text-editor.default\">\n\t\t\t\t<div class=\"elementor-widget-container\">\n\t\t\t\t\t\t\t\t\t<p>Por favor, ay\u00fadanos a celebrar el <strong>Crecimiento, la Resistencia, la Innovaci\u00f3n <\/strong>y la<strong> Tenacidad<\/strong> que Berkshire South ha demostrado durante el \u00faltimo a\u00f1o y medio y ay\u00fadanos a seguir siendo la fuerza, el coraz\u00f3n y el alma de nuestra comunidad en estos momentos en que el GRIT es m\u00e1s necesario.<\/p>\t\t\t\t\t\t\t\t<\/div>\n\t\t\t\t<\/div>\n\t\t\t\t<div class=\"elementor-element elementor-element-2666fa0 elementor-widget elementor-widget-text-editor\" data-id=\"2666fa0\" data-element_type=\"widget\" data-e-type=\"widget\" data-widget_type=\"text-editor.default\">\n\t\t\t\t<div class=\"elementor-widget-container\">\n\t\t\t\t\t\t\t\t\t<p style=\"font-size: 16px; font-style: normal; font-weight: 400;\">Gracias.<\/p>\t\t\t\t\t\t\t\t<\/div>\n\t\t\t\t<\/div>\n\t\t\t\t<div class=\"elementor-element elementor-element-810c6e4 elementor-widget elementor-widget-text-editor\" data-id=\"810c6e4\" data-element_type=\"widget\" data-e-type=\"widget\" data-widget_type=\"text-editor.default\">\n\t\t\t\t<div class=\"elementor-widget-container\">\n\t\t\t\t\t\t\t\t\t<p style=\"font-size: 16px; font-style: normal; font-weight: 400;\">Atentamente,<\/p><p style=\"font-size: 16px; font-style: normal; font-weight: 400;\"><img decoding=\"async\" src=\"https:\/\/berkshiresouth.org\/wp-content\/uploads\/2021\/09\/Jenise-Lucey-Signature.jpg\" alt=\"\" width=\"189\" height=\"66\"> <\/p><p style=\"font-size: 16px; font-style: normal; font-weight: 400;\">Jenise Lucey  <\/p><p style=\"font-size: 16px; font-style: normal; font-weight: 400;\"><span style=\"font-size: 16px; font-style: normal; font-weight: 400; text-align: center;\">Director Ejecutivo<\/span><\/p>\t\t\t\t\t\t\t\t<\/div>\n\t\t\t\t<\/div>\n\t\t\t\t<\/div>\n\t\t\t\t<\/div>\n\t\t<div class=\"elementor-element elementor-element-a259449 e-con-full e-flex e-con e-child\" data-id=\"a259449\" data-element_type=\"container\" data-e-type=\"container\">\n\t\t\t\t<div class=\"elementor-element elementor-element-da7709c elementor-widget elementor-widget-heading\" data-id=\"da7709c\" data-element_type=\"widget\" data-e-type=\"widget\" data-widget_type=\"heading.default\">\n\t\t\t\t<div class=\"elementor-widget-container\">\n\t\t\t\t\t<h3 class=\"elementor-heading-title elementor-size-default\">Agradecemos a nuestros Patrocinadores<\/h3>\t\t\t\t<\/div>\n\t\t\t\t<\/div>\n\t\t\t\t<div class=\"elementor-element elementor-element-321f9c9 elementor-widget elementor-widget-heading\" data-id=\"321f9c9\" data-element_type=\"widget\" data-e-type=\"widget\" data-widget_type=\"heading.default\">\n\t\t\t\t<div class=\"elementor-widget-container\">\n\t\t\t\t\t<h4 class=\"elementor-heading-title elementor-size-default\">Determinado<\/h4>\t\t\t\t<\/div>\n\t\t\t\t<\/div>\n\t\t\t\t<div class=\"elementor-element elementor-element-90d3ab6 elementor-widget elementor-widget-text-editor\" data-id=\"90d3ab6\" data-element_type=\"widget\" data-e-type=\"widget\" data-widget_type=\"text-editor.default\">\n\t\t\t\t<div class=\"elementor-widget-container\">\n\t\t\t\t\t\t\t\t\t<p>La Fundaci\u00f3n Donald C. McGraw y Elizabeth y Robin McGraw \u2666 Jane Iredale y Robert D. Montgomery<\/p>\t\t\t\t\t\t\t\t<\/div>\n\t\t\t\t<\/div>\n\t\t\t\t<div class=\"elementor-element elementor-element-1e7952a elementor-widget elementor-widget-heading\" data-id=\"1e7952a\" data-element_type=\"widget\" data-e-type=\"widget\" data-widget_type=\"heading.default\">\n\t\t\t\t<div class=\"elementor-widget-container\">\n\t\t\t\t\t<h4 class=\"elementor-heading-title elementor-size-default\">Inspirado<\/h4>\t\t\t\t<\/div>\n\t\t\t\t<\/div>\n\t\t\t\t<div class=\"elementor-element elementor-element-ab06864 elementor-widget elementor-widget-text-editor\" data-id=\"ab06864\" data-element_type=\"widget\" data-e-type=\"widget\" data-widget_type=\"text-editor.default\">\n\t\t\t\t<div class=\"elementor-widget-container\">\n\t\t\t\t\t\t\t\t\t<p>Ethel Patterson y Michael Bandzierz \u2666 Mary Ann y Robert Norris<\/p>\t\t\t\t\t\t\t\t<\/div>\n\t\t\t\t<\/div>\n\t\t\t\t<div class=\"elementor-element elementor-element-939c78d elementor-widget elementor-widget-heading\" data-id=\"939c78d\" data-element_type=\"widget\" data-e-type=\"widget\" data-widget_type=\"heading.default\">\n\t\t\t\t<div class=\"elementor-widget-container\">\n\t\t\t\t\t<h4 class=\"elementor-heading-title elementor-size-default\">Motivado<\/h4>\t\t\t\t<\/div>\n\t\t\t\t<\/div>\n\t\t\t\t<div class=\"elementor-element elementor-element-4e9db3e elementor-widget elementor-widget-text-editor\" data-id=\"4e9db3e\" data-element_type=\"widget\" data-e-type=\"widget\" data-widget_type=\"text-editor.default\">\n\t\t\t\t<div class=\"elementor-widget-container\">\n\t\t\t\t\t\t\t\t\t<p>Candace y Rick Beinecke \u2666 Don y Maggie Buchwald \u2666 Carol Parrish y Paul Clark \u2666 Barbara y Roger Manring \u2666 Phyllis Pollack y Peter Metz \u2666 Christianna Strohbeck y Murari Ramaswamy \u2666 Deborah y William Ryan<\/p>\t\t\t\t\t\t\t\t<\/div>\n\t\t\t\t<\/div>\n\t\t\t\t<div class=\"elementor-element elementor-element-862b361 elementor-widget elementor-widget-heading\" data-id=\"862b361\" data-element_type=\"widget\" data-e-type=\"widget\" data-widget_type=\"heading.default\">\n\t\t\t\t<div class=\"elementor-widget-container\">\n\t\t\t\t\t<h4 class=\"elementor-heading-title elementor-size-default\">Animado<\/h4>\t\t\t\t<\/div>\n\t\t\t\t<\/div>\n\t\t\t\t<div class=\"elementor-element elementor-element-851edd1 elementor-widget elementor-widget-text-editor\" data-id=\"851edd1\" data-element_type=\"widget\" data-e-type=\"widget\" data-widget_type=\"text-editor.default\">\n\t\t\t\t<div class=\"elementor-widget-container\">\n\t\t\t\t\t\t\t\t\t<p>Carlson Propane \u2666 Lucy Prashker y Tom Curtin \u2666 Susan y Hank Ferlauto \u2666 Herrington&#8217;s Inc. \u2666 Enid Michelman \u2666 Pamela Pescosolido \u2666 La familia Pollart \u2666 Joseph Reich \u2666 Joan y Robert Rubinstein \u2666 Jamia Jasper y Edward Silverstein \u2666 Jerry y John Soechting \u2666 Ward&#8217;s Nursery and Garden Center <\/p>\t\t\t\t\t\t\t\t<\/div>\n\t\t\t\t<\/div>\n\t\t\t\t<\/div>\n\t\t\t\t<\/div>\n\t\t\t\t\t<\/div>\n\t\t\t\t<\/div>\n\t\t\t\t<\/div>\n\t\t","protected":false},"excerpt":{"rendered":"<p>\u00a1El GRIT nos hace seguir adelante! crecimiento * resiliencia * innovaci\u00f3n * tenacidad Hazte donante hoy Hazte patrocinador hoy Queridos amigos, Adultos y ni\u00f1os de toda nuestra comunidad conf\u00edan en Berkshire South como un lugar seguro y acogedor donde pueden prosperar: relacionarse con otras personas, participar en sus programas de bienestar y enriquecimiento, y tal [&hellip;]<\/p>\n","protected":false},"author":5,"featured_media":0,"parent":0,"menu_order":0,"comment_status":"closed","ping_status":"closed","template":"","meta":{"_seopress_robots_primary_cat":"","_seopress_titles_title":"","_seopress_titles_desc":"","_seopress_robots_index":"","site-sidebar-layout":"no-sidebar","site-content-layout":"page-builder","ast-site-content-layout":"default","site-content-style":"default","site-sidebar-style":"default","ast-global-header-display":"","ast-banner-title-visibility":"","ast-main-header-display":"","ast-hfb-above-header-display":"","ast-hfb-below-header-display":"","ast-hfb-mobile-header-display":"","site-post-title":"disabled","ast-breadcrumbs-content":"","ast-featured-img":"disabled","footer-sml-layout":"","ast-disable-related-posts":"","theme-transparent-header-meta":"enabled","adv-header-id-meta":"","stick-header-meta":"default","header-above-stick-meta":"","header-main-stick-meta":"","header-below-stick-meta":"","astra-migrate-meta-layouts":"default","ast-page-background-enabled":"default","ast-page-background-meta":{"desktop":{"background-color":"","background-image":"","background-repeat":"repeat","background-position":"center center","background-size":"auto","background-attachment":"scroll","background-type":"","background-media":"","overlay-type":"","overlay-color":"","overlay-opacity":"","overlay-gradient":""},"tablet":{"background-color":"","background-image":"","background-repeat":"repeat","background-position":"center center","background-size":"auto","background-attachment":"scroll","background-type":"","background-media":"","overlay-type":"","overlay-color":"","overlay-opacity":"","overlay-gradient":""},"mobile":{"background-color":"","background-image":"","background-repeat":"repeat","background-position":"center center","background-size":"auto","background-attachment":"scroll","background-type":"","background-media":"","overlay-type":"","overlay-color":"","overlay-opacity":"","overlay-gradient":""}},"ast-content-background-meta":{"desktop":{"background-color":"var(--ast-global-color-5)","background-image":"","background-repeat":"repeat","background-position":"center center","background-size":"auto","background-attachment":"scroll","background-type":"","background-media":"","overlay-type":"","overlay-color":"","overlay-opacity":"","overlay-gradient":""},"tablet":{"background-color":"var(--ast-global-color-5)","background-image":"","background-repeat":"repeat","background-position":"center center","background-size":"auto","background-attachment":"scroll","background-type":"","background-media":"","overlay-type":"","overlay-color":"","overlay-opacity":"","overlay-gradient":""},"mobile":{"background-color":"var(--ast-global-color-5)","background-image":"","background-repeat":"repeat","background-position":"center center","background-size":"auto","background-attachment":"scroll","background-type":"","background-media":"","overlay-type":"","overlay-color":"","overlay-opacity":"","overlay-gradient":""}},"footnotes":""},"class_list":["post-44052","page","type-page","status-publish","hentry"],"_links":{"self":[{"href":"https:\/\/berkshiresouth.org\/es\/wp-json\/wp\/v2\/pages\/44052","targetHints":{"allow":["GET"]}}],"collection":[{"href":"https:\/\/berkshiresouth.org\/es\/wp-json\/wp\/v2\/pages"}],"about":[{"href":"https:\/\/berkshiresouth.org\/es\/wp-json\/wp\/v2\/types\/page"}],"author":[{"embeddable":true,"href":"https:\/\/berkshiresouth.org\/es\/wp-json\/wp\/v2\/users\/5"}],"replies":[{"embeddable":true,"href":"https:\/\/berkshiresouth.org\/es\/wp-json\/wp\/v2\/comments?post=44052"}],"version-history":[{"count":3,"href":"https:\/\/berkshiresouth.org\/es\/wp-json\/wp\/v2\/pages\/44052\/revisions"}],"predecessor-version":[{"id":52537,"href":"https:\/\/berkshiresouth.org\/es\/wp-json\/wp\/v2\/pages\/44052\/revisions\/52537"}],"wp:attachment":[{"href":"https:\/\/berkshiresouth.org\/es\/wp-json\/wp\/v2\/media?parent=44052"}],"curies":[{"name":"wp","href":"https:\/\/api.w.org\/{rel}","templated":true}]}}