{"id":44063,"date":"2024-03-11T11:33:47","date_gmt":"2024-03-11T15:33:47","guid":{"rendered":"https:\/\/berkshiresouth.org\/sol-en-verano\/"},"modified":"2026-03-19T14:25:57","modified_gmt":"2026-03-19T18:25:57","slug":"sunshine-in-the-summer","status":"publish","type":"page","link":"https:\/\/berkshiresouth.org\/es\/sunshine-in-the-summer\/","title":{"rendered":"Sol en verano"},"content":{"rendered":"\t\t<div data-elementor-type=\"wp-post\" data-elementor-id=\"44063\" class=\"elementor elementor-44063 elementor-29255\" data-elementor-post-type=\"page\">\n\t\t\t\t<div class=\"elementor-element elementor-element-a82cdd3 e-flex e-con-boxed e-con e-parent\" data-id=\"a82cdd3\" data-element_type=\"container\" data-e-type=\"container\" data-settings=\"{&quot;background_background&quot;:&quot;classic&quot;}\">\n\t\t\t\t\t<div class=\"e-con-inner\">\n\t\t<div class=\"elementor-element elementor-element-239b07c e-con-full e-flex e-con e-child\" data-id=\"239b07c\" data-element_type=\"container\" data-e-type=\"container\">\n\t\t\t\t<div class=\"elementor-element elementor-element-aeb0a24 elementor-widget elementor-widget-heading\" data-id=\"aeb0a24\" data-element_type=\"widget\" data-e-type=\"widget\" data-widget_type=\"heading.default\">\n\t\t\t\t<div class=\"elementor-widget-container\">\n\t\t\t\t\t<h1 class=\"elementor-heading-title elementor-size-default\">Sol en verano<\/h1>\t\t\t\t<\/div>\n\t\t\t\t<\/div>\n\t\t<div class=\"elementor-element elementor-element-6bb03f9 e-con-full e-flex e-con e-child\" data-id=\"6bb03f9\" data-element_type=\"container\" data-e-type=\"container\">\n\t\t\t\t<div class=\"elementor-element elementor-element-64b596c elementor-widget__width-auto elementor-widget elementor-widget-image\" data-id=\"64b596c\" data-element_type=\"widget\" data-e-type=\"widget\" data-widget_type=\"image.default\">\n\t\t\t\t<div class=\"elementor-widget-container\">\n\t\t\t\t\t\t\t\t\t\t\t\t\t\t\t<img decoding=\"async\" width=\"150\" height=\"150\" src=\"https:\/\/berkshiresouth.org\/wp-content\/uploads\/2022\/09\/BerkshireSouthChildcareIcon3-150x150.png\" class=\"attachment-thumbnail size-thumbnail wp-image-43485\" alt=\"Icono de guarder\u00eda\" srcset=\"https:\/\/berkshiresouth.org\/wp-content\/uploads\/2022\/09\/BerkshireSouthChildcareIcon3-150x150.png 150w, https:\/\/berkshiresouth.org\/wp-content\/uploads\/2022\/09\/BerkshireSouthChildcareIcon3.png 200w\" sizes=\"(max-width: 150px) 100vw, 150px\" \/>\t\t\t\t\t\t\t\t\t\t\t\t\t\t\t<\/div>\n\t\t\t\t<\/div>\n\t\t\t\t<div class=\"elementor-element elementor-element-ea473ea elementor-widget__width-auto elementor-widget elementor-widget-text-editor\" data-id=\"ea473ea\" data-element_type=\"widget\" data-e-type=\"widget\" data-widget_type=\"text-editor.default\">\n\t\t\t\t<div class=\"elementor-widget-container\">\n\t\t\t\t\t\t\t\t\t<p><a href=\"https:\/\/berkshiresouth.org\/es\/\">Inicio<\/a> \u02c3 <a href=\"https:\/\/berkshiresouth.org\/es\/education-and-childcare\/\">Educaci\u00f3n y cuidado de los ni\u00f1os<\/a> &gt; <a href=\"https:\/\/berkshiresouth.org\/es\/sunshine-in-the-summer\/\">Sol en verano<\/a><\/p>\t\t\t\t\t\t\t\t<\/div>\n\t\t\t\t<\/div>\n\t\t\t\t<\/div>\n\t\t\t\t<\/div>\n\t\t\t\t\t<\/div>\n\t\t\t\t<\/div>\n\t\t<div class=\"elementor-element elementor-element-8b98517 e-flex e-con-boxed e-con e-parent\" data-id=\"8b98517\" data-element_type=\"container\" data-e-type=\"container\">\n\t\t\t\t\t<div class=\"e-con-inner\">\n\t\t<div class=\"elementor-element elementor-element-89202b9 e-con-full e-flex e-con e-child\" data-id=\"89202b9\" data-element_type=\"container\" data-e-type=\"container\">\n\t\t\t\t<div class=\"elementor-element elementor-element-103249c elementor-widget elementor-widget-heading\" data-id=\"103249c\" data-element_type=\"widget\" data-e-type=\"widget\" data-widget_type=\"heading.default\">\n\t\t\t\t<div class=\"elementor-widget-container\">\n\t\t\t\t\t<h2 class=\"elementor-heading-title elementor-size-default\">Sol En El Verano 2026<\/h2>\t\t\t\t<\/div>\n\t\t\t\t<\/div>\n\t\t\t\t<div class=\"elementor-element elementor-element-9b60f73 elementor-widget-divider--view-line elementor-widget elementor-widget-divider\" data-id=\"9b60f73\" data-element_type=\"widget\" data-e-type=\"widget\" data-widget_type=\"divider.default\">\n\t\t\t\t<div class=\"elementor-widget-container\">\n\t\t\t\t\t\t\t<div class=\"elementor-divider\">\n\t\t\t<span class=\"elementor-divider-separator\">\n\t\t\t\t\t\t<\/span>\n\t\t<\/div>\n\t\t\t\t\t\t<\/div>\n\t\t\t\t<\/div>\n\t\t\t\t<div class=\"elementor-element elementor-element-85f9e25 elementor-alert-info elementor-widget elementor-widget-alert\" data-id=\"85f9e25\" data-element_type=\"widget\" data-e-type=\"widget\" data-widget_type=\"alert.default\">\n\t\t\t\t<div class=\"elementor-widget-container\">\n\t\t\t\t\t\t\t<div class=\"elementor-alert\" role=\"alert\">\n\n\t\t\t\t\t\t<span class=\"elementor-alert-title\">Sol en verano 2026 est\u00e1 lleno<\/span>\n\t\t\t\n\t\t\t\t\t\t<span class=\"elementor-alert-description\">Ponte en contacto con Amanda Marcinak en <a href=\"mailto:amarcinak@berkshiresouth.org\">amarcinak@berkshiresouth.org<\/a> para inscribirte en la lista de espera.<\/span>\n\t\t\t\n\t\t\t\n\t\t<\/div>\n\t\t\t\t\t\t<\/div>\n\t\t\t\t<\/div>\n\t\t\t\t<div class=\"elementor-element elementor-element-a1a93e5 elementor-hidden-desktop elementor-hidden-tablet elementor-hidden-mobile elementor-widget elementor-widget-heading\" data-id=\"a1a93e5\" data-element_type=\"widget\" data-e-type=\"widget\" data-widget_type=\"heading.default\">\n\t\t\t\t<div class=\"elementor-widget-container\">\n\t\t\t\t\t<h3 class=\"elementor-heading-title elementor-size-default\">La inscripci\u00f3n para el verano a\u00fan no est\u00e1 abierta. Si deseas inscribirte en la lista de espera, env\u00eda un correo electr\u00f3nico a amarcinak@berkshiresouth.org. <\/h3>\t\t\t\t<\/div>\n\t\t\t\t<\/div>\n\t\t\t\t<div class=\"elementor-element elementor-element-4dd671b elementor-align-left elementor-hidden-desktop elementor-hidden-tablet elementor-hidden-mobile elementor-widget elementor-widget-button\" data-id=\"4dd671b\" data-element_type=\"widget\" data-e-type=\"widget\" data-widget_type=\"button.default\">\n\t\t\t\t<div class=\"elementor-widget-container\">\n\t\t\t\t\t\t\t\t\t<div class=\"elementor-button-wrapper\">\n\t\t\t\t\t<a class=\"elementor-button elementor-size-sm\" role=\"button\">\n\t\t\t\t\t\t<span class=\"elementor-button-content-wrapper\">\n\t\t\t\t\t\t\t\t\t<span class=\"elementor-button-text\">Enviar formulario de consulta<\/span>\n\t\t\t\t\t<\/span>\n\t\t\t\t\t<\/a>\n\t\t\t\t<\/div>\n\t\t\t\t\t\t\t\t<\/div>\n\t\t\t\t<\/div>\n\t\t\t\t<div class=\"elementor-element elementor-element-9c8fbe3 elementor-widget elementor-widget-text-editor\" data-id=\"9c8fbe3\" data-element_type=\"widget\" data-e-type=\"widget\" data-widget_type=\"text-editor.default\">\n\t\t\t\t<div class=\"elementor-widget-container\">\n\t\t\t\t\t\t\t\t\t<p><strong>22 de junio - 20 de agosto de 2026<\/strong><\/p><p><em>(*No hay campamento el 3 de julio y el 21 de agosto)<\/em><\/p>\t\t\t\t\t\t\t\t<\/div>\n\t\t\t\t<\/div>\n\t\t\t\t<div class=\"elementor-element elementor-element-9575f2e elementor-widget elementor-widget-text-editor\" data-id=\"9575f2e\" data-element_type=\"widget\" data-e-type=\"widget\" data-widget_type=\"text-editor.default\">\n\t\t\t\t<div class=\"elementor-widget-container\">\n\t\t\t\t\t\t\t\t\t<p>\u00a1Ven una semana o qu\u00e9date las nueve! <strong>Sol en verano<\/strong> es un programa para ni\u00f1os de 2,9 a 5 a\u00f1os.<\/p><p> <\/p><p><b>De lunes a viernes,<\/b> <b>de 8:30 a 17:00<\/b>, los ni\u00f1os pueden disfrutar de aventuras al aire libre en nuestra propiedad, actividades estructuradas, juegos, manualidades, juegos acu\u00e1ticos en nuestro Splash Pad cubierto, juego libre y \u00a1mucho m\u00e1s! Sol en Verano ofrece un ambiente que mejora la capacidad del alumno para socializar con los dem\u00e1s, hacer un uso creativo de los materiales, promover la autoexpresi\u00f3n y fomentar el desarrollo cognitivo y emocional mediante experiencias creativas. <\/p>\t\t\t\t\t\t\t\t<\/div>\n\t\t\t\t<\/div>\n\t\t\t\t<div class=\"elementor-element elementor-element-1354ef4 elementor-widget elementor-widget-text-editor\" data-id=\"1354ef4\" data-element_type=\"widget\" data-e-type=\"widget\" data-widget_type=\"text-editor.default\">\n\t\t\t\t<div class=\"elementor-widget-container\">\n\t\t\t\t\t\t\t\t\t<p>\u00bfTu campista va a entrar en el Jard\u00edn de Infancia este oto\u00f1o y tiene 5 a\u00f1os? \u00a1Echa un vistazo al <a href=\"https:\/\/berkshiresouth.org\/es\/aadc\/\">Campamento de D\u00eda Aventuras en Acci\u00f3n<\/a>! <\/p>\t\t\t\t\t\t\t\t<\/div>\n\t\t\t\t<\/div>\n\t\t\t\t<div class=\"elementor-element elementor-element-8fba521 elementor-widget elementor-widget-text-editor\" data-id=\"8fba521\" data-element_type=\"widget\" data-e-type=\"widget\" data-widget_type=\"text-editor.default\">\n\t\t\t\t<div class=\"elementor-widget-container\">\n\t\t\t\t\t\t\t\t\t<p><strong>Nota:<\/strong> Para matricular a tu hijo en Sunshine en verano durante menos de 5 d\u00edas a la semana (2-3 d\u00edas a la semana), tu hijo debe ser alumno durante todo el a\u00f1o O matricularse durante un m\u00ednimo de 4 semanas. Se considera que tu hijo es alumno de todo el a\u00f1o si ya asiste al Preescolar Sunshine o espera asistir al Preescolar Sunshine en oto\u00f1o de este a\u00f1o. <\/p>\t\t\t\t\t\t\t\t<\/div>\n\t\t\t\t<\/div>\n\t\t\t\t<div class=\"elementor-element elementor-element-4260d5b elementor-widget elementor-widget-heading\" data-id=\"4260d5b\" data-element_type=\"widget\" data-e-type=\"widget\" data-widget_type=\"heading.default\">\n\t\t\t\t<div class=\"elementor-widget-container\">\n\t\t\t\t\t<h3 class=\"elementor-heading-title elementor-size-default\">Tarifas del campamento<\/h3>\t\t\t\t<\/div>\n\t\t\t\t<\/div>\n\t\t\t\t<div class=\"elementor-element elementor-element-978ef08 elementor-widget elementor-widget-text-editor\" data-id=\"978ef08\" data-element_type=\"widget\" data-e-type=\"widget\" data-widget_type=\"text-editor.default\">\n\t\t\t\t<div class=\"elementor-widget-container\">\n\t\t\t\t\t\t\t\t\t<p>Compromiso anual (verano y a\u00f1o escolar): $300<\/p><p>S\u00f3lo en verano: $375<\/p>\t\t\t\t\t\t\t\t<\/div>\n\t\t\t\t<\/div>\n\t\t\t\t<div class=\"elementor-element elementor-element-c9777d4 elementor-widget elementor-widget-text-editor\" data-id=\"c9777d4\" data-element_type=\"widget\" data-e-type=\"widget\" data-widget_type=\"text-editor.default\">\n\t\t\t\t<div class=\"elementor-widget-container\">\n\t\t\t\t\t\t\t\t\t<p>*Semana 2 (cerrada el 3 de julio) y Semana 9 (cerrada el 21 de agosto) s\u00f3lo para el verano: $300<\/p>\t\t\t\t\t\t\t\t<\/div>\n\t\t\t\t<\/div>\n\t\t\t\t<div class=\"elementor-element elementor-element-8a69510 elementor-widget elementor-widget-text-editor\" data-id=\"8a69510\" data-element_type=\"widget\" data-e-type=\"widget\" data-widget_type=\"text-editor.default\">\n\t\t\t\t<div class=\"elementor-widget-container\">\n\t\t\t\t\t\t\t\t\t<p>Se dispone de ayuda financiera a trav\u00e9s de las Judy Spencer Scholarships for Early Childhood<\/p>\t\t\t\t\t\t\t\t<\/div>\n\t\t\t\t<\/div>\n\t\t\t\t<div class=\"elementor-element elementor-element-83f174f elementor-widget elementor-widget-text-editor\" data-id=\"83f174f\" data-element_type=\"widget\" data-e-type=\"widget\" data-widget_type=\"text-editor.default\">\n\t\t\t\t<div class=\"elementor-widget-container\">\n\t\t\t\t\t\t\t\t\t<p>Todos los inscritos en nuestros programas de Educaci\u00f3n y Cuidado de Ni\u00f1os, junto con sus padres\/tutores y hermanos menores de edad, tienen derecho a un 25% de descuento en la afiliaci\u00f3n y los programas de Berkshire South*.<br><\/p>\t\t\t\t\t\t\t\t<\/div>\n\t\t\t\t<\/div>\n\t\t\t\t<div class=\"elementor-element elementor-element-106812b elementor-widget elementor-widget-text-editor\" data-id=\"106812b\" data-element_type=\"widget\" data-e-type=\"widget\" data-widget_type=\"text-editor.default\">\n\t\t\t\t<div class=\"elementor-widget-container\">\n\t\t\t\t\t\t\t\t\t<p><strong>*Aprende m\u00e1s sobre <a href=\"https:\/\/berkshiresouth.org\/es\/financial-assistance-policies-and-procedures\/\">vales de subvenci\u00f3n, ayudas econ\u00f3micas y ventajas de afiliaci\u00f3n aqu\u00ed<\/a>.<\/strong><\/p>\t\t\t\t\t\t\t\t<\/div>\n\t\t\t\t<\/div>\n\t\t\t\t<\/div>\n\t\t<div class=\"elementor-element elementor-element-700915f e-con-full e-flex e-con e-child\" data-id=\"700915f\" data-element_type=\"container\" data-e-type=\"container\">\n\t\t\t\t<div class=\"elementor-element elementor-element-86fb775 elementor-widget elementor-widget-image\" data-id=\"86fb775\" data-element_type=\"widget\" data-e-type=\"widget\" data-widget_type=\"image.default\">\n\t\t\t\t<div class=\"elementor-widget-container\">\n\t\t\t\t\t\t\t\t\t\t\t\t\t\t\t\t<a href=\"https:\/\/berkshiresouth.org\/wp-content\/uploads\/2024\/03\/BSRCC-2023-SunshineInTheSummer-OOS-SummerLaunchParty-72-800px_web.jpg\" data-elementor-open-lightbox=\"yes\" data-e-action-hash=\"#elementor-action%3Aaction%3Dlightbox%26settings%3DeyJpZCI6NDM2NjIsInVybCI6Imh0dHBzOlwvXC9iZXJrc2hpcmVzb3V0aC5vcmdcL3dwLWNvbnRlbnRcL3VwbG9hZHNcLzIwMjRcLzAzXC9CU1JDQy0yMDIzLVN1bnNoaW5lSW5UaGVTdW1tZXItT09TLVN1bW1lckxhdW5jaFBhcnR5LTcyLTgwMHB4X3dlYi5qcGcifQ%3D%3D\">\n\t\t\t\t\t\t\t<img fetchpriority=\"high\" decoding=\"async\" width=\"768\" height=\"641\" src=\"https:\/\/berkshiresouth.org\/wp-content\/uploads\/2024\/03\/BSRCC-2023-SunshineInTheSummer-OOS-SummerLaunchParty-72-800px_web-768x641.jpg\" class=\"attachment-medium_large size-medium_large wp-image-43662\" alt=\"\" srcset=\"https:\/\/berkshiresouth.org\/wp-content\/uploads\/2024\/03\/BSRCC-2023-SunshineInTheSummer-OOS-SummerLaunchParty-72-800px_web-768x641.jpg 768w, https:\/\/berkshiresouth.org\/wp-content\/uploads\/2024\/03\/BSRCC-2023-SunshineInTheSummer-OOS-SummerLaunchParty-72-800px_web-300x251.jpg 300w, https:\/\/berkshiresouth.org\/wp-content\/uploads\/2024\/03\/BSRCC-2023-SunshineInTheSummer-OOS-SummerLaunchParty-72-800px_web.jpg 800w\" sizes=\"(max-width: 768px) 100vw, 768px\" \/>\t\t\t\t\t\t\t\t<\/a>\n\t\t\t\t\t\t\t\t\t\t\t\t\t\t\t<\/div>\n\t\t\t\t<\/div>\n\t\t\t\t<div class=\"elementor-element elementor-element-7850f69 gallery-spacing-custom elementor-widget elementor-widget-image-gallery\" data-id=\"7850f69\" data-element_type=\"widget\" data-e-type=\"widget\" data-widget_type=\"image-gallery.default\">\n\t\t\t\t<div class=\"elementor-widget-container\">\n\t\t\t\t\t\t\t<div class=\"elementor-image-gallery\">\n\t\t\t<div id='gallery-1' class='gallery galleryid-44063 gallery-columns-3 gallery-size-medium_large'><figure class='gallery-item'>\n\t\t\t<div class='gallery-icon portrait'>\n\t\t\t\t<a data-elementor-open-lightbox=\"yes\" data-elementor-lightbox-slideshow=\"7850f69\" data-e-action-hash=\"#elementor-action%3Aaction%3Dlightbox%26settings%3DeyJpZCI6NDM2NjEsInVybCI6Imh0dHBzOlwvXC9iZXJrc2hpcmVzb3V0aC5vcmdcL3dwLWNvbnRlbnRcL3VwbG9hZHNcLzIwMjRcLzAzXC9CU1JDQy0yMDI0LVN1bnNoaW5lUHJlc2Nob29sLTc5LTYwMHB4X3dlYi5qcGciLCJzbGlkZXNob3ciOiI3ODUwZjY5In0%3D\" href='https:\/\/berkshiresouth.org\/wp-content\/uploads\/2024\/03\/BSRCC-2024-SunshinePreschool-79-600px_web.jpg'><img decoding=\"async\" width=\"600\" height=\"900\" src=\"https:\/\/berkshiresouth.org\/wp-content\/uploads\/2024\/03\/BSRCC-2024-SunshinePreschool-79-600px_web.jpg\" class=\"attachment-medium_large size-medium_large\" alt=\"\" srcset=\"https:\/\/berkshiresouth.org\/wp-content\/uploads\/2024\/03\/BSRCC-2024-SunshinePreschool-79-600px_web.jpg 600w, https:\/\/berkshiresouth.org\/wp-content\/uploads\/2024\/03\/BSRCC-2024-SunshinePreschool-79-600px_web-200x300.jpg 200w\" sizes=\"(max-width: 600px) 100vw, 600px\" \/><\/a>\n\t\t\t<\/div><\/figure><figure class='gallery-item'>\n\t\t\t<div class='gallery-icon portrait'>\n\t\t\t\t<a data-elementor-open-lightbox=\"yes\" data-elementor-lightbox-slideshow=\"7850f69\" data-e-action-hash=\"#elementor-action%3Aaction%3Dlightbox%26settings%3DeyJpZCI6NDM2NjMsInVybCI6Imh0dHBzOlwvXC9iZXJrc2hpcmVzb3V0aC5vcmdcL3dwLWNvbnRlbnRcL3VwbG9hZHNcLzIwMjRcLzAzXC9CU1JDQy0yMDI0LVN1bnNoaW5lUHJlc2Nob29sLTYtNjAwcHhfd2ViLmpwZyIsInNsaWRlc2hvdyI6Ijc4NTBmNjkifQ%3D%3D\" href='https:\/\/berkshiresouth.org\/wp-content\/uploads\/2024\/03\/BSRCC-2024-SunshinePreschool-6-600px_web.jpg'><img loading=\"lazy\" decoding=\"async\" width=\"600\" height=\"900\" src=\"https:\/\/berkshiresouth.org\/wp-content\/uploads\/2024\/03\/BSRCC-2024-SunshinePreschool-6-600px_web.jpg\" class=\"attachment-medium_large size-medium_large\" alt=\"\" srcset=\"https:\/\/berkshiresouth.org\/wp-content\/uploads\/2024\/03\/BSRCC-2024-SunshinePreschool-6-600px_web.jpg 600w, https:\/\/berkshiresouth.org\/wp-content\/uploads\/2024\/03\/BSRCC-2024-SunshinePreschool-6-600px_web-200x300.jpg 200w\" sizes=\"(max-width: 600px) 100vw, 600px\" \/><\/a>\n\t\t\t<\/div><\/figure><figure class='gallery-item'>\n\t\t\t<div class='gallery-icon portrait'>\n\t\t\t\t<a data-elementor-open-lightbox=\"yes\" data-elementor-lightbox-slideshow=\"7850f69\" data-e-action-hash=\"#elementor-action%3Aaction%3Dlightbox%26settings%3DeyJpZCI6NDM2NjAsInVybCI6Imh0dHBzOlwvXC9iZXJrc2hpcmVzb3V0aC5vcmdcL3dwLWNvbnRlbnRcL3VwbG9hZHNcLzIwMjRcLzAzXC9CU1JDQy0yMDI0LVN1bnNoaW5lUHJlc2Nob29sLTYwLTYwMHB4X3dlYi5qcGciLCJzbGlkZXNob3ciOiI3ODUwZjY5In0%3D\" href='https:\/\/berkshiresouth.org\/wp-content\/uploads\/2024\/03\/BSRCC-2024-SunshinePreschool-60-600px_web.jpg'><img loading=\"lazy\" decoding=\"async\" width=\"600\" height=\"900\" src=\"https:\/\/berkshiresouth.org\/wp-content\/uploads\/2024\/03\/BSRCC-2024-SunshinePreschool-60-600px_web.jpg\" class=\"attachment-medium_large size-medium_large\" alt=\"\" srcset=\"https:\/\/berkshiresouth.org\/wp-content\/uploads\/2024\/03\/BSRCC-2024-SunshinePreschool-60-600px_web.jpg 600w, https:\/\/berkshiresouth.org\/wp-content\/uploads\/2024\/03\/BSRCC-2024-SunshinePreschool-60-600px_web-200x300.jpg 200w\" sizes=\"(max-width: 600px) 100vw, 600px\" \/><\/a>\n\t\t\t<\/div><\/figure>\n\t\t<\/div>\n\t\t<\/div>\n\t\t\t\t\t\t<\/div>\n\t\t\t\t<\/div>\n\t\t\t\t<div class=\"elementor-element elementor-element-4eff907 elementor-widget elementor-widget-image\" data-id=\"4eff907\" data-element_type=\"widget\" data-e-type=\"widget\" data-widget_type=\"image.default\">\n\t\t\t\t<div class=\"elementor-widget-container\">\n\t\t\t\t\t\t\t\t\t\t\t\t\t\t\t\t<a href=\"https:\/\/berkshiresouth.org\/wp-content\/uploads\/2024\/03\/2023-OOS-Summer-Launch-Party-48-scaled.jpg\" data-elementor-open-lightbox=\"yes\" data-e-action-hash=\"#elementor-action%3Aaction%3Dlightbox%26settings%3DeyJpZCI6NDM2NzIsInVybCI6Imh0dHBzOlwvXC9iZXJrc2hpcmVzb3V0aC5vcmdcL3dwLWNvbnRlbnRcL3VwbG9hZHNcLzIwMjRcLzAzXC8yMDIzLU9PUy1TdW1tZXItTGF1bmNoLVBhcnR5LTQ4LXNjYWxlZC5qcGcifQ%3D%3D\">\n\t\t\t\t\t\t\t<img loading=\"lazy\" decoding=\"async\" width=\"768\" height=\"552\" src=\"https:\/\/berkshiresouth.org\/wp-content\/uploads\/2024\/03\/2023-OOS-Summer-Launch-Party-48-768x552.jpg\" class=\"attachment-medium_large size-medium_large wp-image-43672\" alt=\"\" srcset=\"https:\/\/berkshiresouth.org\/wp-content\/uploads\/2024\/03\/2023-OOS-Summer-Launch-Party-48-768x552.jpg 768w, https:\/\/berkshiresouth.org\/wp-content\/uploads\/2024\/03\/2023-OOS-Summer-Launch-Party-48-300x215.jpg 300w, https:\/\/berkshiresouth.org\/wp-content\/uploads\/2024\/03\/2023-OOS-Summer-Launch-Party-48-1024x735.jpg 1024w, https:\/\/berkshiresouth.org\/wp-content\/uploads\/2024\/03\/2023-OOS-Summer-Launch-Party-48-1536x1103.jpg 1536w, https:\/\/berkshiresouth.org\/wp-content\/uploads\/2024\/03\/2023-OOS-Summer-Launch-Party-48-2048x1471.jpg 2048w\" sizes=\"(max-width: 768px) 100vw, 768px\" \/>\t\t\t\t\t\t\t\t<\/a>\n\t\t\t\t\t\t\t\t\t\t\t\t\t\t\t<\/div>\n\t\t\t\t<\/div>\n\t\t\t\t<\/div>\n\t\t\t\t\t<\/div>\n\t\t\t\t<\/div>\n\t\t\t\t<\/div>\n\t\t","protected":false},"excerpt":{"rendered":"<p>Sol en verano Inicio \u02c3 Educaci\u00f3n y cuidado de los ni\u00f1os &gt; Sol en verano Sol En El Verano 2026 Sol en verano 2026 est\u00e1 lleno Ponte en contacto con Amanda Marcinak en amarcinak@berkshiresouth.org para inscribirte en la lista de espera. La inscripci\u00f3n para el verano a\u00fan no est\u00e1 abierta. Si deseas inscribirte en la [&hellip;]<\/p>\n","protected":false},"author":6,"featured_media":0,"parent":0,"menu_order":0,"comment_status":"closed","ping_status":"closed","template":"","meta":{"_seopress_robots_primary_cat":"","_seopress_titles_title":"Sol en la investigaci\u00f3n de verano","_seopress_titles_desc":"","_seopress_robots_index":"","site-sidebar-layout":"no-sidebar","site-content-layout":"page-builder","ast-site-content-layout":"default","site-content-style":"default","site-sidebar-style":"default","ast-global-header-display":"","ast-banner-title-visibility":"","ast-main-header-display":"","ast-hfb-above-header-display":"","ast-hfb-below-header-display":"","ast-hfb-mobile-header-display":"","site-post-title":"disabled","ast-breadcrumbs-content":"","ast-featured-img":"disabled","footer-sml-layout":"","ast-disable-related-posts":"","theme-transparent-header-meta":"enabled","adv-header-id-meta":"","stick-header-meta":"default","header-above-stick-meta":"","header-main-stick-meta":"","header-below-stick-meta":"","astra-migrate-meta-layouts":"default","ast-page-background-enabled":"default","ast-page-background-meta":{"desktop":{"background-color":"","background-image":"","background-repeat":"repeat","background-position":"center center","background-size":"auto","background-attachment":"scroll","background-type":"","background-media":"","overlay-type":"","overlay-color":"","overlay-opacity":"","overlay-gradient":""},"tablet":{"background-color":"","background-image":"","background-repeat":"repeat","background-position":"center center","background-size":"auto","background-attachment":"scroll","background-type":"","background-media":"","overlay-type":"","overlay-color":"","overlay-opacity":"","overlay-gradient":""},"mobile":{"background-color":"","background-image":"","background-repeat":"repeat","background-position":"center center","background-size":"auto","background-attachment":"scroll","background-type":"","background-media":"","overlay-type":"","overlay-color":"","overlay-opacity":"","overlay-gradient":""}},"ast-content-background-meta":{"desktop":{"background-color":"var(--ast-global-color-5)","background-image":"","background-repeat":"repeat","background-position":"center center","background-size":"auto","background-attachment":"scroll","background-type":"","background-media":"","overlay-type":"","overlay-color":"","overlay-opacity":"","overlay-gradient":""},"tablet":{"background-color":"var(--ast-global-color-5)","background-image":"","background-repeat":"repeat","background-position":"center center","background-size":"auto","background-attachment":"scroll","background-type":"","background-media":"","overlay-type":"","overlay-color":"","overlay-opacity":"","overlay-gradient":""},"mobile":{"background-color":"var(--ast-global-color-5)","background-image":"","background-repeat":"repeat","background-position":"center center","background-size":"auto","background-attachment":"scroll","background-type":"","background-media":"","overlay-type":"","overlay-color":"","overlay-opacity":"","overlay-gradient":""}},"footnotes":""},"class_list":["post-44063","page","type-page","status-publish","hentry"],"_links":{"self":[{"href":"https:\/\/berkshiresouth.org\/es\/wp-json\/wp\/v2\/pages\/44063","targetHints":{"allow":["GET"]}}],"collection":[{"href":"https:\/\/berkshiresouth.org\/es\/wp-json\/wp\/v2\/pages"}],"about":[{"href":"https:\/\/berkshiresouth.org\/es\/wp-json\/wp\/v2\/types\/page"}],"author":[{"embeddable":true,"href":"https:\/\/berkshiresouth.org\/es\/wp-json\/wp\/v2\/users\/6"}],"replies":[{"embeddable":true,"href":"https:\/\/berkshiresouth.org\/es\/wp-json\/wp\/v2\/comments?post=44063"}],"version-history":[{"count":10,"href":"https:\/\/berkshiresouth.org\/es\/wp-json\/wp\/v2\/pages\/44063\/revisions"}],"predecessor-version":[{"id":51899,"href":"https:\/\/berkshiresouth.org\/es\/wp-json\/wp\/v2\/pages\/44063\/revisions\/51899"}],"wp:attachment":[{"href":"https:\/\/berkshiresouth.org\/es\/wp-json\/wp\/v2\/media?parent=44063"}],"curies":[{"name":"wp","href":"https:\/\/api.w.org\/{rel}","templated":true}]}}