{"id":44073,"date":"2023-11-01T14:17:51","date_gmt":"2023-11-01T18:17:51","guid":{"rendered":"https:\/\/berkshiresouth.org\/actividades-acuaticas-intergeneracionales\/"},"modified":"2026-03-26T11:21:12","modified_gmt":"2026-03-26T15:21:12","slug":"aquatics-intergenerational","status":"publish","type":"page","link":"https:\/\/berkshiresouth.org\/es\/aquatics-intergenerational\/","title":{"rendered":"Actividades acu\u00e1ticas intergeneracionales"},"content":{"rendered":"\t\t<div data-elementor-type=\"wp-post\" data-elementor-id=\"44073\" class=\"elementor elementor-44073 elementor-26217\" data-elementor-post-type=\"page\">\n\t\t\t\t<div class=\"elementor-element elementor-element-b69269b e-flex e-con-boxed e-con e-parent\" data-id=\"b69269b\" data-element_type=\"container\" data-e-type=\"container\" data-settings=\"{&quot;background_background&quot;:&quot;classic&quot;}\">\n\t\t\t\t\t<div class=\"e-con-inner\">\n\t\t<div class=\"elementor-element elementor-element-4e1ee2d e-con-full e-flex e-con e-child\" data-id=\"4e1ee2d\" data-element_type=\"container\" data-e-type=\"container\">\n\t\t\t\t<div class=\"elementor-element elementor-element-27099c7 elementor-widget elementor-widget-heading\" data-id=\"27099c7\" data-element_type=\"widget\" data-e-type=\"widget\" data-widget_type=\"heading.default\">\n\t\t\t\t<div class=\"elementor-widget-container\">\n\t\t\t\t\t<h1 class=\"elementor-heading-title elementor-size-default\">Actividades acu\u00e1ticas intergeneracionales<\/h1>\t\t\t\t<\/div>\n\t\t\t\t<\/div>\n\t\t<div class=\"elementor-element elementor-element-6adcf14 e-con-full e-flex e-con e-child\" data-id=\"6adcf14\" data-element_type=\"container\" data-e-type=\"container\">\n\t\t\t\t<div class=\"elementor-element elementor-element-83823a7 elementor-widget__width-auto elementor-widget elementor-widget-image\" data-id=\"83823a7\" data-element_type=\"widget\" data-e-type=\"widget\" data-widget_type=\"image.default\">\n\t\t\t\t<div class=\"elementor-widget-container\">\n\t\t\t\t\t\t\t\t\t\t\t\t\t\t\t<img decoding=\"async\" width=\"150\" height=\"150\" src=\"https:\/\/berkshiresouth.org\/wp-content\/uploads\/2022\/07\/BerkshireSouthAquaticsIcon-200px-150x150.png\" class=\"attachment-thumbnail size-thumbnail wp-image-43481\" alt=\"Icono Acu\u00e1tico\" srcset=\"https:\/\/berkshiresouth.org\/wp-content\/uploads\/2022\/07\/BerkshireSouthAquaticsIcon-200px-150x150.png 150w, https:\/\/berkshiresouth.org\/wp-content\/uploads\/2022\/07\/BerkshireSouthAquaticsIcon-200px.png 200w\" sizes=\"(max-width: 150px) 100vw, 150px\" \/>\t\t\t\t\t\t\t\t\t\t\t\t\t\t\t<\/div>\n\t\t\t\t<\/div>\n\t\t\t\t<div class=\"elementor-element elementor-element-7daa236 elementor-widget__width-auto elementor-widget elementor-widget-text-editor\" data-id=\"7daa236\" data-element_type=\"widget\" data-e-type=\"widget\" data-widget_type=\"text-editor.default\">\n\t\t\t\t<div class=\"elementor-widget-container\">\n\t\t\t\t\t\t\t\t\t<p><a href=\"https:\/\/berkshiresouth.org\/es\/\">Inicio<\/a> \u02c3 <a href=\"https:\/\/berkshiresouth.org\/es\/aquatics\/\">Acu\u00e1ticos<\/a> &gt; <a href=\"https:\/\/berkshiresouth.org\/es\/aquatics-intergenerational\/\">Acu\u00e1ticos intergeneracionales<\/a><\/p>\t\t\t\t\t\t\t\t<\/div>\n\t\t\t\t<\/div>\n\t\t\t\t<\/div>\n\t\t\t\t<\/div>\n\t\t\t\t\t<\/div>\n\t\t\t\t<\/div>\n\t\t<div class=\"elementor-element elementor-element-358a99e e-flex e-con-boxed e-con e-parent\" data-id=\"358a99e\" data-element_type=\"container\" data-e-type=\"container\">\n\t\t\t\t\t<div class=\"e-con-inner\">\n\t\t\t\t<div class=\"elementor-element elementor-element-b317844 elementor-widget elementor-widget-heading\" data-id=\"b317844\" data-element_type=\"widget\" data-e-type=\"widget\" data-widget_type=\"heading.default\">\n\t\t\t\t<div class=\"elementor-widget-container\">\n\t\t\t\t\t<h2 class=\"elementor-heading-title elementor-size-default\">Actividades acu\u00e1ticas intergeneracionales  <\/h2>\t\t\t\t<\/div>\n\t\t\t\t<\/div>\n\t\t\t\t<div class=\"elementor-element elementor-element-ae31b69 elementor-widget-divider--view-line elementor-widget elementor-widget-divider\" data-id=\"ae31b69\" data-element_type=\"widget\" data-e-type=\"widget\" data-widget_type=\"divider.default\">\n\t\t\t\t<div class=\"elementor-widget-container\">\n\t\t\t\t\t\t\t<div class=\"elementor-divider\">\n\t\t\t<span class=\"elementor-divider-separator\">\n\t\t\t\t\t\t<\/span>\n\t\t<\/div>\n\t\t\t\t\t\t<\/div>\n\t\t\t\t<\/div>\n\t\t<div class=\"elementor-element elementor-element-f6a180c e-con-full e-flex e-con e-child\" data-id=\"f6a180c\" data-element_type=\"container\" data-e-type=\"container\">\n\t\t<div class=\"elementor-element elementor-element-0a9716b e-con-full e-flex e-con e-child\" data-id=\"0a9716b\" data-element_type=\"container\" data-e-type=\"container\">\n\t\t\t\t<div class=\"elementor-element elementor-element-b602a0b elementor-widget elementor-widget-heading\" data-id=\"b602a0b\" data-element_type=\"widget\" data-e-type=\"widget\" data-widget_type=\"heading.default\">\n\t\t\t\t<div class=\"elementor-widget-container\">\n\t\t\t\t\t<h3 class=\"elementor-heading-title elementor-size-default\">Voleibol acu\u00e1tico<\/h3>\t\t\t\t<\/div>\n\t\t\t\t<\/div>\n\t\t\t\t<div class=\"elementor-element elementor-element-096b30f elementor-widget elementor-widget-text-editor\" data-id=\"096b30f\" data-element_type=\"widget\" data-e-type=\"widget\" data-widget_type=\"text-editor.default\">\n\t\t\t\t<div class=\"elementor-widget-container\">\n\t\t\t\t\t\t\t\t\t<p>Mi\u00e9rcoles 17:30 - 18:30<\/p>\t\t\t\t\t\t\t\t<\/div>\n\t\t\t\t<\/div>\n\t\t\t\t<div class=\"elementor-element elementor-element-24ad780 elementor-widget elementor-widget-text-editor\" data-id=\"24ad780\" data-element_type=\"widget\" data-e-type=\"widget\" data-widget_type=\"text-editor.default\">\n\t\t\t\t<div class=\"elementor-widget-container\">\n\t\t\t\t\t\t\t\t\t<p>Instructor: <em>Beignyreih Person<\/em><\/p>\t\t\t\t\t\t\t\t<\/div>\n\t\t\t\t<\/div>\n\t\t\t\t<div class=\"elementor-element elementor-element-0a69886 elementor-widget elementor-widget-text-editor\" data-id=\"0a69886\" data-element_type=\"widget\" data-e-type=\"widget\" data-widget_type=\"text-editor.default\">\n\t\t\t\t<div class=\"elementor-widget-container\">\n\t\t\t\t\t\t\t\t\t<p><strong>*Abierto a jugadores de todas las edades, siempre que puedan mantenerse de pie y moverse con la cabeza totalmente por encima del agua en la zona poco profunda.<\/strong><\/p>\t\t\t\t\t\t\t\t<\/div>\n\t\t\t\t<\/div>\n\t\t<div class=\"elementor-element elementor-element-55270be e-con-full e-flex e-con e-child\" data-id=\"55270be\" data-element_type=\"container\" data-e-type=\"container\">\n\t\t\t\t<div class=\"elementor-element elementor-element-63ae09d eael-tooltip-align-left elementor-widget elementor-widget-eael-tooltip\" data-id=\"63ae09d\" data-element_type=\"widget\" data-e-type=\"widget\" data-widget_type=\"eael-tooltip.default\">\n\t\t\t\t<div class=\"elementor-widget-container\">\n\t\t\t\t\t\t<div class=\"eael-tooltip\">\n\t\t\t\t\t<span class=\"eael-tooltip-content\" tabindex=\"0\" aria-describedby=\"tooltip-text-63ae09d\"><img decoding=\"async\" src=\"https:\/\/berkshiresouth.org\/wp-content\/uploads\/2025\/06\/BerkshireSouth-Aquatics-FreeForMembers-Icon-Espanol-200px.png\" alt=\"Sin cuota para los afiliados\"><\/span>\n  \t\t\t<span id=\"tooltip-text-63ae09d\" class=\"eael-tooltip-text eael-tooltip-right\" role=\"tooltip\"><p>Sin cuota para los afiliados<\/p><\/span>\n  \t\t\t<\/div>\n\t\t\t\t\t<\/div>\n\t\t\t\t<\/div>\n\t\t\t\t<div class=\"elementor-element elementor-element-180c330 elementor-widget__width-initial elementor-widget elementor-widget-text-editor\" data-id=\"180c330\" data-element_type=\"widget\" data-e-type=\"widget\" data-widget_type=\"text-editor.default\">\n\t\t\t\t<div class=\"elementor-widget-container\">\n\t\t\t\t\t\t\t\t\t<p>Se trata de una clase sin inscripci\u00f3n previa.<\/p>\t\t\t\t\t\t\t\t<\/div>\n\t\t\t\t<\/div>\n\t\t\t\t<\/div>\n\t\t\t\t<\/div>\n\t\t<div class=\"elementor-element elementor-element-cafb189 e-con-full e-flex e-con e-child\" data-id=\"cafb189\" data-element_type=\"container\" data-e-type=\"container\">\n\t\t\t\t<div class=\"elementor-element elementor-element-415e2e3 elementor-widget elementor-widget-text-editor\" data-id=\"415e2e3\" data-element_type=\"widget\" data-e-type=\"widget\" data-widget_type=\"text-editor.default\">\n\t\t\t\t<div class=\"elementor-widget-container\">\n\t\t\t\t\t\t\t\t\t<p>\u00a1Pon en marcha tu juego (acu\u00e1tico)! Cambia y carga tu rutina acu\u00e1tica con el voleibol acu\u00e1tico. Participa en una hora de deporte acu\u00e1tico r\u00e1pido y divertido que quema calor\u00edas, fomenta el movimiento saludable y aporta diversi\u00f3n a tu entrenamiento de los mi\u00e9rcoles.  <\/p>\t\t\t\t\t\t\t\t<\/div>\n\t\t\t\t<\/div>\n\t\t\t\t<\/div>\n\t\t\t\t<\/div>\n\t\t\t\t<div class=\"elementor-element elementor-element-3f3a265 elementor-widget-divider--view-line elementor-widget elementor-widget-divider\" data-id=\"3f3a265\" data-element_type=\"widget\" data-e-type=\"widget\" data-widget_type=\"divider.default\">\n\t\t\t\t<div class=\"elementor-widget-container\">\n\t\t\t\t\t\t\t<div class=\"elementor-divider\">\n\t\t\t<span class=\"elementor-divider-separator\">\n\t\t\t\t\t\t<\/span>\n\t\t<\/div>\n\t\t\t\t\t\t<\/div>\n\t\t\t\t<\/div>\n\t\t<div class=\"elementor-element elementor-element-87bb4ed e-con-full elementor-hidden-desktop elementor-hidden-tablet elementor-hidden-mobile e-flex e-con e-child\" data-id=\"87bb4ed\" data-element_type=\"container\" data-e-type=\"container\">\n\t\t<div class=\"elementor-element elementor-element-0553701 e-con-full e-flex e-con e-child\" data-id=\"0553701\" data-element_type=\"container\" data-e-type=\"container\">\n\t\t\t\t<div class=\"elementor-element elementor-element-e7d659a elementor-widget elementor-widget-heading\" data-id=\"e7d659a\" data-element_type=\"widget\" data-e-type=\"widget\" data-widget_type=\"heading.default\">\n\t\t\t\t<div class=\"elementor-widget-container\">\n\t\t\t\t\t<h3 class=\"elementor-heading-title elementor-size-default\">S\u00e1bado AM Jam<\/h3>\t\t\t\t<\/div>\n\t\t\t\t<\/div>\n\t\t\t\t<div class=\"elementor-element elementor-element-a653ae8 elementor-widget elementor-widget-text-editor\" data-id=\"a653ae8\" data-element_type=\"widget\" data-e-type=\"widget\" data-widget_type=\"text-editor.default\">\n\t\t\t\t<div class=\"elementor-widget-container\">\n\t\t\t\t\t\t\t\t\t<p>S\u00e1bados 10:30 - 11:30 h<\/p>\t\t\t\t\t\t\t\t<\/div>\n\t\t\t\t<\/div>\n\t\t\t\t<div class=\"elementor-element elementor-element-56ca23d elementor-widget elementor-widget-text-editor\" data-id=\"56ca23d\" data-element_type=\"widget\" data-e-type=\"widget\" data-widget_type=\"text-editor.default\">\n\t\t\t\t<div class=\"elementor-widget-container\">\n\t\t\t\t\t\t\t\t\t<p>Instructor: <em>Beignyreih Person<\/em><\/p>\t\t\t\t\t\t\t\t<\/div>\n\t\t\t\t<\/div>\n\t\t\t\t<div class=\"elementor-element elementor-element-4a05c86 elementor-hidden-desktop elementor-hidden-tablet elementor-hidden-mobile elementor-widget elementor-widget-text-editor\" data-id=\"4a05c86\" data-element_type=\"widget\" data-e-type=\"widget\" data-widget_type=\"text-editor.default\">\n\t\t\t\t<div class=\"elementor-widget-container\">\n\t\t\t\t\t\t\t\t\t<p><strong>*Despu\u00e9s del 7 de julio, esta clase quedar\u00e1 en pausa durante el verano y volver\u00e1 en septiembre.<\/strong><\/p>\t\t\t\t\t\t\t\t<\/div>\n\t\t\t\t<\/div>\n\t\t<div class=\"elementor-element elementor-element-5ec8dfe e-con-full e-flex e-con e-child\" data-id=\"5ec8dfe\" data-element_type=\"container\" data-e-type=\"container\">\n\t\t\t\t<div class=\"elementor-element elementor-element-90bbc84 eael-tooltip-align-left elementor-widget elementor-widget-eael-tooltip\" data-id=\"90bbc84\" data-element_type=\"widget\" data-e-type=\"widget\" data-widget_type=\"eael-tooltip.default\">\n\t\t\t\t<div class=\"elementor-widget-container\">\n\t\t\t\t\t\t<div class=\"eael-tooltip\">\n\t\t\t\t\t<span class=\"eael-tooltip-content\" tabindex=\"0\" aria-describedby=\"tooltip-text-90bbc84\"><img decoding=\"async\" src=\"https:\/\/berkshiresouth.org\/wp-content\/uploads\/2025\/06\/BerkshireSouth-Aquatics-FreeForMembers-Icon-Espanol-200px.png\" alt=\"Sin cuota para los afiliados\"><\/span>\n  \t\t\t<span id=\"tooltip-text-90bbc84\" class=\"eael-tooltip-text eael-tooltip-right\" role=\"tooltip\"><p>Sin cuota para los afiliados<\/p><\/span>\n  \t\t\t<\/div>\n\t\t\t\t\t<\/div>\n\t\t\t\t<\/div>\n\t\t\t\t<div class=\"elementor-element elementor-element-16c19b9 elementor-widget__width-initial elementor-widget elementor-widget-text-editor\" data-id=\"16c19b9\" data-element_type=\"widget\" data-e-type=\"widget\" data-widget_type=\"text-editor.default\">\n\t\t\t\t<div class=\"elementor-widget-container\">\n\t\t\t\t\t\t\t\t\t<p>Se trata de una clase sin inscripci\u00f3n previa.<\/p>\t\t\t\t\t\t\t\t<\/div>\n\t\t\t\t<\/div>\n\t\t\t\t<\/div>\n\t\t\t\t<\/div>\n\t\t<div class=\"elementor-element elementor-element-5ad84cf e-con-full e-flex e-con e-child\" data-id=\"5ad84cf\" data-element_type=\"container\" data-e-type=\"container\">\n\t\t\t\t<div class=\"elementor-element elementor-element-d11ee56 elementor-widget elementor-widget-text-editor\" data-id=\"d11ee56\" data-element_type=\"widget\" data-e-type=\"widget\" data-widget_type=\"text-editor.default\">\n\t\t\t\t<div class=\"elementor-widget-container\">\n\t\t\t\t\t\t\t\t\t<p>Abierta a todas las edades, esta hora de programaci\u00f3n divertida, informal y diversa utiliza la zona de ba\u00f1o abierta. Beignyreih dirigir\u00e1 actividades como voleibol, bailes acu\u00e1ticos, juegos de piscina y demostraciones de seguridad en el agua. Para m\u00e1s informaci\u00f3n sobre el calendario de programaci\u00f3n, \u00fanete a nuestra <a href=\"https:\/\/berkshiresouth.org\/es\/aquatics\/#emaillist\">lista de correo electr\u00f3nico acu\u00e1tico para recibir las Notas de Piscina semanales<\/a>, o ponte en contacto con: <a href=\"mailto:aquatics@berkshiresouth.org\">aquatics@berkshiresouth.org.<\/a>  <\/p>\t\t\t\t\t\t\t\t<\/div>\n\t\t\t\t<\/div>\n\t\t\t\t<\/div>\n\t\t\t\t<\/div>\n\t\t\t\t<div class=\"elementor-element elementor-element-03dcd99 elementor-hidden-desktop elementor-hidden-tablet elementor-hidden-mobile elementor-widget-divider--view-line elementor-widget elementor-widget-divider\" data-id=\"03dcd99\" data-element_type=\"widget\" data-e-type=\"widget\" data-widget_type=\"divider.default\">\n\t\t\t\t<div class=\"elementor-widget-container\">\n\t\t\t\t\t\t\t<div class=\"elementor-divider\">\n\t\t\t<span class=\"elementor-divider-separator\">\n\t\t\t\t\t\t<\/span>\n\t\t<\/div>\n\t\t\t\t\t\t<\/div>\n\t\t\t\t<\/div>\n\t\t\t\t<div class=\"elementor-element elementor-element-0ee5f1c elementor-widget elementor-widget-template\" data-id=\"0ee5f1c\" data-element_type=\"widget\" data-e-type=\"widget\" data-widget_type=\"template.default\">\n\t\t\t\t<div class=\"elementor-widget-container\">\n\t\t\t\t\t\t\t<div class=\"elementor-template\">\n\t\t\t\t\t<div data-elementor-type=\"container\" data-elementor-id=\"43971\" class=\"elementor elementor-43971 elementor-26267 elementor-26267\" data-elementor-post-type=\"elementor_library\">\n\t\t\t\t<div class=\"elementor-element elementor-element-693494a e-flex e-con-boxed e-con e-parent\" data-id=\"693494a\" data-element_type=\"container\" data-e-type=\"container\">\n\t\t\t\t\t<div class=\"e-con-inner\">\n\t\t<div class=\"elementor-element elementor-element-2b2441e e-con-full e-flex e-con e-child\" data-id=\"2b2441e\" data-element_type=\"container\" data-e-type=\"container\">\n\t\t<div class=\"elementor-element elementor-element-4993506 e-con-full e-flex e-con e-child\" data-id=\"4993506\" data-element_type=\"container\" data-e-type=\"container\">\n\t\t\t\t<div class=\"elementor-element elementor-element-379376e elementor-widget elementor-widget-heading\" data-id=\"379376e\" data-element_type=\"widget\" data-e-type=\"widget\" data-widget_type=\"heading.default\">\n\t\t\t\t<div class=\"elementor-widget-container\">\n\t\t\t\t\t<h3 class=\"elementor-heading-title elementor-size-default\">Horarios de nataci\u00f3n abierta<\/h3>\t\t\t\t<\/div>\n\t\t\t\t<\/div>\n\t\t\t\t<div class=\"elementor-element elementor-element-5f07de1 elementor-hidden-desktop elementor-hidden-tablet elementor-hidden-mobile eael-tooltip-align-left elementor-widget elementor-widget-eael-tooltip\" data-id=\"5f07de1\" data-element_type=\"widget\" data-e-type=\"widget\" data-widget_type=\"eael-tooltip.default\">\n\t\t\t\t<div class=\"elementor-widget-container\">\n\t\t\t\t\t\t<div class=\"eael-tooltip\">\n\t\t\t\t\t<span class=\"eael-tooltip-content\" tabindex=\"0\" aria-describedby=\"tooltip-text-5f07de1\"><img decoding=\"async\" src=\"https:\/\/berkshiresouth.org\/wp-content\/uploads\/2025\/06\/BerkshireSouth-Aquatics-FreeForMembers-Icon-Espanol-200px.png\" alt=\"Sin cuota para los afiliados\"><\/span>\n  \t\t\t<span id=\"tooltip-text-5f07de1\" class=\"eael-tooltip-text eael-tooltip-right\" role=\"tooltip\"><p>Sin cuota para los afiliados<\/p><\/span>\n  \t\t\t<\/div>\n\t\t\t\t\t<\/div>\n\t\t\t\t<\/div>\n\t\t\t\t<\/div>\n\t\t<div class=\"elementor-element elementor-element-aef0249 e-con-full e-flex e-con e-child\" data-id=\"aef0249\" data-element_type=\"container\" data-e-type=\"container\">\n\t\t\t\t<div class=\"elementor-element elementor-element-5f83684 elementor-widget elementor-widget-text-editor\" data-id=\"5f83684\" data-element_type=\"widget\" data-e-type=\"widget\" data-widget_type=\"text-editor.default\">\n\t\t\t\t<div class=\"elementor-widget-container\">\n\t\t\t\t\t\t\t\t\t<p>\u00a1Todos los horarios de \u00abNataci\u00f3n Abierta\u00bb est\u00e1n disponibles para nadadores y aficionados a la acuariofilia de todas las edades! \u00abNataci\u00f3n abierta\u00bb significa que 2 carriles est\u00e1n configurados en un rect\u00e1ngulo m\u00e1s grande disponible para que lo utilices para hacer ejercicio, jugar y relajarte.<\/p>\t\t\t\t\t\t\t\t<\/div>\n\t\t\t\t<\/div>\n\t\t\t\t<div class=\"elementor-element elementor-element-22a6374 elementor-widget elementor-widget-text-editor\" data-id=\"22a6374\" data-element_type=\"widget\" data-e-type=\"widget\" data-widget_type=\"text-editor.default\">\n\t\t\t\t<div class=\"elementor-widget-container\">\n\t\t\t\t\t\t\t\t\t<p><b><u>TIEMPO DE NATACI\u00d3N ABIERTA<\/u><\/b>:<\/p><p dir=\"ltr\">Lunes 10:30-16:00 y 18:30-20:00<\/p><p dir=\"ltr\">Martes 11:30-16:00 y 18:30-20:00<\/p><p dir=\"ltr\">Mi\u00e9rcoles: 10:30-16:00 y 18:30-20:00<\/p><p dir=\"ltr\">Jueves: 12:00-14:00, 15:00-16:00 y 18:30-20:00<\/p><p dir=\"ltr\">Viernes: 13:00-16:00 y 18:30-20:00<\/p><p dir=\"ltr\">S\u00e1bados: 12:30-16:30<\/p><p dir=\"ltr\">Domingos 9:00-11:30<\/p>\t\t\t\t\t\t\t\t<\/div>\n\t\t\t\t<\/div>\n\t\t\t\t<\/div>\n\t\t\t\t<\/div>\n\t\t\t\t\t<\/div>\n\t\t\t\t<\/div>\n\t\t\t\t<\/div>\n\t\t\t\t<\/div>\n\t\t\t\t\t\t<\/div>\n\t\t\t\t<\/div>\n\t\t\t\t\t<\/div>\n\t\t\t\t<\/div>\n\t\t<div class=\"elementor-element elementor-element-d00ed04 e-flex e-con-boxed e-con e-parent\" data-id=\"d00ed04\" data-element_type=\"container\" data-e-type=\"container\">\n\t\t\t\t\t<div class=\"e-con-inner\">\n\t\t\t\t<div class=\"elementor-element elementor-element-4c45605 elementor-widget elementor-widget-spacer\" data-id=\"4c45605\" data-element_type=\"widget\" data-e-type=\"widget\" data-widget_type=\"spacer.default\">\n\t\t\t\t<div class=\"elementor-widget-container\">\n\t\t\t\t\t\t\t<div class=\"elementor-spacer\">\n\t\t\t<div class=\"elementor-spacer-inner\"><\/div>\n\t\t<\/div>\n\t\t\t\t\t\t<\/div>\n\t\t\t\t<\/div>\n\t\t\t\t\t<\/div>\n\t\t\t\t<\/div>\n\t\t\t\t<\/div>\n\t\t","protected":false},"excerpt":{"rendered":"<p>Actividades acu\u00e1ticas intergeneracionales Inicio \u02c3 Acu\u00e1ticos &gt; Acu\u00e1ticos intergeneracionales Actividades acu\u00e1ticas intergeneracionales Voleibol acu\u00e1tico Mi\u00e9rcoles 17:30 - 18:30 Instructor: Beignyreih Person *Abierto a jugadores de todas las edades, siempre que puedan mantenerse de pie y moverse con la cabeza totalmente por encima del agua en la zona poco profunda. Sin cuota para los afiliados Se [&hellip;]<\/p>\n","protected":false},"author":6,"featured_media":0,"parent":0,"menu_order":0,"comment_status":"closed","ping_status":"closed","template":"","meta":{"_seopress_robots_primary_cat":"","_seopress_titles_title":"","_seopress_titles_desc":"","_seopress_robots_index":"","site-sidebar-layout":"no-sidebar","site-content-layout":"page-builder","ast-site-content-layout":"default","site-content-style":"default","site-sidebar-style":"default","ast-global-header-display":"","ast-banner-title-visibility":"","ast-main-header-display":"","ast-hfb-above-header-display":"","ast-hfb-below-header-display":"","ast-hfb-mobile-header-display":"","site-post-title":"disabled","ast-breadcrumbs-content":"","ast-featured-img":"disabled","footer-sml-layout":"","ast-disable-related-posts":"","theme-transparent-header-meta":"enabled","adv-header-id-meta":"","stick-header-meta":"","header-above-stick-meta":"","header-main-stick-meta":"","header-below-stick-meta":"","astra-migrate-meta-layouts":"default","ast-page-background-enabled":"default","ast-page-background-meta":{"desktop":{"background-color":"","background-image":"","background-repeat":"repeat","background-position":"center center","background-size":"auto","background-attachment":"scroll","background-type":"","background-media":"","overlay-type":"","overlay-color":"","overlay-opacity":"","overlay-gradient":""},"tablet":{"background-color":"","background-image":"","background-repeat":"repeat","background-position":"center center","background-size":"auto","background-attachment":"scroll","background-type":"","background-media":"","overlay-type":"","overlay-color":"","overlay-opacity":"","overlay-gradient":""},"mobile":{"background-color":"","background-image":"","background-repeat":"repeat","background-position":"center center","background-size":"auto","background-attachment":"scroll","background-type":"","background-media":"","overlay-type":"","overlay-color":"","overlay-opacity":"","overlay-gradient":""}},"ast-content-background-meta":{"desktop":{"background-color":"var(--ast-global-color-5)","background-image":"","background-repeat":"repeat","background-position":"center center","background-size":"auto","background-attachment":"scroll","background-type":"","background-media":"","overlay-type":"","overlay-color":"","overlay-opacity":"","overlay-gradient":""},"tablet":{"background-color":"var(--ast-global-color-5)","background-image":"","background-repeat":"repeat","background-position":"center center","background-size":"auto","background-attachment":"scroll","background-type":"","background-media":"","overlay-type":"","overlay-color":"","overlay-opacity":"","overlay-gradient":""},"mobile":{"background-color":"var(--ast-global-color-5)","background-image":"","background-repeat":"repeat","background-position":"center center","background-size":"auto","background-attachment":"scroll","background-type":"","background-media":"","overlay-type":"","overlay-color":"","overlay-opacity":"","overlay-gradient":""}},"footnotes":""},"class_list":["post-44073","page","type-page","status-publish","hentry"],"_links":{"self":[{"href":"https:\/\/berkshiresouth.org\/es\/wp-json\/wp\/v2\/pages\/44073","targetHints":{"allow":["GET"]}}],"collection":[{"href":"https:\/\/berkshiresouth.org\/es\/wp-json\/wp\/v2\/pages"}],"about":[{"href":"https:\/\/berkshiresouth.org\/es\/wp-json\/wp\/v2\/types\/page"}],"author":[{"embeddable":true,"href":"https:\/\/berkshiresouth.org\/es\/wp-json\/wp\/v2\/users\/6"}],"replies":[{"embeddable":true,"href":"https:\/\/berkshiresouth.org\/es\/wp-json\/wp\/v2\/comments?post=44073"}],"version-history":[{"count":10,"href":"https:\/\/berkshiresouth.org\/es\/wp-json\/wp\/v2\/pages\/44073\/revisions"}],"predecessor-version":[{"id":52046,"href":"https:\/\/berkshiresouth.org\/es\/wp-json\/wp\/v2\/pages\/44073\/revisions\/52046"}],"wp:attachment":[{"href":"https:\/\/berkshiresouth.org\/es\/wp-json\/wp\/v2\/media?parent=44073"}],"curies":[{"name":"wp","href":"https:\/\/api.w.org\/{rel}","templated":true}]}}