{"id":44087,"date":"2021-11-11T20:29:29","date_gmt":"2021-11-12T01:29:29","guid":{"rendered":"https:\/\/berkshiresouth.org\/formularios-solicitud-de-voluntariado\/"},"modified":"2026-05-06T10:21:52","modified_gmt":"2026-05-06T14:21:52","slug":"forms-volunteer-application","status":"publish","type":"page","link":"https:\/\/berkshiresouth.org\/es\/forms-volunteer-application\/","title":{"rendered":"Formularios Solicitud de Voluntariado"},"content":{"rendered":"\t\t<div data-elementor-type=\"wp-post\" data-elementor-id=\"44087\" class=\"elementor elementor-44087 elementor-11580\" data-elementor-post-type=\"page\">\n\t\t\t\t<div class=\"elementor-element elementor-element-db20856 e-flex e-con-boxed e-con e-parent\" data-id=\"db20856\" data-element_type=\"container\" data-e-type=\"container\" data-settings=\"{&quot;background_background&quot;:&quot;classic&quot;}\">\n\t\t\t\t\t<div class=\"e-con-inner\">\n\t\t<div class=\"elementor-element elementor-element-95381c8 e-con-full e-flex e-con e-child\" data-id=\"95381c8\" data-element_type=\"container\" data-e-type=\"container\">\n\t\t\t\t<div class=\"elementor-element elementor-element-9e4acbd elementor-widget elementor-widget-heading\" data-id=\"9e4acbd\" data-element_type=\"widget\" data-e-type=\"widget\" data-widget_type=\"heading.default\">\n\t\t\t\t<div class=\"elementor-widget-container\">\n\t\t\t\t\t<h1 class=\"elementor-heading-title elementor-size-default\">Solicitud de voluntariado<\/h1>\t\t\t\t<\/div>\n\t\t\t\t<\/div>\n\t\t<div class=\"elementor-element elementor-element-7fd5625 e-con-full e-flex e-con e-child\" data-id=\"7fd5625\" data-element_type=\"container\" data-e-type=\"container\">\n\t\t\t\t<div class=\"elementor-element elementor-element-2818769 elementor-widget__width-auto elementor-widget elementor-widget-text-editor\" data-id=\"2818769\" data-element_type=\"widget\" data-e-type=\"widget\" data-widget_type=\"text-editor.default\">\n\t\t\t\t<div class=\"elementor-widget-container\">\n\t\t\t\t\t\t\t\t\t<p><a href=\"https:\/\/berkshiresouth.org\/es\/\">Inicio<\/a> \u02c3 <a href=\"https:\/\/berkshiresouth.org\/es\/volunteer\/\">Voluntariado<\/a> \u02c3 <a href=\"https:\/\/berkshiresouth.org\/es\/forms-volunteer-application\/\">Solicitud de Voluntariado<\/a><\/p>\t\t\t\t\t\t\t\t<\/div>\n\t\t\t\t<\/div>\n\t\t\t\t<\/div>\n\t\t\t\t<\/div>\n\t\t\t\t\t<\/div>\n\t\t\t\t<\/div>\n\t\t<div class=\"elementor-element elementor-element-b6a6b05 e-flex e-con-boxed e-con e-parent\" data-id=\"b6a6b05\" data-element_type=\"container\" data-e-type=\"container\">\n\t\t\t\t\t<div class=\"e-con-inner\">\n\t\t<div class=\"elementor-element elementor-element-04424b3 e-con-full e-flex e-con e-child\" data-id=\"04424b3\" data-element_type=\"container\" data-e-type=\"container\">\n\t\t\t\t<div class=\"elementor-element elementor-element-faaf0d7 elementor-widget elementor-widget-heading\" data-id=\"faaf0d7\" data-element_type=\"widget\" data-e-type=\"widget\" data-widget_type=\"heading.default\">\n\t\t\t\t<div class=\"elementor-widget-container\">\n\t\t\t\t\t<h2 class=\"elementor-heading-title elementor-size-default\">Forma parte de algo especial<\/h2>\t\t\t\t<\/div>\n\t\t\t\t<\/div>\n\t\t\t\t<div class=\"elementor-element elementor-element-4871267 elementor-widget-divider--view-line elementor-widget elementor-widget-divider\" data-id=\"4871267\" data-element_type=\"widget\" data-e-type=\"widget\" data-widget_type=\"divider.default\">\n\t\t\t\t<div class=\"elementor-widget-container\">\n\t\t\t\t\t\t\t<div class=\"elementor-divider\">\n\t\t\t<span class=\"elementor-divider-separator\">\n\t\t\t\t\t\t<\/span>\n\t\t<\/div>\n\t\t\t\t\t\t<\/div>\n\t\t\t\t<\/div>\n\t\t<div class=\"elementor-element elementor-element-f92b467 e-con-full e-flex e-con e-child\" data-id=\"f92b467\" data-element_type=\"container\" data-e-type=\"container\">\n\t\t\t\t<div class=\"elementor-element elementor-element-18d723b elementor-widget elementor-widget-text-editor\" data-id=\"18d723b\" data-element_type=\"widget\" data-e-type=\"widget\" data-widget_type=\"text-editor.default\">\n\t\t\t\t<div class=\"elementor-widget-container\">\n\t\t\t\t\t\t\t\t\t<p>Gracias por tu inter\u00e9s en trabajar como voluntario con nosotros. Sigue los pasos que se indican a continuaci\u00f3n para completar tu solicitud y dar el primer paso hacia tu participaci\u00f3n. <\/p>\t\t\t\t\t\t\t\t<\/div>\n\t\t\t\t<\/div>\n\t\t\t\t<div class=\"elementor-element elementor-element-171abf6 elementor-align-center elementor-widget elementor-widget-button\" data-id=\"171abf6\" data-element_type=\"widget\" data-e-type=\"widget\" data-widget_type=\"button.default\">\n\t\t\t\t<div class=\"elementor-widget-container\">\n\t\t\t\t\t\t\t\t\t<div class=\"elementor-button-wrapper\">\n\t\t\t\t\t<a class=\"elementor-button elementor-button-link elementor-size-sm\" href=\"https:\/\/berkshiresouth.org\/wp-content\/uploads\/2026\/05\/BSRCC-VolunteerApplicationPacket2.pdf\" target=\"_blank\">\n\t\t\t\t\t\t<span class=\"elementor-button-content-wrapper\">\n\t\t\t\t\t\t\t\t\t<span class=\"elementor-button-text\">Solicitud de Voluntariado<\/span>\n\t\t\t\t\t<\/span>\n\t\t\t\t\t<\/a>\n\t\t\t\t<\/div>\n\t\t\t\t\t\t\t\t<\/div>\n\t\t\t\t<\/div>\n\t\t\t\t<div class=\"elementor-element elementor-element-06d0219 elementor-widget elementor-widget-heading\" data-id=\"06d0219\" data-element_type=\"widget\" data-e-type=\"widget\" data-widget_type=\"heading.default\">\n\t\t\t\t<div class=\"elementor-widget-container\">\n\t\t\t\t\t<h3 class=\"elementor-heading-title elementor-size-default\">C\u00f3mo solicitarlo<\/h3>\t\t\t\t<\/div>\n\t\t\t\t<\/div>\n\t\t\t\t<div class=\"elementor-element elementor-element-88c9c62 elementor-widget elementor-widget-heading\" data-id=\"88c9c62\" data-element_type=\"widget\" data-e-type=\"widget\" data-widget_type=\"heading.default\">\n\t\t\t\t<div class=\"elementor-widget-container\">\n\t\t\t\t\t<h4 class=\"elementor-heading-title elementor-size-default\">Descarga el paquete:<\/h4>\t\t\t\t<\/div>\n\t\t\t\t<\/div>\n\t\t\t\t<div class=\"elementor-element elementor-element-bd7510e elementor-widget elementor-widget-text-editor\" data-id=\"bd7510e\" data-element_type=\"widget\" data-e-type=\"widget\" data-widget_type=\"text-editor.default\">\n\t\t\t\t<div class=\"elementor-widget-container\">\n\t\t\t\t\t\t\t\t\t<p>Empieza descargando e imprimiendo el <b>Paquete de Solicitud de Voluntario<\/b> utilizando el bot\u00f3n de arriba. Incluye todo lo que necesitar\u00e1s: <\/p><ul><li>Formulario de solicitud de voluntariado<\/li><li>Formulario de comprobaci\u00f3n de antecedentes CORI<\/li><li>Formulario de verificaci\u00f3n de antecedentes SORI<\/li><li>Manual del voluntario<\/li><\/ul>\t\t\t\t\t\t\t\t<\/div>\n\t\t\t\t<\/div>\n\t\t\t\t<div class=\"elementor-element elementor-element-590d684 elementor-widget elementor-widget-heading\" data-id=\"590d684\" data-element_type=\"widget\" data-e-type=\"widget\" data-widget_type=\"heading.default\">\n\t\t\t\t<div class=\"elementor-widget-container\">\n\t\t\t\t\t<h4 class=\"elementor-heading-title elementor-size-default\">Completa tu solicitud:<\/h4>\t\t\t\t<\/div>\n\t\t\t\t<\/div>\n\t\t\t\t<div class=\"elementor-element elementor-element-b4e81cb elementor-widget elementor-widget-text-editor\" data-id=\"b4e81cb\" data-element_type=\"widget\" data-e-type=\"widget\" data-widget_type=\"text-editor.default\">\n\t\t\t\t<div class=\"elementor-widget-container\">\n\t\t\t\t\t\t\t\t\t<ul><li>Rellena las p\u00e1ginas 2-7 del Formulario de Solicitud de Voluntariado <i>(la p\u00e1gina 1 es s\u00f3lo para uso de la oficina)<\/i><\/li><li>Rellena todas las secciones <b>resaltadas<\/b> del formulario CORI (2 p\u00e1ginas) y del formulario SORI (1 p\u00e1gina)<ul><li>Ten en cuenta que las dem\u00e1s secciones no destacadas de los formularios CORI y SORI ser\u00e1n cumplimentadas por el personal de Berkshire South<\/li><\/ul><\/li><li>Revisa el Manual del Voluntario y firma el acuse de recibo en la p\u00e1gina 7 de la solicitud<\/li><\/ul>\t\t\t\t\t\t\t\t<\/div>\n\t\t\t\t<\/div>\n\t\t\t\t<div class=\"elementor-element elementor-element-5c7d476 elementor-widget elementor-widget-heading\" data-id=\"5c7d476\" data-element_type=\"widget\" data-e-type=\"widget\" data-widget_type=\"heading.default\">\n\t\t\t\t<div class=\"elementor-widget-container\">\n\t\t\t\t\t<h4 class=\"elementor-heading-title elementor-size-default\">Prepara tus materiales:<\/h4>\t\t\t\t<\/div>\n\t\t\t\t<\/div>\n\t\t\t\t<div class=\"elementor-element elementor-element-43590e7 elementor-widget elementor-widget-text-editor\" data-id=\"43590e7\" data-element_type=\"widget\" data-e-type=\"widget\" data-widget_type=\"text-editor.default\">\n\t\t\t\t<div class=\"elementor-widget-container\">\n\t\t\t\t\t\t\t\t\t<ul><li>Debes incluir una copia de tu documento de identidad con fotograf\u00eda actual (carn\u00e9 de conducir, pasaporte u otro documento de identidad) con tu solicitud<\/li><li>Si no puedes hacer una copia, puedes traer tu solicitud al Centro y te ayudaremos<\/li><\/ul>\t\t\t\t\t\t\t\t<\/div>\n\t\t\t\t<\/div>\n\t\t\t\t<div class=\"elementor-element elementor-element-54c9a6e elementor-widget elementor-widget-heading\" data-id=\"54c9a6e\" data-element_type=\"widget\" data-e-type=\"widget\" data-widget_type=\"heading.default\">\n\t\t\t\t<div class=\"elementor-widget-container\">\n\t\t\t\t\t<h4 class=\"elementor-heading-title elementor-size-default\">Env\u00eda tu solicitud:<\/h4>\t\t\t\t<\/div>\n\t\t\t\t<\/div>\n\t\t\t\t<div class=\"elementor-element elementor-element-40d1809 elementor-widget elementor-widget-text-editor\" data-id=\"40d1809\" data-element_type=\"widget\" data-e-type=\"widget\" data-widget_type=\"text-editor.default\">\n\t\t\t\t<div class=\"elementor-widget-container\">\n\t\t\t\t\t\t\t\t\t<p>Env\u00eda tu paquete cumplimentado (incluyendo un documento de identidad con foto) a Molly Amstead, Directora de Comunidad y Enriquecimiento:<\/p><ul><li>Tr\u00e1elo en persona a la recepci\u00f3n de Berkshire South, ATTN: Molly Amstead<\/li><li>O env\u00edalo por correo electr\u00f3nico: <a href=\"mailto:mamstead@berkshiresouth.org\">mamstead@berkshiresouth.org<\/a><\/li><\/ul>\t\t\t\t\t\t\t\t<\/div>\n\t\t\t\t<\/div>\n\t\t\t\t<div class=\"elementor-element elementor-element-75845d3 elementor-widget elementor-widget-text-editor\" data-id=\"75845d3\" data-element_type=\"widget\" data-e-type=\"widget\" data-widget_type=\"text-editor.default\">\n\t\t\t\t<div class=\"elementor-widget-container\">\n\t\t\t\t\t\t\t\t\t<p>El voluntariado en Berkshire South est\u00e1 supeditado a la superaci\u00f3n de una verificaci\u00f3n de antecedentes CORI y SORI. Una vez completada, nos pondremos en contacto contigo para programar la incorporaci\u00f3n. <\/p>\t\t\t\t\t\t\t\t<\/div>\n\t\t\t\t<\/div>\n\t\t\t\t<div class=\"elementor-element elementor-element-b9d23ab elementor-widget elementor-widget-text-editor\" data-id=\"b9d23ab\" data-element_type=\"widget\" data-e-type=\"widget\" data-widget_type=\"text-editor.default\">\n\t\t\t\t<div class=\"elementor-widget-container\">\n\t\t\t\t\t\t\t\t\t<p>Si tienes alguna pregunta o quieres m\u00e1s informaci\u00f3n, ponte en contacto con Molly Amstead, Directora de Comunidad y Enriquecimiento, en <a href=\"mailto:mamstead@berkshiresouth.org\">mamstead@berkshiresouth.org<\/a> o llama al 413-528-2810, ext. 37<\/p>\t\t\t\t\t\t\t\t<\/div>\n\t\t\t\t<\/div>\n\t\t\t\t<\/div>\n\t\t\t\t<\/div>\n\t\t\t\t\t<\/div>\n\t\t\t\t<\/div>\n\t\t\t\t<\/div>\n\t\t","protected":false},"excerpt":{"rendered":"<p>Solicitud de voluntariado Inicio \u02c3 Voluntariado \u02c3 Solicitud de Voluntariado Forma parte de algo especial Gracias por tu inter\u00e9s en trabajar como voluntario con nosotros. Sigue los pasos que se indican a continuaci\u00f3n para completar tu solicitud y dar el primer paso hacia tu participaci\u00f3n. Solicitud de Voluntariado C\u00f3mo solicitarlo Descarga el paquete: Empieza descargando [&hellip;]<\/p>\n","protected":false},"author":5,"featured_media":0,"parent":0,"menu_order":0,"comment_status":"closed","ping_status":"closed","template":"","meta":{"_seopress_robots_primary_cat":"","_seopress_titles_title":"","_seopress_titles_desc":"","_seopress_robots_index":"s\u00ed","site-sidebar-layout":"no-sidebar","site-content-layout":"page-builder","ast-site-content-layout":"default","site-content-style":"default","site-sidebar-style":"default","ast-global-header-display":"","ast-banner-title-visibility":"","ast-main-header-display":"","ast-hfb-above-header-display":"","ast-hfb-below-header-display":"","ast-hfb-mobile-header-display":"","site-post-title":"disabled","ast-breadcrumbs-content":"","ast-featured-img":"disabled","footer-sml-layout":"","ast-disable-related-posts":"","theme-transparent-header-meta":"enabled","adv-header-id-meta":"","stick-header-meta":"default","header-above-stick-meta":"","header-main-stick-meta":"","header-below-stick-meta":"","astra-migrate-meta-layouts":"default","ast-page-background-enabled":"default","ast-page-background-meta":{"desktop":{"background-color":"","background-image":"","background-repeat":"repeat","background-position":"center center","background-size":"auto","background-attachment":"scroll","background-type":"","background-media":"","overlay-type":"","overlay-color":"","overlay-opacity":"","overlay-gradient":""},"tablet":{"background-color":"","background-image":"","background-repeat":"repeat","background-position":"center center","background-size":"auto","background-attachment":"scroll","background-type":"","background-media":"","overlay-type":"","overlay-color":"","overlay-opacity":"","overlay-gradient":""},"mobile":{"background-color":"","background-image":"","background-repeat":"repeat","background-position":"center center","background-size":"auto","background-attachment":"scroll","background-type":"","background-media":"","overlay-type":"","overlay-color":"","overlay-opacity":"","overlay-gradient":""}},"ast-content-background-meta":{"desktop":{"background-color":"var(--ast-global-color-5)","background-image":"","background-repeat":"repeat","background-position":"center center","background-size":"auto","background-attachment":"scroll","background-type":"","background-media":"","overlay-type":"","overlay-color":"","overlay-opacity":"","overlay-gradient":""},"tablet":{"background-color":"var(--ast-global-color-5)","background-image":"","background-repeat":"repeat","background-position":"center center","background-size":"auto","background-attachment":"scroll","background-type":"","background-media":"","overlay-type":"","overlay-color":"","overlay-opacity":"","overlay-gradient":""},"mobile":{"background-color":"var(--ast-global-color-5)","background-image":"","background-repeat":"repeat","background-position":"center center","background-size":"auto","background-attachment":"scroll","background-type":"","background-media":"","overlay-type":"","overlay-color":"","overlay-opacity":"","overlay-gradient":""}},"footnotes":""},"class_list":["post-44087","page","type-page","status-publish","hentry"],"_links":{"self":[{"href":"https:\/\/berkshiresouth.org\/es\/wp-json\/wp\/v2\/pages\/44087","targetHints":{"allow":["GET"]}}],"collection":[{"href":"https:\/\/berkshiresouth.org\/es\/wp-json\/wp\/v2\/pages"}],"about":[{"href":"https:\/\/berkshiresouth.org\/es\/wp-json\/wp\/v2\/types\/page"}],"author":[{"embeddable":true,"href":"https:\/\/berkshiresouth.org\/es\/wp-json\/wp\/v2\/users\/5"}],"replies":[{"embeddable":true,"href":"https:\/\/berkshiresouth.org\/es\/wp-json\/wp\/v2\/comments?post=44087"}],"version-history":[{"count":6,"href":"https:\/\/berkshiresouth.org\/es\/wp-json\/wp\/v2\/pages\/44087\/revisions"}],"predecessor-version":[{"id":53083,"href":"https:\/\/berkshiresouth.org\/es\/wp-json\/wp\/v2\/pages\/44087\/revisions\/53083"}],"wp:attachment":[{"href":"https:\/\/berkshiresouth.org\/es\/wp-json\/wp\/v2\/media?parent=44087"}],"curies":[{"name":"wp","href":"https:\/\/api.w.org\/{rel}","templated":true}]}}