{"id":44090,"date":"2021-11-11T18:29:11","date_gmt":"2021-11-11T23:29:11","guid":{"rendered":"https:\/\/berkshiresouth.org\/voluntario\/"},"modified":"2026-05-05T10:39:55","modified_gmt":"2026-05-05T14:39:55","slug":"volunteer","status":"publish","type":"page","link":"https:\/\/berkshiresouth.org\/es\/volunteer\/","title":{"rendered":"Voluntario"},"content":{"rendered":"\t\t<div data-elementor-type=\"wp-post\" data-elementor-id=\"44090\" class=\"elementor elementor-44090 elementor-11554\" data-elementor-post-type=\"page\">\n\t\t\t\t<div class=\"elementor-element elementor-element-719f9c7 e-flex e-con-boxed e-con e-parent\" data-id=\"719f9c7\" data-element_type=\"container\" data-e-type=\"container\" data-settings=\"{&quot;background_background&quot;:&quot;classic&quot;}\">\n\t\t\t\t\t<div class=\"e-con-inner\">\n\t\t<div class=\"elementor-element elementor-element-1ce5796 e-con-full e-flex e-con e-child\" data-id=\"1ce5796\" data-element_type=\"container\" data-e-type=\"container\">\n\t\t\t\t<div class=\"elementor-element elementor-element-307c9c8 elementor-widget elementor-widget-heading\" data-id=\"307c9c8\" data-element_type=\"widget\" data-e-type=\"widget\" data-widget_type=\"heading.default\">\n\t\t\t\t<div class=\"elementor-widget-container\">\n\t\t\t\t\t<h1 class=\"elementor-heading-title elementor-size-default\">Hazte voluntario con nosotros<\/h1>\t\t\t\t<\/div>\n\t\t\t\t<\/div>\n\t\t\t\t<\/div>\n\t\t\t\t\t<\/div>\n\t\t\t\t<\/div>\n\t\t<div class=\"elementor-element elementor-element-6d62de9 e-flex e-con-boxed e-con e-parent\" data-id=\"6d62de9\" data-element_type=\"container\" data-e-type=\"container\" data-settings=\"{&quot;background_background&quot;:&quot;classic&quot;}\">\n\t\t\t\t\t<div class=\"e-con-inner\">\n\t\t<div class=\"elementor-element elementor-element-dbafac4 e-con-full e-flex e-con e-child\" data-id=\"dbafac4\" data-element_type=\"container\" data-e-type=\"container\">\n\t\t\t\t<div class=\"elementor-element elementor-element-1a1a6dc elementor-widget elementor-widget-heading\" data-id=\"1a1a6dc\" data-element_type=\"widget\" data-e-type=\"widget\" data-widget_type=\"heading.default\">\n\t\t\t\t<div class=\"elementor-widget-container\">\n\t\t\t\t\t<h2 class=\"elementor-heading-title elementor-size-default\">Forma parte de algo importante<\/h2>\t\t\t\t<\/div>\n\t\t\t\t<\/div>\n\t\t\t\t<div class=\"elementor-element elementor-element-51b44ab elementor-widget-divider--view-line elementor-widget elementor-widget-divider\" data-id=\"51b44ab\" data-element_type=\"widget\" data-e-type=\"widget\" data-widget_type=\"divider.default\">\n\t\t\t\t<div class=\"elementor-widget-container\">\n\t\t\t\t\t\t\t<div class=\"elementor-divider\">\n\t\t\t<span class=\"elementor-divider-separator\">\n\t\t\t\t\t\t<\/span>\n\t\t<\/div>\n\t\t\t\t\t\t<\/div>\n\t\t\t\t<\/div>\n\t\t\t\t<div class=\"elementor-element elementor-element-15d00a7 elementor-widget elementor-widget-text-editor\" data-id=\"15d00a7\" data-element_type=\"widget\" data-e-type=\"widget\" data-widget_type=\"text-editor.default\">\n\t\t\t\t<div class=\"elementor-widget-container\">\n\t\t\t\t\t\t\t\t\t<p>Berkshire South es m\u00e1s que un lugar: es una comunidad en la que la gente conf\u00eda cada d\u00eda. Cuando eres voluntario aqu\u00ed, no s\u00f3lo est\u00e1s desempe\u00f1ando una funci\u00f3n, sino que est\u00e1s ayudando a crear un espacio donde la gente se siente bienvenida, apoyada y conectada. Echa un vistazo a las formas en que puedes participar. Nos encantar\u00eda contar contigo.   <\/p>\t\t\t\t\t\t\t\t<\/div>\n\t\t\t\t<\/div>\n\t\t\t\t<div class=\"elementor-element elementor-element-1ff98bc elementor-button-info elementor-tablet-align-center elementor-mobile-align-center elementor-align-center elementor-widget elementor-widget-button\" data-id=\"1ff98bc\" data-element_type=\"widget\" data-e-type=\"widget\" data-widget_type=\"button.default\">\n\t\t\t\t<div class=\"elementor-widget-container\">\n\t\t\t\t\t\t\t\t\t<div class=\"elementor-button-wrapper\">\n\t\t\t\t\t<a class=\"elementor-button elementor-button-link elementor-size-sm\" href=\"https:\/\/berkshiresouth.org\/es\/forms-volunteer-application\/\">\n\t\t\t\t\t\t<span class=\"elementor-button-content-wrapper\">\n\t\t\t\t\t\t\t\t\t<span class=\"elementor-button-text\">Empieza hoy a ser voluntario<\/span>\n\t\t\t\t\t<\/span>\n\t\t\t\t\t<\/a>\n\t\t\t\t<\/div>\n\t\t\t\t\t\t\t\t<\/div>\n\t\t\t\t<\/div>\n\t\t<div class=\"elementor-element elementor-element-ef261b6 e-con-full e-flex e-con e-child\" data-id=\"ef261b6\" data-element_type=\"container\" data-e-type=\"container\">\n\t\t<div class=\"elementor-element elementor-element-e8199c7 e-con-full e-flex e-con e-child\" data-id=\"e8199c7\" data-element_type=\"container\" data-e-type=\"container\">\n\t\t\t\t<div class=\"elementor-element elementor-element-a0f927e elementor-widget elementor-widget-image\" data-id=\"a0f927e\" data-element_type=\"widget\" data-e-type=\"widget\" data-widget_type=\"image.default\">\n\t\t\t\t<div class=\"elementor-widget-container\">\n\t\t\t\t\t\t\t\t\t\t\t\t\t\t\t<img fetchpriority=\"high\" decoding=\"async\" width=\"600\" height=\"400\" src=\"https:\/\/berkshiresouth.org\/wp-content\/uploads\/2026\/05\/BSRCC-Volunteer_CommSupper-600px_web.jpg\" class=\"attachment-medium_large size-medium_large wp-image-53057\" alt=\"\" srcset=\"https:\/\/berkshiresouth.org\/wp-content\/uploads\/2026\/05\/BSRCC-Volunteer_CommSupper-600px_web.jpg 600w, https:\/\/berkshiresouth.org\/wp-content\/uploads\/2026\/05\/BSRCC-Volunteer_CommSupper-600px_web-300x200.jpg 300w\" sizes=\"(max-width: 600px) 100vw, 600px\" \/>\t\t\t\t\t\t\t\t\t\t\t\t\t\t\t<\/div>\n\t\t\t\t<\/div>\n\t\t\t\t<div class=\"elementor-element elementor-element-6f0fc01 elementor-widget elementor-widget-heading\" data-id=\"6f0fc01\" data-element_type=\"widget\" data-e-type=\"widget\" data-widget_type=\"heading.default\">\n\t\t\t\t<div class=\"elementor-widget-container\">\n\t\t\t\t\t<h3 class=\"elementor-heading-title elementor-size-default\">Cenas comunitarias<\/h3>\t\t\t\t<\/div>\n\t\t\t\t<\/div>\n\t\t\t\t<div class=\"elementor-element elementor-element-bf0a907 elementor-widget elementor-widget-text-editor\" data-id=\"bf0a907\" data-element_type=\"widget\" data-e-type=\"widget\" data-widget_type=\"text-editor.default\">\n\t\t\t\t<div class=\"elementor-widget-container\">\n\t\t\t\t\t\t\t\t\t<p>Ayuda a crear una velada acogedora y nutritiva para nuestra comunidad. Los voluntarios ayudan a servir las comidas y a lavar los platos todos los lunes, tareas sencillas que tienen un gran impacto. <\/p>\t\t\t\t\t\t\t\t<\/div>\n\t\t\t\t<\/div>\n\t\t\t\t<\/div>\n\t\t<div class=\"elementor-element elementor-element-008978f e-con-full e-flex e-con e-child\" data-id=\"008978f\" data-element_type=\"container\" data-e-type=\"container\">\n\t\t\t\t<div class=\"elementor-element elementor-element-37accf2 elementor-widget elementor-widget-image\" data-id=\"37accf2\" data-element_type=\"widget\" data-e-type=\"widget\" data-widget_type=\"image.default\">\n\t\t\t\t<div class=\"elementor-widget-container\">\n\t\t\t\t\t\t\t\t\t\t\t\t\t\t\t<img decoding=\"async\" width=\"600\" height=\"400\" src=\"https:\/\/berkshiresouth.org\/wp-content\/uploads\/2026\/05\/BSRCC-Volunteer_Sunshine-600px_web.jpg\" class=\"attachment-full size-full wp-image-53058\" alt=\"\" srcset=\"https:\/\/berkshiresouth.org\/wp-content\/uploads\/2026\/05\/BSRCC-Volunteer_Sunshine-600px_web.jpg 600w, https:\/\/berkshiresouth.org\/wp-content\/uploads\/2026\/05\/BSRCC-Volunteer_Sunshine-600px_web-300x200.jpg 300w\" sizes=\"(max-width: 600px) 100vw, 600px\" \/>\t\t\t\t\t\t\t\t\t\t\t\t\t\t\t<\/div>\n\t\t\t\t<\/div>\n\t\t\t\t<div class=\"elementor-element elementor-element-d461fc8 elementor-widget elementor-widget-heading\" data-id=\"d461fc8\" data-element_type=\"widget\" data-e-type=\"widget\" data-widget_type=\"heading.default\">\n\t\t\t\t<div class=\"elementor-widget-container\">\n\t\t\t\t\t<h3 class=\"elementor-heading-title elementor-size-default\">Preescolar Sunshine<\/h3>\t\t\t\t<\/div>\n\t\t\t\t<\/div>\n\t\t\t\t<div class=\"elementor-element elementor-element-b435cd6 elementor-widget elementor-widget-text-editor\" data-id=\"b435cd6\" data-element_type=\"widget\" data-e-type=\"widget\" data-widget_type=\"text-editor.default\">\n\t\t\t\t<div class=\"elementor-widget-container\">\n\t\t\t\t\t\t\t\t\t<p>Dedica tiempo a ayudar a los m\u00e1s peque\u00f1os en nuestra guarder\u00eda autorizada. Buscamos voluntarios cordiales y fiables que ayuden a nuestro personal docente y se relacionen con los ni\u00f1os en edad preescolar. (Se requiere comprobaci\u00f3n de antecedentes y entrevista).  <\/p>\t\t\t\t\t\t\t\t<\/div>\n\t\t\t\t<\/div>\n\t\t\t\t<\/div>\n\t\t<div class=\"elementor-element elementor-element-982b21c e-con-full e-flex e-con e-child\" data-id=\"982b21c\" data-element_type=\"container\" data-e-type=\"container\">\n\t\t\t\t<div class=\"elementor-element elementor-element-9695891 elementor-widget elementor-widget-image\" data-id=\"9695891\" data-element_type=\"widget\" data-e-type=\"widget\" data-widget_type=\"image.default\">\n\t\t\t\t<div class=\"elementor-widget-container\">\n\t\t\t\t\t\t\t\t\t\t\t\t\t\t\t<img decoding=\"async\" width=\"600\" height=\"400\" src=\"https:\/\/berkshiresouth.org\/wp-content\/uploads\/2026\/05\/BSRCC-Volunteer_SpecialEvents-600px_web.jpg\" class=\"attachment-full size-full wp-image-53062\" alt=\"\" srcset=\"https:\/\/berkshiresouth.org\/wp-content\/uploads\/2026\/05\/BSRCC-Volunteer_SpecialEvents-600px_web.jpg 600w, https:\/\/berkshiresouth.org\/wp-content\/uploads\/2026\/05\/BSRCC-Volunteer_SpecialEvents-600px_web-300x200.jpg 300w\" sizes=\"(max-width: 600px) 100vw, 600px\" \/>\t\t\t\t\t\t\t\t\t\t\t\t\t\t\t<\/div>\n\t\t\t\t<\/div>\n\t\t\t\t<div class=\"elementor-element elementor-element-4675b04 elementor-widget elementor-widget-heading\" data-id=\"4675b04\" data-element_type=\"widget\" data-e-type=\"widget\" data-widget_type=\"heading.default\">\n\t\t\t\t<div class=\"elementor-widget-container\">\n\t\t\t\t\t<h3 class=\"elementor-heading-title elementor-size-default\">Eventos especiales<\/h3>\t\t\t\t<\/div>\n\t\t\t\t<\/div>\n\t\t\t\t<div class=\"elementor-element elementor-element-3e0f557 elementor-widget elementor-widget-text-editor\" data-id=\"3e0f557\" data-element_type=\"widget\" data-e-type=\"widget\" data-widget_type=\"text-editor.default\">\n\t\t\t\t<div class=\"elementor-widget-container\">\n\t\t\t\t\t\t\t\t\t<p>Forma parte de la energ\u00eda que hay detr\u00e1s de algunos de nuestros eventos favoritos. Desde contar vueltas en el Splash-A-Thon hasta ayudar en las Fiestas Familiares de Baile y en los actos de recaudaci\u00f3n de fondos, hay muchas formas de participar a lo largo del a\u00f1o. <\/p>\t\t\t\t\t\t\t\t<\/div>\n\t\t\t\t<\/div>\n\t\t\t\t<\/div>\n\t\t<div class=\"elementor-element elementor-element-aab2977 e-con-full e-flex e-con e-child\" data-id=\"aab2977\" data-element_type=\"container\" data-e-type=\"container\">\n\t\t\t\t<div class=\"elementor-element elementor-element-90a02a1 elementor-widget elementor-widget-image\" data-id=\"90a02a1\" data-element_type=\"widget\" data-e-type=\"widget\" data-widget_type=\"image.default\">\n\t\t\t\t<div class=\"elementor-widget-container\">\n\t\t\t\t\t\t\t\t\t\t\t\t\t\t\t<img loading=\"lazy\" decoding=\"async\" width=\"600\" height=\"400\" src=\"https:\/\/berkshiresouth.org\/wp-content\/uploads\/2026\/05\/BSRCC-Volunteer_Yardwork-600px_web.jpg\" class=\"attachment-full size-full wp-image-53060\" alt=\"\" srcset=\"https:\/\/berkshiresouth.org\/wp-content\/uploads\/2026\/05\/BSRCC-Volunteer_Yardwork-600px_web.jpg 600w, https:\/\/berkshiresouth.org\/wp-content\/uploads\/2026\/05\/BSRCC-Volunteer_Yardwork-600px_web-300x200.jpg 300w\" sizes=\"(max-width: 600px) 100vw, 600px\" \/>\t\t\t\t\t\t\t\t\t\t\t\t\t\t\t<\/div>\n\t\t\t\t<\/div>\n\t\t\t\t<div class=\"elementor-element elementor-element-2478a07 elementor-widget elementor-widget-heading\" data-id=\"2478a07\" data-element_type=\"widget\" data-e-type=\"widget\" data-widget_type=\"heading.default\">\n\t\t\t\t<div class=\"elementor-widget-container\">\n\t\t\t\t\t<h3 class=\"elementor-heading-title elementor-size-default\">Paisajismo, trabajos de jardiner\u00eda y cuidado de senderos<\/h3>\t\t\t\t<\/div>\n\t\t\t\t<\/div>\n\t\t\t\t<div class=\"elementor-element elementor-element-3dfc73a elementor-widget elementor-widget-text-editor\" data-id=\"3dfc73a\" data-element_type=\"widget\" data-e-type=\"widget\" data-widget_type=\"text-editor.default\">\n\t\t\t\t<div class=\"elementor-widget-container\">\n\t\t\t\t\t\t\t\t\t<p>\u00bfTe gusta estar al aire libre? Ayuda a mantener nuestros jardines bonitos y nuestros senderos seguros. Los proyectos de temporada incluyen el cuidado del jard\u00edn, la limpieza y el mantenimiento general del exterior.  <\/p>\t\t\t\t\t\t\t\t<\/div>\n\t\t\t\t<\/div>\n\t\t\t\t<\/div>\n\t\t<div class=\"elementor-element elementor-element-83aa84f e-con-full e-flex e-con e-child\" data-id=\"83aa84f\" data-element_type=\"container\" data-e-type=\"container\">\n\t\t\t\t<div class=\"elementor-element elementor-element-07d242d elementor-widget elementor-widget-image\" data-id=\"07d242d\" data-element_type=\"widget\" data-e-type=\"widget\" data-widget_type=\"image.default\">\n\t\t\t\t<div class=\"elementor-widget-container\">\n\t\t\t\t\t\t\t\t\t\t\t\t\t\t\t<img loading=\"lazy\" decoding=\"async\" width=\"600\" height=\"400\" src=\"https:\/\/berkshiresouth.org\/wp-content\/uploads\/2026\/05\/BSRCC-Volunteer_Writing-600px_web.jpg\" class=\"attachment-full size-full wp-image-53059\" alt=\"\" srcset=\"https:\/\/berkshiresouth.org\/wp-content\/uploads\/2026\/05\/BSRCC-Volunteer_Writing-600px_web.jpg 600w, https:\/\/berkshiresouth.org\/wp-content\/uploads\/2026\/05\/BSRCC-Volunteer_Writing-600px_web-300x200.jpg 300w\" sizes=\"(max-width: 600px) 100vw, 600px\" \/>\t\t\t\t\t\t\t\t\t\t\t\t\t\t\t<\/div>\n\t\t\t\t<\/div>\n\t\t\t\t<div class=\"elementor-element elementor-element-17855cf elementor-widget elementor-widget-heading\" data-id=\"17855cf\" data-element_type=\"widget\" data-e-type=\"widget\" data-widget_type=\"heading.default\">\n\t\t\t\t<div class=\"elementor-widget-container\">\n\t\t\t\t\t<h3 class=\"elementor-heading-title elementor-size-default\">Redacci\u00f3n y boletines<\/h3>\t\t\t\t<\/div>\n\t\t\t\t<\/div>\n\t\t\t\t<div class=\"elementor-element elementor-element-75b1793 elementor-widget elementor-widget-text-editor\" data-id=\"75b1793\" data-element_type=\"widget\" data-e-type=\"widget\" data-widget_type=\"text-editor.default\">\n\t\t\t\t<div class=\"elementor-widget-container\">\n\t\t\t\t\t\t\t\t\t<p>Si te gusta escribir y te importa el impacto en la comunidad, \u00e9sta es una forma estupenda de contribuir. Ayuda a contar la historia de Berkshire South mediante art\u00edculos, reportajes y contenido de boletines. <\/p>\t\t\t\t\t\t\t\t<\/div>\n\t\t\t\t<\/div>\n\t\t\t\t<\/div>\n\t\t<div class=\"elementor-element elementor-element-a9b334f e-con-full e-flex e-con e-child\" data-id=\"a9b334f\" data-element_type=\"container\" data-e-type=\"container\">\n\t\t\t\t<div class=\"elementor-element elementor-element-2713bab elementor-widget elementor-widget-image\" data-id=\"2713bab\" data-element_type=\"widget\" data-e-type=\"widget\" data-widget_type=\"image.default\">\n\t\t\t\t<div class=\"elementor-widget-container\">\n\t\t\t\t\t\t\t\t\t\t\t\t\t\t\t<img loading=\"lazy\" decoding=\"async\" width=\"600\" height=\"400\" src=\"https:\/\/berkshiresouth.org\/wp-content\/uploads\/2026\/05\/BSRCC-Volunteer_Board-600px_web.jpg\" class=\"attachment-full size-full wp-image-53061\" alt=\"\" srcset=\"https:\/\/berkshiresouth.org\/wp-content\/uploads\/2026\/05\/BSRCC-Volunteer_Board-600px_web.jpg 600w, https:\/\/berkshiresouth.org\/wp-content\/uploads\/2026\/05\/BSRCC-Volunteer_Board-600px_web-300x200.jpg 300w\" sizes=\"(max-width: 600px) 100vw, 600px\" \/>\t\t\t\t\t\t\t\t\t\t\t\t\t\t\t<\/div>\n\t\t\t\t<\/div>\n\t\t\t\t<div class=\"elementor-element elementor-element-faba2d9 elementor-widget elementor-widget-heading\" data-id=\"faba2d9\" data-element_type=\"widget\" data-e-type=\"widget\" data-widget_type=\"heading.default\">\n\t\t\t\t<div class=\"elementor-widget-container\">\n\t\t\t\t\t<h3 class=\"elementor-heading-title elementor-size-default\">Comit\u00e9s y v\u00edas de acceso a la Junta<\/h3>\t\t\t\t<\/div>\n\t\t\t\t<\/div>\n\t\t\t\t<div class=\"elementor-element elementor-element-6b280a2 elementor-widget elementor-widget-text-editor\" data-id=\"6b280a2\" data-element_type=\"widget\" data-e-type=\"widget\" data-widget_type=\"text-editor.default\">\n\t\t\t\t<div class=\"elementor-widget-container\">\n\t\t\t\t\t\t\t\t\t<p>\u00bfTe interesa implicarte m\u00e1s? \u00danete a un comit\u00e9 para aprender c\u00f3mo funciona Berkshire South y explora lo que significa formar parte de nuestro Consejo de Administraci\u00f3n. <\/p>\t\t\t\t\t\t\t\t<\/div>\n\t\t\t\t<\/div>\n\t\t\t\t<\/div>\n\t\t\t\t<\/div>\n\t\t\t\t<div class=\"elementor-element elementor-element-5e02de1 elementor-button-info elementor-tablet-align-center elementor-mobile-align-center elementor-align-center elementor-widget elementor-widget-button\" data-id=\"5e02de1\" data-element_type=\"widget\" data-e-type=\"widget\" data-widget_type=\"button.default\">\n\t\t\t\t<div class=\"elementor-widget-container\">\n\t\t\t\t\t\t\t\t\t<div class=\"elementor-button-wrapper\">\n\t\t\t\t\t<a class=\"elementor-button elementor-button-link elementor-size-sm\" href=\"https:\/\/berkshiresouth.org\/es\/forms-volunteer-application\/\">\n\t\t\t\t\t\t<span class=\"elementor-button-content-wrapper\">\n\t\t\t\t\t\t\t\t\t<span class=\"elementor-button-text\">Empieza hoy a ser voluntario<\/span>\n\t\t\t\t\t<\/span>\n\t\t\t\t\t<\/a>\n\t\t\t\t<\/div>\n\t\t\t\t\t\t\t\t<\/div>\n\t\t\t\t<\/div>\n\t\t\t\t<\/div>\n\t\t\t\t\t<\/div>\n\t\t\t\t<\/div>\n\t\t\t\t<\/div>\n\t\t","protected":false},"excerpt":{"rendered":"<p>Hazte voluntario con nosotros Forma parte de algo importante Berkshire South es m\u00e1s que un lugar: es una comunidad en la que la gente conf\u00eda cada d\u00eda. Cuando eres voluntario aqu\u00ed, no s\u00f3lo est\u00e1s desempe\u00f1ando una funci\u00f3n, sino que est\u00e1s ayudando a crear un espacio donde la gente se siente bienvenida, apoyada y conectada. Echa [&hellip;]<\/p>\n","protected":false},"author":5,"featured_media":0,"parent":0,"menu_order":0,"comment_status":"closed","ping_status":"closed","template":"","meta":{"_seopress_robots_primary_cat":"","_seopress_titles_title":"Hazte voluntario %%sep%% %%sitetitle%%","_seopress_titles_desc":"\u00bfBuscas una forma de retribuir a la comunidad o ser voluntario en Great Barrington, MA? Berkshire South es un entorno emocionante, innovador y divertido con muchas oportunidades interesantes; desde cocinar y servir en nuestra Cena Comunitaria, ayudar a nuestro personal docente, jardiner\u00eda y mantenimiento de senderos, escribir y eventos especiales. Hay muchas formas de participar.  ","_seopress_robots_index":"","site-sidebar-layout":"no-sidebar","site-content-layout":"page-builder","ast-site-content-layout":"default","site-content-style":"default","site-sidebar-style":"default","ast-global-header-display":"","ast-banner-title-visibility":"","ast-main-header-display":"","ast-hfb-above-header-display":"","ast-hfb-below-header-display":"","ast-hfb-mobile-header-display":"","site-post-title":"disabled","ast-breadcrumbs-content":"","ast-featured-img":"disabled","footer-sml-layout":"","ast-disable-related-posts":"","theme-transparent-header-meta":"enabled","adv-header-id-meta":"","stick-header-meta":"","header-above-stick-meta":"","header-main-stick-meta":"","header-below-stick-meta":"","astra-migrate-meta-layouts":"default","ast-page-background-enabled":"default","ast-page-background-meta":{"desktop":{"background-color":"","background-image":"","background-repeat":"repeat","background-position":"center center","background-size":"auto","background-attachment":"scroll","background-type":"","background-media":"","overlay-type":"","overlay-color":"","overlay-opacity":"","overlay-gradient":""},"tablet":{"background-color":"","background-image":"","background-repeat":"repeat","background-position":"center center","background-size":"auto","background-attachment":"scroll","background-type":"","background-media":"","overlay-type":"","overlay-color":"","overlay-opacity":"","overlay-gradient":""},"mobile":{"background-color":"","background-image":"","background-repeat":"repeat","background-position":"center center","background-size":"auto","background-attachment":"scroll","background-type":"","background-media":"","overlay-type":"","overlay-color":"","overlay-opacity":"","overlay-gradient":""}},"ast-content-background-meta":{"desktop":{"background-color":"var(--ast-global-color-5)","background-image":"","background-repeat":"repeat","background-position":"center center","background-size":"auto","background-attachment":"scroll","background-type":"","background-media":"","overlay-type":"","overlay-color":"","overlay-opacity":"","overlay-gradient":""},"tablet":{"background-color":"var(--ast-global-color-5)","background-image":"","background-repeat":"repeat","background-position":"center center","background-size":"auto","background-attachment":"scroll","background-type":"","background-media":"","overlay-type":"","overlay-color":"","overlay-opacity":"","overlay-gradient":""},"mobile":{"background-color":"var(--ast-global-color-5)","background-image":"","background-repeat":"repeat","background-position":"center center","background-size":"auto","background-attachment":"scroll","background-type":"","background-media":"","overlay-type":"","overlay-color":"","overlay-opacity":"","overlay-gradient":""}},"footnotes":""},"class_list":["post-44090","page","type-page","status-publish","hentry"],"_links":{"self":[{"href":"https:\/\/berkshiresouth.org\/es\/wp-json\/wp\/v2\/pages\/44090","targetHints":{"allow":["GET"]}}],"collection":[{"href":"https:\/\/berkshiresouth.org\/es\/wp-json\/wp\/v2\/pages"}],"about":[{"href":"https:\/\/berkshiresouth.org\/es\/wp-json\/wp\/v2\/types\/page"}],"author":[{"embeddable":true,"href":"https:\/\/berkshiresouth.org\/es\/wp-json\/wp\/v2\/users\/5"}],"replies":[{"embeddable":true,"href":"https:\/\/berkshiresouth.org\/es\/wp-json\/wp\/v2\/comments?post=44090"}],"version-history":[{"count":7,"href":"https:\/\/berkshiresouth.org\/es\/wp-json\/wp\/v2\/pages\/44090\/revisions"}],"predecessor-version":[{"id":53067,"href":"https:\/\/berkshiresouth.org\/es\/wp-json\/wp\/v2\/pages\/44090\/revisions\/53067"}],"wp:attachment":[{"href":"https:\/\/berkshiresouth.org\/es\/wp-json\/wp\/v2\/media?parent=44090"}],"curies":[{"name":"wp","href":"https:\/\/api.w.org\/{rel}","templated":true}]}}