{"id":44101,"date":"2021-10-19T13:42:18","date_gmt":"2021-10-19T17:42:18","guid":{"rendered":"https:\/\/berkshiresouth.org\/comunidadgracias\/"},"modified":"2025-11-24T12:17:55","modified_gmt":"2025-11-24T17:17:55","slug":"communitythanks","status":"publish","type":"page","link":"https:\/\/berkshiresouth.org\/es\/communitythanks\/","title":{"rendered":"Cena de Acci\u00f3n de Gracias de la Comunidad"},"content":{"rendered":"\t\t<div data-elementor-type=\"wp-post\" data-elementor-id=\"44101\" class=\"elementor elementor-44101 elementor-11162\" data-elementor-post-type=\"page\">\n\t\t\t\t<div class=\"elementor-element elementor-element-42d3622 e-flex e-con-boxed e-con e-parent\" data-id=\"42d3622\" data-element_type=\"container\" data-e-type=\"container\" data-settings=\"{&quot;background_background&quot;:&quot;classic&quot;}\">\n\t\t\t\t\t<div class=\"e-con-inner\">\n\t\t<div class=\"elementor-element elementor-element-cfd8081 e-con-full e-flex e-con e-child\" data-id=\"cfd8081\" data-element_type=\"container\" data-e-type=\"container\">\n\t\t\t\t<div class=\"elementor-element elementor-element-98ce8a0 elementor-widget elementor-widget-heading\" data-id=\"98ce8a0\" data-element_type=\"widget\" data-e-type=\"widget\" data-widget_type=\"heading.default\">\n\t\t\t\t<div class=\"elementor-widget-container\">\n\t\t\t\t\t<h1 class=\"elementor-heading-title elementor-size-default\">Cena de Acci\u00f3n de Gracias de la Comunidad<\/h1>\t\t\t\t<\/div>\n\t\t\t\t<\/div>\n\t\t\t\t<\/div>\n\t\t\t\t\t<\/div>\n\t\t\t\t<\/div>\n\t\t<div class=\"elementor-element elementor-element-d354dc7 e-flex e-con-boxed e-con e-parent\" data-id=\"d354dc7\" data-element_type=\"container\" data-e-type=\"container\">\n\t\t\t\t\t<div class=\"e-con-inner\">\n\t\t<div class=\"elementor-element elementor-element-349bd91 e-con-full e-flex e-con e-child\" data-id=\"349bd91\" data-element_type=\"container\" data-e-type=\"container\">\n\t\t\t\t<div class=\"elementor-element elementor-element-0b1d315 elementor-widget elementor-widget-gallery\" data-id=\"0b1d315\" data-element_type=\"widget\" data-e-type=\"widget\" data-settings=\"{&quot;columns&quot;:2,&quot;columns_mobile&quot;:2,&quot;lazyload&quot;:&quot;yes&quot;,&quot;gallery_layout&quot;:&quot;grid&quot;,&quot;columns_tablet&quot;:2,&quot;gap&quot;:{&quot;unit&quot;:&quot;px&quot;,&quot;size&quot;:10,&quot;sizes&quot;:[]},&quot;gap_tablet&quot;:{&quot;unit&quot;:&quot;px&quot;,&quot;size&quot;:10,&quot;sizes&quot;:[]},&quot;gap_mobile&quot;:{&quot;unit&quot;:&quot;px&quot;,&quot;size&quot;:10,&quot;sizes&quot;:[]},&quot;link_to&quot;:&quot;file&quot;,&quot;aspect_ratio&quot;:&quot;3:2&quot;,&quot;overlay_background&quot;:&quot;yes&quot;,&quot;content_hover_animation&quot;:&quot;fade-in&quot;}\" data-widget_type=\"gallery.default\">\n\t\t\t\t<div class=\"elementor-widget-container\">\n\t\t\t\t\t\t\t<div class=\"elementor-gallery__container\">\n\t\t\t\t\t\t\t<a class=\"e-gallery-item elementor-gallery-item elementor-animated-content\" href=\"https:\/\/berkshiresouth.org\/wp-content\/uploads\/2022\/10\/2017-Berkshire-South-1110-1.jpg\" data-elementor-open-lightbox=\"yes\" data-elementor-lightbox-slideshow=\"0b1d315\" data-e-action-hash=\"#elementor-action%3Aaction%3Dlightbox%26settings%3DeyJpZCI6NDM1MDYsInVybCI6Imh0dHBzOlwvXC9iZXJrc2hpcmVzb3V0aC5vcmdcL3dwLWNvbnRlbnRcL3VwbG9hZHNcLzIwMjJcLzEwXC8yMDE3LUJlcmtzaGlyZS1Tb3V0aC0xMTEwLTEuanBnIiwic2xpZGVzaG93IjoiMGIxZDMxNSJ9\">\n\t\t\t\t\t<div class=\"e-gallery-image elementor-gallery-item__image\" data-thumbnail=\"https:\/\/berkshiresouth.org\/wp-content\/uploads\/2022\/10\/2017-Berkshire-South-1110-1-300x188.jpg\" data-width=\"300\" data-height=\"188\" aria-label=\"\" role=\"img\" ><\/div>\n\t\t\t\t\t\t\t\t\t\t\t<div class=\"elementor-gallery-item__overlay\"><\/div>\n\t\t\t\t\t\t\t\t\t\t\t\t\t\t<\/a>\n\t\t\t\t\t\t\t<a class=\"e-gallery-item elementor-gallery-item elementor-animated-content\" href=\"https:\/\/berkshiresouth.org\/wp-content\/uploads\/2022\/10\/2017-Berkshire-South-1121sm.jpg\" data-elementor-open-lightbox=\"yes\" data-elementor-lightbox-slideshow=\"0b1d315\" data-e-action-hash=\"#elementor-action%3Aaction%3Dlightbox%26settings%3DeyJpZCI6NDM1MDcsInVybCI6Imh0dHBzOlwvXC9iZXJrc2hpcmVzb3V0aC5vcmdcL3dwLWNvbnRlbnRcL3VwbG9hZHNcLzIwMjJcLzEwXC8yMDE3LUJlcmtzaGlyZS1Tb3V0aC0xMTIxc20uanBnIiwic2xpZGVzaG93IjoiMGIxZDMxNSJ9\">\n\t\t\t\t\t<div class=\"e-gallery-image elementor-gallery-item__image\" data-thumbnail=\"https:\/\/berkshiresouth.org\/wp-content\/uploads\/2022\/10\/2017-Berkshire-South-1121sm-300x200.jpg\" data-width=\"300\" data-height=\"200\" aria-label=\"\" role=\"img\" ><\/div>\n\t\t\t\t\t\t\t\t\t\t\t<div class=\"elementor-gallery-item__overlay\"><\/div>\n\t\t\t\t\t\t\t\t\t\t\t\t\t\t<\/a>\n\t\t\t\t\t\t\t<a class=\"e-gallery-item elementor-gallery-item elementor-animated-content\" href=\"https:\/\/berkshiresouth.org\/wp-content\/uploads\/2022\/10\/2017-Berkshire-South-1152sm.jpg\" data-elementor-open-lightbox=\"yes\" data-elementor-lightbox-slideshow=\"0b1d315\" data-e-action-hash=\"#elementor-action%3Aaction%3Dlightbox%26settings%3DeyJpZCI6NDM1MDgsInVybCI6Imh0dHBzOlwvXC9iZXJrc2hpcmVzb3V0aC5vcmdcL3dwLWNvbnRlbnRcL3VwbG9hZHNcLzIwMjJcLzEwXC8yMDE3LUJlcmtzaGlyZS1Tb3V0aC0xMTUyc20uanBnIiwic2xpZGVzaG93IjoiMGIxZDMxNSJ9\">\n\t\t\t\t\t<div class=\"e-gallery-image elementor-gallery-item__image\" data-thumbnail=\"https:\/\/berkshiresouth.org\/wp-content\/uploads\/2022\/10\/2017-Berkshire-South-1152sm-300x200.jpg\" data-width=\"300\" data-height=\"200\" aria-label=\"\" role=\"img\" ><\/div>\n\t\t\t\t\t\t\t\t\t\t\t<div class=\"elementor-gallery-item__overlay\"><\/div>\n\t\t\t\t\t\t\t\t\t\t\t\t\t\t<\/a>\n\t\t\t\t\t\t\t<a class=\"e-gallery-item elementor-gallery-item elementor-animated-content\" href=\"https:\/\/berkshiresouth.org\/wp-content\/uploads\/2022\/10\/2017-Berkshire-South-1154sm.jpg\" data-elementor-open-lightbox=\"yes\" data-elementor-lightbox-slideshow=\"0b1d315\" data-e-action-hash=\"#elementor-action%3Aaction%3Dlightbox%26settings%3DeyJpZCI6NDM1MDksInVybCI6Imh0dHBzOlwvXC9iZXJrc2hpcmVzb3V0aC5vcmdcL3dwLWNvbnRlbnRcL3VwbG9hZHNcLzIwMjJcLzEwXC8yMDE3LUJlcmtzaGlyZS1Tb3V0aC0xMTU0c20uanBnIiwic2xpZGVzaG93IjoiMGIxZDMxNSJ9\">\n\t\t\t\t\t<div class=\"e-gallery-image elementor-gallery-item__image\" data-thumbnail=\"https:\/\/berkshiresouth.org\/wp-content\/uploads\/2022\/10\/2017-Berkshire-South-1154sm-300x200.jpg\" data-width=\"300\" data-height=\"200\" aria-label=\"\" role=\"img\" ><\/div>\n\t\t\t\t\t\t\t\t\t\t\t<div class=\"elementor-gallery-item__overlay\"><\/div>\n\t\t\t\t\t\t\t\t\t\t\t\t\t\t<\/a>\n\t\t\t\t\t\t\t<a class=\"e-gallery-item elementor-gallery-item elementor-animated-content\" href=\"https:\/\/berkshiresouth.org\/wp-content\/uploads\/2022\/10\/2017-Berkshire-South-1166sm.jpg\" data-elementor-open-lightbox=\"yes\" data-elementor-lightbox-slideshow=\"0b1d315\" data-e-action-hash=\"#elementor-action%3Aaction%3Dlightbox%26settings%3DeyJpZCI6NDM1MTAsInVybCI6Imh0dHBzOlwvXC9iZXJrc2hpcmVzb3V0aC5vcmdcL3dwLWNvbnRlbnRcL3VwbG9hZHNcLzIwMjJcLzEwXC8yMDE3LUJlcmtzaGlyZS1Tb3V0aC0xMTY2c20uanBnIiwic2xpZGVzaG93IjoiMGIxZDMxNSJ9\">\n\t\t\t\t\t<div class=\"e-gallery-image elementor-gallery-item__image\" data-thumbnail=\"https:\/\/berkshiresouth.org\/wp-content\/uploads\/2022\/10\/2017-Berkshire-South-1166sm-300x200.jpg\" data-width=\"300\" data-height=\"200\" aria-label=\"\" role=\"img\" ><\/div>\n\t\t\t\t\t\t\t\t\t\t\t<div class=\"elementor-gallery-item__overlay\"><\/div>\n\t\t\t\t\t\t\t\t\t\t\t\t\t\t<\/a>\n\t\t\t\t\t\t\t<a class=\"e-gallery-item elementor-gallery-item elementor-animated-content\" href=\"https:\/\/berkshiresouth.org\/wp-content\/uploads\/2023\/02\/2017-Berkshire-South-1167sm-1200px_web.jpg\" data-elementor-open-lightbox=\"yes\" data-elementor-lightbox-slideshow=\"0b1d315\" data-e-action-hash=\"#elementor-action%3Aaction%3Dlightbox%26settings%3DeyJpZCI6NDM1MzcsInVybCI6Imh0dHBzOlwvXC9iZXJrc2hpcmVzb3V0aC5vcmdcL3dwLWNvbnRlbnRcL3VwbG9hZHNcLzIwMjNcLzAyXC8yMDE3LUJlcmtzaGlyZS1Tb3V0aC0xMTY3c20tMTIwMHB4X3dlYi5qcGciLCJzbGlkZXNob3ciOiIwYjFkMzE1In0%3D\">\n\t\t\t\t\t<div class=\"e-gallery-image elementor-gallery-item__image\" data-thumbnail=\"https:\/\/berkshiresouth.org\/wp-content\/uploads\/2023\/02\/2017-Berkshire-South-1167sm-1200px_web-300x200.jpg\" data-width=\"300\" data-height=\"200\" aria-label=\"\" role=\"img\" ><\/div>\n\t\t\t\t\t\t\t\t\t\t\t<div class=\"elementor-gallery-item__overlay\"><\/div>\n\t\t\t\t\t\t\t\t\t\t\t\t\t\t<\/a>\n\t\t\t\t\t\t\t<a class=\"e-gallery-item elementor-gallery-item elementor-animated-content\" href=\"https:\/\/berkshiresouth.org\/wp-content\/uploads\/2023\/02\/2017-Berkshire-South-1175sm-1200px_web.jpg\" data-elementor-open-lightbox=\"yes\" data-elementor-lightbox-slideshow=\"0b1d315\" data-e-action-hash=\"#elementor-action%3Aaction%3Dlightbox%26settings%3DeyJpZCI6NDM1MzgsInVybCI6Imh0dHBzOlwvXC9iZXJrc2hpcmVzb3V0aC5vcmdcL3dwLWNvbnRlbnRcL3VwbG9hZHNcLzIwMjNcLzAyXC8yMDE3LUJlcmtzaGlyZS1Tb3V0aC0xMTc1c20tMTIwMHB4X3dlYi5qcGciLCJzbGlkZXNob3ciOiIwYjFkMzE1In0%3D\">\n\t\t\t\t\t<div class=\"e-gallery-image elementor-gallery-item__image\" data-thumbnail=\"https:\/\/berkshiresouth.org\/wp-content\/uploads\/2023\/02\/2017-Berkshire-South-1175sm-1200px_web-300x200.jpg\" data-width=\"300\" data-height=\"200\" aria-label=\"\" role=\"img\" ><\/div>\n\t\t\t\t\t\t\t\t\t\t\t<div class=\"elementor-gallery-item__overlay\"><\/div>\n\t\t\t\t\t\t\t\t\t\t\t\t\t\t<\/a>\n\t\t\t\t\t\t\t<a class=\"e-gallery-item elementor-gallery-item elementor-animated-content\" href=\"https:\/\/berkshiresouth.org\/wp-content\/uploads\/2023\/02\/2017-Berkshire-South-1177sm-1200px_web.jpg\" data-elementor-open-lightbox=\"yes\" data-elementor-lightbox-slideshow=\"0b1d315\" data-e-action-hash=\"#elementor-action%3Aaction%3Dlightbox%26settings%3DeyJpZCI6NDM1MzksInVybCI6Imh0dHBzOlwvXC9iZXJrc2hpcmVzb3V0aC5vcmdcL3dwLWNvbnRlbnRcL3VwbG9hZHNcLzIwMjNcLzAyXC8yMDE3LUJlcmtzaGlyZS1Tb3V0aC0xMTc3c20tMTIwMHB4X3dlYi5qcGciLCJzbGlkZXNob3ciOiIwYjFkMzE1In0%3D\">\n\t\t\t\t\t<div class=\"e-gallery-image elementor-gallery-item__image\" data-thumbnail=\"https:\/\/berkshiresouth.org\/wp-content\/uploads\/2023\/02\/2017-Berkshire-South-1177sm-1200px_web-300x200.jpg\" data-width=\"300\" data-height=\"200\" aria-label=\"\" role=\"img\" ><\/div>\n\t\t\t\t\t\t\t\t\t\t\t<div class=\"elementor-gallery-item__overlay\"><\/div>\n\t\t\t\t\t\t\t\t\t\t\t\t\t\t<\/a>\n\t\t\t\t\t<\/div>\n\t\t\t\t\t<\/div>\n\t\t\t\t<\/div>\n\t\t\t\t<\/div>\n\t\t<div class=\"elementor-element elementor-element-a761d50 e-con-full e-flex e-con e-child\" data-id=\"a761d50\" data-element_type=\"container\" data-e-type=\"container\">\n\t\t\t\t<div class=\"elementor-element elementor-element-abe9d54 elementor-widget elementor-widget-heading\" data-id=\"abe9d54\" data-element_type=\"widget\" data-e-type=\"widget\" data-widget_type=\"heading.default\">\n\t\t\t\t<div class=\"elementor-widget-container\">\n\t\t\t\t\t<h2 class=\"elementor-heading-title elementor-size-default\">Berkshire SouthCena Comunitaria de Acci\u00f3n de Gracias<\/h2>\t\t\t\t<\/div>\n\t\t\t\t<\/div>\n\t\t\t\t<div class=\"elementor-element elementor-element-82f303e elementor-widget-divider--view-line elementor-widget elementor-widget-divider\" data-id=\"82f303e\" data-element_type=\"widget\" data-e-type=\"widget\" data-widget_type=\"divider.default\">\n\t\t\t\t<div class=\"elementor-widget-container\">\n\t\t\t\t\t\t\t<div class=\"elementor-divider\">\n\t\t\t<span class=\"elementor-divider-separator\">\n\t\t\t\t\t\t<\/span>\n\t\t<\/div>\n\t\t\t\t\t\t<\/div>\n\t\t\t\t<\/div>\n\t\t<div class=\"elementor-element elementor-element-b9dbb57 e-flex e-con-boxed e-con e-child\" data-id=\"b9dbb57\" data-element_type=\"container\" data-e-type=\"container\">\n\t\t\t\t\t<div class=\"e-con-inner\">\n\t\t<div class=\"elementor-element elementor-element-36e2ca6 e-flex e-con-boxed e-con e-child\" data-id=\"36e2ca6\" data-element_type=\"container\" data-e-type=\"container\">\n\t\t\t\t\t<div class=\"e-con-inner\">\n\t\t\t\t<div class=\"elementor-element elementor-element-372d564 elementor-widget elementor-widget-text-editor\" data-id=\"372d564\" data-element_type=\"widget\" data-e-type=\"widget\" data-widget_type=\"text-editor.default\">\n\t\t\t\t<div class=\"elementor-widget-container\">\n\t\t\t\t\t\t\t\t\t<p><strong>Martes, 25 de noviembre de 2025<\/strong><\/p><p><b>Asientos a las 17:00 y a las 18:30<\/b><\/p>\t\t\t\t\t\t\t\t<\/div>\n\t\t\t\t<\/div>\n\t\t\t\t<div class=\"elementor-element elementor-element-3190788 elementor-widget elementor-widget-text-editor\" data-id=\"3190788\" data-element_type=\"widget\" data-e-type=\"widget\" data-widget_type=\"text-editor.default\">\n\t\t\t\t<div class=\"elementor-widget-container\">\n\t\t\t\t\t\t\t\t\t<p><b>RESERVAS CERRADAS. Todas las plazas est\u00e1n completas. <\/b><\/p>\t\t\t\t\t\t\t\t<\/div>\n\t\t\t\t<\/div>\n\t\t\t\t<div class=\"elementor-element elementor-element-f30feda elementor-hidden-desktop elementor-hidden-tablet elementor-hidden-mobile elementor-widget elementor-widget-button\" data-id=\"f30feda\" data-element_type=\"widget\" data-e-type=\"widget\" data-widget_type=\"button.default\">\n\t\t\t\t<div class=\"elementor-widget-container\">\n\t\t\t\t\t\t\t\t\t<div class=\"elementor-button-wrapper\">\n\t\t\t\t\t<a class=\"elementor-button elementor-button-link elementor-size-sm\" href=\"https:\/\/docs.google.com\/forms\/d\/e\/1FAIpQLSeTS5JXGoKb2_foLRGej1nciVd5sgOFR1gSLHxchrbl4UQfMw\/viewform?usp=dialog\" target=\"_blank\">\n\t\t\t\t\t\t<span class=\"elementor-button-content-wrapper\">\n\t\t\t\t\t\t\t\t\t<span class=\"elementor-button-text\">Reserva una plaza<\/span>\n\t\t\t\t\t<\/span>\n\t\t\t\t\t<\/a>\n\t\t\t\t<\/div>\n\t\t\t\t\t\t\t\t<\/div>\n\t\t\t\t<\/div>\n\t\t\t\t\t<\/div>\n\t\t\t\t<\/div>\n\t\t<div class=\"elementor-element elementor-element-dd7a789 e-flex e-con-boxed e-con e-child\" data-id=\"dd7a789\" data-element_type=\"container\" data-e-type=\"container\">\n\t\t\t\t\t<div class=\"e-con-inner\">\n\t\t\t\t<div class=\"elementor-element elementor-element-bd445e5 eael-tooltip-align-mobile-center eael-tooltip-align-left elementor-widget elementor-widget-eael-tooltip\" data-id=\"bd445e5\" data-element_type=\"widget\" data-e-type=\"widget\" data-widget_type=\"eael-tooltip.default\">\n\t\t\t\t<div class=\"elementor-widget-container\">\n\t\t\t\t\t\t<div class=\"eael-tooltip\">\n\t\t\t\t\t<span class=\"eael-tooltip-content\" tabindex=\"0\" aria-describedby=\"tooltip-text-bd445e5\"><img decoding=\"async\" src=\"https:\/\/berkshiresouth.org\/wp-content\/uploads\/2025\/06\/BerkshireSouth-Events-FreeForEveryone-Icon-Espanol-200px.png\" alt=\"Gratis para todos\"><\/span>\n  \t\t\t<span id=\"tooltip-text-bd445e5\" class=\"eael-tooltip-text eael-tooltip-right\" role=\"tooltip\"><p>Gratis para todos<\/p><\/span>\n  \t\t\t<\/div>\n\t\t\t\t\t<\/div>\n\t\t\t\t<\/div>\n\t\t\t\t\t<\/div>\n\t\t\t\t<\/div>\n\t\t\t\t\t<\/div>\n\t\t\t\t<\/div>\n\t\t\t\t<div class=\"elementor-element elementor-element-1ee188b elementor-widget elementor-widget-text-editor\" data-id=\"1ee188b\" data-element_type=\"widget\" data-e-type=\"widget\" data-widget_type=\"text-editor.default\">\n\t\t\t\t<div class=\"elementor-widget-container\">\n\t\t\t\t\t\t\t\t\t<p>\u00danete a los amigos locales, tanto antiguos como nuevos, para disfrutar de una comida tradicional de Acci\u00f3n de Gracias en nuestra celebraci\u00f3n anual de deliciosa comida y buena camarader\u00eda. La 2025 Cena Comunitaria de Acci\u00f3n de Gracias se celebrar\u00e1 el <strong>martes 25 de noviembre.<\/strong> <\/p>\t\t\t\t\t\t\t\t<\/div>\n\t\t\t\t<\/div>\n\t\t\t\t<div class=\"elementor-element elementor-element-beed117 elementor-hidden-desktop elementor-hidden-tablet elementor-hidden-mobile elementor-widget elementor-widget-text-editor\" data-id=\"beed117\" data-element_type=\"widget\" data-e-type=\"widget\" data-widget_type=\"text-editor.default\">\n\t\t\t\t<div class=\"elementor-widget-container\">\n\t\t\t\t\t\t\t\t\t<p>La comida ser\u00e1 preparada por los chefs de Taste of Haiti, Barrington Brewery, The Egremont Barn, The Prairie Whale, Creature Bread y Janet Elsbach.<\/p>\t\t\t\t\t\t\t\t<\/div>\n\t\t\t\t<\/div>\n\t\t\t\t<div class=\"elementor-element elementor-element-c058351 elementor-hidden-desktop elementor-hidden-tablet elementor-hidden-mobile elementor-widget elementor-widget-text-editor\" data-id=\"c058351\" data-element_type=\"widget\" data-e-type=\"widget\" data-widget_type=\"text-editor.default\">\n\t\t\t\t<div class=\"elementor-widget-container\">\n\t\t\t\t\t\t\t\t\t<p>La comida ser\u00e1 preparada en colaboraci\u00f3n por cocineros locales y voluntarios, y cada cocinero preparar\u00e1 un plato del men\u00fa.  <\/p>\t\t\t\t\t\t\t\t<\/div>\n\t\t\t\t<\/div>\n\t\t\t\t<div class=\"elementor-element elementor-element-0d797dd elementor-hidden-desktop elementor-hidden-tablet elementor-hidden-mobile elementor-widget elementor-widget-text-editor\" data-id=\"0d797dd\" data-element_type=\"widget\" data-e-type=\"widget\" data-widget_type=\"text-editor.default\">\n\t\t\t\t<div class=\"elementor-widget-container\">\n\t\t\t\t\t\t\t\t\t<p>La comida ser\u00e1 preparada en colaboraci\u00f3n por cocineros locales y voluntarios, y cada cocinero preparar\u00e1 un plato del men\u00fa. Un agradecimiento especial a la autora de libros de cocina Janet Elsbach, al chef Hank Ferlauto, a Eli Holland y a Dorothy McTeigue, que son los chefs voluntarios de este a\u00f1o. <\/p>\t\t\t\t\t\t\t\t<\/div>\n\t\t\t\t<\/div>\n\t\t\t\t<div class=\"elementor-element elementor-element-df55e3b elementor-widget elementor-widget-text-editor\" data-id=\"df55e3b\" data-element_type=\"widget\" data-e-type=\"widget\" data-widget_type=\"text-editor.default\">\n\t\t\t\t<div class=\"elementor-widget-container\">\n\t\t\t\t\t\t\t\t\t<p>Ofreceremos dos turnos de hasta 120 personas por turno, a las 17:00 y a las 18:30 horas. Todo el mundo es bienvenido y la comida es gratuita gracias a nuestros patrocinadores: <a href=\"https:\/\/www.pricechopper.com\/\" target=\"_blank\" rel=\"noopener\">Price Chopper\/Market 32<\/a>, <a href=\"https:\/\/guidosfreshmarketplace.com\/\" target=\"_blank\" rel=\"noopener\">Guido&#8217;s Fresh Marketplace<\/a>, <a href=\"https:\/\/berkshire.coop\/\" target=\"_blank\" rel=\"noopener\">Berkshire Food Co-op<\/a> y <a href=\"https:\/\/www.bigy.com\/\" target=\"_blank\" rel=\"noopener\">Big Y<\/a>. <\/p>\t\t\t\t\t\t\t\t<\/div>\n\t\t\t\t<\/div>\n\t\t\t\t<div class=\"elementor-element elementor-element-a8672fb elementor-widget elementor-widget-text-editor\" data-id=\"a8672fb\" data-element_type=\"widget\" data-e-type=\"widget\" data-widget_type=\"text-editor.default\">\n\t\t\t\t<div class=\"elementor-widget-container\">\n\t\t\t\t\t\t\t\t\t<p>En cada sesi\u00f3n sortearemos una suscripci\u00f3n individual gratuita de tres meses a Berkshire South. \u00a1Todos los asistentes podr\u00e1n ganarla! <\/p>\t\t\t\t\t\t\t\t<\/div>\n\t\t\t\t<\/div>\n\t\t\t\t<div class=\"elementor-element elementor-element-9e41eb8 elementor-hidden-desktop elementor-hidden-tablet elementor-hidden-mobile elementor-widget elementor-widget-text-editor\" data-id=\"9e41eb8\" data-element_type=\"widget\" data-e-type=\"widget\" data-widget_type=\"text-editor.default\">\n\t\t\t\t<div class=\"elementor-widget-container\">\n\t\t\t\t\t\t\t\t\t<p><strong>Inscripci\u00f3n<\/strong><b> para la Cena de Acci\u00f3n de Gracias de la Comunidad comienza <em>el 1 de noviembre.<\/em><\/b><\/p>\t\t\t\t\t\t\t\t<\/div>\n\t\t\t\t<\/div>\n\t\t\t\t<div class=\"elementor-element elementor-element-ea3cd7d elementor-widget elementor-widget-text-editor\" data-id=\"ea3cd7d\" data-element_type=\"widget\" data-e-type=\"widget\" data-widget_type=\"text-editor.default\">\n\t\t\t\t<div class=\"elementor-widget-container\">\n\t\t\t\t\t\t\t\t\t<p><b>RESERVAS CERRADAS. Todas las plazas est\u00e1n completas. <\/b><\/p>\t\t\t\t\t\t\t\t<\/div>\n\t\t\t\t<\/div>\n\t\t\t\t<div class=\"elementor-element elementor-element-e525ef2 elementor-hidden-desktop elementor-hidden-tablet elementor-hidden-mobile elementor-widget elementor-widget-text-editor\" data-id=\"e525ef2\" data-element_type=\"widget\" data-e-type=\"widget\" data-widget_type=\"text-editor.default\">\n\t\t\t\t<div class=\"elementor-widget-container\">\n\t\t\t\t\t\t\t\t\t<p><strong>Inscripci\u00f3n<\/strong><b> para la Cena de Acci\u00f3n de Gracias de la Comunidad comienza <em>el 1 de noviembre<\/em>.<\/b> <b>Reserva tu sitio en la mesa rellenando el formulario de inscripci\u00f3n en l\u00ednea (haz clic en el enlace de abajo) o llamando a Molly Amstead al 413-528-2810 Ext. 37.<\/b><\/p>\t\t\t\t\t\t\t\t<\/div>\n\t\t\t\t<\/div>\n\t\t\t\t<div class=\"elementor-element elementor-element-dacb243 elementor-widget elementor-widget-text-editor\" data-id=\"dacb243\" data-element_type=\"widget\" data-e-type=\"widget\" data-widget_type=\"text-editor.default\">\n\t\t\t\t<div class=\"elementor-widget-container\">\n\t\t\t\t\t\t\t\t\t<p>\u00a1Si est\u00e1s interesado en participar como voluntario en este acto, env\u00eda un correo electr\u00f3nico a Molly a <a href=\"mailto:mamstead@berkshiresouth.org\">mamstead@berkshiresouth.org!<\/a><\/p>\t\t\t\t\t\t\t\t<\/div>\n\t\t\t\t<\/div>\n\t\t\t\t<div class=\"elementor-element elementor-element-bf8f611 elementor-hidden-desktop elementor-hidden-tablet elementor-hidden-mobile elementor-widget elementor-widget-button\" data-id=\"bf8f611\" data-element_type=\"widget\" data-e-type=\"widget\" data-widget_type=\"button.default\">\n\t\t\t\t<div class=\"elementor-widget-container\">\n\t\t\t\t\t\t\t\t\t<div class=\"elementor-button-wrapper\">\n\t\t\t\t\t<a class=\"elementor-button elementor-button-link elementor-size-sm\" href=\"https:\/\/docs.google.com\/forms\/d\/e\/1FAIpQLSeTS5JXGoKb2_foLRGej1nciVd5sgOFR1gSLHxchrbl4UQfMw\/viewform?usp=dialog\" target=\"_blank\">\n\t\t\t\t\t\t<span class=\"elementor-button-content-wrapper\">\n\t\t\t\t\t\t\t\t\t<span class=\"elementor-button-text\">Reserva una plaza<\/span>\n\t\t\t\t\t<\/span>\n\t\t\t\t\t<\/a>\n\t\t\t\t<\/div>\n\t\t\t\t\t\t\t\t<\/div>\n\t\t\t\t<\/div>\n\t\t\t\t<div class=\"elementor-element elementor-element-c5ba5f4 elementor-widget elementor-widget-spacer\" data-id=\"c5ba5f4\" data-element_type=\"widget\" data-e-type=\"widget\" data-widget_type=\"spacer.default\">\n\t\t\t\t<div class=\"elementor-widget-container\">\n\t\t\t\t\t\t\t<div class=\"elementor-spacer\">\n\t\t\t<div class=\"elementor-spacer-inner\"><\/div>\n\t\t<\/div>\n\t\t\t\t\t\t<\/div>\n\t\t\t\t<\/div>\n\t\t\t\t<\/div>\n\t\t\t\t\t<\/div>\n\t\t\t\t<\/div>\n\t\t\t\t<\/div>\n\t\t","protected":false},"excerpt":{"rendered":"<p>Cena de Acci\u00f3n de Gracias de la Comunidad Berkshire SouthCena Comunitaria de Acci\u00f3n de Gracias Martes, 25 de noviembre de 2025 Asientos a las 17:00 y a las 18:30 RESERVAS CERRADAS. Todas las plazas est\u00e1n completas. Reserva una plaza Gratis para todos \u00danete a los amigos locales, tanto antiguos como nuevos, para disfrutar de una [&hellip;]<\/p>\n","protected":false},"author":5,"featured_media":0,"parent":0,"menu_order":0,"comment_status":"closed","ping_status":"closed","template":"","meta":{"_seopress_robots_primary_cat":"","_seopress_titles_title":"Cena de Acci\u00f3n de Gracias de la Comunidad %%sep%% %%sitetitle%%","_seopress_titles_desc":"","_seopress_robots_index":"","site-sidebar-layout":"no-sidebar","site-content-layout":"page-builder","ast-site-content-layout":"default","site-content-style":"default","site-sidebar-style":"default","ast-global-header-display":"","ast-banner-title-visibility":"","ast-main-header-display":"","ast-hfb-above-header-display":"","ast-hfb-below-header-display":"","ast-hfb-mobile-header-display":"","site-post-title":"disabled","ast-breadcrumbs-content":"","ast-featured-img":"disabled","footer-sml-layout":"","ast-disable-related-posts":"","theme-transparent-header-meta":"enabled","adv-header-id-meta":"","stick-header-meta":"default","header-above-stick-meta":"","header-main-stick-meta":"","header-below-stick-meta":"","astra-migrate-meta-layouts":"default","ast-page-background-enabled":"default","ast-page-background-meta":{"desktop":{"background-color":"","background-image":"","background-repeat":"repeat","background-position":"center center","background-size":"auto","background-attachment":"scroll","background-type":"","background-media":"","overlay-type":"","overlay-color":"","overlay-opacity":"","overlay-gradient":""},"tablet":{"background-color":"","background-image":"","background-repeat":"repeat","background-position":"center center","background-size":"auto","background-attachment":"scroll","background-type":"","background-media":"","overlay-type":"","overlay-color":"","overlay-opacity":"","overlay-gradient":""},"mobile":{"background-color":"","background-image":"","background-repeat":"repeat","background-position":"center center","background-size":"auto","background-attachment":"scroll","background-type":"","background-media":"","overlay-type":"","overlay-color":"","overlay-opacity":"","overlay-gradient":""}},"ast-content-background-meta":{"desktop":{"background-color":"var(--ast-global-color-5)","background-image":"","background-repeat":"repeat","background-position":"center center","background-size":"auto","background-attachment":"scroll","background-type":"","background-media":"","overlay-type":"","overlay-color":"","overlay-opacity":"","overlay-gradient":""},"tablet":{"background-color":"var(--ast-global-color-5)","background-image":"","background-repeat":"repeat","background-position":"center center","background-size":"auto","background-attachment":"scroll","background-type":"","background-media":"","overlay-type":"","overlay-color":"","overlay-opacity":"","overlay-gradient":""},"mobile":{"background-color":"var(--ast-global-color-5)","background-image":"","background-repeat":"repeat","background-position":"center center","background-size":"auto","background-attachment":"scroll","background-type":"","background-media":"","overlay-type":"","overlay-color":"","overlay-opacity":"","overlay-gradient":""}},"footnotes":""},"class_list":["post-44101","page","type-page","status-publish","hentry"],"_links":{"self":[{"href":"https:\/\/berkshiresouth.org\/es\/wp-json\/wp\/v2\/pages\/44101","targetHints":{"allow":["GET"]}}],"collection":[{"href":"https:\/\/berkshiresouth.org\/es\/wp-json\/wp\/v2\/pages"}],"about":[{"href":"https:\/\/berkshiresouth.org\/es\/wp-json\/wp\/v2\/types\/page"}],"author":[{"embeddable":true,"href":"https:\/\/berkshiresouth.org\/es\/wp-json\/wp\/v2\/users\/5"}],"replies":[{"embeddable":true,"href":"https:\/\/berkshiresouth.org\/es\/wp-json\/wp\/v2\/comments?post=44101"}],"version-history":[{"count":10,"href":"https:\/\/berkshiresouth.org\/es\/wp-json\/wp\/v2\/pages\/44101\/revisions"}],"predecessor-version":[{"id":49060,"href":"https:\/\/berkshiresouth.org\/es\/wp-json\/wp\/v2\/pages\/44101\/revisions\/49060"}],"wp:attachment":[{"href":"https:\/\/berkshiresouth.org\/es\/wp-json\/wp\/v2\/media?parent=44101"}],"curies":[{"name":"wp","href":"https:\/\/api.w.org\/{rel}","templated":true}]}}