{"id":44109,"date":"2021-10-08T15:38:35","date_gmt":"2021-10-08T19:38:35","guid":{"rendered":"https:\/\/berkshiresouth.org\/evento-estrella-brillante\/"},"modified":"2025-12-17T09:01:56","modified_gmt":"2025-12-17T14:01:56","slug":"event-shining-star","status":"publish","type":"page","link":"https:\/\/berkshiresouth.org\/es\/event-shining-star\/","title":{"rendered":"Evento estrella brillante"},"content":{"rendered":"\t\t<div data-elementor-type=\"wp-post\" data-elementor-id=\"44109\" class=\"elementor elementor-44109 elementor-10785\" data-elementor-post-type=\"page\">\n\t\t\t\t<div class=\"elementor-element elementor-element-351708a e-flex e-con-boxed e-con e-parent\" data-id=\"351708a\" data-element_type=\"container\" data-e-type=\"container\" data-settings=\"{&quot;background_background&quot;:&quot;classic&quot;}\">\n\t\t\t\t\t<div class=\"e-con-inner\">\n\t\t<div class=\"elementor-element elementor-element-500f7ff e-con-full e-flex e-con e-child\" data-id=\"500f7ff\" data-element_type=\"container\" data-e-type=\"container\">\n\t\t\t\t<div class=\"elementor-element elementor-element-67cc97b elementor-widget elementor-widget-heading\" data-id=\"67cc97b\" data-element_type=\"widget\" data-e-type=\"widget\" data-widget_type=\"heading.default\">\n\t\t\t\t<div class=\"elementor-widget-container\">\n\t\t\t\t\t<h1 class=\"elementor-heading-title elementor-size-xxl\">Estrella brillante<\/h1>\t\t\t\t<\/div>\n\t\t\t\t<\/div>\n\t\t\t\t<div class=\"elementor-element elementor-element-96d2161 elementor-widget elementor-widget-heading\" data-id=\"96d2161\" data-element_type=\"widget\" data-e-type=\"widget\" data-widget_type=\"heading.default\">\n\t\t\t\t<div class=\"elementor-widget-container\">\n\t\t\t\t\t<h2 class=\"elementor-heading-title elementor-size-default\">Programa de Vacaciones Complementarias<\/h2>\t\t\t\t<\/div>\n\t\t\t\t<\/div>\n\t\t\t\t<\/div>\n\t\t\t\t\t<\/div>\n\t\t\t\t<\/div>\n\t\t<div class=\"elementor-element elementor-element-97aa1a9 e-flex e-con-boxed e-con e-parent\" data-id=\"97aa1a9\" data-element_type=\"container\" data-e-type=\"container\" data-settings=\"{&quot;background_background&quot;:&quot;classic&quot;}\">\n\t\t\t\t\t<div class=\"e-con-inner\">\n\t\t<div class=\"elementor-element elementor-element-32c32f9 e-con-full e-flex e-con e-child\" data-id=\"32c32f9\" data-element_type=\"container\" data-e-type=\"container\">\n\t\t<div class=\"elementor-element elementor-element-8e82d30 e-con-full e-flex e-con e-child\" data-id=\"8e82d30\" data-element_type=\"container\" data-e-type=\"container\" data-settings=\"{&quot;background_background&quot;:&quot;classic&quot;}\">\n\t\t\t\t<div class=\"elementor-element elementor-element-59098db elementor-widget elementor-widget-heading\" data-id=\"59098db\" data-element_type=\"widget\" data-e-type=\"widget\" data-widget_type=\"heading.default\">\n\t\t\t\t<div class=\"elementor-widget-container\">\n\t\t\t\t\t<h2 class=\"elementor-heading-title elementor-size-default\">Regala alegr\u00eda estas fiestas<\/h2>\t\t\t\t<\/div>\n\t\t\t\t<\/div>\n\t\t<div class=\"elementor-element elementor-element-4839d46 e-flex e-con-boxed e-con e-child\" data-id=\"4839d46\" data-element_type=\"container\" data-e-type=\"container\">\n\t\t\t\t\t<div class=\"e-con-inner\">\n\t\t\t\t<div class=\"elementor-element elementor-element-05eb430 elementor-widget elementor-widget-text-editor\" data-id=\"05eb430\" data-element_type=\"widget\" data-e-type=\"widget\" data-widget_type=\"text-editor.default\">\n\t\t\t\t<div class=\"elementor-widget-container\">\n\t\t\t\t\t\t\t\t\t<p>El Programa Suplementario de Vacaciones Shining Star ofrece a los miembros de la comunidad la oportunidad de comprar regalos para otros residentes del sur de Berkshire a los que les vendr\u00eda bien una ayuda adicional durante las fiestas.<\/p><p>*Toda la informaci\u00f3n es estrictamente confidencial.<\/p>\t\t\t\t\t\t\t\t<\/div>\n\t\t\t\t<\/div>\n\t\t\t\t<div class=\"elementor-element elementor-element-acdaf41 elementor-hidden-desktop elementor-hidden-tablet elementor-hidden-mobile elementor-widget elementor-widget-text-editor\" data-id=\"acdaf41\" data-element_type=\"widget\" data-e-type=\"widget\" data-widget_type=\"text-editor.default\">\n\t\t\t\t<div class=\"elementor-widget-container\">\n\t\t\t\t\t\t\t\t\t<p>Los solicitantes de ayuda (Estrellas) env\u00edan una lista de deseos navide\u00f1os. A continuaci\u00f3n, se empareja an\u00f3nimamente al destinatario Estrella con un generoso donante de la comunidad que cumple su lista de deseos. Para los ni\u00f1os, se trata de regalos. Las estrellas adolescentes y j\u00f3venes reciben tarjetas regalo para la tienda de su elecci\u00f3n. Tambi\u00e9n aceptamos donativos en met\u00e1lico y un miembro de nuestro equipo har\u00e1 las compras por ti.    <\/p>\t\t\t\t\t\t\t\t<\/div>\n\t\t\t\t<\/div>\n\t\t\t\t<div class=\"elementor-element elementor-element-274d8cd elementor-hidden-desktop elementor-hidden-tablet elementor-hidden-mobile elementor-widget elementor-widget-text-editor\" data-id=\"274d8cd\" data-element_type=\"widget\" data-e-type=\"widget\" data-widget_type=\"text-editor.default\">\n\t\t\t\t<div class=\"elementor-widget-container\">\n\t\t\t\t\t\t\t\t\t<p>Si quieres<span style=\"color: var(--ast-global-color-3);\"> que te emparejen con una Estrella y <\/span><span style=\"font-style: inherit; font-weight: inherit; color: var(--ast-global-color-3);\">ayudar a llevar alegr\u00eda a las familias de Berkshire estas fiestas,<\/span><span style=\"font-style: inherit; font-weight: inherit; color: var(--ast-global-color-3);\"> haz clic en el enlace de Inscripci\u00f3n de Compradores que aparece a continuaci\u00f3n o rellena un formulario en persona en Berkshire South<\/span>.<\/p>\t\t\t\t\t\t\t\t<\/div>\n\t\t\t\t<\/div>\n\t\t\t\t<div class=\"elementor-element elementor-element-4e113ce elementor-widget elementor-widget-text-editor\" data-id=\"4e113ce\" data-element_type=\"widget\" data-e-type=\"widget\" data-widget_type=\"text-editor.default\">\n\t\t\t\t<div class=\"elementor-widget-container\">\n\t\t\t\t\t\t\t\t\t<p><span style=\"font-weight: 400;\">Las solicitudes de ayuda son presentadas a Berkshire South por el padre, madre o tutor principal. Despu\u00e9s del 30 de septiembre, se revisan todas las solicitudes cumplimentadas, y a mediados de octubre se identifica al grupo de Estrellas Luminosas de este a\u00f1o.   <\/span><\/p>\t\t\t\t\t\t\t\t<\/div>\n\t\t\t\t<\/div>\n\t\t\t\t<div class=\"elementor-element elementor-element-ba49489 elementor-widget elementor-widget-text-editor\" data-id=\"ba49489\" data-element_type=\"widget\" data-e-type=\"widget\" data-widget_type=\"text-editor.default\">\n\t\t\t\t<div class=\"elementor-widget-container\">\n\t\t\t\t\t\t\t\t\t<p><span style=\"font-weight: 400;\">A continuaci\u00f3n, los destinatarios de las Estrellas aceptadas son emparejados an\u00f3nimamente con uno o varios generosos donantes de la comunidad que cumplen su lista de deseos. Para los ni\u00f1os, esto se hace en forma de regalos. Las estrellas adolescentes y j\u00f3venes reciben tarjetas regalo para la tienda de su elecci\u00f3n. Tambi\u00e9n aceptamos donaciones monetarias, y un miembro de nuestro equipo har\u00e1 las compras por ti.   <\/span><\/p>\t\t\t\t\t\t\t\t<\/div>\n\t\t\t\t<\/div>\n\t\t\t\t<div class=\"elementor-element elementor-element-92f6e66 elementor-widget elementor-widget-text-editor\" data-id=\"92f6e66\" data-element_type=\"widget\" data-e-type=\"widget\" data-widget_type=\"text-editor.default\">\n\t\t\t\t<div class=\"elementor-widget-container\">\n\t\t\t\t\t\t\t\t\t<p><span style=\"font-weight: 400;\">Hemos realizado varias actualizaciones importantes en nuestro proceso de solicitud para 2025. Estos cambios est\u00e1n dise\u00f1ados para a\u00f1adir transparencia y coherencia, y hacer que el programa sea m\u00e1s equitativo para todos.   <\/span><\/p>\t\t\t\t\t\t\t\t<\/div>\n\t\t\t\t<\/div>\n\t\t<div class=\"elementor-element elementor-element-9fd2a72 e-con-full e-flex e-con e-child\" data-id=\"9fd2a72\" data-element_type=\"container\" data-e-type=\"container\">\n\t\t<div class=\"elementor-element elementor-element-1231c0e e-con-full e-flex e-con e-child\" data-id=\"1231c0e\" data-element_type=\"container\" data-e-type=\"container\">\n\t\t\t\t<div class=\"elementor-element elementor-element-da52326 elementor-widget elementor-widget-heading\" data-id=\"da52326\" data-element_type=\"widget\" data-e-type=\"widget\" data-widget_type=\"heading.default\">\n\t\t\t\t<div class=\"elementor-widget-container\">\n\t\t\t\t\t<h3 class=\"elementor-heading-title elementor-size-default\">Fechas importantes:<\/h3>\t\t\t\t<\/div>\n\t\t\t\t<\/div>\n\t\t\t\t<\/div>\n\t\t<div class=\"elementor-element elementor-element-42533f7 e-con-full e-flex e-con e-child\" data-id=\"42533f7\" data-element_type=\"container\" data-e-type=\"container\">\n\t\t\t\t<div class=\"elementor-element elementor-element-b1e8e44 elementor-widget elementor-widget-text-editor\" data-id=\"b1e8e44\" data-element_type=\"widget\" data-e-type=\"widget\" data-widget_type=\"text-editor.default\">\n\t\t\t\t<div class=\"elementor-widget-container\">\n\t\t\t\t\t\t\t\t\t<ul><li><p><span style=\"font-weight: 400;\">Abierto el plazo para solicitar donativos: 2 de septiembre de 2025<\/span><\/p><\/li><li><p><span style=\"font-weight: 400;\">Destinatario del regalo <\/span><span style=\"font-weight: 400;\">Se cierra el plazo de solicitud: 30 de septiembre de 2025<\/span><\/p><\/li><li><p><span style=\"font-weight: 400;\">Se abre el plazo de inscripci\u00f3n de compradores: 20 de octubre de 2025<\/span><\/p><\/li><li><p><span style=\"font-weight: 400;\">Fecha l\u00edmite de entrega de regalos: 1 de diciembre de 2025<\/span><\/p><\/li><li><p><span style=\"font-weight: 400;\">RECOGIDA DE RECIPIENTES: Programada para el jueves 11 y el viernes 12 de diciembre entre las 8:30 y las 17:30 h.<\/span><\/p><\/li><\/ul>\t\t\t\t\t\t\t\t<\/div>\n\t\t\t\t<\/div>\n\t\t\t\t<\/div>\n\t\t\t\t<\/div>\n\t\t\t\t<div class=\"elementor-element elementor-element-31902b1 elementor-widget elementor-widget-text-editor\" data-id=\"31902b1\" data-element_type=\"widget\" data-e-type=\"widget\" data-widget_type=\"text-editor.default\">\n\t\t\t\t<div class=\"elementor-widget-container\">\n\t\t\t\t\t\t\t\t\t<p><strong><span style=\"text-decoration: underline;\">Tenlo en cuenta<\/span>:  <\/strong><strong>Este programa s\u00f3lo est\u00e1 disponible para los residentes en el sur del condado. No podemos aceptar solicitudes incompletas o presentadas fuera de plazo (despu\u00e9s del 30 de septiembre). <\/strong><\/p>\t\t\t\t\t\t\t\t<\/div>\n\t\t\t\t<\/div>\n\t\t\t\t<div class=\"elementor-element elementor-element-099c56e elementor-widget elementor-widget-text-editor\" data-id=\"099c56e\" data-element_type=\"widget\" data-e-type=\"widget\" data-widget_type=\"text-editor.default\">\n\t\t\t\t<div class=\"elementor-widget-container\">\n\t\t\t\t\t\t\t\t\t<p>Si tienes alguna duda, ponte en contacto con <a href=\"mailto:shiningstar@berkshiresouth.org\">shiningstar@berkshiresouth.org<\/a>.<\/p>\t\t\t\t\t\t\t\t<\/div>\n\t\t\t\t<\/div>\n\t\t\t\t\t<\/div>\n\t\t\t\t<\/div>\n\t\t<div class=\"elementor-element elementor-element-5d9cd86 e-con-full e-flex e-con e-child\" data-id=\"5d9cd86\" data-element_type=\"container\" data-e-type=\"container\">\n\t\t<div class=\"elementor-element elementor-element-9bd77b9 e-con-full e-flex e-con e-child\" data-id=\"9bd77b9\" data-element_type=\"container\" data-e-type=\"container\">\n\t\t\t\t<div class=\"elementor-element elementor-element-5396b4f elementor-widget elementor-widget-image\" data-id=\"5396b4f\" data-element_type=\"widget\" data-e-type=\"widget\" data-widget_type=\"image.default\">\n\t\t\t\t<div class=\"elementor-widget-container\">\n\t\t\t\t\t\t\t\t\t\t\t\t\t\t\t<img fetchpriority=\"high\" decoding=\"async\" width=\"1024\" height=\"295\" src=\"https:\/\/berkshiresouth.org\/wp-content\/uploads\/2025\/08\/ApplyShiningStar-logo-1024x295.png\" class=\"attachment-large size-large wp-image-46648\" alt=\"\" srcset=\"https:\/\/berkshiresouth.org\/wp-content\/uploads\/2025\/08\/ApplyShiningStar-logo-1024x295.png 1024w, https:\/\/berkshiresouth.org\/wp-content\/uploads\/2025\/08\/ApplyShiningStar-logo-300x87.png 300w, https:\/\/berkshiresouth.org\/wp-content\/uploads\/2025\/08\/ApplyShiningStar-logo-768x221.png 768w, https:\/\/berkshiresouth.org\/wp-content\/uploads\/2025\/08\/ApplyShiningStar-logo-1536x443.png 1536w, https:\/\/berkshiresouth.org\/wp-content\/uploads\/2025\/08\/ApplyShiningStar-logo.png 1758w\" sizes=\"(max-width: 1024px) 100vw, 1024px\" \/>\t\t\t\t\t\t\t\t\t\t\t\t\t\t\t<\/div>\n\t\t\t\t<\/div>\n\t\t\t\t<div class=\"elementor-element elementor-element-1838537 elementor-widget elementor-widget-text-editor\" data-id=\"1838537\" data-element_type=\"widget\" data-e-type=\"widget\" data-widget_type=\"text-editor.default\">\n\t\t\t\t<div class=\"elementor-widget-container\">\n\t\t\t\t\t\t\t\t\t<strong>Las solicitudes ya est\u00e1n cerradas<\/strong>\t\t\t\t\t\t\t\t<\/div>\n\t\t\t\t<\/div>\n\t\t\t\t<div class=\"elementor-element elementor-element-b8eaba2 elementor-hidden-desktop elementor-hidden-tablet elementor-hidden-mobile elementor-widget elementor-widget-text-editor\" data-id=\"b8eaba2\" data-element_type=\"widget\" data-e-type=\"widget\" data-widget_type=\"text-editor.default\">\n\t\t\t\t<div class=\"elementor-widget-container\">\n\t\t\t\t\t\t\t\t\t<p><strong>Plazo de solicitud abierto: del 2 al 30 de septiembre<\/strong><\/p>\t\t\t\t\t\t\t\t<\/div>\n\t\t\t\t<\/div>\n\t\t\t\t<div class=\"elementor-element elementor-element-3763fc9 elementor-align-center elementor-hidden-desktop elementor-hidden-tablet elementor-hidden-mobile elementor-widget elementor-widget-button\" data-id=\"3763fc9\" data-element_type=\"widget\" data-e-type=\"widget\" data-widget_type=\"button.default\">\n\t\t\t\t<div class=\"elementor-widget-container\">\n\t\t\t\t\t\t\t\t\t<div class=\"elementor-button-wrapper\">\n\t\t\t\t\t<a class=\"elementor-button elementor-size-sm\" role=\"button\">\n\t\t\t\t\t\t<span class=\"elementor-button-content-wrapper\">\n\t\t\t\t\t\t\t\t\t<span class=\"elementor-button-text\">2025 Formulario de Solicitud de Ingl\u00e9s<\/span>\n\t\t\t\t\t<\/span>\n\t\t\t\t\t<\/a>\n\t\t\t\t<\/div>\n\t\t\t\t\t\t\t\t<\/div>\n\t\t\t\t<\/div>\n\t\t\t\t<div class=\"elementor-element elementor-element-d4f581f elementor-align-center elementor-hidden-desktop elementor-hidden-tablet elementor-hidden-mobile elementor-widget elementor-widget-button\" data-id=\"d4f581f\" data-element_type=\"widget\" data-e-type=\"widget\" data-widget_type=\"button.default\">\n\t\t\t\t<div class=\"elementor-widget-container\">\n\t\t\t\t\t\t\t\t\t<div class=\"elementor-button-wrapper\">\n\t\t\t\t\t<a class=\"elementor-button elementor-size-sm\" role=\"button\">\n\t\t\t\t\t\t<span class=\"elementor-button-content-wrapper\">\n\t\t\t\t\t\t\t\t\t<span class=\"elementor-button-text\">2025 Formulario de solicitud en espa\u00f1ol<\/span>\n\t\t\t\t\t<\/span>\n\t\t\t\t\t<\/a>\n\t\t\t\t<\/div>\n\t\t\t\t\t\t\t\t<\/div>\n\t\t\t\t<\/div>\n\t\t\t\t<\/div>\n\t\t<div class=\"elementor-element elementor-element-a5422d4 e-con-full e-flex e-con e-child\" data-id=\"a5422d4\" data-element_type=\"container\" data-e-type=\"container\">\n\t\t\t\t<div class=\"elementor-element elementor-element-342a082 elementor-widget elementor-widget-image\" data-id=\"342a082\" data-element_type=\"widget\" data-e-type=\"widget\" data-widget_type=\"image.default\">\n\t\t\t\t<div class=\"elementor-widget-container\">\n\t\t\t\t\t\t\t\t\t\t\t\t\t\t\t<img decoding=\"async\" width=\"400\" height=\"153\" src=\"https:\/\/berkshiresouth.org\/wp-content\/uploads\/2022\/09\/BSRCC-ShiningStar_GiftIcon400.png\" class=\"attachment-large size-large wp-image-43500\" alt=\"\" srcset=\"https:\/\/berkshiresouth.org\/wp-content\/uploads\/2022\/09\/BSRCC-ShiningStar_GiftIcon400.png 400w, https:\/\/berkshiresouth.org\/wp-content\/uploads\/2022\/09\/BSRCC-ShiningStar_GiftIcon400-300x115.png 300w\" sizes=\"(max-width: 400px) 100vw, 400px\" \/>\t\t\t\t\t\t\t\t\t\t\t\t\t\t\t<\/div>\n\t\t\t\t<\/div>\n\t\t\t\t<div class=\"elementor-element elementor-element-da16010 elementor-hidden-desktop elementor-hidden-tablet elementor-hidden-mobile elementor-widget elementor-widget-text-editor\" data-id=\"da16010\" data-element_type=\"widget\" data-e-type=\"widget\" data-widget_type=\"text-editor.default\">\n\t\t\t\t<div class=\"elementor-widget-container\">\n\t\t\t\t\t\t\t\t\t<p><strong>Se abre el plazo de inscripci\u00f3n de compradores: 20 de octubre de 2025. Vuelve a comprobarlo hoy mismo. <\/strong><\/p>\t\t\t\t\t\t\t\t<\/div>\n\t\t\t\t<\/div>\n\t\t\t\t<div class=\"elementor-element elementor-element-68f299c elementor-widget elementor-widget-text-editor\" data-id=\"68f299c\" data-element_type=\"widget\" data-e-type=\"widget\" data-widget_type=\"text-editor.default\">\n\t\t\t\t<div class=\"elementor-widget-container\">\n\t\t\t\t\t\t\t\t\t<p><strong>Todos los regalos han sido recibidos y distribuidos. Gracias por apoyar el programa Estrella Brillante 2025. <\/strong><\/p>\t\t\t\t\t\t\t\t<\/div>\n\t\t\t\t<\/div>\n\t\t\t\t<div class=\"elementor-element elementor-element-71509a8 elementor-align-center elementor-hidden-desktop elementor-hidden-tablet elementor-hidden-mobile elementor-widget elementor-widget-button\" data-id=\"71509a8\" data-element_type=\"widget\" data-e-type=\"widget\" data-widget_type=\"button.default\">\n\t\t\t\t<div class=\"elementor-widget-container\">\n\t\t\t\t\t\t\t\t\t<div class=\"elementor-button-wrapper\">\n\t\t\t\t\t<a class=\"elementor-button elementor-button-link elementor-size-sm\" href=\"https:\/\/docs.google.com\/forms\/d\/e\/1FAIpQLSd1_J_gUgcjL2nsIruJ2bAYQOrb2dyzekNq1xitNYRveRgsRQ\/viewform?usp=sharing&#038;ouid=116008937772294362660\">\n\t\t\t\t\t\t<span class=\"elementor-button-content-wrapper\">\n\t\t\t\t\t\t\t\t\t<span class=\"elementor-button-text\">Reg\u00edstrate para apoyar<\/span>\n\t\t\t\t\t<\/span>\n\t\t\t\t\t<\/a>\n\t\t\t\t<\/div>\n\t\t\t\t\t\t\t\t<\/div>\n\t\t\t\t<\/div>\n\t\t\t\t<\/div>\n\t\t\t\t<\/div>\n\t\t\t\t<\/div>\n\t\t\t\t<\/div>\n\t\t\t\t\t<\/div>\n\t\t\t\t<\/div>\n\t\t\t\t<\/div>\n\t\t","protected":false},"excerpt":{"rendered":"<p>Estrella brillante Programa de Vacaciones Complementarias Regala alegr\u00eda estas fiestas El Programa Suplementario de Vacaciones Shining Star ofrece a los miembros de la comunidad la oportunidad de comprar regalos para otros residentes del sur de Berkshire a los que les vendr\u00eda bien una ayuda adicional durante las fiestas. *Toda la informaci\u00f3n es estrictamente confidencial. Los [&hellip;]<\/p>\n","protected":false},"author":5,"featured_media":0,"parent":0,"menu_order":0,"comment_status":"closed","ping_status":"closed","template":"","meta":{"_seopress_robots_primary_cat":"","_seopress_titles_title":"Programa de donaciones complementarias Shining Star %%sep%% %%sitetitle%%","_seopress_titles_desc":"","_seopress_robots_index":"","site-sidebar-layout":"no-sidebar","site-content-layout":"page-builder","ast-site-content-layout":"default","site-content-style":"default","site-sidebar-style":"default","ast-global-header-display":"","ast-banner-title-visibility":"","ast-main-header-display":"","ast-hfb-above-header-display":"","ast-hfb-below-header-display":"","ast-hfb-mobile-header-display":"","site-post-title":"","ast-breadcrumbs-content":"","ast-featured-img":"disabled","footer-sml-layout":"","ast-disable-related-posts":"","theme-transparent-header-meta":"enabled","adv-header-id-meta":"","stick-header-meta":"default","header-above-stick-meta":"","header-main-stick-meta":"","header-below-stick-meta":"","astra-migrate-meta-layouts":"default","ast-page-background-enabled":"default","ast-page-background-meta":{"desktop":{"background-color":"","background-image":"","background-repeat":"repeat","background-position":"center center","background-size":"auto","background-attachment":"scroll","background-type":"","background-media":"","overlay-type":"","overlay-color":"","overlay-opacity":"","overlay-gradient":""},"tablet":{"background-color":"","background-image":"","background-repeat":"repeat","background-position":"center center","background-size":"auto","background-attachment":"scroll","background-type":"","background-media":"","overlay-type":"","overlay-color":"","overlay-opacity":"","overlay-gradient":""},"mobile":{"background-color":"","background-image":"","background-repeat":"repeat","background-position":"center center","background-size":"auto","background-attachment":"scroll","background-type":"","background-media":"","overlay-type":"","overlay-color":"","overlay-opacity":"","overlay-gradient":""}},"ast-content-background-meta":{"desktop":{"background-color":"var(--ast-global-color-5)","background-image":"","background-repeat":"repeat","background-position":"center center","background-size":"auto","background-attachment":"scroll","background-type":"","background-media":"","overlay-type":"","overlay-color":"","overlay-opacity":"","overlay-gradient":""},"tablet":{"background-color":"var(--ast-global-color-5)","background-image":"","background-repeat":"repeat","background-position":"center center","background-size":"auto","background-attachment":"scroll","background-type":"","background-media":"","overlay-type":"","overlay-color":"","overlay-opacity":"","overlay-gradient":""},"mobile":{"background-color":"var(--ast-global-color-5)","background-image":"","background-repeat":"repeat","background-position":"center center","background-size":"auto","background-attachment":"scroll","background-type":"","background-media":"","overlay-type":"","overlay-color":"","overlay-opacity":"","overlay-gradient":""}},"footnotes":""},"class_list":["post-44109","page","type-page","status-publish","hentry"],"_links":{"self":[{"href":"https:\/\/berkshiresouth.org\/es\/wp-json\/wp\/v2\/pages\/44109","targetHints":{"allow":["GET"]}}],"collection":[{"href":"https:\/\/berkshiresouth.org\/es\/wp-json\/wp\/v2\/pages"}],"about":[{"href":"https:\/\/berkshiresouth.org\/es\/wp-json\/wp\/v2\/types\/page"}],"author":[{"embeddable":true,"href":"https:\/\/berkshiresouth.org\/es\/wp-json\/wp\/v2\/users\/5"}],"replies":[{"embeddable":true,"href":"https:\/\/berkshiresouth.org\/es\/wp-json\/wp\/v2\/comments?post=44109"}],"version-history":[{"count":10,"href":"https:\/\/berkshiresouth.org\/es\/wp-json\/wp\/v2\/pages\/44109\/revisions"}],"predecessor-version":[{"id":49580,"href":"https:\/\/berkshiresouth.org\/es\/wp-json\/wp\/v2\/pages\/44109\/revisions\/49580"}],"wp:attachment":[{"href":"https:\/\/berkshiresouth.org\/es\/wp-json\/wp\/v2\/media?parent=44109"}],"curies":[{"name":"wp","href":"https:\/\/api.w.org\/{rel}","templated":true}]}}