{"id":44112,"date":"2021-09-23T18:27:04","date_gmt":"2021-09-23T22:27:04","guid":{"rendered":"https:\/\/berkshiresouth.org\/donante-grit-2021\/"},"modified":"2026-04-14T10:59:08","modified_gmt":"2026-04-14T14:59:08","slug":"2021-grit-donor","status":"publish","type":"page","link":"https:\/\/berkshiresouth.org\/es\/2021-grit-donor\/","title":{"rendered":"Donante GRIT 2021"},"content":{"rendered":"\t\t<div data-elementor-type=\"wp-post\" data-elementor-id=\"44112\" class=\"elementor elementor-44112 elementor-10375\" data-elementor-post-type=\"page\">\n\t\t\t\t<div class=\"elementor-element elementor-element-5b0f2c0 e-flex e-con-boxed e-con e-parent\" data-id=\"5b0f2c0\" data-element_type=\"container\" data-e-type=\"container\" data-settings=\"{&quot;background_background&quot;:&quot;classic&quot;}\">\n\t\t\t\t\t<div class=\"e-con-inner\">\n\t\t<div class=\"elementor-element elementor-element-0907e65 e-con-full e-flex e-con e-child\" data-id=\"0907e65\" data-element_type=\"container\" data-e-type=\"container\">\n\t\t\t\t<div class=\"elementor-element elementor-element-5cbc67a elementor-widget elementor-widget-heading\" data-id=\"5cbc67a\" data-element_type=\"widget\" data-e-type=\"widget\" data-widget_type=\"heading.default\">\n\t\t\t\t<div class=\"elementor-widget-container\">\n\t\t\t\t\t<h1 class=\"elementor-heading-title elementor-size-default\">Hazte donante de GRIT<\/h1>\t\t\t\t<\/div>\n\t\t\t\t<\/div>\n\t\t\t\t<div class=\"elementor-element elementor-element-7d48570 elementor-widget elementor-widget-heading\" data-id=\"7d48570\" data-element_type=\"widget\" data-e-type=\"widget\" data-widget_type=\"heading.default\">\n\t\t\t\t<div class=\"elementor-widget-container\">\n\t\t\t\t\t<p class=\"elementor-heading-title elementor-size-default\">crecimiento * resiliencia * innovaci\u00f3n * tenacidad<\/p>\t\t\t\t<\/div>\n\t\t\t\t<\/div>\n\t\t\t\t<\/div>\n\t\t\t\t\t<\/div>\n\t\t\t\t<\/div>\n\t\t<div class=\"elementor-element elementor-element-7d91d62 e-flex e-con-boxed e-con e-parent\" data-id=\"7d91d62\" data-element_type=\"container\" data-e-type=\"container\">\n\t\t\t\t\t<div class=\"e-con-inner\">\n\t\t<div class=\"elementor-element elementor-element-dbaee4f e-con-full e-flex e-con e-child\" data-id=\"dbaee4f\" data-element_type=\"container\" data-e-type=\"container\">\n\t\t\t\t<div class=\"elementor-element elementor-element-13f9ba0 elementor-widget elementor-widget-heading\" data-id=\"13f9ba0\" data-element_type=\"widget\" data-e-type=\"widget\" data-widget_type=\"heading.default\">\n\t\t\t\t<div class=\"elementor-widget-container\">\n\t\t\t\t\t<h2 class=\"elementor-heading-title elementor-size-default\">\u00a1Nuestra comunidad te agradece tu donativo a la campa\u00f1a GRIT!  <\/h2>\t\t\t\t<\/div>\n\t\t\t\t<\/div>\n\t\t\t\t<div class=\"elementor-element elementor-element-9b8f8a9 elementor-widget-divider--view-line elementor-widget elementor-widget-divider\" data-id=\"9b8f8a9\" data-element_type=\"widget\" data-e-type=\"widget\" data-widget_type=\"divider.default\">\n\t\t\t\t<div class=\"elementor-widget-container\">\n\t\t\t\t\t\t\t<div class=\"elementor-divider\">\n\t\t\t<span class=\"elementor-divider-separator\">\n\t\t\t\t\t\t<\/span>\n\t\t<\/div>\n\t\t\t\t\t\t<\/div>\n\t\t\t\t<\/div>\n\t\t\t\t<div class=\"elementor-element elementor-element-6f3d414 elementor-widget elementor-widget-heading\" data-id=\"6f3d414\" data-element_type=\"widget\" data-e-type=\"widget\" data-widget_type=\"heading.default\">\n\t\t\t\t<div class=\"elementor-widget-container\">\n\t\t\t\t\t<h3 class=\"elementor-heading-title elementor-size-default\">Cantidades de donaci\u00f3n sugeridas<\/h3>\t\t\t\t<\/div>\n\t\t\t\t<\/div>\n\t\t<div class=\"elementor-element elementor-element-0721175 e-con-full e-flex e-con e-child\" data-id=\"0721175\" data-element_type=\"container\" data-e-type=\"container\">\n\t\t<div class=\"elementor-element elementor-element-144a8af e-con-full e-flex e-con e-child\" data-id=\"144a8af\" data-element_type=\"container\" data-e-type=\"container\">\n\t\t<div class=\"elementor-element elementor-element-378ab3d e-con-full e-flex e-con e-child\" data-id=\"378ab3d\" data-element_type=\"container\" data-e-type=\"container\">\n\t\t\t\t<div class=\"elementor-element elementor-element-b6a9414 elementor-widget elementor-widget-image\" data-id=\"b6a9414\" data-element_type=\"widget\" data-e-type=\"widget\" data-widget_type=\"image.default\">\n\t\t\t\t<div class=\"elementor-widget-container\">\n\t\t\t\t\t\t\t\t\t\t\t\t\t\t\t<img decoding=\"async\" width=\"150\" height=\"150\" src=\"https:\/\/berkshiresouth.org\/wp-content\/uploads\/2021\/10\/2021-Berkshire-South-Community-Supper-14-2-150x150.jpg\" class=\"attachment-thumbnail size-thumbnail wp-image-43404\" alt=\"\" srcset=\"https:\/\/berkshiresouth.org\/wp-content\/uploads\/2021\/10\/2021-Berkshire-South-Community-Supper-14-2-150x150.jpg 150w, https:\/\/berkshiresouth.org\/wp-content\/uploads\/2021\/10\/2021-Berkshire-South-Community-Supper-14-2-300x300.jpg 300w, https:\/\/berkshiresouth.org\/wp-content\/uploads\/2021\/10\/2021-Berkshire-South-Community-Supper-14-2-100x100.jpg 100w\" sizes=\"(max-width: 150px) 100vw, 150px\" \/>\t\t\t\t\t\t\t\t\t\t\t\t\t\t\t<\/div>\n\t\t\t\t<\/div>\n\t\t\t\t<\/div>\n\t\t<div class=\"elementor-element elementor-element-ec418f8 e-con-full e-flex e-con e-child\" data-id=\"ec418f8\" data-element_type=\"container\" data-e-type=\"container\">\n\t\t\t\t<div class=\"elementor-element elementor-element-38fadba elementor-widget elementor-widget-heading\" data-id=\"38fadba\" data-element_type=\"widget\" data-e-type=\"widget\" data-widget_type=\"heading.default\">\n\t\t\t\t<div class=\"elementor-widget-container\">\n\t\t\t\t\t<h4 class=\"elementor-heading-title elementor-size-default\">Impulsado<br> 150<\/h4>\t\t\t\t<\/div>\n\t\t\t\t<\/div>\n\t\t\t\t<div class=\"elementor-element elementor-element-b6ece96 elementor-widget elementor-widget-text-editor\" data-id=\"b6ece96\" data-element_type=\"widget\" data-e-type=\"widget\" data-widget_type=\"text-editor.default\">\n\t\t\t\t<div class=\"elementor-widget-container\">\n\t\t\t\t\t\t\t\t\t<p>Cena comunitaria<\/p>\t\t\t\t\t\t\t\t<\/div>\n\t\t\t\t<\/div>\n\t\t\t\t<\/div>\n\t\t\t\t<\/div>\n\t\t<div class=\"elementor-element elementor-element-ae9ecba e-con-full e-flex e-con e-child\" data-id=\"ae9ecba\" data-element_type=\"container\" data-e-type=\"container\">\n\t\t\t\t<div class=\"elementor-element elementor-element-76b1f29 elementor-widget elementor-widget-text-editor\" data-id=\"76b1f29\" data-element_type=\"widget\" data-e-type=\"widget\" data-widget_type=\"text-editor.default\">\n\t\t\t\t<div class=\"elementor-widget-container\">\n\t\t\t\t\t\t\t\t\t<p>Proporciona 50 comidas a miembros de la comunidad que necesitan alimentar tanto sus cuerpos como sus esp\u00edritus<\/p>\t\t\t\t\t\t\t\t<\/div>\n\t\t\t\t<\/div>\n\t\t\t\t<\/div>\n\t\t\t\t<\/div>\n\t\t<div class=\"elementor-element elementor-element-f420d21 e-con-full e-flex e-con e-child\" data-id=\"f420d21\" data-element_type=\"container\" data-e-type=\"container\">\n\t\t<div class=\"elementor-element elementor-element-165428a e-con-full e-flex e-con e-child\" data-id=\"165428a\" data-element_type=\"container\" data-e-type=\"container\">\n\t\t<div class=\"elementor-element elementor-element-26ffd63 e-con-full e-flex e-con e-child\" data-id=\"26ffd63\" data-element_type=\"container\" data-e-type=\"container\">\n\t\t\t\t<div class=\"elementor-element elementor-element-79046cd elementor-widget elementor-widget-image\" data-id=\"79046cd\" data-element_type=\"widget\" data-e-type=\"widget\" data-widget_type=\"image.default\">\n\t\t\t\t<div class=\"elementor-widget-container\">\n\t\t\t\t\t\t\t\t\t\t\t\t\t\t\t<img decoding=\"async\" width=\"150\" height=\"150\" src=\"https:\/\/berkshiresouth.org\/wp-content\/uploads\/2021\/10\/2021-Berkshire-South-Cardio-Kickboxing-22-150x150.jpg\" class=\"attachment-thumbnail size-thumbnail wp-image-43403\" alt=\"\" srcset=\"https:\/\/berkshiresouth.org\/wp-content\/uploads\/2021\/10\/2021-Berkshire-South-Cardio-Kickboxing-22-150x150.jpg 150w, https:\/\/berkshiresouth.org\/wp-content\/uploads\/2021\/10\/2021-Berkshire-South-Cardio-Kickboxing-22-300x300.jpg 300w, https:\/\/berkshiresouth.org\/wp-content\/uploads\/2021\/10\/2021-Berkshire-South-Cardio-Kickboxing-22-100x100.jpg 100w\" sizes=\"(max-width: 150px) 100vw, 150px\" \/>\t\t\t\t\t\t\t\t\t\t\t\t\t\t\t<\/div>\n\t\t\t\t<\/div>\n\t\t\t\t<\/div>\n\t\t<div class=\"elementor-element elementor-element-fd12ced e-con-full e-flex e-con e-child\" data-id=\"fd12ced\" data-element_type=\"container\" data-e-type=\"container\">\n\t\t\t\t<div class=\"elementor-element elementor-element-374b3b6 elementor-widget elementor-widget-heading\" data-id=\"374b3b6\" data-element_type=\"widget\" data-e-type=\"widget\" data-widget_type=\"heading.default\">\n\t\t\t\t<div class=\"elementor-widget-container\">\n\t\t\t\t\t<h4 class=\"elementor-heading-title elementor-size-default\">Vigorizado <br> 300<\/h4>\t\t\t\t<\/div>\n\t\t\t\t<\/div>\n\t\t\t\t<div class=\"elementor-element elementor-element-e734ff4 elementor-widget elementor-widget-text-editor\" data-id=\"e734ff4\" data-element_type=\"widget\" data-e-type=\"widget\" data-widget_type=\"text-editor.default\">\n\t\t\t\t<div class=\"elementor-widget-container\">\n\t\t\t\t\t\t\t\t\t<p>Ayuda financiera<\/p>\t\t\t\t\t\t\t\t<\/div>\n\t\t\t\t<\/div>\n\t\t\t\t<\/div>\n\t\t\t\t<\/div>\n\t\t<div class=\"elementor-element elementor-element-f7cdfa5 e-con-full e-flex e-con e-child\" data-id=\"f7cdfa5\" data-element_type=\"container\" data-e-type=\"container\">\n\t\t\t\t<div class=\"elementor-element elementor-element-7b9ab64 elementor-widget elementor-widget-text-editor\" data-id=\"7b9ab64\" data-element_type=\"widget\" data-e-type=\"widget\" data-widget_type=\"text-editor.default\">\n\t\t\t\t<div class=\"elementor-widget-container\">\n\t\t\t\t\t\t\t\t\t<p>Proporciona a una familia con unos ingresos anuales medios de 16.000 $ una afiliaci\u00f3n de 4 meses al Centro<\/p>\t\t\t\t\t\t\t\t<\/div>\n\t\t\t\t<\/div>\n\t\t\t\t<\/div>\n\t\t\t\t<\/div>\n\t\t<div class=\"elementor-element elementor-element-8e51fa7 e-con-full e-flex e-con e-child\" data-id=\"8e51fa7\" data-element_type=\"container\" data-e-type=\"container\">\n\t\t<div class=\"elementor-element elementor-element-c2d3032 e-con-full e-flex e-con e-child\" data-id=\"c2d3032\" data-element_type=\"container\" data-e-type=\"container\">\n\t\t<div class=\"elementor-element elementor-element-6f0d6b6 e-con-full e-flex e-con e-child\" data-id=\"6f0d6b6\" data-element_type=\"container\" data-e-type=\"container\">\n\t\t\t\t<div class=\"elementor-element elementor-element-ed21cd0 elementor-widget elementor-widget-image\" data-id=\"ed21cd0\" data-element_type=\"widget\" data-e-type=\"widget\" data-widget_type=\"image.default\">\n\t\t\t\t<div class=\"elementor-widget-container\">\n\t\t\t\t\t\t\t\t\t\t\t\t\t\t\t<img decoding=\"async\" width=\"150\" height=\"150\" src=\"https:\/\/berkshiresouth.org\/wp-content\/uploads\/2021\/10\/2021-Berkshire-South-Sunshine-Kids-32-150x150.jpg\" class=\"attachment-thumbnail size-thumbnail wp-image-43405\" alt=\"\" srcset=\"https:\/\/berkshiresouth.org\/wp-content\/uploads\/2021\/10\/2021-Berkshire-South-Sunshine-Kids-32-150x150.jpg 150w, https:\/\/berkshiresouth.org\/wp-content\/uploads\/2021\/10\/2021-Berkshire-South-Sunshine-Kids-32-300x300.jpg 300w, https:\/\/berkshiresouth.org\/wp-content\/uploads\/2021\/10\/2021-Berkshire-South-Sunshine-Kids-32-100x100.jpg 100w\" sizes=\"(max-width: 150px) 100vw, 150px\" \/>\t\t\t\t\t\t\t\t\t\t\t\t\t\t\t<\/div>\n\t\t\t\t<\/div>\n\t\t\t\t<\/div>\n\t\t<div class=\"elementor-element elementor-element-1f476e0 e-con-full e-flex e-con e-child\" data-id=\"1f476e0\" data-element_type=\"container\" data-e-type=\"container\">\n\t\t\t\t<div class=\"elementor-element elementor-element-1cd949e elementor-widget elementor-widget-heading\" data-id=\"1cd949e\" data-element_type=\"widget\" data-e-type=\"widget\" data-widget_type=\"heading.default\">\n\t\t\t\t<div class=\"elementor-widget-container\">\n\t\t\t\t\t<h4 class=\"elementor-heading-title elementor-size-default\">Determinado<br> 500<\/h4>\t\t\t\t<\/div>\n\t\t\t\t<\/div>\n\t\t\t\t<div class=\"elementor-element elementor-element-1a03af8 elementor-widget elementor-widget-text-editor\" data-id=\"1a03af8\" data-element_type=\"widget\" data-e-type=\"widget\" data-widget_type=\"text-editor.default\">\n\t\t\t\t<div class=\"elementor-widget-container\">\n\t\t\t\t\t\t\t\t\t<p>Educaci\u00f3n Infantil y Juvenil<\/p>\t\t\t\t\t\t\t\t<\/div>\n\t\t\t\t<\/div>\n\t\t\t\t<\/div>\n\t\t\t\t<\/div>\n\t\t<div class=\"elementor-element elementor-element-0ee0a7d e-con-full e-flex e-con e-child\" data-id=\"0ee0a7d\" data-element_type=\"container\" data-e-type=\"container\">\n\t\t\t\t<div class=\"elementor-element elementor-element-a3e4c4f elementor-widget elementor-widget-text-editor\" data-id=\"a3e4c4f\" data-element_type=\"widget\" data-e-type=\"widget\" data-widget_type=\"text-editor.default\">\n\t\t\t\t<div class=\"elementor-widget-container\">\n\t\t\t\t\t\t\t\t\t<p>Subvenciona la matr\u00edcula de un alumno de Preescolar Sunshine durante 25 d\u00edas O de un alumno de nuestro programa extraescolar durante 57 d\u00edas<\/p>\t\t\t\t\t\t\t\t<\/div>\n\t\t\t\t<\/div>\n\t\t\t\t<\/div>\n\t\t\t\t<\/div>\n\t\t\t\t<div class=\"elementor-element elementor-element-25b7b46 elementor-widget elementor-widget-html\" data-id=\"25b7b46\" data-element_type=\"widget\" data-e-type=\"widget\" data-widget_type=\"html.default\">\n\t\t\t\t<div class=\"elementor-widget-container\">\n\t\t\t\t\t<form name=\"PrePage\" method=\"post\" action=\"https:\/\/Simplecheckout.authorize.net\/payment\/CatalogPayment.aspx\"> <input type=\"hidden\" name=\"LinkId\" value=\"04515a7a-9b0e-4521-a74c-1e9460e0715e\"> <input type=\"submit\" value=\"Hazte donante  \"> <\/form>\r\n\t\t\t\t<\/div>\n\t\t\t\t<\/div>\n\t\t\t\t<\/div>\n\t\t\t\t\t<\/div>\n\t\t\t\t<\/div>\n\t\t\t\t<\/div>\n\t\t","protected":false},"excerpt":{"rendered":"<p>Hazte donante de GRIT crecimiento * resiliencia * innovaci\u00f3n * tenacidad \u00a1Nuestra comunidad te agradece tu donativo a la campa\u00f1a GRIT! Cantidades de donaci\u00f3n sugeridas Impulsado 150 Cena comunitaria Proporciona 50 comidas a miembros de la comunidad que necesitan alimentar tanto sus cuerpos como sus esp\u00edritus Vigorizado 300 Ayuda financiera Proporciona a una familia con [&hellip;]<\/p>\n","protected":false},"author":5,"featured_media":0,"parent":0,"menu_order":0,"comment_status":"closed","ping_status":"closed","template":"","meta":{"_seopress_robots_primary_cat":"","_seopress_titles_title":"","_seopress_titles_desc":"","_seopress_robots_index":"","site-sidebar-layout":"no-sidebar","site-content-layout":"page-builder","ast-site-content-layout":"default","site-content-style":"default","site-sidebar-style":"default","ast-global-header-display":"","ast-banner-title-visibility":"","ast-main-header-display":"","ast-hfb-above-header-display":"","ast-hfb-below-header-display":"","ast-hfb-mobile-header-display":"","site-post-title":"disabled","ast-breadcrumbs-content":"","ast-featured-img":"disabled","footer-sml-layout":"","ast-disable-related-posts":"","theme-transparent-header-meta":"enabled","adv-header-id-meta":"","stick-header-meta":"default","header-above-stick-meta":"","header-main-stick-meta":"","header-below-stick-meta":"","astra-migrate-meta-layouts":"default","ast-page-background-enabled":"default","ast-page-background-meta":{"desktop":{"background-color":"","background-image":"","background-repeat":"repeat","background-position":"center center","background-size":"auto","background-attachment":"scroll","background-type":"","background-media":"","overlay-type":"","overlay-color":"","overlay-opacity":"","overlay-gradient":""},"tablet":{"background-color":"","background-image":"","background-repeat":"repeat","background-position":"center center","background-size":"auto","background-attachment":"scroll","background-type":"","background-media":"","overlay-type":"","overlay-color":"","overlay-opacity":"","overlay-gradient":""},"mobile":{"background-color":"","background-image":"","background-repeat":"repeat","background-position":"center center","background-size":"auto","background-attachment":"scroll","background-type":"","background-media":"","overlay-type":"","overlay-color":"","overlay-opacity":"","overlay-gradient":""}},"ast-content-background-meta":{"desktop":{"background-color":"var(--ast-global-color-5)","background-image":"","background-repeat":"repeat","background-position":"center center","background-size":"auto","background-attachment":"scroll","background-type":"","background-media":"","overlay-type":"","overlay-color":"","overlay-opacity":"","overlay-gradient":""},"tablet":{"background-color":"var(--ast-global-color-5)","background-image":"","background-repeat":"repeat","background-position":"center center","background-size":"auto","background-attachment":"scroll","background-type":"","background-media":"","overlay-type":"","overlay-color":"","overlay-opacity":"","overlay-gradient":""},"mobile":{"background-color":"var(--ast-global-color-5)","background-image":"","background-repeat":"repeat","background-position":"center center","background-size":"auto","background-attachment":"scroll","background-type":"","background-media":"","overlay-type":"","overlay-color":"","overlay-opacity":"","overlay-gradient":""}},"footnotes":""},"class_list":["post-44112","page","type-page","status-publish","hentry"],"_links":{"self":[{"href":"https:\/\/berkshiresouth.org\/es\/wp-json\/wp\/v2\/pages\/44112","targetHints":{"allow":["GET"]}}],"collection":[{"href":"https:\/\/berkshiresouth.org\/es\/wp-json\/wp\/v2\/pages"}],"about":[{"href":"https:\/\/berkshiresouth.org\/es\/wp-json\/wp\/v2\/types\/page"}],"author":[{"embeddable":true,"href":"https:\/\/berkshiresouth.org\/es\/wp-json\/wp\/v2\/users\/5"}],"replies":[{"embeddable":true,"href":"https:\/\/berkshiresouth.org\/es\/wp-json\/wp\/v2\/comments?post=44112"}],"version-history":[{"count":5,"href":"https:\/\/berkshiresouth.org\/es\/wp-json\/wp\/v2\/pages\/44112\/revisions"}],"predecessor-version":[{"id":52563,"href":"https:\/\/berkshiresouth.org\/es\/wp-json\/wp\/v2\/pages\/44112\/revisions\/52563"}],"wp:attachment":[{"href":"https:\/\/berkshiresouth.org\/es\/wp-json\/wp\/v2\/media?parent=44112"}],"curies":[{"name":"wp","href":"https:\/\/api.w.org\/{rel}","templated":true}]}}