{"id":44163,"date":"2020-10-09T15:31:10","date_gmt":"2020-10-09T19:31:10","guid":{"rendered":"https:\/\/berkshiresouth.org\/oos\/"},"modified":"2026-04-23T11:00:10","modified_gmt":"2026-04-23T15:00:10","slug":"oos","status":"publish","type":"page","link":"https:\/\/berkshiresouth.org\/es\/oos\/","title":{"rendered":"OOS"},"content":{"rendered":"\t\t<div data-elementor-type=\"wp-post\" data-elementor-id=\"44163\" class=\"elementor elementor-44163 elementor-4280\" data-elementor-post-type=\"page\">\n\t\t\t\t<div class=\"elementor-element elementor-element-a82cdd3 e-flex e-con-boxed e-con e-parent\" data-id=\"a82cdd3\" data-element_type=\"container\" data-e-type=\"container\" data-settings=\"{&quot;background_background&quot;:&quot;classic&quot;}\">\n\t\t\t\t\t<div class=\"e-con-inner\">\n\t\t<div class=\"elementor-element elementor-element-239b07c e-con-full e-flex e-con e-child\" data-id=\"239b07c\" data-element_type=\"container\" data-e-type=\"container\">\n\t\t\t\t<div class=\"elementor-element elementor-element-aeb0a24 elementor-widget elementor-widget-heading\" data-id=\"aeb0a24\" data-element_type=\"widget\" data-e-type=\"widget\" data-widget_type=\"heading.default\">\n\t\t\t\t<div class=\"elementor-widget-container\">\n\t\t\t\t\t<h1 class=\"elementor-heading-title elementor-size-default\">Programa extraescolar<\/h1>\t\t\t\t<\/div>\n\t\t\t\t<\/div>\n\t\t<div class=\"elementor-element elementor-element-6bb03f9 e-con-full e-flex e-con e-child\" data-id=\"6bb03f9\" data-element_type=\"container\" data-e-type=\"container\">\n\t\t\t\t<div class=\"elementor-element elementor-element-64b596c elementor-widget__width-auto elementor-widget elementor-widget-image\" data-id=\"64b596c\" data-element_type=\"widget\" data-e-type=\"widget\" data-widget_type=\"image.default\">\n\t\t\t\t<div class=\"elementor-widget-container\">\n\t\t\t\t\t\t\t\t\t\t\t\t\t\t\t<img decoding=\"async\" width=\"150\" height=\"150\" src=\"https:\/\/berkshiresouth.org\/wp-content\/uploads\/2022\/09\/BerkshireSouthChildcareIcon3-150x150.png\" class=\"attachment-thumbnail size-thumbnail wp-image-43485\" alt=\"Icono de guarder\u00eda\" srcset=\"https:\/\/berkshiresouth.org\/wp-content\/uploads\/2022\/09\/BerkshireSouthChildcareIcon3-150x150.png 150w, https:\/\/berkshiresouth.org\/wp-content\/uploads\/2022\/09\/BerkshireSouthChildcareIcon3.png 200w\" sizes=\"(max-width: 150px) 100vw, 150px\" \/>\t\t\t\t\t\t\t\t\t\t\t\t\t\t\t<\/div>\n\t\t\t\t<\/div>\n\t\t\t\t<div class=\"elementor-element elementor-element-ea473ea elementor-widget__width-auto elementor-widget elementor-widget-text-editor\" data-id=\"ea473ea\" data-element_type=\"widget\" data-e-type=\"widget\" data-widget_type=\"text-editor.default\">\n\t\t\t\t<div class=\"elementor-widget-container\">\n\t\t\t\t\t\t\t\t\t<p><a href=\"https:\/\/berkshiresouth.org\/es\/\">Inicio<\/a> \u02c3 <a href=\"https:\/\/berkshiresouth.org\/es\/education-and-childcare\/\">Educaci\u00f3n y cuidado de ni\u00f1os<\/a> &gt; <a href=\"https:\/\/berkshiresouth.org\/es\/oos\/\">Programa extraescolar<\/a><\/p>\t\t\t\t\t\t\t\t<\/div>\n\t\t\t\t<\/div>\n\t\t\t\t<\/div>\n\t\t\t\t<\/div>\n\t\t\t\t\t<\/div>\n\t\t\t\t<\/div>\n\t\t<div class=\"elementor-element elementor-element-48f77d9 e-flex e-con-boxed e-con e-parent\" data-id=\"48f77d9\" data-element_type=\"container\" data-e-type=\"container\">\n\t\t\t\t\t<div class=\"e-con-inner\">\n\t\t<div class=\"elementor-element elementor-element-4eb2b0f e-con-full e-flex e-con e-child\" data-id=\"4eb2b0f\" data-element_type=\"container\" data-e-type=\"container\">\n\t\t\t\t<div class=\"elementor-element elementor-element-e59e499 elementor-widget elementor-widget-heading\" data-id=\"e59e499\" data-element_type=\"widget\" data-e-type=\"widget\" data-widget_type=\"heading.default\">\n\t\t\t\t<div class=\"elementor-widget-container\">\n\t\t\t\t\t<h2 class=\"elementor-heading-title elementor-size-default\">Programa extraescolar Action Adventures<\/h2>\t\t\t\t<\/div>\n\t\t\t\t<\/div>\n\t\t\t\t<div class=\"elementor-element elementor-element-ef8ad60 elementor-widget-divider--view-line elementor-widget elementor-widget-divider\" data-id=\"ef8ad60\" data-element_type=\"widget\" data-e-type=\"widget\" data-widget_type=\"divider.default\">\n\t\t\t\t<div class=\"elementor-widget-container\">\n\t\t\t\t\t\t\t<div class=\"elementor-divider\">\n\t\t\t<span class=\"elementor-divider-separator\">\n\t\t\t\t\t\t<\/span>\n\t\t<\/div>\n\t\t\t\t\t\t<\/div>\n\t\t\t\t<\/div>\n\t\t<div class=\"elementor-element elementor-element-0813756 e-con-full e-flex e-con e-child\" data-id=\"0813756\" data-element_type=\"container\" data-e-type=\"container\">\n\t\t<div class=\"elementor-element elementor-element-e35d22d e-con-full e-flex e-con e-child\" data-id=\"e35d22d\" data-element_type=\"container\" data-e-type=\"container\">\n\t\t\t\t<div class=\"elementor-element elementor-element-b121844 elementor-widget elementor-widget-text-editor\" data-id=\"b121844\" data-element_type=\"widget\" data-e-type=\"widget\" data-widget_type=\"text-editor.default\">\n\t\t\t\t<div class=\"elementor-widget-container\">\n\t\t\t\t\t\t\t\t\t<p>Jard\u00edn de infancia - 14 a\u00f1os<\/p>\t\t\t\t\t\t\t\t<\/div>\n\t\t\t\t<\/div>\n\t\t\t\t<div class=\"elementor-element elementor-element-87be897 elementor-widget elementor-widget-text-editor\" data-id=\"87be897\" data-element_type=\"widget\" data-e-type=\"widget\" data-widget_type=\"text-editor.default\">\n\t\t\t\t<div class=\"elementor-widget-container\">\n\t\t\t\t\t\t\t\t\t<p>Este enriquecedor programa extraescolar proporciona atenci\u00f3n de calidad, con licencia estatal, a ni\u00f1os en edad escolar. Cada tarde incluye actividades f\u00edsicas, manualidades y tiempo libre bajo la supervisi\u00f3n de un personal maduro, cari\u00f1oso y creativo. <\/p>\t\t\t\t\t\t\t\t<\/div>\n\t\t\t\t<\/div>\n\t\t\t\t<div class=\"elementor-element elementor-element-2a53234 elementor-widget elementor-widget-text-editor\" data-id=\"2a53234\" data-element_type=\"widget\" data-e-type=\"widget\" data-widget_type=\"text-editor.default\">\n\t\t\t\t<div class=\"elementor-widget-container\">\n\t\t\t\t\t\t\t\t\t<p>De lunes a viernes, salida de la escuela hasta las 5:30. Se proporciona transporte en autob\u00fas desde Berkshire Hills y Southern Berkshire Regional Schools. <\/p>\t\t\t\t\t\t\t\t<\/div>\n\t\t\t\t<\/div>\n\t\t\t\t<div class=\"elementor-element elementor-element-7afb74d elementor-widget elementor-widget-text-editor\" data-id=\"7afb74d\" data-element_type=\"widget\" data-e-type=\"widget\" data-widget_type=\"text-editor.default\">\n\t\t\t\t<div class=\"elementor-widget-container\">\n\t\t\t\t\t\t\t\t\t<p>Para m\u00e1s informaci\u00f3n, ponte en contacto con <a href=\"mailto:oos@berkshiresouth.org\">oos@berkshiresouth.org<\/a> o llama al 413-528-2810 ext 34.<\/p>\t\t\t\t\t\t\t\t<\/div>\n\t\t\t\t<\/div>\n\t\t\t\t<div class=\"elementor-element elementor-element-c27b636 elementor-widget elementor-widget-text-editor\" data-id=\"c27b636\" data-element_type=\"widget\" data-e-type=\"widget\" data-widget_type=\"text-editor.default\">\n\t\t\t\t<div class=\"elementor-widget-container\">\n\t\t\t\t\t\t\t\t\t<p>Rellena este breve formulario si est\u00e1s interesado en inscribirte en nuestro programa Extraescolar. En breve nos pondremos en contacto contigo para enviarte la documentaci\u00f3n necesaria para completar el proceso de inscripci\u00f3n. <\/p>\t\t\t\t\t\t\t\t<\/div>\n\t\t\t\t<\/div>\n\t\t\t\t<div class=\"elementor-element elementor-element-08045dc elementor-widget elementor-widget-button\" data-id=\"08045dc\" data-element_type=\"widget\" data-e-type=\"widget\" data-widget_type=\"button.default\">\n\t\t\t\t<div class=\"elementor-widget-container\">\n\t\t\t\t\t\t\t\t\t<div class=\"elementor-button-wrapper\">\n\t\t\t\t\t<a class=\"elementor-button elementor-button-link elementor-size-sm\" href=\"https:\/\/berkshiresouth.org\/es\/oos-interest-reg\/\">\n\t\t\t\t\t\t<span class=\"elementor-button-content-wrapper\">\n\t\t\t\t\t\t\t\t\t<span class=\"elementor-button-text\">Completa el formulario de consulta<\/span>\n\t\t\t\t\t<\/span>\n\t\t\t\t\t<\/a>\n\t\t\t\t<\/div>\n\t\t\t\t\t\t\t\t<\/div>\n\t\t\t\t<\/div>\n\t\t<div class=\"elementor-element elementor-element-b434da6 e-con-full e-flex e-con e-child\" data-id=\"b434da6\" data-element_type=\"container\" data-e-type=\"container\">\n\t\t<div class=\"elementor-element elementor-element-be49cc9 e-con-full e-flex e-con e-child\" data-id=\"be49cc9\" data-element_type=\"container\" data-e-type=\"container\">\n\t\t\t\t<div class=\"elementor-element elementor-element-5282026 elementor-widget elementor-widget-heading\" data-id=\"5282026\" data-element_type=\"widget\" data-e-type=\"widget\" data-widget_type=\"heading.default\">\n\t\t\t\t<div class=\"elementor-widget-container\">\n\t\t\t\t\t<h3 class=\"elementor-heading-title elementor-size-default\">Precios**:<\/h3>\t\t\t\t<\/div>\n\t\t\t\t<\/div>\n\t\t\t\t<div class=\"elementor-element elementor-element-28f441c elementor-widget elementor-widget-text-editor\" data-id=\"28f441c\" data-element_type=\"widget\" data-e-type=\"widget\" data-widget_type=\"text-editor.default\">\n\t\t\t\t<div class=\"elementor-widget-container\">\n\t\t\t\t\t\t\t\t\t<p style=\"font-size: 16px; font-style: normal; font-weight: 400;\"><strong><span style=\"font-size: 16px; font-style: normal;\">Diario despu\u00e9s de clase: 26,00<\/span><\/strong><\/p><p><strong>Medio d\u00eda despu\u00e9s de clase: 35,00<\/strong><\/p><p><strong><span style=\"font-style: inherit; color: var(--ast-global-color-3);\">D\u00eda completo (vacaciones escolares y d\u00edas de nieve): <\/span>$52.00<\/strong><\/p>\t\t\t\t\t\t\t\t<\/div>\n\t\t\t\t<\/div>\n\t\t\t\t<\/div>\n\t\t<div class=\"elementor-element elementor-element-dfcc9ed e-con-full e-flex e-con e-child\" data-id=\"dfcc9ed\" data-element_type=\"container\" data-e-type=\"container\">\n\t\t\t\t<div class=\"elementor-element elementor-element-6f81c16 elementor-widget elementor-widget-text-editor\" data-id=\"6f81c16\" data-element_type=\"widget\" data-e-type=\"widget\" data-widget_type=\"text-editor.default\">\n\t\t\t\t<div class=\"elementor-widget-container\">\n\t\t\t\t\t\t\t\t\t<p>Para informarte sobre la ayuda econ\u00f3mica, ponte en contacto con lference@berkshiresouth.org o 413-528-2810 x29<\/p>\t\t\t\t\t\t\t\t<\/div>\n\t\t\t\t<\/div>\n\t\t\t\t<\/div>\n\t\t\t\t<\/div>\n\t\t\t\t<div class=\"elementor-element elementor-element-d670015 elementor-widget elementor-widget-text-editor\" data-id=\"d670015\" data-element_type=\"widget\" data-e-type=\"widget\" data-widget_type=\"text-editor.default\">\n\t\t\t\t<div class=\"elementor-widget-container\">\n\t\t\t\t\t\t\t\t\t<p>Todos los inscritos en nuestros programas de Educaci\u00f3n y Cuidado de Ni\u00f1os, junto con sus padres\/tutores y hermanos menores de edad, tienen derecho a un 25% de descuento en la afiliaci\u00f3n familiar o monoparental a Berkshire South. El ni\u00f1o inscrito tambi\u00e9n recibe un 25% de descuento en los programas de BSRCC.  (Quedan excluidos el entrenamiento personal, las clases particulares de nataci\u00f3n, los eventos especiales y la recaudaci\u00f3n de fondos)*.<\/p>\t\t\t\t\t\t\t\t<\/div>\n\t\t\t\t<\/div>\n\t\t\t\t<div class=\"elementor-element elementor-element-e967990 elementor-widget elementor-widget-text-editor\" data-id=\"e967990\" data-element_type=\"widget\" data-e-type=\"widget\" data-widget_type=\"text-editor.default\">\n\t\t\t\t<div class=\"elementor-widget-container\">\n\t\t\t\t\t\t\t\t\t<p>*Aprende m\u00e1s sobre <a href=\"https:\/\/berkshiresouth.org\/es\/financial-assistance-policies-and-procedures\/\">vales de subvenci\u00f3n, ayudas econ\u00f3micas y ventajas de afiliaci\u00f3n aqu\u00ed<\/a>.<\/p>\t\t\t\t\t\t\t\t<\/div>\n\t\t\t\t<\/div>\n\t\t\t\t<\/div>\n\t\t<div class=\"elementor-element elementor-element-f6dd34b e-con-full e-flex e-con e-child\" data-id=\"f6dd34b\" data-element_type=\"container\" data-e-type=\"container\">\n\t\t\t\t<div class=\"elementor-element elementor-element-fc2f66e elementor-widget elementor-widget-image\" data-id=\"fc2f66e\" data-element_type=\"widget\" data-e-type=\"widget\" data-widget_type=\"image.default\">\n\t\t\t\t<div class=\"elementor-widget-container\">\n\t\t\t\t\t\t\t\t\t\t\t\t\t\t\t<img fetchpriority=\"high\" decoding=\"async\" width=\"768\" height=\"512\" src=\"https:\/\/berkshiresouth.org\/wp-content\/uploads\/2022\/12\/2022-Afterschool-Program-20-1500px_web-768x512.jpg\" class=\"attachment-medium_large size-medium_large wp-image-43518\" alt=\"\" srcset=\"https:\/\/berkshiresouth.org\/wp-content\/uploads\/2022\/12\/2022-Afterschool-Program-20-1500px_web-768x512.jpg 768w, https:\/\/berkshiresouth.org\/wp-content\/uploads\/2022\/12\/2022-Afterschool-Program-20-1500px_web-300x200.jpg 300w, https:\/\/berkshiresouth.org\/wp-content\/uploads\/2022\/12\/2022-Afterschool-Program-20-1500px_web-1024x683.jpg 1024w, https:\/\/berkshiresouth.org\/wp-content\/uploads\/2022\/12\/2022-Afterschool-Program-20-1500px_web.jpg 1500w\" sizes=\"(max-width: 768px) 100vw, 768px\" \/>\t\t\t\t\t\t\t\t\t\t\t\t\t\t\t<\/div>\n\t\t\t\t<\/div>\n\t\t\t\t<div class=\"elementor-element elementor-element-8dd58e4 elementor-widget elementor-widget-image\" data-id=\"8dd58e4\" data-element_type=\"widget\" data-e-type=\"widget\" data-widget_type=\"image.default\">\n\t\t\t\t<div class=\"elementor-widget-container\">\n\t\t\t\t\t\t\t\t\t\t\t\t\t\t\t<img decoding=\"async\" width=\"768\" height=\"512\" src=\"https:\/\/berkshiresouth.org\/wp-content\/uploads\/2022\/12\/2022-Afterschool-Program-66-1500px_web-768x512.jpg\" class=\"attachment-medium_large size-medium_large wp-image-43519\" alt=\"\" srcset=\"https:\/\/berkshiresouth.org\/wp-content\/uploads\/2022\/12\/2022-Afterschool-Program-66-1500px_web-768x512.jpg 768w, https:\/\/berkshiresouth.org\/wp-content\/uploads\/2022\/12\/2022-Afterschool-Program-66-1500px_web-300x200.jpg 300w, https:\/\/berkshiresouth.org\/wp-content\/uploads\/2022\/12\/2022-Afterschool-Program-66-1500px_web-1024x683.jpg 1024w, https:\/\/berkshiresouth.org\/wp-content\/uploads\/2022\/12\/2022-Afterschool-Program-66-1500px_web.jpg 1500w\" sizes=\"(max-width: 768px) 100vw, 768px\" \/>\t\t\t\t\t\t\t\t\t\t\t\t\t\t\t<\/div>\n\t\t\t\t<\/div>\n\t\t\t\t<\/div>\n\t\t\t\t<\/div>\n\t\t\t\t<\/div>\n\t\t\t\t\t<\/div>\n\t\t\t\t<\/div>\n\t\t<div class=\"elementor-element elementor-element-59d5608 e-flex e-con-boxed e-con e-parent\" data-id=\"59d5608\" data-element_type=\"container\" data-e-type=\"container\">\n\t\t\t\t\t<div class=\"e-con-inner\">\n\t\t\t\t<div class=\"elementor-element elementor-element-cda5b3c elementor-widget__width-inherit elementor-widget elementor-widget-text-editor\" data-id=\"cda5b3c\" data-element_type=\"widget\" data-e-type=\"widget\" data-widget_type=\"text-editor.default\">\n\t\t\t\t<div class=\"elementor-widget-container\">\n\t\t\t\t\t\t\t\t\t<p>**Este programa cuenta con el generoso apoyo de Massachusetts Afterschool Partnership, el Department of Elementary and Secondary Education, Berkshire United Way y el Department of Early Education Care.<\/p>\t\t\t\t\t\t\t\t<\/div>\n\t\t\t\t<\/div>\n\t\t<div class=\"elementor-element elementor-element-166fc80 e-con-full e-flex e-con e-child\" data-id=\"166fc80\" data-element_type=\"container\" data-e-type=\"container\">\n\t\t<div class=\"elementor-element elementor-element-a15b516 e-con-full e-flex e-con e-child\" data-id=\"a15b516\" data-element_type=\"container\" data-e-type=\"container\">\n\t\t\t\t<div class=\"elementor-element elementor-element-53286e8 elementor-widget elementor-widget-image\" data-id=\"53286e8\" data-element_type=\"widget\" data-e-type=\"widget\" data-widget_type=\"image.default\">\n\t\t\t\t<div class=\"elementor-widget-container\">\n\t\t\t\t\t\t\t\t\t\t\t\t\t\t\t<img loading=\"lazy\" decoding=\"async\" width=\"300\" height=\"262\" src=\"https:\/\/berkshiresouth.org\/wp-content\/uploads\/2023\/11\/MAPS-Logo-300px.png\" class=\"attachment-medium size-medium wp-image-43623\" alt=\"\" \/>\t\t\t\t\t\t\t\t\t\t\t\t\t\t\t<\/div>\n\t\t\t\t<\/div>\n\t\t\t\t<\/div>\n\t\t<div class=\"elementor-element elementor-element-00b56b5 e-con-full e-flex e-con e-child\" data-id=\"00b56b5\" data-element_type=\"container\" data-e-type=\"container\">\n\t\t\t\t<div class=\"elementor-element elementor-element-0e96413 elementor-widget elementor-widget-image\" data-id=\"0e96413\" data-element_type=\"widget\" data-e-type=\"widget\" data-widget_type=\"image.default\">\n\t\t\t\t<div class=\"elementor-widget-container\">\n\t\t\t\t\t\t\t\t\t\t\t\t\t\t\t<img loading=\"lazy\" decoding=\"async\" width=\"300\" height=\"86\" src=\"https:\/\/berkshiresouth.org\/wp-content\/uploads\/2023\/11\/dese-logo-400px-300x86.png\" class=\"attachment-medium size-medium wp-image-43624\" alt=\"dese. Massachusetts Department of Elementary and Secondary Education\" srcset=\"https:\/\/berkshiresouth.org\/wp-content\/uploads\/2023\/11\/dese-logo-400px-300x86.png 300w, https:\/\/berkshiresouth.org\/wp-content\/uploads\/2023\/11\/dese-logo-400px.png 400w\" sizes=\"(max-width: 300px) 100vw, 300px\" \/>\t\t\t\t\t\t\t\t\t\t\t\t\t\t\t<\/div>\n\t\t\t\t<\/div>\n\t\t\t\t<\/div>\n\t\t<div class=\"elementor-element elementor-element-37615d0 e-con-full e-flex e-con e-child\" data-id=\"37615d0\" data-element_type=\"container\" data-e-type=\"container\">\n\t\t\t\t<div class=\"elementor-element elementor-element-5ca6808 elementor-widget elementor-widget-image\" data-id=\"5ca6808\" data-element_type=\"widget\" data-e-type=\"widget\" data-widget_type=\"image.default\">\n\t\t\t\t<div class=\"elementor-widget-container\">\n\t\t\t\t\t\t\t\t\t\t\t\t\t\t\t<img loading=\"lazy\" decoding=\"async\" width=\"300\" height=\"277\" src=\"https:\/\/berkshiresouth.org\/wp-content\/uploads\/2021\/06\/BUW-HereForGood-Community-Partner-WEB-300x277.jpg\" class=\"attachment-medium size-medium wp-image-43381\" alt=\"Berkshire United Way Socio comunitario #HereForGood\" srcset=\"https:\/\/berkshiresouth.org\/wp-content\/uploads\/2021\/06\/BUW-HereForGood-Community-Partner-WEB-300x277.jpg 300w, https:\/\/berkshiresouth.org\/wp-content\/uploads\/2021\/06\/BUW-HereForGood-Community-Partner-WEB-1024x945.jpg 1024w, https:\/\/berkshiresouth.org\/wp-content\/uploads\/2021\/06\/BUW-HereForGood-Community-Partner-WEB-768x709.jpg 768w, https:\/\/berkshiresouth.org\/wp-content\/uploads\/2021\/06\/BUW-HereForGood-Community-Partner-WEB-600x554.jpg 600w, https:\/\/berkshiresouth.org\/wp-content\/uploads\/2021\/06\/BUW-HereForGood-Community-Partner-WEB.jpg 1227w\" sizes=\"(max-width: 300px) 100vw, 300px\" \/>\t\t\t\t\t\t\t\t\t\t\t\t\t\t\t<\/div>\n\t\t\t\t<\/div>\n\t\t\t\t<\/div>\n\t\t<div class=\"elementor-element elementor-element-7d5c861 e-con-full e-flex e-con e-child\" data-id=\"7d5c861\" data-element_type=\"container\" data-e-type=\"container\">\n\t\t\t\t<div class=\"elementor-element elementor-element-e1c7ba7 elementor-widget elementor-widget-image\" data-id=\"e1c7ba7\" data-element_type=\"widget\" data-e-type=\"widget\" data-widget_type=\"image.default\">\n\t\t\t\t<div class=\"elementor-widget-container\">\n\t\t\t\t\t\t\t\t\t\t\t\t\t\t\t<img loading=\"lazy\" decoding=\"async\" width=\"230\" height=\"214\" src=\"https:\/\/berkshiresouth.org\/wp-content\/uploads\/2023\/11\/EEC-Logo.webp\" class=\"attachment-medium size-medium wp-image-43625\" alt=\"\" \/>\t\t\t\t\t\t\t\t\t\t\t\t\t\t\t<\/div>\n\t\t\t\t<\/div>\n\t\t\t\t<\/div>\n\t\t\t\t<\/div>\n\t\t\t\t\t<\/div>\n\t\t\t\t<\/div>\n\t\t\t\t<\/div>\n\t\t","protected":false},"excerpt":{"rendered":"<p>Programa extraescolar Inicio \u02c3 Educaci\u00f3n y cuidado de ni\u00f1os &gt; Programa extraescolar Programa extraescolar Action Adventures Jard\u00edn de infancia - 14 a\u00f1os Este enriquecedor programa extraescolar proporciona atenci\u00f3n de calidad, con licencia estatal, a ni\u00f1os en edad escolar. Cada tarde incluye actividades f\u00edsicas, manualidades y tiempo libre bajo la supervisi\u00f3n de un personal maduro, cari\u00f1oso [&hellip;]<\/p>\n","protected":false},"author":5,"featured_media":0,"parent":0,"menu_order":0,"comment_status":"closed","ping_status":"closed","template":"","meta":{"_seopress_robots_primary_cat":"","_seopress_titles_title":"Programa extraescolar %%sep%% %%sitetitle%%%","_seopress_titles_desc":"","_seopress_robots_index":"","site-sidebar-layout":"no-sidebar","site-content-layout":"page-builder","ast-site-content-layout":"default","site-content-style":"default","site-sidebar-style":"default","ast-global-header-display":"","ast-banner-title-visibility":"","ast-main-header-display":"","ast-hfb-above-header-display":"","ast-hfb-below-header-display":"","ast-hfb-mobile-header-display":"","site-post-title":"disabled","ast-breadcrumbs-content":"","ast-featured-img":"disabled","footer-sml-layout":"","ast-disable-related-posts":"","theme-transparent-header-meta":"enabled","adv-header-id-meta":"","stick-header-meta":"default","header-above-stick-meta":"","header-main-stick-meta":"","header-below-stick-meta":"","astra-migrate-meta-layouts":"default","ast-page-background-enabled":"default","ast-page-background-meta":{"desktop":{"background-color":"","background-image":"","background-repeat":"repeat","background-position":"center center","background-size":"auto","background-attachment":"scroll","background-type":"","background-media":"","overlay-type":"","overlay-color":"","overlay-opacity":"","overlay-gradient":""},"tablet":{"background-color":"","background-image":"","background-repeat":"repeat","background-position":"center center","background-size":"auto","background-attachment":"scroll","background-type":"","background-media":"","overlay-type":"","overlay-color":"","overlay-opacity":"","overlay-gradient":""},"mobile":{"background-color":"","background-image":"","background-repeat":"repeat","background-position":"center center","background-size":"auto","background-attachment":"scroll","background-type":"","background-media":"","overlay-type":"","overlay-color":"","overlay-opacity":"","overlay-gradient":""}},"ast-content-background-meta":{"desktop":{"background-color":"var(--ast-global-color-5)","background-image":"","background-repeat":"repeat","background-position":"center center","background-size":"auto","background-attachment":"scroll","background-type":"","background-media":"","overlay-type":"","overlay-color":"","overlay-opacity":"","overlay-gradient":""},"tablet":{"background-color":"var(--ast-global-color-5)","background-image":"","background-repeat":"repeat","background-position":"center center","background-size":"auto","background-attachment":"scroll","background-type":"","background-media":"","overlay-type":"","overlay-color":"","overlay-opacity":"","overlay-gradient":""},"mobile":{"background-color":"var(--ast-global-color-5)","background-image":"","background-repeat":"repeat","background-position":"center center","background-size":"auto","background-attachment":"scroll","background-type":"","background-media":"","overlay-type":"","overlay-color":"","overlay-opacity":"","overlay-gradient":""}},"footnotes":""},"class_list":["post-44163","page","type-page","status-publish","hentry"],"_links":{"self":[{"href":"https:\/\/berkshiresouth.org\/es\/wp-json\/wp\/v2\/pages\/44163","targetHints":{"allow":["GET"]}}],"collection":[{"href":"https:\/\/berkshiresouth.org\/es\/wp-json\/wp\/v2\/pages"}],"about":[{"href":"https:\/\/berkshiresouth.org\/es\/wp-json\/wp\/v2\/types\/page"}],"author":[{"embeddable":true,"href":"https:\/\/berkshiresouth.org\/es\/wp-json\/wp\/v2\/users\/5"}],"replies":[{"embeddable":true,"href":"https:\/\/berkshiresouth.org\/es\/wp-json\/wp\/v2\/comments?post=44163"}],"version-history":[{"count":6,"href":"https:\/\/berkshiresouth.org\/es\/wp-json\/wp\/v2\/pages\/44163\/revisions"}],"predecessor-version":[{"id":52803,"href":"https:\/\/berkshiresouth.org\/es\/wp-json\/wp\/v2\/pages\/44163\/revisions\/52803"}],"wp:attachment":[{"href":"https:\/\/berkshiresouth.org\/es\/wp-json\/wp\/v2\/media?parent=44163"}],"curies":[{"name":"wp","href":"https:\/\/api.w.org\/{rel}","templated":true}]}}