{"id":44195,"date":"2020-10-14T16:52:10","date_gmt":"2020-10-14T20:52:10","guid":{"rendered":"https:\/\/berkshiresouth.org\/donaciones\/"},"modified":"2025-11-14T13:27:12","modified_gmt":"2025-11-14T18:27:12","slug":"support","status":"publish","type":"page","link":"https:\/\/berkshiresouth.org\/es\/support\/","title":{"rendered":"Donaciones"},"content":{"rendered":"\t\t<div data-elementor-type=\"wp-post\" data-elementor-id=\"44195\" class=\"elementor elementor-44195 elementor-4432\" data-elementor-post-type=\"page\">\n\t\t\t\t<div class=\"elementor-element elementor-element-30d63ba e-flex e-con-boxed e-con e-parent\" data-id=\"30d63ba\" data-element_type=\"container\" data-e-type=\"container\" data-settings=\"{&quot;background_background&quot;:&quot;classic&quot;}\">\n\t\t\t\t\t<div class=\"e-con-inner\">\n\t\t<div class=\"elementor-element elementor-element-61ab521 e-con-full e-flex e-con e-child\" data-id=\"61ab521\" data-element_type=\"container\" data-e-type=\"container\">\n\t\t\t\t<div class=\"elementor-element elementor-element-7583149 elementor-widget elementor-widget-heading\" data-id=\"7583149\" data-element_type=\"widget\" data-e-type=\"widget\" data-widget_type=\"heading.default\">\n\t\t\t\t<div class=\"elementor-widget-container\">\n\t\t\t\t\t<h1 class=\"elementor-heading-title elementor-size-default\">Haz un donativo hoy<\/h1>\t\t\t\t<\/div>\n\t\t\t\t<\/div>\n\t\t\t\t<\/div>\n\t\t\t\t\t<\/div>\n\t\t\t\t<\/div>\n\t\t<div class=\"elementor-element elementor-element-1581e83 e-flex e-con-boxed e-con e-parent\" data-id=\"1581e83\" data-element_type=\"container\" data-e-type=\"container\">\n\t\t\t\t\t<div class=\"e-con-inner\">\n\t\t\t\t<div class=\"elementor-element elementor-element-efe67ae elementor-widget elementor-widget-heading\" data-id=\"efe67ae\" data-element_type=\"widget\" data-e-type=\"widget\" data-widget_type=\"heading.default\">\n\t\t\t\t<div class=\"elementor-widget-container\">\n\t\t\t\t\t<h2 class=\"elementor-heading-title elementor-size-default\">Tu recurso comunitario sin \u00e1nimo de lucro  <\/h2>\t\t\t\t<\/div>\n\t\t\t\t<\/div>\n\t\t\t\t<div class=\"elementor-element elementor-element-7283e4c elementor-widget-divider--view-line elementor-widget elementor-widget-divider\" data-id=\"7283e4c\" data-element_type=\"widget\" data-e-type=\"widget\" data-widget_type=\"divider.default\">\n\t\t\t\t<div class=\"elementor-widget-container\">\n\t\t\t\t\t\t\t<div class=\"elementor-divider\">\n\t\t\t<span class=\"elementor-divider-separator\">\n\t\t\t\t\t\t<\/span>\n\t\t<\/div>\n\t\t\t\t\t\t<\/div>\n\t\t\t\t<\/div>\n\t\t\t\t<div class=\"elementor-element elementor-element-7085745 elementor-widget elementor-widget-html\" data-id=\"7085745\" data-element_type=\"widget\" data-e-type=\"widget\" data-widget_type=\"html.default\">\n\t\t\t\t<div class=\"elementor-widget-container\">\n\t\t\t\t\t<form action=\"https:\/\/Simplecheckout.authorize.net\/payment\/CatalogPayment.aspx\" method=\"post\" name=\"PrePage\" target=\"_blank\"><input name=\"LinkId\" type=\"hidden\" value=\"36554263-f45d-4eaa-a335-937c20434a8c\"> <input type=\"submit\" value=\"\u00a1DONA HOY!\"><\/form>\t\t\t\t<\/div>\n\t\t\t\t<\/div>\n\t\t<div class=\"elementor-element elementor-element-f748bbf e-con-full e-flex e-con e-child\" data-id=\"f748bbf\" data-element_type=\"container\" data-e-type=\"container\">\n\t\t\t\t<div class=\"elementor-element elementor-element-a8bb7c1 elementor-widget elementor-widget-heading\" data-id=\"a8bb7c1\" data-element_type=\"widget\" data-e-type=\"widget\" data-widget_type=\"heading.default\">\n\t\t\t\t<div class=\"elementor-widget-container\">\n\t\t\t\t\t<h3 class=\"elementor-heading-title elementor-size-default\">Transformar vidas en Berkshire South<\/h3>\t\t\t\t<\/div>\n\t\t\t\t<\/div>\n\t\t\t\t<div class=\"elementor-element elementor-element-ba77a4b elementor-widget elementor-widget-text-editor\" data-id=\"ba77a4b\" data-element_type=\"widget\" data-e-type=\"widget\" data-widget_type=\"text-editor.default\">\n\t\t\t\t<div class=\"elementor-widget-container\">\n\t\t\t\t\t\t\t\t\t<p>Berkshire South es m\u00e1s que un centro comunitario. Somos un lugar donde la gente viene a <b>encontrar su centro<\/b>. Para cada persona que cruza nuestras puertas, ese centro tiene un aspecto un poco diferente. Puede ser un ni\u00f1o descubriendo la confianza en s\u00ed mismo en nuestros programas de <g id=\"gid_1\">Educaci\u00f3n y Cuidado Infantil<\/g>. Un nadador fortaleci\u00e9ndose y calm\u00e1ndose en nuestro <g id=\"gid_2\">Centro Acu\u00e1tico<\/g>. Una familia que comparte una comida a trav\u00e9s de nuestras iniciativas <g id=\"gid_3\">comunitarias<\/g>. O un vecino que encuentra concentraci\u00f3n y salud en las clases de <b>Fitness <\/b>.      <\/p>\t\t\t\t\t\t\t\t<\/div>\n\t\t\t\t<\/div>\n\t\t\t\t<div class=\"elementor-element elementor-element-2a35e70 elementor-widget elementor-widget-image\" data-id=\"2a35e70\" data-element_type=\"widget\" data-e-type=\"widget\" data-widget_type=\"image.default\">\n\t\t\t\t<div class=\"elementor-widget-container\">\n\t\t\t\t\t\t\t\t\t\t\t\t\t\t\t<img fetchpriority=\"high\" decoding=\"async\" width=\"1000\" height=\"667\" src=\"https:\/\/berkshiresouth.org\/wp-content\/uploads\/2025\/11\/BSRCC-2024-CommunitySupperServer1-1000px_web.jpg\" class=\"attachment-large size-large wp-image-48794\" alt=\"\" srcset=\"https:\/\/berkshiresouth.org\/wp-content\/uploads\/2025\/11\/BSRCC-2024-CommunitySupperServer1-1000px_web.jpg 1000w, https:\/\/berkshiresouth.org\/wp-content\/uploads\/2025\/11\/BSRCC-2024-CommunitySupperServer1-1000px_web-300x200.jpg 300w, https:\/\/berkshiresouth.org\/wp-content\/uploads\/2025\/11\/BSRCC-2024-CommunitySupperServer1-1000px_web-768x512.jpg 768w\" sizes=\"(max-width: 1000px) 100vw, 1000px\" \/>\t\t\t\t\t\t\t\t\t\t\t\t\t\t\t<\/div>\n\t\t\t\t<\/div>\n\t\t\t\t<div class=\"elementor-element elementor-element-8786267 elementor-widget elementor-widget-text-editor\" data-id=\"8786267\" data-element_type=\"widget\" data-e-type=\"widget\" data-widget_type=\"text-editor.default\">\n\t\t\t\t<div class=\"elementor-widget-container\">\n\t\t\t\t\t\t\t\t\t<p>Gracias a vosotros -nuestros donantes, miembros y voluntarios- Berkshire South sigue siendo un <b>lugar seguro, acogedor e integrador<\/b> donde personas de todas las edades y capacidades pueden conectarse, crecer y prosperar. Juntos, estamos creando <b>un cambio sustancial y duradero<\/b> en un mundo que necesita m\u00e1s lugares accesibles y acogedores como \u00e9ste. <\/p>\t\t\t\t\t\t\t\t<\/div>\n\t\t\t\t<\/div>\n\t\t\t\t<div class=\"elementor-element elementor-element-92de0e3 elementor-widget elementor-widget-html\" data-id=\"92de0e3\" data-element_type=\"widget\" data-e-type=\"widget\" data-widget_type=\"html.default\">\n\t\t\t\t<div class=\"elementor-widget-container\">\n\t\t\t\t\t<form action=\"https:\/\/Simplecheckout.authorize.net\/payment\/CatalogPayment.aspx\" method=\"post\" name=\"PrePage\" target=\"_blank\"><input name=\"LinkId\" type=\"hidden\" value=\"36554263-f45d-4eaa-a335-937c20434a8c\"> <input type=\"submit\" value=\"\u00a1DONA HOY!\"><\/form>\t\t\t\t<\/div>\n\t\t\t\t<\/div>\n\t\t\t\t<\/div>\n\t\t<div class=\"elementor-element elementor-element-230c1a9 e-con-full e-flex e-con e-child\" data-id=\"230c1a9\" data-element_type=\"container\" data-e-type=\"container\">\n\t\t<div class=\"elementor-element elementor-element-eee0bb4 e-con-full e-flex e-con e-child\" data-id=\"eee0bb4\" data-element_type=\"container\" data-e-type=\"container\">\n\t\t\t\t<div class=\"elementor-element elementor-element-fa1981f elementor-widget elementor-widget-heading\" data-id=\"fa1981f\" data-element_type=\"widget\" data-e-type=\"widget\" data-widget_type=\"heading.default\">\n\t\t\t\t<div class=\"elementor-widget-container\">\n\t\t\t\t\t<h3 class=\"elementor-heading-title elementor-size-default\">Tu donativo fortalece nuestra comunidad<\/h3>\t\t\t\t<\/div>\n\t\t\t\t<\/div>\n\t\t\t\t<div class=\"elementor-element elementor-element-6f090b1 elementor-widget elementor-widget-text-editor\" data-id=\"6f090b1\" data-element_type=\"widget\" data-e-type=\"widget\" data-widget_type=\"text-editor.default\">\n\t\t\t\t<div class=\"elementor-widget-container\">\n\t\t\t\t\t\t\t\t\t<p>Berkshire South es m\u00e1s que una afiliaci\u00f3n. Cada donativo que haces ayuda a otras personas de tu comunidad a descubrir el equilibrio, la pertenencia y el prop\u00f3sito. Con tu apoyo, podemos ofrecer becas a familias necesitadas, mantener programas que nutren el cuerpo y la mente, y garantizar que todo el mundo, independientemente de sus circunstancias, pueda acceder a los recursos que le ayuden a <b>encontrar su centro.<\/b>  <\/p>\t\t\t\t\t\t\t\t<\/div>\n\t\t\t\t<\/div>\n\t\t\t\t<div class=\"elementor-element elementor-element-3dbe92d elementor-widget elementor-widget-text-editor\" data-id=\"3dbe92d\" data-element_type=\"widget\" data-e-type=\"widget\" data-widget_type=\"text-editor.default\">\n\t\t\t\t<div class=\"elementor-widget-container\">\n\t\t\t\t\t\t\t\t\t<p>Hay muchas formas de dar. Tanto si haces un donativo \u00fanico o recurrente, como si haces un donativo en honor o en memoria de un ser querido, si participas en las donaciones del lugar de trabajo, en las asociaciones corporativas para la misi\u00f3n o exploras las oportunidades de donaciones planificadas, tu generosidad ayuda a mantener este recurso comunitario vital para las generaciones venideras. <\/p>\t\t\t\t\t\t\t\t<\/div>\n\t\t\t\t<\/div>\n\t\t\t\t<\/div>\n\t\t<div class=\"elementor-element elementor-element-52d78d5 e-con-full e-flex e-con e-child\" data-id=\"52d78d5\" data-element_type=\"container\" data-e-type=\"container\">\n\t\t\t\t<div class=\"elementor-element elementor-element-167d93a elementor-widget elementor-widget-image\" data-id=\"167d93a\" data-element_type=\"widget\" data-e-type=\"widget\" data-widget_type=\"image.default\">\n\t\t\t\t<div class=\"elementor-widget-container\">\n\t\t\t\t\t\t\t\t\t\t\t\t\t\t\t<img decoding=\"async\" width=\"750\" height=\"1000\" src=\"https:\/\/berkshiresouth.org\/wp-content\/uploads\/2025\/11\/BSRCC-KidsRunning-1000px_web.jpg\" class=\"attachment-large size-large wp-image-48796\" alt=\"\" srcset=\"https:\/\/berkshiresouth.org\/wp-content\/uploads\/2025\/11\/BSRCC-KidsRunning-1000px_web.jpg 750w, https:\/\/berkshiresouth.org\/wp-content\/uploads\/2025\/11\/BSRCC-KidsRunning-1000px_web-225x300.jpg 225w\" sizes=\"(max-width: 750px) 100vw, 750px\" \/>\t\t\t\t\t\t\t\t\t\t\t\t\t\t\t<\/div>\n\t\t\t\t<\/div>\n\t\t\t\t<\/div>\n\t\t\t\t<\/div>\n\t\t<div class=\"elementor-element elementor-element-e85deae e-con-full e-flex e-con e-child\" data-id=\"e85deae\" data-element_type=\"container\" data-e-type=\"container\">\n\t\t<div class=\"elementor-element elementor-element-fadf37a e-con-full e-flex e-con e-child\" data-id=\"fadf37a\" data-element_type=\"container\" data-e-type=\"container\">\n\t\t\t\t<div class=\"elementor-element elementor-element-854ec72 elementor-widget elementor-widget-image\" data-id=\"854ec72\" data-element_type=\"widget\" data-e-type=\"widget\" data-widget_type=\"image.default\">\n\t\t\t\t<div class=\"elementor-widget-container\">\n\t\t\t\t\t\t\t\t\t\t\t\t\t\t\t<img decoding=\"async\" width=\"1000\" height=\"518\" src=\"https:\/\/berkshiresouth.org\/wp-content\/uploads\/2025\/11\/BSRCC-2024-CommunitySupperLounge1-cropped2-1000px_web.jpg\" class=\"attachment-large size-large wp-image-48797\" alt=\"\" srcset=\"https:\/\/berkshiresouth.org\/wp-content\/uploads\/2025\/11\/BSRCC-2024-CommunitySupperLounge1-cropped2-1000px_web.jpg 1000w, https:\/\/berkshiresouth.org\/wp-content\/uploads\/2025\/11\/BSRCC-2024-CommunitySupperLounge1-cropped2-1000px_web-300x155.jpg 300w, https:\/\/berkshiresouth.org\/wp-content\/uploads\/2025\/11\/BSRCC-2024-CommunitySupperLounge1-cropped2-1000px_web-768x398.jpg 768w\" sizes=\"(max-width: 1000px) 100vw, 1000px\" \/>\t\t\t\t\t\t\t\t\t\t\t\t\t\t\t<\/div>\n\t\t\t\t<\/div>\n\t\t\t\t<\/div>\n\t\t<div class=\"elementor-element elementor-element-c692f48 e-con-full e-flex e-con e-child\" data-id=\"c692f48\" data-element_type=\"container\" data-e-type=\"container\">\n\t\t\t\t<div class=\"elementor-element elementor-element-3cf895e elementor-widget elementor-widget-heading\" data-id=\"3cf895e\" data-element_type=\"widget\" data-e-type=\"widget\" data-widget_type=\"heading.default\">\n\t\t\t\t<div class=\"elementor-widget-container\">\n\t\t\t\t\t<h3 class=\"elementor-heading-title elementor-size-default\">Juntos, capacitamos a nuestra comunidad para que encuentre su centro y, al hacerlo, fortalecemos el coraz\u00f3n de los Berkshires.<\/h3>\t\t\t\t<\/div>\n\t\t\t\t<\/div>\n\t\t\t\t<div class=\"elementor-element elementor-element-35e4f43 elementor-widget elementor-widget-html\" data-id=\"35e4f43\" data-element_type=\"widget\" data-e-type=\"widget\" data-widget_type=\"html.default\">\n\t\t\t\t<div class=\"elementor-widget-container\">\n\t\t\t\t\t<form action=\"https:\/\/Simplecheckout.authorize.net\/payment\/CatalogPayment.aspx\" method=\"post\" name=\"PrePage\" target=\"_blank\"><input name=\"LinkId\" type=\"hidden\" value=\"36554263-f45d-4eaa-a335-937c20434a8c\"> <input type=\"submit\" value=\"\u00a1DONA HOY!\"><\/form>\t\t\t\t<\/div>\n\t\t\t\t<\/div>\n\t\t\t\t<\/div>\n\t\t\t\t<\/div>\n\t\t<div class=\"elementor-element elementor-element-9be7584 e-con-full e-flex e-con e-child\" data-id=\"9be7584\" data-element_type=\"container\" data-e-type=\"container\">\n\t\t<div class=\"elementor-element elementor-element-b1310ce e-con-full e-flex e-con e-child\" data-id=\"b1310ce\" data-element_type=\"container\" data-e-type=\"container\">\n\t\t\t\t<div class=\"elementor-element elementor-element-18b2641 elementor-widget elementor-widget-image\" data-id=\"18b2641\" data-element_type=\"widget\" data-e-type=\"widget\" data-widget_type=\"image.default\">\n\t\t\t\t<div class=\"elementor-widget-container\">\n\t\t\t\t\t\t\t\t\t\t\t\t\t\t\t<img loading=\"lazy\" decoding=\"async\" width=\"750\" height=\"1000\" src=\"https:\/\/berkshiresouth.org\/wp-content\/uploads\/2025\/11\/BSRCC-KidWatermelonShirt-1000px_web.jpg\" class=\"attachment-large size-large wp-image-48795\" alt=\"\" srcset=\"https:\/\/berkshiresouth.org\/wp-content\/uploads\/2025\/11\/BSRCC-KidWatermelonShirt-1000px_web.jpg 750w, https:\/\/berkshiresouth.org\/wp-content\/uploads\/2025\/11\/BSRCC-KidWatermelonShirt-1000px_web-225x300.jpg 225w\" sizes=\"(max-width: 750px) 100vw, 750px\" \/>\t\t\t\t\t\t\t\t\t\t\t\t\t\t\t<\/div>\n\t\t\t\t<\/div>\n\t\t\t\t<\/div>\n\t\t<div class=\"elementor-element elementor-element-27a906c e-con-full e-flex e-con e-child\" data-id=\"27a906c\" data-element_type=\"container\" data-e-type=\"container\">\n\t\t\t\t<div class=\"elementor-element elementor-element-b11acdb elementor-widget elementor-widget-text-editor\" data-id=\"b11acdb\" data-element_type=\"widget\" data-e-type=\"widget\" data-widget_type=\"text-editor.default\">\n\t\t\t\t<div class=\"elementor-widget-container\">\n\t\t\t\t\t\t\t\t\t<p>Te animamos a que especifiques que tu donativo se destine a cualquiera de los programas indicados anteriormente si te sientes muy identificado con alguno de ellos. De lo contrario, las donaciones del fondo anual se utilizan donde m\u00e1s se necesitan. En cualquier caso, tu contribuci\u00f3n es muy necesaria y se agradece profundamente. Hacer todas las cosas que hacemos tiene un alto precio. Te estamos sinceramente agradecidos por hacerlo posible.    <\/p>\t\t\t\t\t\t\t\t<\/div>\n\t\t\t\t<\/div>\n\t\t\t\t<div class=\"elementor-element elementor-element-2a25fea elementor-widget elementor-widget-text-editor\" data-id=\"2a25fea\" data-element_type=\"widget\" data-e-type=\"widget\" data-widget_type=\"text-editor.default\">\n\t\t\t\t<div class=\"elementor-widget-container\">\n\t\t\t\t\t\t\t\t\t<p><b>Para explorar las oportunidades de donar, ponte en contacto con nuestra Oficina de Desarrollo llamando al 413.528.2810, ex. 28<\/b><\/p>\t\t\t\t\t\t\t\t<\/div>\n\t\t\t\t<\/div>\n\t\t\t\t<\/div>\n\t\t\t\t<\/div>\n\t\t\t\t\t<\/div>\n\t\t\t\t<\/div>\n\t\t\t\t<\/div>\n\t\t","protected":false},"excerpt":{"rendered":"<p>Haz un donativo hoy Tu recurso comunitario sin \u00e1nimo de lucro Transformar vidas en Berkshire South Berkshire South es m\u00e1s que un centro comunitario. Somos un lugar donde la gente viene a encontrar su centro. Para cada persona que cruza nuestras puertas, ese centro tiene un aspecto un poco diferente. Puede ser un ni\u00f1o descubriendo [&hellip;]<\/p>\n","protected":false},"author":5,"featured_media":0,"parent":0,"menu_order":0,"comment_status":"closed","ping_status":"closed","template":"","meta":{"_seopress_robots_primary_cat":"","_seopress_titles_title":"","_seopress_titles_desc":"","_seopress_robots_index":"","site-sidebar-layout":"no-sidebar","site-content-layout":"page-builder","ast-site-content-layout":"default","site-content-style":"default","site-sidebar-style":"default","ast-global-header-display":"","ast-banner-title-visibility":"","ast-main-header-display":"","ast-hfb-above-header-display":"","ast-hfb-below-header-display":"","ast-hfb-mobile-header-display":"","site-post-title":"disabled","ast-breadcrumbs-content":"","ast-featured-img":"disabled","footer-sml-layout":"","ast-disable-related-posts":"","theme-transparent-header-meta":"enabled","adv-header-id-meta":"","stick-header-meta":"default","header-above-stick-meta":"","header-main-stick-meta":"","header-below-stick-meta":"","astra-migrate-meta-layouts":"default","ast-page-background-enabled":"default","ast-page-background-meta":{"desktop":{"background-color":"","background-image":"","background-repeat":"repeat","background-position":"center center","background-size":"auto","background-attachment":"scroll","background-type":"","background-media":"","overlay-type":"","overlay-color":"","overlay-opacity":"","overlay-gradient":""},"tablet":{"background-color":"","background-image":"","background-repeat":"repeat","background-position":"center center","background-size":"auto","background-attachment":"scroll","background-type":"","background-media":"","overlay-type":"","overlay-color":"","overlay-opacity":"","overlay-gradient":""},"mobile":{"background-color":"","background-image":"","background-repeat":"repeat","background-position":"center center","background-size":"auto","background-attachment":"scroll","background-type":"","background-media":"","overlay-type":"","overlay-color":"","overlay-opacity":"","overlay-gradient":""}},"ast-content-background-meta":{"desktop":{"background-color":"var(--ast-global-color-5)","background-image":"","background-repeat":"repeat","background-position":"center center","background-size":"auto","background-attachment":"scroll","background-type":"","background-media":"","overlay-type":"","overlay-color":"","overlay-opacity":"","overlay-gradient":""},"tablet":{"background-color":"var(--ast-global-color-5)","background-image":"","background-repeat":"repeat","background-position":"center center","background-size":"auto","background-attachment":"scroll","background-type":"","background-media":"","overlay-type":"","overlay-color":"","overlay-opacity":"","overlay-gradient":""},"mobile":{"background-color":"var(--ast-global-color-5)","background-image":"","background-repeat":"repeat","background-position":"center center","background-size":"auto","background-attachment":"scroll","background-type":"","background-media":"","overlay-type":"","overlay-color":"","overlay-opacity":"","overlay-gradient":""}},"footnotes":""},"class_list":["post-44195","page","type-page","status-publish","hentry"],"_links":{"self":[{"href":"https:\/\/berkshiresouth.org\/es\/wp-json\/wp\/v2\/pages\/44195","targetHints":{"allow":["GET"]}}],"collection":[{"href":"https:\/\/berkshiresouth.org\/es\/wp-json\/wp\/v2\/pages"}],"about":[{"href":"https:\/\/berkshiresouth.org\/es\/wp-json\/wp\/v2\/types\/page"}],"author":[{"embeddable":true,"href":"https:\/\/berkshiresouth.org\/es\/wp-json\/wp\/v2\/users\/5"}],"replies":[{"embeddable":true,"href":"https:\/\/berkshiresouth.org\/es\/wp-json\/wp\/v2\/comments?post=44195"}],"version-history":[{"count":10,"href":"https:\/\/berkshiresouth.org\/es\/wp-json\/wp\/v2\/pages\/44195\/revisions"}],"predecessor-version":[{"id":48853,"href":"https:\/\/berkshiresouth.org\/es\/wp-json\/wp\/v2\/pages\/44195\/revisions\/48853"}],"wp:attachment":[{"href":"https:\/\/berkshiresouth.org\/es\/wp-json\/wp\/v2\/media?parent=44195"}],"curies":[{"name":"wp","href":"https:\/\/api.w.org\/{rel}","templated":true}]}}