{"id":51934,"date":"2026-03-23T12:18:19","date_gmt":"2026-03-23T16:18:19","guid":{"rendered":"https:\/\/berkshiresouth.org\/dia-de-la-tierra\/"},"modified":"2026-04-16T11:48:48","modified_gmt":"2026-04-16T15:48:48","slug":"earthday","status":"publish","type":"page","link":"https:\/\/berkshiresouth.org\/es\/earthday\/","title":{"rendered":"D\u00eda de la Tierra"},"content":{"rendered":"\t\t<div data-elementor-type=\"wp-post\" data-elementor-id=\"51934\" class=\"elementor elementor-51934 elementor-51927\" data-elementor-post-type=\"page\">\n\t\t\t\t<div class=\"elementor-element elementor-element-42d3622 e-flex e-con-boxed e-con e-parent\" data-id=\"42d3622\" data-element_type=\"container\" data-e-type=\"container\" data-settings=\"{&quot;background_background&quot;:&quot;classic&quot;}\">\n\t\t\t\t\t<div class=\"e-con-inner\">\n\t\t<div class=\"elementor-element elementor-element-cfd8081 e-con-full e-flex e-con e-child\" data-id=\"cfd8081\" data-element_type=\"container\" data-e-type=\"container\">\n\t\t<div class=\"elementor-element elementor-element-63b8dcb e-con-full e-flex e-con e-child\" data-id=\"63b8dcb\" data-element_type=\"container\" data-e-type=\"container\">\n\t\t<div class=\"elementor-element elementor-element-d33d845 e-con-full e-flex e-con e-child\" data-id=\"d33d845\" data-element_type=\"container\" data-e-type=\"container\">\n\t\t\t\t<div class=\"elementor-element elementor-element-bfb2aee elementor-widget elementor-widget-image\" data-id=\"bfb2aee\" data-element_type=\"widget\" data-e-type=\"widget\" data-widget_type=\"image.default\">\n\t\t\t\t<div class=\"elementor-widget-container\">\n\t\t\t\t\t\t\t\t\t\t\t\t\t\t\t<img fetchpriority=\"high\" decoding=\"async\" width=\"800\" height=\"378\" src=\"https:\/\/berkshiresouth.org\/wp-content\/uploads\/2026\/03\/BSRCC-Earthday-logo_2026_2-800px.png\" class=\"attachment-large size-large wp-image-51975\" alt=\"D\u00eda de la Tierra, 22 de abril con Berkshire South\" srcset=\"https:\/\/berkshiresouth.org\/wp-content\/uploads\/2026\/03\/BSRCC-Earthday-logo_2026_2-800px.png 800w, https:\/\/berkshiresouth.org\/wp-content\/uploads\/2026\/03\/BSRCC-Earthday-logo_2026_2-800px-300x142.png 300w, https:\/\/berkshiresouth.org\/wp-content\/uploads\/2026\/03\/BSRCC-Earthday-logo_2026_2-800px-768x363.png 768w\" sizes=\"(max-width: 800px) 100vw, 800px\" \/>\t\t\t\t\t\t\t\t\t\t\t\t\t\t\t<\/div>\n\t\t\t\t<\/div>\n\t\t\t\t<\/div>\n\t\t<div class=\"elementor-element elementor-element-8b7863b e-con-full e-flex e-con e-child\" data-id=\"8b7863b\" data-element_type=\"container\" data-e-type=\"container\">\n\t\t\t\t<div class=\"elementor-element elementor-element-98ce8a0 elementor-widget elementor-widget-heading\" data-id=\"98ce8a0\" data-element_type=\"widget\" data-e-type=\"widget\" data-widget_type=\"heading.default\">\n\t\t\t\t<div class=\"elementor-widget-container\">\n\t\t\t\t\t<h1 class=\"elementor-heading-title elementor-size-default\">D\u00eda de la Tierra en Berkshire South<\/h1>\t\t\t\t<\/div>\n\t\t\t\t<\/div>\n\t\t\t\t<\/div>\n\t\t\t\t<\/div>\n\t\t\t\t<\/div>\n\t\t\t\t\t<\/div>\n\t\t\t\t<\/div>\n\t\t<div class=\"elementor-element elementor-element-d354dc7 e-flex e-con-boxed e-con e-parent\" data-id=\"d354dc7\" data-element_type=\"container\" data-e-type=\"container\">\n\t\t\t\t\t<div class=\"e-con-inner\">\n\t\t<div class=\"elementor-element elementor-element-474f2de e-con-full e-flex e-con e-child\" data-id=\"474f2de\" data-element_type=\"container\" data-e-type=\"container\">\n\t\t<div class=\"elementor-element elementor-element-349bd91 e-con-full e-flex e-con e-child\" data-id=\"349bd91\" data-element_type=\"container\" data-e-type=\"container\">\n\t\t\t\t<div class=\"elementor-element elementor-element-0b1d315 elementor-widget elementor-widget-gallery\" data-id=\"0b1d315\" data-element_type=\"widget\" data-e-type=\"widget\" data-settings=\"{&quot;columns&quot;:2,&quot;columns_mobile&quot;:2,&quot;columns_tablet&quot;:3,&quot;lazyload&quot;:&quot;yes&quot;,&quot;gallery_layout&quot;:&quot;grid&quot;,&quot;gap&quot;:{&quot;unit&quot;:&quot;px&quot;,&quot;size&quot;:10,&quot;sizes&quot;:[]},&quot;gap_tablet&quot;:{&quot;unit&quot;:&quot;px&quot;,&quot;size&quot;:10,&quot;sizes&quot;:[]},&quot;gap_mobile&quot;:{&quot;unit&quot;:&quot;px&quot;,&quot;size&quot;:10,&quot;sizes&quot;:[]},&quot;link_to&quot;:&quot;file&quot;,&quot;aspect_ratio&quot;:&quot;3:2&quot;,&quot;overlay_background&quot;:&quot;yes&quot;,&quot;content_hover_animation&quot;:&quot;fade-in&quot;}\" data-widget_type=\"gallery.default\">\n\t\t\t\t<div class=\"elementor-widget-container\">\n\t\t\t\t\t\t\t<div class=\"elementor-gallery__container\">\n\t\t\t\t\t\t\t<a class=\"e-gallery-item elementor-gallery-item elementor-animated-content\" href=\"https:\/\/berkshiresouth.org\/wp-content\/uploads\/2026\/03\/BSRCC-FrontLotSign-1200px_web.jpg\" data-elementor-open-lightbox=\"yes\" data-elementor-lightbox-slideshow=\"0b1d315\" data-e-action-hash=\"#elementor-action%3Aaction%3Dlightbox%26settings%3DeyJpZCI6NTE5ODAsInVybCI6Imh0dHBzOlwvXC9iZXJrc2hpcmVzb3V0aC5vcmdcL3dwLWNvbnRlbnRcL3VwbG9hZHNcLzIwMjZcLzAzXC9CU1JDQy1Gcm9udExvdFNpZ24tMTIwMHB4X3dlYi5qcGciLCJzbGlkZXNob3ciOiIwYjFkMzE1In0%3D\">\n\t\t\t\t\t<div class=\"e-gallery-image elementor-gallery-item__image\" data-thumbnail=\"https:\/\/berkshiresouth.org\/wp-content\/uploads\/2026\/03\/BSRCC-FrontLotSign-1200px_web-300x200.jpg\" data-width=\"300\" data-height=\"200\" aria-label=\"\" role=\"img\" ><\/div>\n\t\t\t\t\t\t\t\t\t\t\t<div class=\"elementor-gallery-item__overlay\"><\/div>\n\t\t\t\t\t\t\t\t\t\t\t\t\t\t<\/a>\n\t\t\t\t\t\t\t<a class=\"e-gallery-item elementor-gallery-item elementor-animated-content\" href=\"https:\/\/berkshiresouth.org\/wp-content\/uploads\/2026\/03\/BSRCC-Playground-1200px_web.jpg\" data-elementor-open-lightbox=\"yes\" data-elementor-lightbox-slideshow=\"0b1d315\" data-e-action-hash=\"#elementor-action%3Aaction%3Dlightbox%26settings%3DeyJpZCI6NTE5NzYsInVybCI6Imh0dHBzOlwvXC9iZXJrc2hpcmVzb3V0aC5vcmdcL3dwLWNvbnRlbnRcL3VwbG9hZHNcLzIwMjZcLzAzXC9CU1JDQy1QbGF5Z3JvdW5kLTEyMDBweF93ZWIuanBnIiwic2xpZGVzaG93IjoiMGIxZDMxNSJ9\">\n\t\t\t\t\t<div class=\"e-gallery-image elementor-gallery-item__image\" data-thumbnail=\"https:\/\/berkshiresouth.org\/wp-content\/uploads\/2026\/03\/BSRCC-Playground-1200px_web-300x200.jpg\" data-width=\"300\" data-height=\"200\" aria-label=\"\" role=\"img\" ><\/div>\n\t\t\t\t\t\t\t\t\t\t\t<div class=\"elementor-gallery-item__overlay\"><\/div>\n\t\t\t\t\t\t\t\t\t\t\t\t\t\t<\/a>\n\t\t\t\t\t\t\t<a class=\"e-gallery-item elementor-gallery-item elementor-animated-content\" href=\"https:\/\/berkshiresouth.org\/wp-content\/uploads\/2026\/03\/BSRCC-FrontWalkway-1200px_web.jpg\" data-elementor-open-lightbox=\"yes\" data-elementor-lightbox-slideshow=\"0b1d315\" data-e-action-hash=\"#elementor-action%3Aaction%3Dlightbox%26settings%3DeyJpZCI6NTE5NzksInVybCI6Imh0dHBzOlwvXC9iZXJrc2hpcmVzb3V0aC5vcmdcL3dwLWNvbnRlbnRcL3VwbG9hZHNcLzIwMjZcLzAzXC9CU1JDQy1Gcm9udFdhbGt3YXktMTIwMHB4X3dlYi5qcGciLCJzbGlkZXNob3ciOiIwYjFkMzE1In0%3D\">\n\t\t\t\t\t<div class=\"e-gallery-image elementor-gallery-item__image\" data-thumbnail=\"https:\/\/berkshiresouth.org\/wp-content\/uploads\/2026\/03\/BSRCC-FrontWalkway-1200px_web-300x200.jpg\" data-width=\"300\" data-height=\"200\" aria-label=\"\" role=\"img\" ><\/div>\n\t\t\t\t\t\t\t\t\t\t\t<div class=\"elementor-gallery-item__overlay\"><\/div>\n\t\t\t\t\t\t\t\t\t\t\t\t\t\t<\/a>\n\t\t\t\t\t\t\t<a class=\"e-gallery-item elementor-gallery-item elementor-animated-content\" href=\"https:\/\/berkshiresouth.org\/wp-content\/uploads\/2026\/03\/BSRCC-Front-with-Flowers-1200px_web.jpg\" data-elementor-open-lightbox=\"yes\" data-elementor-lightbox-slideshow=\"0b1d315\" data-e-action-hash=\"#elementor-action%3Aaction%3Dlightbox%26settings%3DeyJpZCI6NTE5NzgsInVybCI6Imh0dHBzOlwvXC9iZXJrc2hpcmVzb3V0aC5vcmdcL3dwLWNvbnRlbnRcL3VwbG9hZHNcLzIwMjZcLzAzXC9CU1JDQy1Gcm9udC13aXRoLUZsb3dlcnMtMTIwMHB4X3dlYi5qcGciLCJzbGlkZXNob3ciOiIwYjFkMzE1In0%3D\">\n\t\t\t\t\t<div class=\"e-gallery-image elementor-gallery-item__image\" data-thumbnail=\"https:\/\/berkshiresouth.org\/wp-content\/uploads\/2026\/03\/BSRCC-Front-with-Flowers-1200px_web-300x213.jpg\" data-width=\"300\" data-height=\"213\" aria-label=\"\" role=\"img\" ><\/div>\n\t\t\t\t\t\t\t\t\t\t\t<div class=\"elementor-gallery-item__overlay\"><\/div>\n\t\t\t\t\t\t\t\t\t\t\t\t\t\t<\/a>\n\t\t\t\t\t\t\t<a class=\"e-gallery-item elementor-gallery-item elementor-animated-content\" href=\"https:\/\/berkshiresouth.org\/wp-content\/uploads\/2026\/03\/BSRCC-Field-1200px_web.jpg\" data-elementor-open-lightbox=\"yes\" data-elementor-lightbox-slideshow=\"0b1d315\" data-e-action-hash=\"#elementor-action%3Aaction%3Dlightbox%26settings%3DeyJpZCI6NTE5ODEsInVybCI6Imh0dHBzOlwvXC9iZXJrc2hpcmVzb3V0aC5vcmdcL3dwLWNvbnRlbnRcL3VwbG9hZHNcLzIwMjZcLzAzXC9CU1JDQy1GaWVsZC0xMjAwcHhfd2ViLmpwZyIsInNsaWRlc2hvdyI6IjBiMWQzMTUifQ%3D%3D\">\n\t\t\t\t\t<div class=\"e-gallery-image elementor-gallery-item__image\" data-thumbnail=\"https:\/\/berkshiresouth.org\/wp-content\/uploads\/2026\/03\/BSRCC-Field-1200px_web-300x200.jpg\" data-width=\"300\" data-height=\"200\" aria-label=\"\" role=\"img\" ><\/div>\n\t\t\t\t\t\t\t\t\t\t\t<div class=\"elementor-gallery-item__overlay\"><\/div>\n\t\t\t\t\t\t\t\t\t\t\t\t\t\t<\/a>\n\t\t\t\t\t\t\t<a class=\"e-gallery-item elementor-gallery-item elementor-animated-content\" href=\"https:\/\/berkshiresouth.org\/wp-content\/uploads\/2026\/03\/BSRCC-GreenArtPhoto-1200px_web.jpg\" data-elementor-open-lightbox=\"yes\" data-elementor-lightbox-slideshow=\"0b1d315\" data-e-action-hash=\"#elementor-action%3Aaction%3Dlightbox%26settings%3DeyJpZCI6NTE5NzcsInVybCI6Imh0dHBzOlwvXC9iZXJrc2hpcmVzb3V0aC5vcmdcL3dwLWNvbnRlbnRcL3VwbG9hZHNcLzIwMjZcLzAzXC9CU1JDQy1HcmVlbkFydFBob3RvLTEyMDBweF93ZWIuanBnIiwic2xpZGVzaG93IjoiMGIxZDMxNSJ9\">\n\t\t\t\t\t<div class=\"e-gallery-image elementor-gallery-item__image\" data-thumbnail=\"https:\/\/berkshiresouth.org\/wp-content\/uploads\/2026\/03\/BSRCC-GreenArtPhoto-1200px_web-300x200.jpg\" data-width=\"300\" data-height=\"200\" aria-label=\"\" role=\"img\" ><\/div>\n\t\t\t\t\t\t\t\t\t\t\t<div class=\"elementor-gallery-item__overlay\"><\/div>\n\t\t\t\t\t\t\t\t\t\t\t\t\t\t<\/a>\n\t\t\t\t\t\t\t<a class=\"e-gallery-item elementor-gallery-item elementor-animated-content\" href=\"https:\/\/berkshiresouth.org\/wp-content\/uploads\/2026\/03\/BSRCC-CommunityGarden-1200px_web.jpg\" data-elementor-open-lightbox=\"yes\" data-elementor-lightbox-slideshow=\"0b1d315\" data-e-action-hash=\"#elementor-action%3Aaction%3Dlightbox%26settings%3DeyJpZCI6NTE5ODIsInVybCI6Imh0dHBzOlwvXC9iZXJrc2hpcmVzb3V0aC5vcmdcL3dwLWNvbnRlbnRcL3VwbG9hZHNcLzIwMjZcLzAzXC9CU1JDQy1Db21tdW5pdHlHYXJkZW4tMTIwMHB4X3dlYi5qcGciLCJzbGlkZXNob3ciOiIwYjFkMzE1In0%3D\">\n\t\t\t\t\t<div class=\"e-gallery-image elementor-gallery-item__image\" data-thumbnail=\"https:\/\/berkshiresouth.org\/wp-content\/uploads\/2026\/03\/BSRCC-CommunityGarden-1200px_web-300x200.jpg\" data-width=\"300\" data-height=\"200\" aria-label=\"\" role=\"img\" ><\/div>\n\t\t\t\t\t\t\t\t\t\t\t<div class=\"elementor-gallery-item__overlay\"><\/div>\n\t\t\t\t\t\t\t\t\t\t\t\t\t\t<\/a>\n\t\t\t\t\t\t\t<a class=\"e-gallery-item elementor-gallery-item elementor-animated-content\" href=\"https:\/\/berkshiresouth.org\/wp-content\/uploads\/2026\/03\/BSRCC-FrontPatio-1200px_web.jpg\" data-elementor-open-lightbox=\"yes\" data-elementor-lightbox-slideshow=\"0b1d315\" data-e-action-hash=\"#elementor-action%3Aaction%3Dlightbox%26settings%3DeyJpZCI6NTE5ODMsInVybCI6Imh0dHBzOlwvXC9iZXJrc2hpcmVzb3V0aC5vcmdcL3dwLWNvbnRlbnRcL3VwbG9hZHNcLzIwMjZcLzAzXC9CU1JDQy1Gcm9udFBhdGlvLTEyMDBweF93ZWIuanBnIiwic2xpZGVzaG93IjoiMGIxZDMxNSJ9\">\n\t\t\t\t\t<div class=\"e-gallery-image elementor-gallery-item__image\" data-thumbnail=\"https:\/\/berkshiresouth.org\/wp-content\/uploads\/2026\/03\/BSRCC-FrontPatio-1200px_web-300x201.jpg\" data-width=\"300\" data-height=\"201\" aria-label=\"\" role=\"img\" ><\/div>\n\t\t\t\t\t\t\t\t\t\t\t<div class=\"elementor-gallery-item__overlay\"><\/div>\n\t\t\t\t\t\t\t\t\t\t\t\t\t\t<\/a>\n\t\t\t\t\t<\/div>\n\t\t\t\t\t<\/div>\n\t\t\t\t<\/div>\n\t\t\t\t<div class=\"elementor-element elementor-element-e52739b elementor-widget elementor-widget-heading\" data-id=\"e52739b\" data-element_type=\"widget\" data-e-type=\"widget\" data-widget_type=\"heading.default\">\n\t\t\t\t<div class=\"elementor-widget-container\">\n\t\t\t\t\t<h3 class=\"elementor-heading-title elementor-size-default\">\u00bfSab\u00edas que puedes donar cr\u00e9ditos solares?<\/h3>\t\t\t\t<\/div>\n\t\t\t\t<\/div>\n\t\t\t\t<div class=\"elementor-element elementor-element-d4832f4 elementor-widget elementor-widget-text-editor\" data-id=\"d4832f4\" data-element_type=\"widget\" data-e-type=\"widget\" data-widget_type=\"text-editor.default\">\n\t\t\t\t<div class=\"elementor-widget-container\">\n\t\t\t\t\t\t\t\t\t<p>Si tienes paneles solares en Massachusetts, puedes donar tus cr\u00e9ditos energ\u00e9ticos sobrantes a Berkshire South, ayud\u00e1ndonos a reducir los costes de funcionamiento e invertir m\u00e1s en programas para todos. Puedes dar energ\u00eda literalmente a nuestra comunidad, con la luz del sol.<\/p>\t\t\t\t\t\t\t\t<\/div>\n\t\t\t\t<\/div>\n\t\t\t\t<div class=\"elementor-element elementor-element-2ba1fce elementor-widget elementor-widget-button\" data-id=\"2ba1fce\" data-element_type=\"widget\" data-e-type=\"widget\" data-widget_type=\"button.default\">\n\t\t\t\t<div class=\"elementor-widget-container\">\n\t\t\t\t\t\t\t\t\t<div class=\"elementor-button-wrapper\">\n\t\t\t\t\t<a class=\"elementor-button elementor-button-link elementor-size-sm\" href=\"https:\/\/docs.google.com\/forms\/d\/e\/1FAIpQLSflMmS_fRKfFtwWyTgL5-rh3FscYAPv6gb5cAmMltoy5tJe9A\/viewform?usp=sharing&#038;ouid=108360557977894014705\" target=\"_blank\">\n\t\t\t\t\t\t<span class=\"elementor-button-content-wrapper\">\n\t\t\t\t\t\t\t\t\t<span class=\"elementor-button-text\">Saber m\u00e1s<\/span>\n\t\t\t\t\t<\/span>\n\t\t\t\t\t<\/a>\n\t\t\t\t<\/div>\n\t\t\t\t\t\t\t\t<\/div>\n\t\t\t\t<\/div>\n\t\t\t\t<\/div>\n\t\t<div class=\"elementor-element elementor-element-a761d50 e-con-full e-flex e-con e-child\" data-id=\"a761d50\" data-element_type=\"container\" data-e-type=\"container\">\n\t\t\t\t<div class=\"elementor-element elementor-element-abe9d54 elementor-widget elementor-widget-heading\" data-id=\"abe9d54\" data-element_type=\"widget\" data-e-type=\"widget\" data-widget_type=\"heading.default\">\n\t\t\t\t<div class=\"elementor-widget-container\">\n\t\t\t\t\t<h2 class=\"elementor-heading-title elementor-size-default\">2026 Actividades comunitarias del D\u00eda de la Tierra<\/h2>\t\t\t\t<\/div>\n\t\t\t\t<\/div>\n\t\t\t\t<div class=\"elementor-element elementor-element-82f303e elementor-widget-divider--view-line elementor-widget elementor-widget-divider\" data-id=\"82f303e\" data-element_type=\"widget\" data-e-type=\"widget\" data-widget_type=\"divider.default\">\n\t\t\t\t<div class=\"elementor-widget-container\">\n\t\t\t\t\t\t\t<div class=\"elementor-divider\">\n\t\t\t<span class=\"elementor-divider-separator\">\n\t\t\t\t\t\t<\/span>\n\t\t<\/div>\n\t\t\t\t\t\t<\/div>\n\t\t\t\t<\/div>\n\t\t<div class=\"elementor-element elementor-element-ae402b8 e-con-full e-flex e-con e-child\" data-id=\"ae402b8\" data-element_type=\"container\" data-e-type=\"container\">\n\t\t\t\t<div class=\"elementor-element elementor-element-e6f1267 elementor-widget elementor-widget-heading\" data-id=\"e6f1267\" data-element_type=\"widget\" data-e-type=\"widget\" data-widget_type=\"heading.default\">\n\t\t\t\t<div class=\"elementor-widget-container\">\n\t\t\t\t\t<h3 class=\"elementor-heading-title elementor-size-default\">Mi\u00e9rcoles, 22 de abril de 2026<\/h3>\t\t\t\t<\/div>\n\t\t\t\t<\/div>\n\t\t\t\t<div class=\"elementor-element elementor-element-f6455b5 eael-tooltip-align-left elementor-widget elementor-widget-eael-tooltip\" data-id=\"f6455b5\" data-element_type=\"widget\" data-e-type=\"widget\" data-widget_type=\"eael-tooltip.default\">\n\t\t\t\t<div class=\"elementor-widget-container\">\n\t\t\t\t\t\t<div class=\"eael-tooltip\">\n\t\t\t\t\t<span class=\"eael-tooltip-content\" tabindex=\"0\" aria-describedby=\"tooltip-text-f6455b5\"><img decoding=\"async\" src=\"https:\/\/berkshiresouth.org\/wp-content\/uploads\/2025\/06\/BerkshireSouth-Events-FreeForEveryone-Icon-Espanol-200px.png\" alt=\"Gratis para todos\"><\/span>\n  \t\t\t<span id=\"tooltip-text-f6455b5\" class=\"eael-tooltip-text eael-tooltip-right\" role=\"tooltip\"><p>Gratis para todos<\/p><\/span>\n  \t\t\t<\/div>\n\t\t\t\t\t<\/div>\n\t\t\t\t<\/div>\n\t\t\t\t<\/div>\n\t\t\t\t<div class=\"elementor-element elementor-element-9bdb9ff elementor-widget elementor-widget-text-editor\" data-id=\"9bdb9ff\" data-element_type=\"widget\" data-e-type=\"widget\" data-widget_type=\"text-editor.default\">\n\t\t\t\t<div class=\"elementor-widget-container\">\n\t\t\t\t\t\t\t\t\t<p><strong>\u00a1Est\u00e1s invitado!<\/strong>  Un\u00e1monos como comunidad este D\u00eda de la Tierra y preparemos los espacios exteriores de Berkshire South para la temporada.<\/p>\t\t\t\t\t\t\t\t<\/div>\n\t\t\t\t<\/div>\n\t\t\t\t<div class=\"elementor-element elementor-element-cbaa2dd elementor-widget elementor-widget-button\" data-id=\"cbaa2dd\" data-element_type=\"widget\" data-e-type=\"widget\" data-widget_type=\"button.default\">\n\t\t\t\t<div class=\"elementor-widget-container\">\n\t\t\t\t\t\t\t\t\t<div class=\"elementor-button-wrapper\">\n\t\t\t\t\t<a class=\"elementor-button elementor-button-link elementor-size-sm\" href=\"https:\/\/docs.google.com\/forms\/d\/e\/1FAIpQLSflMmS_fRKfFtwWyTgL5-rh3FscYAPv6gb5cAmMltoy5tJe9A\/viewform?usp=sharing&#038;ouid=108360557977894014705\" target=\"_blank\">\n\t\t\t\t\t\t<span class=\"elementor-button-content-wrapper\">\n\t\t\t\t\t\t\t\t\t<span class=\"elementor-button-text\">Inscr\u00edbete aqu\u00ed<\/span>\n\t\t\t\t\t<\/span>\n\t\t\t\t\t<\/a>\n\t\t\t\t<\/div>\n\t\t\t\t\t\t\t\t<\/div>\n\t\t\t\t<\/div>\n\t\t\t\t<div class=\"elementor-element elementor-element-703216a elementor-widget elementor-widget-text-editor\" data-id=\"703216a\" data-element_type=\"widget\" data-e-type=\"widget\" data-widget_type=\"text-editor.default\">\n\t\t\t\t<div class=\"elementor-widget-container\">\n\t\t\t\t\t\t\t\t\t<p>Miembros, invitados y voluntarios est\u00e1n invitados a unirse a nosotros el 22 de abril.  <strong>Ven un ratito o qu\u00e9date todo el d\u00eda, \u00a1t\u00fa decides!<\/strong>  Las actividades incluir\u00e1n la limpieza de lechos de jard\u00edn, la colocaci\u00f3n de mantillo, la recogida de basura, el deshierbe y mucho m\u00e1s. Tambi\u00e9n puedes unirte a una caminata guiada con nuestro Director de Fitness, o quedarte para la instalaci\u00f3n de nuestro nuevo Poste de la Paz, donado por el generoso miembro de Berkshire South, Bonsai. <\/p>\t\t\t\t\t\t\t\t<\/div>\n\t\t\t\t<\/div>\n\t\t\t\t<div class=\"elementor-element elementor-element-d195fc0 elementor-widget elementor-widget-heading\" data-id=\"d195fc0\" data-element_type=\"widget\" data-e-type=\"widget\" data-widget_type=\"heading.default\">\n\t\t\t\t<div class=\"elementor-widget-container\">\n\t\t\t\t\t<h3 class=\"elementor-heading-title elementor-size-default\">Actos del D\u00eda de la Tierra:<\/h3>\t\t\t\t<\/div>\n\t\t\t\t<\/div>\n\t\t\t\t<div class=\"elementor-element elementor-element-f972ed1 elementor-widget elementor-widget-text-editor\" data-id=\"f972ed1\" data-element_type=\"widget\" data-e-type=\"widget\" data-widget_type=\"text-editor.default\">\n\t\t\t\t<div class=\"elementor-widget-container\">\n\t\t\t\t\t\t\t\t\t<ul><li>10:00 AM Caminata del D\u00eda de la Tierra con Jennifer Austin <i>(\u00a1no es necesario apuntarse si s\u00f3lo se asiste a la caminata!)<\/i><\/li><li>11:00 AM Comienzan los Proyectos de Limpieza Comunitaria<\/li><li>15:00 Ceremonia del Poste de la Paz<\/li><\/ul>\t\t\t\t\t\t\t\t<\/div>\n\t\t\t\t<\/div>\n\t\t\t\t<div class=\"elementor-element elementor-element-cf6e503 elementor-widget elementor-widget-button\" data-id=\"cf6e503\" data-element_type=\"widget\" data-e-type=\"widget\" data-widget_type=\"button.default\">\n\t\t\t\t<div class=\"elementor-widget-container\">\n\t\t\t\t\t\t\t\t\t<div class=\"elementor-button-wrapper\">\n\t\t\t\t\t<a class=\"elementor-button elementor-button-link elementor-size-sm\" href=\"https:\/\/docs.google.com\/forms\/d\/e\/1FAIpQLSflMmS_fRKfFtwWyTgL5-rh3FscYAPv6gb5cAmMltoy5tJe9A\/viewform?usp=sharing&#038;ouid=108360557977894014705\" target=\"_blank\">\n\t\t\t\t\t\t<span class=\"elementor-button-content-wrapper\">\n\t\t\t\t\t\t\t\t\t<span class=\"elementor-button-text\">Inscr\u00edbete aqu\u00ed<\/span>\n\t\t\t\t\t<\/span>\n\t\t\t\t\t<\/a>\n\t\t\t\t<\/div>\n\t\t\t\t\t\t\t\t<\/div>\n\t\t\t\t<\/div>\n\t\t\t\t<div class=\"elementor-element elementor-element-de214df elementor-widget elementor-widget-text-editor\" data-id=\"de214df\" data-element_type=\"widget\" data-e-type=\"widget\" data-widget_type=\"text-editor.default\">\n\t\t\t\t<div class=\"elementor-widget-container\">\n\t\t\t\t\t\t\t\t\t<p><strong style=\"font-style: inherit;\">\u00a1ADEM\u00c1S!<\/strong><span style=\"font-style: inherit; font-weight: inherit;\">  Tendremos regalos de paquetes de semillas, informaci\u00f3n sobre nuestros descuentos en estaciones de carga de veh\u00edculos el\u00e9ctricos y botellas de agua de Berkshire South a la venta en el vest\u00edbulo.<\/span><\/p>\t\t\t\t\t\t\t\t<\/div>\n\t\t\t\t<\/div>\n\t\t\t\t<div class=\"elementor-element elementor-element-384367a elementor-widget elementor-widget-text-editor\" data-id=\"384367a\" data-element_type=\"widget\" data-e-type=\"widget\" data-widget_type=\"text-editor.default\">\n\t\t\t\t<div class=\"elementor-widget-container\">\n\t\t\t\t\t\t\t\t\t<p><em>Para asegurarnos de que tenemos espacio suficiente en todas las actividades, es necesario inscribirse con antelaci\u00f3n. Haz clic a continuaci\u00f3n para rellenar el formulario de inscripci\u00f3n e indicar en qu\u00e9 actividades te gustar\u00eda participar.<\/em><\/p>\t\t\t\t\t\t\t\t<\/div>\n\t\t\t\t<\/div>\n\t\t\t\t<\/div>\n\t\t\t\t<\/div>\n\t\t\t\t\t<\/div>\n\t\t\t\t<\/div>\n\t\t\t\t<\/div>\n\t\t","protected":false},"excerpt":{"rendered":"<p>D\u00eda de la Tierra en Berkshire South \u00bfSab\u00edas que puedes donar cr\u00e9ditos solares? Si tienes paneles solares en Massachusetts, puedes donar tus cr\u00e9ditos energ\u00e9ticos sobrantes a Berkshire South, ayud\u00e1ndonos a reducir los costes de funcionamiento e invertir m\u00e1s en programas para todos. Puedes dar energ\u00eda literalmente a nuestra comunidad, con la luz del sol. Saber [&hellip;]<\/p>\n","protected":false},"author":6,"featured_media":0,"parent":0,"menu_order":0,"comment_status":"closed","ping_status":"closed","template":"","meta":{"_seopress_robots_primary_cat":"","_seopress_titles_title":"D\u00eda de la Tierra %%sep%% %%sitetitle%%","_seopress_titles_desc":"","_seopress_robots_index":"s\u00ed","site-sidebar-layout":"no-sidebar","site-content-layout":"page-builder","ast-site-content-layout":"default","site-content-style":"default","site-sidebar-style":"default","ast-global-header-display":"","ast-banner-title-visibility":"","ast-main-header-display":"","ast-hfb-above-header-display":"","ast-hfb-below-header-display":"","ast-hfb-mobile-header-display":"","site-post-title":"disabled","ast-breadcrumbs-content":"","ast-featured-img":"disabled","footer-sml-layout":"","ast-disable-related-posts":"","theme-transparent-header-meta":"enabled","adv-header-id-meta":"","stick-header-meta":"default","header-above-stick-meta":"","header-main-stick-meta":"","header-below-stick-meta":"","astra-migrate-meta-layouts":"default","ast-page-background-enabled":"default","ast-page-background-meta":{"desktop":{"background-color":"","background-image":"","background-repeat":"repeat","background-position":"center center","background-size":"auto","background-attachment":"scroll","background-type":"","background-media":"","overlay-type":"","overlay-color":"","overlay-opacity":"","overlay-gradient":""},"tablet":{"background-color":"","background-image":"","background-repeat":"repeat","background-position":"center center","background-size":"auto","background-attachment":"scroll","background-type":"","background-media":"","overlay-type":"","overlay-color":"","overlay-opacity":"","overlay-gradient":""},"mobile":{"background-color":"","background-image":"","background-repeat":"repeat","background-position":"center center","background-size":"auto","background-attachment":"scroll","background-type":"","background-media":"","overlay-type":"","overlay-color":"","overlay-opacity":"","overlay-gradient":""}},"ast-content-background-meta":{"desktop":{"background-color":"var(--ast-global-color-5)","background-image":"","background-repeat":"repeat","background-position":"center center","background-size":"auto","background-attachment":"scroll","background-type":"","background-media":"","overlay-type":"","overlay-color":"","overlay-opacity":"","overlay-gradient":""},"tablet":{"background-color":"var(--ast-global-color-5)","background-image":"","background-repeat":"repeat","background-position":"center center","background-size":"auto","background-attachment":"scroll","background-type":"","background-media":"","overlay-type":"","overlay-color":"","overlay-opacity":"","overlay-gradient":""},"mobile":{"background-color":"var(--ast-global-color-5)","background-image":"","background-repeat":"repeat","background-position":"center center","background-size":"auto","background-attachment":"scroll","background-type":"","background-media":"","overlay-type":"","overlay-color":"","overlay-opacity":"","overlay-gradient":""}},"footnotes":""},"class_list":["post-51934","page","type-page","status-publish","hentry"],"_links":{"self":[{"href":"https:\/\/berkshiresouth.org\/es\/wp-json\/wp\/v2\/pages\/51934","targetHints":{"allow":["GET"]}}],"collection":[{"href":"https:\/\/berkshiresouth.org\/es\/wp-json\/wp\/v2\/pages"}],"about":[{"href":"https:\/\/berkshiresouth.org\/es\/wp-json\/wp\/v2\/types\/page"}],"author":[{"embeddable":true,"href":"https:\/\/berkshiresouth.org\/es\/wp-json\/wp\/v2\/users\/6"}],"replies":[{"embeddable":true,"href":"https:\/\/berkshiresouth.org\/es\/wp-json\/wp\/v2\/comments?post=51934"}],"version-history":[{"count":10,"href":"https:\/\/berkshiresouth.org\/es\/wp-json\/wp\/v2\/pages\/51934\/revisions"}],"predecessor-version":[{"id":52591,"href":"https:\/\/berkshiresouth.org\/es\/wp-json\/wp\/v2\/pages\/51934\/revisions\/52591"}],"wp:attachment":[{"href":"https:\/\/berkshiresouth.org\/es\/wp-json\/wp\/v2\/media?parent=51934"}],"curies":[{"name":"wp","href":"https:\/\/api.w.org\/{rel}","templated":true}]}}